{"id":4379,"date":"2023-07-17T07:16:54","date_gmt":"2023-07-17T07:16:54","guid":{"rendered":"https:\/\/yume-silm.com\/?post_type=product&#038;p=4379"},"modified":"2025-05-24T05:05:11","modified_gmt":"2025-05-24T05:05:11","slug":"plus-size-shapewear-bodysuit-with-adjustable-strap","status":"publish","type":"product","link":"http:\/\/yume-silm.com\/fr\/produit\/plus-size-shapewear-bodysuit-with-adjustable-strap\/","title":{"rendered":"Vente en gros de v\u00eatements gainants \u00e0 buste ouvert grande taille pour femmes\u00a0: String Design"},"content":{"rendered":"<h5>Caract\u00e9ristiques de conception<\/h5>\n<ul>\n<li><strong>CON\u00c7U POUR LES GRANDES TAILLES\u00a0:<\/strong> Ce v\u00eatement de compression \u00e0 poitrine ouverte est personnalis\u00e9 pour les silhouettes de grande taille et s&#039;adapte \u00e0 toutes les morphologies. Ne vous inqui\u00e9tez pas de ne pas pouvoir trouver de shapewear \u00e0 votre taille.<\/li>\n<li><strong>Sangles r\u00e9glables\u00a0:<\/strong> Conception de bandouli\u00e8re r\u00e9glable pour une culotte de contr\u00f4le du ventre sans couture. Vous permet de personnaliser le levage et le soutien les plus appropri\u00e9s, am\u00e9liorant ainsi le confort extr\u00eame du port de ce shapewear toute la journ\u00e9e.<\/li>\n<li><strong>CONCEPTION DU STRING\u00a0:<\/strong> Le string gainant \u00e0 poitrine ouverte le plus populaire permet aux hanches de mieux respirer, offrant un aspect sans couture \u00e0 l&#039;int\u00e9rieur du v\u00eatement et \u00e9liminant les lignes de culotte visibles.<\/li>\n<li><strong>GARANTIE DOUBLE COUCHE\u00a0:<\/strong> Ce string shapewear pour femme a une conception \u00e0 double bouton-pression et \u00e0 fermeture \u00e9clair avec une fermeture r\u00e9glable pour un ajustement parfait, assurant juste la bonne quantit\u00e9 de contr\u00f4le et de confort.<\/li>\n<\/ul>\n<h6><em>Body string pour femme, v\u00eatement de modelage \u00e0 la taille<\/em><\/h6>\n<ul>\n<li>Nos v\u00eatements galbants \u00e0 poitrine ouverte grande taille pour femmes sont un m\u00e9lange de style, de confort et de fonctionnalit\u00e9. Pour les grossistes souhaitant proposer des solutions shapewear haut de gamme, ce produit est un incontournable. Plongez dans l&#039;univers du commerce de gros avec cette pi\u00e8ce d&#039;exception. Commandez aujourd&#039;hui\u00a0!<\/li>\n<\/ul>","protected":false},"excerpt":{"rendered":"<p>D\u00e9voilez la beaut\u00e9 des courbes avec nos v\u00eatements galbants \u00e0 poitrine ouverte grande taille pour femmes. Con\u00e7u avec des bretelles r\u00e9glables et une silhouette string \u00e9l\u00e9gante, ce body garantit \u00e0 vos clients un confort, un soutien et un ajustement sans couture.<\/p>","protected":false},"featured_media":4402,"comment_status":"open","ping_status":"closed","template":"","meta":{"site-sidebar-layout":"default","site-content-layout":"default","ast-site-content-layout":"default","site-content-style":"default","site-sidebar-style":"default","ast-global-header-display":"","ast-banner-title-visibility":"","ast-main-header-display":"","ast-hfb-above-header-display":"","ast-hfb-below-header-display":"","ast-hfb-mobile-header-display":"","site-post-title":"","ast-breadcrumbs-content":"","ast-featured-img":"","footer-sml-layout":"","ast-disable-related-posts":"","theme-transparent-header-meta":"default","adv-header-id-meta":"","stick-header-meta":"default","header-above-stick-meta":"","header-main-stick-meta":"","header-below-stick-meta":"","astra-migrate-meta-layouts":"set","ast-page-background-enabled":"default","ast-page-background-meta":{"desktop":{"background-color":"","background-image":"","background-repeat":"repeat","background-position":"center center","background-size":"auto","background-attachment":"scroll","background-type":"","background-media":"","overlay-type":"","overlay-color":"","overlay-opacity":"","overlay-gradient":""},"tablet":{"background-color":"","background-image":"","background-repeat":"repeat","background-position":"center center","background-size":"auto","background-attachment":"scroll","background-type":"","background-media":"","overlay-type":"","overlay-color":"","overlay-opacity":"","overlay-gradient":""},"mobile":{"background-color":"","background-image":"","background-repeat":"repeat","background-position":"center center","background-size":"auto","background-attachment":"scroll","background-type":"","background-media":"","overlay-type":"","overlay-color":"","overlay-opacity":"","overlay-gradient":""}},"ast-content-background-meta":{"desktop":{"background-color":"var(--ast-global-color-5)","background-image":"","background-repeat":"repeat","background-position":"center center","background-size":"auto","background-attachment":"scroll","background-type":"","background-media":"","overlay-type":"","overlay-color":"","overlay-opacity":"","overlay-gradient":""},"tablet":{"background-color":"var(--ast-global-color-5)","background-image":"","background-repeat":"repeat","background-position":"center center","background-size":"auto","background-attachment":"scroll","background-type":"","background-media":"","overlay-type":"","overlay-color":"","overlay-opacity":"","overlay-gradient":""},"mobile":{"background-color":"var(--ast-global-color-5)","background-image":"","background-repeat":"repeat","background-position":"center center","background-size":"auto","background-attachment":"scroll","background-type":"","background-media":"","overlay-type":"","overlay-color":"","overlay-opacity":"","overlay-gradient":""}}},"product_brand":[],"product_cat":[65,76,77,1092,82],"product_tag":[136,141,138,134,184],"class_list":{"0":"post-4379","1":"product","2":"type-product","3":"status-publish","4":"has-post-thumbnail","6":"product_cat-best-sellers","7":"product_cat-new-arrivels","8":"product_cat-wholesale-womens-shapewear","9":"product_cat-plus-size-shapewear","10":"product_cat-wholesale-shapewear-bodysuit","11":"product_tag-bridal","12":"product_tag-plus-size","13":"product_tag-thong","14":"product_tag-tummy-tucker","15":"product_tag-zipper","16":"pa_color-beige","17":"pa_color-black","18":"pa_size-4xl","19":"pa_size-5xl","20":"pa_size-6xl","21":"pa_size-l","22":"pa_size-m","23":"pa_size-s","24":"pa_size-xl","25":"pa_size-xxl","26":"pa_size-xxxl","27":"desktop-align-center","28":"tablet-align-left","29":"mobile-align-left","30":"ast-product-gallery-layout-horizontal-slider","31":"ast-product-single-variable","32":"ast-product-tabs-layout-horizontal","33":"ast-qv-on-image","35":"first","36":"instock","37":"shipping-taxable","38":"purchasable","39":"product-type-variable"},"tiered_pricing_type":"fixed","tiered_pricing_fixed_rules":{"2":10.99,"30":10.29,"500":8.59},"tiered_pricing_product_settings":{"layout":"default","base_unit_name":{"singular":null,"plural":null},"default_variation":{}},"tiered_pricing_minimum_quantity":null,"tiered_pricing_roles_data":[],"tiered_pricing_percentage_rules":[],"_links":{"self":[{"href":"http:\/\/yume-silm.com\/fr\/wp-json\/wp\/v2\/product\/4379","targetHints":{"allow":["GET"]}}],"collection":[{"href":"http:\/\/yume-silm.com\/fr\/wp-json\/wp\/v2\/product"}],"about":[{"href":"http:\/\/yume-silm.com\/fr\/wp-json\/wp\/v2\/types\/product"}],"replies":[{"embeddable":true,"href":"http:\/\/yume-silm.com\/fr\/wp-json\/wp\/v2\/comments?post=4379"}],"wp:featuredmedia":[{"embeddable":true,"href":"http:\/\/yume-silm.com\/fr\/wp-json\/wp\/v2\/media\/4402"}],"wp:attachment":[{"href":"http:\/\/yume-silm.com\/fr\/wp-json\/wp\/v2\/media?parent=4379"}],"wp:term":[{"taxonomy":"product_brand","embeddable":true,"href":"http:\/\/yume-silm.com\/fr\/wp-json\/wp\/v2\/product_brand?post=4379"},{"taxonomy":"product_cat","embeddable":true,"href":"http:\/\/yume-silm.com\/fr\/wp-json\/wp\/v2\/product_cat?post=4379"},{"taxonomy":"product_tag","embeddable":true,"href":"http:\/\/yume-silm.com\/fr\/wp-json\/wp\/v2\/product_tag?post=4379"}],"curies":[{"name":"wp","href":"https:\/\/api.w.org\/{rel}","templated":true}]}}