{"id":12528,"date":"2024-10-16T08:59:55","date_gmt":"2024-10-16T08:59:55","guid":{"rendered":"https:\/\/yume-silm.com\/?page_id=12528"},"modified":"2024-10-16T09:27:07","modified_gmt":"2024-10-16T09:27:07","slug":"yumesilm-black-friday-2024","status":"publish","type":"page","link":"https:\/\/yume-silm.com\/de\/yumesilm-black-friday-2024\/","title":{"rendered":"Black Friday 2024: Sichern Sie sich Ihre exklusiven Angebote!"},"content":{"rendered":"<h2 class=\"wp-block-heading has-text-align-center has-medium-font-size\">Beispiellose Gro\u00dfhandelsrabatte!<\/h2>\n\n\n\n<p class=\"has-text-align-center\" style=\"font-size:16px;font-style:normal;font-weight:400\">YumeSilm bereitet sich erstmals auf den Black Friday 2024 vor! Ab November erhalten Sie exklusive Rabatte auf unsere hochwertigen Shaping- und Bodybuilding-Produkte. Entdecken Sie ultrabequeme Shapewear-Shorts, nahtlose und unsichtbare Bodysuits, schicke Korsetts, beliebte Taillentrainer und eine exklusive Kollektion einzigartiger Saunaanz\u00fcge, die die Bed\u00fcrfnisse Ihrer Kunden erf\u00fcllen und gleichzeitig Ihre Gewinnmargen maximieren.<\/p>\n\n\n\n<h2 class=\"wp-block-heading has-text-align-center has-medium-font-size\">Was ist Black Friday?<\/h2>\n\n\n\n<p class=\"has-text-align-center\" style=\"font-size:16px;font-style:normal;font-weight:100\">Der Black Friday ist der zweite Tag des amerikanischen Thanksgiving-Festes, das auf den vierten Donnerstag im November f\u00e4llt. An diesem Tag bieten viele Gesch\u00e4fte gro\u00dfe Rabatte und \u00f6ffnen fr\u00fch. Seit 2005 ist der Black Friday der umsatzst\u00e4rkste Einkaufstag des Jahres in den USA. Machen Sie mit!<\/p>\n\n\n\n<h2 class=\"wp-block-heading has-text-align-center has-medium-font-size\">Wann ist Black Friday?<\/h2>\n\n\n\n<p class=\"has-text-align-center\" style=\"font-size:16px;font-style:normal;font-weight:100\">Der Black Friday ist dieses Jahr am Freitag, den 29. November 2024, der Cyber Monday am Montag, den 2. Dezember. Bereiten Sie Ihr Lager f\u00fcr h\u00f6here Ums\u00e4tze vor!<\/p>\n\n\n\n<h2 class=\"wp-block-heading has-text-align-center has-medium-font-size\">Was erwartet Sie am Black Friday?<\/h2>\n\n\n\n<p class=\"has-text-align-center\" style=\"font-size:16px;font-style:normal;font-weight:100\">Der Black Friday ist eine gro\u00dfartige Gelegenheit, neue Kunden zu gewinnen und den Umsatz zu steigern. Unser Hauptverkaufstag ist der 29. November, aber Aktionen k\u00f6nnen auch schon fr\u00fcher beginnen und dar\u00fcber hinaus andauern. Abonnieren Sie unseren Newsletter, um \u00fcber alle Neuigkeiten von YumeSilm informiert zu bleiben und als Erster \u00fcber den Beginn der Aktionen informiert zu sein.<\/p>\n\n\n\n<h2 class=\"wp-block-heading has-text-align-center has-medium-font-size\">Machen Sie mit uns diesen Black Friday zu einem Riesenerfolg!<\/h2>\n\n\n\n<p class=\"has-text-align-center\" style=\"font-size:16px\">Lassen Sie uns zusammenarbeiten, um sicherzustellen, dass Ihre Regale mit unseren beliebtesten Produkten gef\u00fcllt sind.<\/p>\n\n\n\n<p class=\"has-text-align-center\" style=\"font-size:16px\">Am Black Friday 2024 ist YumeSilm Ihr zuverl\u00e4ssiger Lieferant hochwertiger Shapewear, der Ihnen hilft, Ihr Gesch\u00e4ft anzukurbeln.<\/p>\n\n\n\n<p class=\"has-text-align-center\" style=\"font-size:16px\">Bleiben Sie dran f\u00fcr weitere Einzelheiten und machen Sie sich bereit, das Beste aus dieser Weihnachtseinkaufssaison zu machen!<\/p>","protected":false},"excerpt":{"rendered":"<p>Unprecedented [&hellip;]<\/p>","protected":false},"author":34,"featured_media":12542,"parent":0,"menu_order":0,"comment_status":"closed","ping_status":"closed","template":"","meta":{"site-sidebar-layout":"no-sidebar","site-content-layout":"","ast-site-content-layout":"narrow-width-container","site-content-style":"default","site-sidebar-style":"default","ast-global-header-display":"","ast-banner-title-visibility":"","ast-main-header-display":"","ast-hfb-above-header-display":"","ast-hfb-below-header-display":"","ast-hfb-mobile-header-display":"","site-post-title":"","ast-breadcrumbs-content":"","ast-featured-img":"","footer-sml-layout":"","ast-disable-related-posts":"","theme-transparent-header-meta":"","adv-header-id-meta":"","stick-header-meta":"","header-above-stick-meta":"","header-main-stick-meta":"","header-below-stick-meta":"","astra-migrate-meta-layouts":"set","ast-page-background-enabled":"default","ast-page-background-meta":{"desktop":{"background-color":"","background-image":"","background-repeat":"repeat","background-position":"center center","background-size":"auto","background-attachment":"scroll","background-type":"","background-media":"","overlay-type":"","overlay-color":"","overlay-opacity":"","overlay-gradient":""},"tablet":{"background-color":"","background-image":"","background-repeat":"repeat","background-position":"center center","background-size":"auto","background-attachment":"scroll","background-type":"","background-media":"","overlay-type":"","overlay-color":"","overlay-opacity":"","overlay-gradient":""},"mobile":{"background-color":"","background-image":"","background-repeat":"repeat","background-position":"center center","background-size":"auto","background-attachment":"scroll","background-type":"","background-media":"","overlay-type":"","overlay-color":"","overlay-opacity":"","overlay-gradient":""}},"ast-content-background-meta":{"desktop":{"background-color":"var(--ast-global-color-5)","background-image":"","background-repeat":"repeat","background-position":"center center","background-size":"auto","background-attachment":"scroll","background-type":"","background-media":"","overlay-type":"","overlay-color":"","overlay-opacity":"","overlay-gradient":""},"tablet":{"background-color":"var(--ast-global-color-5)","background-image":"","background-repeat":"repeat","background-position":"center center","background-size":"auto","background-attachment":"scroll","background-type":"","background-media":"","overlay-type":"","overlay-color":"","overlay-opacity":"","overlay-gradient":""},"mobile":{"background-color":"var(--ast-global-color-5)","background-image":"","background-repeat":"repeat","background-position":"center center","background-size":"auto","background-attachment":"scroll","background-type":"","background-media":"","overlay-type":"","overlay-color":"","overlay-opacity":"","overlay-gradient":""}},"footnotes":""},"class_list":["post-12528","page","type-page","status-publish","has-post-thumbnail","hentry"],"_links":{"self":[{"href":"https:\/\/yume-silm.com\/de\/wp-json\/wp\/v2\/pages\/12528","targetHints":{"allow":["GET"]}}],"collection":[{"href":"https:\/\/yume-silm.com\/de\/wp-json\/wp\/v2\/pages"}],"about":[{"href":"https:\/\/yume-silm.com\/de\/wp-json\/wp\/v2\/types\/page"}],"author":[{"embeddable":true,"href":"https:\/\/yume-silm.com\/de\/wp-json\/wp\/v2\/users\/34"}],"replies":[{"embeddable":true,"href":"https:\/\/yume-silm.com\/de\/wp-json\/wp\/v2\/comments?post=12528"}],"version-history":[{"count":12,"href":"https:\/\/yume-silm.com\/de\/wp-json\/wp\/v2\/pages\/12528\/revisions"}],"predecessor-version":[{"id":12559,"href":"https:\/\/yume-silm.com\/de\/wp-json\/wp\/v2\/pages\/12528\/revisions\/12559"}],"wp:featuredmedia":[{"embeddable":true,"href":"https:\/\/yume-silm.com\/de\/wp-json\/wp\/v2\/media\/12542"}],"wp:attachment":[{"href":"https:\/\/yume-silm.com\/de\/wp-json\/wp\/v2\/media?parent=12528"}],"curies":[{"name":"wp","href":"https:\/\/api.w.org\/{rel}","templated":true}]}}