{"id":1352,"date":"2023-04-13T23:44:48","date_gmt":"2023-04-13T23:44:48","guid":{"rendered":"https:\/\/yume-silm.com\/?page_id=1352"},"modified":"2023-11-06T02:46:36","modified_gmt":"2023-11-06T02:46:36","slug":"versandmethoden","status":"publish","type":"page","link":"https:\/\/yume-silm.com\/de\/versandmethoden\/","title":{"rendered":"Versandarten"},"content":{"rendered":"<div data-elementor-type=\"wp-page\" data-elementor-id=\"1352\" class=\"elementor elementor-1352\" data-elementor-post-type=\"page\">\n\t\t\t\t\t\t<section class=\"elementor-section elementor-top-section elementor-element elementor-element-41777c2 elementor-section-boxed elementor-section-height-default elementor-section-height-default\" data-id=\"41777c2\" data-element_type=\"section\">\n\t\t\t\t\t\t<div class=\"elementor-container elementor-column-gap-default\">\n\t\t\t\t\t<div class=\"elementor-column elementor-col-100 elementor-top-column elementor-element elementor-element-2837f24\" data-id=\"2837f24\" data-element_type=\"column\">\n\t\t\t<div class=\"elementor-widget-wrap elementor-element-populated\">\n\t\t\t\t\t\t<div class=\"elementor-element elementor-element-ec3f608 elementor-widget elementor-widget-text-editor\" data-id=\"ec3f608\" data-element_type=\"widget\" data-widget_type=\"text-editor.default\">\n\t\t\t\t<div class=\"elementor-widget-container\">\n\t\t\t\t\t\t\t\t\t<p>1. Versandmethoden<\/p><p>wir werden durch internationale Pakete\/EMS\/DHL\/UPS\/TNT\/FedEx versenden, oder wir werden auf dem Seeweg versenden, wenn die Bestellung Kubik ist mehr als 1 stere, dass je nach dem Bereich Sie leben in.<\/p><p>2. Rabatt auf das Porto<\/p><p>Wir sind die VIP der meisten internationalen Express-Unternehmen, k\u00f6nnen wir eine bevorzugte billigeren Preis des Versandes haben. Zum Beispiel sind wir der VIP von FEDEX, dann k\u00f6nnen wir 35% Rabatt von FEDEX (FEDX IP 3 Tage Versand, FedEx IE 5 Tage Versand) erhalten; wir sind der VIP von DHL auch, dann k\u00f6nnen wir 35% Rabatt von DHL (3-5 Tage Versand) erhalten.<\/p><p>3. Versand- und Lieferzeiten<\/p><p>Nachdem Sie eine Bestellung aufgeben, werden wir Ihre Bestellung zuerst \u00fcberpr\u00fcfen und dann die Rechnung an Sie innerhalb von 24 Stunden senden. Und als unsere alten Gro\u00dfh\u00e4ndler, (Bestellung von uns vor.) wir werden Ihre Bestellung Priorit\u00e4t zu \u00fcberpr\u00fcfen, und erhalten Sie die Artikel, die wir auf Lager haben, f\u00fcr Sie zuerst, und dann senden Sie die Rechnung an Sie auch die genaue Porto. So dass, nachdem Sie zahlen, und wir werden es Ihnen innerhalb von 1 Werktag zu senden. Und als die neuen Gro\u00dfh\u00e4ndler, im Allgemeinen k\u00f6nnten wir Ihr Paket an Sie innerhalb von 2 Werktagen zu senden.<\/p><p>Im Allgemeinen dauert es 3-4 Arbeitstage mit UPS in die ganze Welt, und 3-5 Arbeitstage mit TNT\/DHL, je nach dem Gebiet, in dem Sie leben. und 3-5 Arbeitstage mit FedEx IP, 5-7 Tage FedEx IE, je nach dem Gebiet, in dem Sie leben.<\/p><p>Ein Paket kann sich aufgrund von Warenmangel verz\u00f6gern. Es dauert in der Regel 3-15 Tage, um den Bestand wieder aufzuf\u00fcllen. Wir werden Ihnen eine E-Mail senden, sobald der Artikel nicht mehr auf Lager ist, und keine Prozesse werden bis zu Ihrer Antwort durchgef\u00fchrt werden. Wir k\u00f6nnen Ihnen einen Umtausch- oder Stornierungsservice anbieten, je nach Ihrem Wunsch.<\/p><p>4. Berechnet das Porto<\/p><p>Das Porto wird nach dem Gewicht berechnet, also kaufen Sie mehr und sparen Sie mehr! Zum Beispiel ist die FedEx Expressgeb\u00fchr fast der gleiche Preis f\u00fcr 1 oder 5 Artikel mit dem Paket. Je schwerer das Paket, desto billiger die Versandkosten pro KG.<\/p><p>5. Die Versandkosten<\/p><p>Die Versandkosten h\u00e4ngen vom Gewicht, der Versandart (DHL, TNT, UPS, FedEx oder Seetransport) und dem Zielland ab. So ist es schwierig f\u00fcr uns, eine genaue Versandgeb\u00fchr zu erkl\u00e4ren, bevor Sie eine Bestellung aufgeben (das Gewicht von einem St\u00fcck Bikini ist etwa 0,05 kg, aber das Leder ist etwa 0,3 kg \/pc). Und Sie k\u00f6nnen die Versandfirma w\u00e4hlen, die Sie m\u00f6gen, und wir werden auch alle Express \u00fcberpr\u00fcfen und den besten Weg f\u00fcr Sie vorschlagen. Wenn Sie nicht mit unserer Versandgeb\u00fchr zufrieden sind, f\u00fchlen Sie sich frei, uns \u00fcber die Live-Chat-Taste zu kontaktieren oder eine E-Mail an: info@yume-silm.com.<\/p><p>Ich danke Ihnen f\u00fcr Ihr Verst\u00e4ndnis.<\/p>\t\t\t\t\t\t\t\t<\/div>\n\t\t\t\t<\/div>\n\t\t\t\t\t<\/div>\n\t\t<\/div>\n\t\t\t\t\t<\/div>\n\t\t<\/section>\n\t\t\t\t<\/div>","protected":false},"excerpt":{"rendered":"<p>1. [&hellip;]<\/p>","protected":false},"author":1,"featured_media":0,"parent":0,"menu_order":0,"comment_status":"closed","ping_status":"closed","template":"","meta":{"site-sidebar-layout":"default","site-content-layout":"","ast-site-content-layout":"default","site-content-style":"default","site-sidebar-style":"default","ast-global-header-display":"","ast-banner-title-visibility":"","ast-main-header-display":"","ast-hfb-above-header-display":"","ast-hfb-below-header-display":"","ast-hfb-mobile-header-display":"","site-post-title":"","ast-breadcrumbs-content":"","ast-featured-img":"","footer-sml-layout":"","ast-disable-related-posts":"","theme-transparent-header-meta":"","adv-header-id-meta":"","stick-header-meta":"","header-above-stick-meta":"","header-main-stick-meta":"","header-below-stick-meta":"","astra-migrate-meta-layouts":"default","ast-page-background-enabled":"default","ast-page-background-meta":{"desktop":{"background-color":"","background-image":"","background-repeat":"repeat","background-position":"center center","background-size":"auto","background-attachment":"scroll","background-type":"","background-media":"","overlay-type":"","overlay-color":"","overlay-opacity":"","overlay-gradient":""},"tablet":{"background-color":"","background-image":"","background-repeat":"repeat","background-position":"center center","background-size":"auto","background-attachment":"scroll","background-type":"","background-media":"","overlay-type":"","overlay-color":"","overlay-opacity":"","overlay-gradient":""},"mobile":{"background-color":"","background-image":"","background-repeat":"repeat","background-position":"center center","background-size":"auto","background-attachment":"scroll","background-type":"","background-media":"","overlay-type":"","overlay-color":"","overlay-opacity":"","overlay-gradient":""}},"ast-content-background-meta":{"desktop":{"background-color":"var(--ast-global-color-5)","background-image":"","background-repeat":"repeat","background-position":"center center","background-size":"auto","background-attachment":"scroll","background-type":"","background-media":"","overlay-type":"","overlay-color":"","overlay-opacity":"","overlay-gradient":""},"tablet":{"background-color":"var(--ast-global-color-5)","background-image":"","background-repeat":"repeat","background-position":"center center","background-size":"auto","background-attachment":"scroll","background-type":"","background-media":"","overlay-type":"","overlay-color":"","overlay-opacity":"","overlay-gradient":""},"mobile":{"background-color":"var(--ast-global-color-5)","background-image":"","background-repeat":"repeat","background-position":"center center","background-size":"auto","background-attachment":"scroll","background-type":"","background-media":"","overlay-type":"","overlay-color":"","overlay-opacity":"","overlay-gradient":""}},"footnotes":""},"class_list":["post-1352","page","type-page","status-publish","hentry"],"_links":{"self":[{"href":"https:\/\/yume-silm.com\/de\/wp-json\/wp\/v2\/pages\/1352","targetHints":{"allow":["GET"]}}],"collection":[{"href":"https:\/\/yume-silm.com\/de\/wp-json\/wp\/v2\/pages"}],"about":[{"href":"https:\/\/yume-silm.com\/de\/wp-json\/wp\/v2\/types\/page"}],"author":[{"embeddable":true,"href":"https:\/\/yume-silm.com\/de\/wp-json\/wp\/v2\/users\/1"}],"replies":[{"embeddable":true,"href":"https:\/\/yume-silm.com\/de\/wp-json\/wp\/v2\/comments?post=1352"}],"version-history":[{"count":0,"href":"https:\/\/yume-silm.com\/de\/wp-json\/wp\/v2\/pages\/1352\/revisions"}],"wp:attachment":[{"href":"https:\/\/yume-silm.com\/de\/wp-json\/wp\/v2\/media?parent=1352"}],"curies":[{"name":"wp","href":"https:\/\/api.w.org\/{rel}","templated":true}]}}