{"id":10046,"date":"2024-08-06T05:49:48","date_gmt":"2024-08-06T05:49:48","guid":{"rendered":"https:\/\/yume-silm.com\/?post_type=product&#038;p=10046"},"modified":"2025-05-26T00:52:20","modified_gmt":"2025-05-26T00:52:20","slug":"nahtlose-yoga-hufthebeubung-fur-damen-aus-reinem-dickem","status":"publish","type":"product","link":"https:\/\/yume-silm.com\/de\/produkt\/nahtlose-yoga-hufthebeubung-fur-damen-aus-reinem-dickem\/","title":{"rendered":"Nahtlose Yoga-Leggings mit H\u00fcftlifting f\u00fcr Damen aus reiner, dicker Baumwolle"},"content":{"rendered":"<h5>Design-Merkmale<\/h5>\n<ul>\n<li><strong>H\u00dcFTHEBEDESIGN:<\/strong> Diese nahtlosen Yogahosen f\u00fcr Damen aus reiner, dicker Baumwolle mit H\u00fcftlifting haben eine hohe Taille und einen breiten Bund, um Ihren Bauch zu kontrollieren, einen glatten und sicheren Sitz zu bieten und Ihre Figur zu schmeicheln. Sie zeichnen sich durch ein stromlinienf\u00f6rmiges Design aus, kombiniert mit schnellem Trocknen, Feuchtigkeitstransport und Super-Stretch, sind \u00e4u\u00dferst bequem und weich und schmiegen sich an die Kurven Ihres K\u00f6rpers.<\/li>\n<li><strong>Design mit hoher Taille:<\/strong> Yogahosen mit hoher Taille zur K\u00f6rperformung und Bauchkontrolle, der st\u00fctzende, gerippte breite Bund rutscht nicht herunter, das Design mit hoher Taille kontrolliert das Anheben Ihres Bauchs und Ihrer H\u00fcfte, ist rutschfest und erm\u00f6glicht Ihnen mehr Bewegungsfreiheit.<\/li>\n<li><strong>Abnehmen und K\u00f6rperformung:<\/strong> Die dicken Yoga-Leggings mit Po-Lifter straffen effektiv Ihre Beine, gl\u00e4tten Ihren Bauch und lassen Sie schlanker aussehen. Ultraflache N\u00e4hte sorgen f\u00fcr eine bequeme und stressfreie Passform.<\/li>\n<li><strong>GELEGENHEIT:<\/strong> Diese nahtlosen Yogahosen f\u00fcr Damen mit H\u00fcftlifting und dicker Strumpfhose k\u00f6nnen auf jede Art getragen werden und sind dazu gedacht, das Yoga-Fitnesserlebnis von Frauen zu verbessern. Perfekt f\u00fcr Yoga, Joggen, Laufen, Fitnessstudio und jede Art von Sport oder einfach als Freizeitkleidung oder Pyjamahose, die Sie noch blendender aussehen l\u00e4sst.<\/li>\n<\/ul>\n<p><a href=\"https:\/\/yume-silm.com\/wp-content\/uploads\/2024\/08\/Womens-Pure-Thick-Hip-Lifting-Seamless-Yoga-Leggings-coffee.jpg\"><img fetchpriority=\"high\" decoding=\"async\" class=\"alignnone wp-image-10089 size-medium\" src=\"https:\/\/yume-silm.com\/wp-content\/uploads\/2024\/08\/Womens-Pure-Thick-Hip-Lifting-Seamless-Yoga-Leggings-coffee-300x300.jpg\" alt=\"Nahtlose Yoga-Leggings f\u00fcr Damen aus reiner, dicker, h\u00fcfthebender Baumwolle\" width=\"300\" height=\"300\" title=\"\" srcset=\"https:\/\/yume-silm.com\/wp-content\/uploads\/2024\/08\/Womens-Pure-Thick-Hip-Lifting-Seamless-Yoga-Leggings-coffee-300x300.jpg 300w, https:\/\/yume-silm.com\/wp-content\/uploads\/2024\/08\/Womens-Pure-Thick-Hip-Lifting-Seamless-Yoga-Leggings-coffee-150x150.jpg 150w, https:\/\/yume-silm.com\/wp-content\/uploads\/2024\/08\/Womens-Pure-Thick-Hip-Lifting-Seamless-Yoga-Leggings-coffee-12x12.jpg 12w, https:\/\/yume-silm.com\/wp-content\/uploads\/2024\/08\/Womens-Pure-Thick-Hip-Lifting-Seamless-Yoga-Leggings-coffee-100x100.jpg 100w, https:\/\/yume-silm.com\/wp-content\/uploads\/2024\/08\/Womens-Pure-Thick-Hip-Lifting-Seamless-Yoga-Leggings-coffee.jpg 600w\" sizes=\"(max-width: 300px) 100vw, 300px\" \/><\/a><a href=\"https:\/\/yume-silm.com\/wp-content\/uploads\/2024\/08\/Womens-Pure-Thick-Hip-Lifting-Seamless-Yoga-Leggings-army-green.jpg\"><img decoding=\"async\" class=\"alignnone wp-image-10086 size-medium\" src=\"https:\/\/yume-silm.com\/wp-content\/uploads\/2024\/08\/Womens-Pure-Thick-Hip-Lifting-Seamless-Yoga-Leggings-army-green-300x300.jpg\" alt=\"Nahtlose Yoga-Leggings f\u00fcr Damen aus reiner, dicker, h\u00fcfthebender Baumwolle\" width=\"300\" height=\"300\" title=\"\" srcset=\"https:\/\/yume-silm.com\/wp-content\/uploads\/2024\/08\/Womens-Pure-Thick-Hip-Lifting-Seamless-Yoga-Leggings-army-green-300x300.jpg 300w, https:\/\/yume-silm.com\/wp-content\/uploads\/2024\/08\/Womens-Pure-Thick-Hip-Lifting-Seamless-Yoga-Leggings-army-green-150x150.jpg 150w, https:\/\/yume-silm.com\/wp-content\/uploads\/2024\/08\/Womens-Pure-Thick-Hip-Lifting-Seamless-Yoga-Leggings-army-green-12x12.jpg 12w, https:\/\/yume-silm.com\/wp-content\/uploads\/2024\/08\/Womens-Pure-Thick-Hip-Lifting-Seamless-Yoga-Leggings-army-green-100x100.jpg 100w, https:\/\/yume-silm.com\/wp-content\/uploads\/2024\/08\/Womens-Pure-Thick-Hip-Lifting-Seamless-Yoga-Leggings-army-green.jpg 600w\" sizes=\"(max-width: 300px) 100vw, 300px\" \/><\/a><\/p>\n<h6><em>Hoch taillierte, hochelastische Yogahose f\u00fcr Damen<\/em><\/h6>\n<ul>\n<li>Diese hoch taillierte, hochelastische Yogahose f\u00fcr Damen hat einen breiten Bund, um den Bauch besser zu kontrollieren. Die hohe Elastizit\u00e4t erm\u00f6glicht es Ihnen, weiter zu trainieren, ohne sich um Ihr Aussehen sorgen zu m\u00fcssen, und passt sich perfekt den K\u00f6rperkurven an.<\/li>\n<\/ul>","protected":false},"excerpt":{"rendered":"<p>Diese h\u00fcfthebenden, nahtlosen Yoga-Leggings f\u00fcr Damen mit hoher Taille und H\u00fcfthose bestehen aus weichem und atmungsaktivem Stoff, trocknen schnell, leiten Feuchtigkeit ab, sind super elastisch, passen sich den K\u00f6rperkurven besser an und zeigen die perfekte Figur.<\/p>","protected":false},"featured_media":10048,"comment_status":"open","ping_status":"closed","template":"","meta":{"site-sidebar-layout":"default","site-content-layout":"","ast-site-content-layout":"default","site-content-style":"default","site-sidebar-style":"default","ast-global-header-display":"","ast-banner-title-visibility":"","ast-main-header-display":"","ast-hfb-above-header-display":"","ast-hfb-below-header-display":"","ast-hfb-mobile-header-display":"","site-post-title":"","ast-breadcrumbs-content":"","ast-featured-img":"","footer-sml-layout":"","ast-disable-related-posts":"","theme-transparent-header-meta":"default","adv-header-id-meta":"","stick-header-meta":"default","header-above-stick-meta":"","header-main-stick-meta":"","header-below-stick-meta":"","astra-migrate-meta-layouts":"set","ast-page-background-enabled":"default","ast-page-background-meta":{"desktop":{"background-color":"","background-image":"","background-repeat":"repeat","background-position":"center center","background-size":"auto","background-attachment":"scroll","background-type":"","background-media":"","overlay-type":"","overlay-color":"","overlay-opacity":"","overlay-gradient":""},"tablet":{"background-color":"","background-image":"","background-repeat":"repeat","background-position":"center center","background-size":"auto","background-attachment":"scroll","background-type":"","background-media":"","overlay-type":"","overlay-color":"","overlay-opacity":"","overlay-gradient":""},"mobile":{"background-color":"","background-image":"","background-repeat":"repeat","background-position":"center center","background-size":"auto","background-attachment":"scroll","background-type":"","background-media":"","overlay-type":"","overlay-color":"","overlay-opacity":"","overlay-gradient":""}},"ast-content-background-meta":{"desktop":{"background-color":"var(--ast-global-color-5)","background-image":"","background-repeat":"repeat","background-position":"center center","background-size":"auto","background-attachment":"scroll","background-type":"","background-media":"","overlay-type":"","overlay-color":"","overlay-opacity":"","overlay-gradient":""},"tablet":{"background-color":"var(--ast-global-color-5)","background-image":"","background-repeat":"repeat","background-position":"center center","background-size":"auto","background-attachment":"scroll","background-type":"","background-media":"","overlay-type":"","overlay-color":"","overlay-opacity":"","overlay-gradient":""},"mobile":{"background-color":"var(--ast-global-color-5)","background-image":"","background-repeat":"repeat","background-position":"center center","background-size":"auto","background-attachment":"scroll","background-type":"","background-media":"","overlay-type":"","overlay-color":"","overlay-opacity":"","overlay-gradient":""}}},"product_brand":[],"product_cat":[734,65,76,737],"product_tag":[494,646,791,139,811,809,790,491,808,687,812,810,500,779],"class_list":{"0":"post-10046","1":"product","2":"type-product","3":"status-publish","4":"has-post-thumbnail","6":"product_cat-yoga-suits","7":"product_cat-best-sellers","8":"product_cat-new-arrivels","9":"product_cat-yoga-leggings","10":"product_tag-body-shaper","11":"product_tag-comfortable","12":"product_tag-elastic","13":"product_tag-high-waist","14":"product_tag-hip-lifting","15":"product_tag-pure","16":"product_tag-quick-drying","17":"product_tag-seamless","18":"product_tag-sliming","19":"product_tag-soft","20":"product_tag-streamlined","21":"product_tag-thick","22":"product_tag-tummy-control","23":"product_tag-yoga-leggings","24":"pa_color-armygreen","25":"pa_color-black","26":"pa_color-brown","27":"pa_color-coffee","28":"pa_color-dark-blue","29":"pa_color-dark-grey","30":"pa_color-light-brown","31":"pa_color-light-grey","32":"pa_size-l","33":"pa_size-m","34":"pa_size-s","35":"pa_size-xl","36":"desktop-align-center","37":"tablet-align-left","38":"mobile-align-left","39":"ast-product-gallery-layout-horizontal-slider","40":"ast-product-single-variable","41":"ast-product-tabs-layout-horizontal","42":"ast-qv-on-image","44":"first","45":"instock","46":"shipping-taxable","47":"purchasable","48":"product-type-variable"},"tiered_pricing_type":"fixed","tiered_pricing_fixed_rules":{"5":4.55,"50":4.2,"100":3.85},"tiered_pricing_product_settings":{"layout":"default","base_unit_name":{"singular":null,"plural":null},"default_variation":null},"tiered_pricing_minimum_quantity":null,"tiered_pricing_roles_data":[],"tiered_pricing_percentage_rules":[],"_links":{"self":[{"href":"https:\/\/yume-silm.com\/de\/wp-json\/wp\/v2\/product\/10046","targetHints":{"allow":["GET"]}}],"collection":[{"href":"https:\/\/yume-silm.com\/de\/wp-json\/wp\/v2\/product"}],"about":[{"href":"https:\/\/yume-silm.com\/de\/wp-json\/wp\/v2\/types\/product"}],"replies":[{"embeddable":true,"href":"https:\/\/yume-silm.com\/de\/wp-json\/wp\/v2\/comments?post=10046"}],"wp:featuredmedia":[{"embeddable":true,"href":"https:\/\/yume-silm.com\/de\/wp-json\/wp\/v2\/media\/10048"}],"wp:attachment":[{"href":"https:\/\/yume-silm.com\/de\/wp-json\/wp\/v2\/media?parent=10046"}],"wp:term":[{"taxonomy":"product_brand","embeddable":true,"href":"https:\/\/yume-silm.com\/de\/wp-json\/wp\/v2\/product_brand?post=10046"},{"taxonomy":"product_cat","embeddable":true,"href":"https:\/\/yume-silm.com\/de\/wp-json\/wp\/v2\/product_cat?post=10046"},{"taxonomy":"product_tag","embeddable":true,"href":"https:\/\/yume-silm.com\/de\/wp-json\/wp\/v2\/product_tag?post=10046"}],"curies":[{"name":"wp","href":"https:\/\/api.w.org\/{rel}","templated":true}]}}