{"id":10384,"date":"2024-08-10T06:53:58","date_gmt":"2024-08-10T06:53:58","guid":{"rendered":"https:\/\/yume-silm.com\/?post_type=product&#038;p=10384"},"modified":"2024-08-10T06:57:09","modified_gmt":"2024-08-10T06:57:09","slug":"bugelloser-spitzen-bh-mit-schnalle-vorne-in-ubergrose","status":"publish","type":"product","link":"https:\/\/yume-silm.com\/de\/produkt\/bugelloser-spitzen-bh-mit-schnalle-vorne-in-ubergrose\/","title":{"rendered":"B\u00fcgelloser Spitzen-BH mit Schnalle vorne in \u00dcbergr\u00f6\u00dfe"},"content":{"rendered":"<h5>Design-Merkmale<\/h5>\n<ul>\n<li><strong>BREITE SCHULTERGURT<\/strong>: Der b\u00fcgellose \u00dcbergr\u00f6\u00dfen-BH mit Spitzenfrontschnalle hat breite Schultertr\u00e4ger, die den Druck auf die Schultern wirksam reduzieren und fest sitzen, ohne auszurei\u00dfen.<\/li>\n<li><strong>VORDERES SCHNALLENDESIGN:<\/strong> Der BH in \u00dcbergr\u00f6\u00dfe hat vorne ein Haken- und \u00d6sendesign mit Schnalle, keinen Stahlring, ist angenehm zu tragen und hat gleichzeitig eine hervorragende Formwirkung, l\u00e4sst sich leicht anziehen und ausziehen und bietet Ihnen ein bequemes Anzieherlebnis.<\/li>\n<li><strong>KEINE STAHLRINGE:<\/strong> Volle K\u00f6rbchen ohne Stahlringe, das Netzgewebe unter der Brust bietet guten Halt und h\u00e4lt sie bequem hoch. F\u00fcr mehr Entspannung und Komfort.<\/li>\n<li><strong>VOLLST\u00c4NDIGE ABDECKUNG:<\/strong> Die Cups ohne Stahlringe sind leicht und atmungsaktiv und bieten ausreichend Schutz und Halt f\u00fcr f\u00fclligere Frauen.<\/li>\n<\/ul>\n<p><a href=\"https:\/\/yume-silm.com\/wp-content\/uploads\/2024\/08\/Lace-Front-Buckle-Wireless-Plus-Size-Bra-fashion.jpg\"><img fetchpriority=\"high\" decoding=\"async\" class=\"alignnone wp-image-10385 size-medium\" src=\"https:\/\/yume-silm.com\/wp-content\/uploads\/2024\/08\/Lace-Front-Buckle-Wireless-Plus-Size-Bra-fashion-300x300.jpg\" alt=\"B\u00fcgelloser Spitzen-BH mit Schnalle vorne in \u00dcbergr\u00f6\u00dfe\" width=\"300\" height=\"300\" title=\"\" srcset=\"https:\/\/yume-silm.com\/wp-content\/uploads\/2024\/08\/Lace-Front-Buckle-Wireless-Plus-Size-Bra-fashion-300x300.jpg 300w, https:\/\/yume-silm.com\/wp-content\/uploads\/2024\/08\/Lace-Front-Buckle-Wireless-Plus-Size-Bra-fashion-150x150.jpg 150w, https:\/\/yume-silm.com\/wp-content\/uploads\/2024\/08\/Lace-Front-Buckle-Wireless-Plus-Size-Bra-fashion-768x768.jpg 768w, https:\/\/yume-silm.com\/wp-content\/uploads\/2024\/08\/Lace-Front-Buckle-Wireless-Plus-Size-Bra-fashion-12x12.jpg 12w, https:\/\/yume-silm.com\/wp-content\/uploads\/2024\/08\/Lace-Front-Buckle-Wireless-Plus-Size-Bra-fashion-100x100.jpg 100w, https:\/\/yume-silm.com\/wp-content\/uploads\/2024\/08\/Lace-Front-Buckle-Wireless-Plus-Size-Bra-fashion.jpg 800w\" sizes=\"(max-width: 300px) 100vw, 300px\" \/><\/a><a href=\"https:\/\/yume-silm.com\/wp-content\/uploads\/2024\/08\/Lace-Front-Buckle-Wireless-Plus-Size-Bra-fashion-stylas.jpg\"><img decoding=\"async\" class=\"alignnone wp-image-10386 size-medium\" src=\"https:\/\/yume-silm.com\/wp-content\/uploads\/2024\/08\/Lace-Front-Buckle-Wireless-Plus-Size-Bra-fashion-stylas-300x300.jpg\" alt=\"B\u00fcgelloser Spitzen-BH mit Schnalle vorne in \u00dcbergr\u00f6\u00dfe\" width=\"300\" height=\"300\" title=\"\" srcset=\"https:\/\/yume-silm.com\/wp-content\/uploads\/2024\/08\/Lace-Front-Buckle-Wireless-Plus-Size-Bra-fashion-stylas-300x300.jpg 300w, https:\/\/yume-silm.com\/wp-content\/uploads\/2024\/08\/Lace-Front-Buckle-Wireless-Plus-Size-Bra-fashion-stylas-150x150.jpg 150w, https:\/\/yume-silm.com\/wp-content\/uploads\/2024\/08\/Lace-Front-Buckle-Wireless-Plus-Size-Bra-fashion-stylas-768x768.jpg 768w, https:\/\/yume-silm.com\/wp-content\/uploads\/2024\/08\/Lace-Front-Buckle-Wireless-Plus-Size-Bra-fashion-stylas-12x12.jpg 12w, https:\/\/yume-silm.com\/wp-content\/uploads\/2024\/08\/Lace-Front-Buckle-Wireless-Plus-Size-Bra-fashion-stylas-100x100.jpg 100w, https:\/\/yume-silm.com\/wp-content\/uploads\/2024\/08\/Lace-Front-Buckle-Wireless-Plus-Size-Bra-fashion-stylas.jpg 800w\" sizes=\"(max-width: 300px) 100vw, 300px\" \/><\/a><\/p>\n<h6><em>Ultrad\u00fcnne Push-Up-Unterw\u00e4sche f\u00fcr Damen in gro\u00dfen Gr\u00f6\u00dfen<\/em><\/h6>\n<ul>\n<li>Dieser BH ist aus einer Doppelkombination aus super-dehnbarem Stoff und weichem, atmungsaktivem, ultrad\u00fcnnem Stoff gefertigt. Die Vollcups ohne Stahlringe eignen sich au\u00dferdem gut zum Zusammenpressen Ihrer Br\u00fcste und sind in vielen Gr\u00f6\u00dfen erh\u00e4ltlich, sodass Sie ihn problemlos tragen k\u00f6nnen.<\/li>\n<\/ul>\n<p>&nbsp;<\/p>","protected":false},"excerpt":{"rendered":"<p>Dieser b\u00fcgellose BH in \u00dcbergr\u00f6\u00dfe mit Spitzenfrontschnalle und eleganter Spitzenr\u00fcckseite sowie zus\u00e4tzlichen Netzschichten an den Seiten kann als Alltags-BH verwendet werden und sieht unter jedem Outfit wunderbar leicht aus.<\/p>","protected":false},"featured_media":10387,"comment_status":"open","ping_status":"closed","template":"","meta":{"site-sidebar-layout":"default","site-content-layout":"","ast-site-content-layout":"default","site-content-style":"default","site-sidebar-style":"default","ast-global-header-display":"","ast-banner-title-visibility":"","ast-main-header-display":"","ast-hfb-above-header-display":"","ast-hfb-below-header-display":"","ast-hfb-mobile-header-display":"","site-post-title":"","ast-breadcrumbs-content":"","ast-featured-img":"","footer-sml-layout":"","ast-disable-related-posts":"","theme-transparent-header-meta":"default","adv-header-id-meta":"","stick-header-meta":"default","header-above-stick-meta":"","header-main-stick-meta":"","header-below-stick-meta":"","astra-migrate-meta-layouts":"set","ast-page-background-enabled":"default","ast-page-background-meta":{"desktop":{"background-color":"","background-image":"","background-repeat":"repeat","background-position":"center center","background-size":"auto","background-attachment":"scroll","background-type":"","background-media":"","overlay-type":"","overlay-color":"","overlay-opacity":"","overlay-gradient":""},"tablet":{"background-color":"","background-image":"","background-repeat":"repeat","background-position":"center center","background-size":"auto","background-attachment":"scroll","background-type":"","background-media":"","overlay-type":"","overlay-color":"","overlay-opacity":"","overlay-gradient":""},"mobile":{"background-color":"","background-image":"","background-repeat":"repeat","background-position":"center center","background-size":"auto","background-attachment":"scroll","background-type":"","background-media":"","overlay-type":"","overlay-color":"","overlay-opacity":"","overlay-gradient":""}},"ast-content-background-meta":{"desktop":{"background-color":"var(--ast-global-color-5)","background-image":"","background-repeat":"repeat","background-position":"center center","background-size":"auto","background-attachment":"scroll","background-type":"","background-media":"","overlay-type":"","overlay-color":"","overlay-opacity":"","overlay-gradient":""},"tablet":{"background-color":"var(--ast-global-color-5)","background-image":"","background-repeat":"repeat","background-position":"center center","background-size":"auto","background-attachment":"scroll","background-type":"","background-media":"","overlay-type":"","overlay-color":"","overlay-opacity":"","overlay-gradient":""},"mobile":{"background-color":"var(--ast-global-color-5)","background-image":"","background-repeat":"repeat","background-position":"center center","background-size":"auto","background-attachment":"scroll","background-type":"","background-media":"","overlay-type":"","overlay-color":"","overlay-opacity":"","overlay-gradient":""}}},"product_brand":[],"product_cat":[65,76,259,583],"product_tag":[831,827,826,141,602,687,830,829,828],"class_list":{"0":"post-10384","1":"product","2":"type-product","3":"status-publish","4":"has-post-thumbnail","6":"product_cat-best-sellers","7":"product_cat-new-arrivels","8":"product_cat-lingerie","9":"product_cat-plus-size-underwear","10":"product_tag-breast","11":"product_tag-front-buckle","12":"product_tag-mash","13":"product_tag-plus-size","14":"product_tag-push-up","15":"product_tag-soft","16":"product_tag-stretchy-fabric","17":"product_tag-ultra-thin","18":"product_tag-wide-shoulder","19":"pa_color-beige","20":"pa_color-black","21":"pa_size-2xl","22":"pa_size-3xl","23":"pa_size-4xl","24":"pa_size-5xl","25":"pa_size-l","26":"pa_size-m","27":"pa_size-s","28":"pa_size-xl","29":"desktop-align-center","30":"tablet-align-left","31":"mobile-align-left","32":"ast-product-gallery-layout-horizontal-slider","33":"ast-product-single-variable","34":"ast-product-tabs-layout-horizontal","35":"ast-qv-on-image","37":"first","38":"instock","39":"shipping-taxable","40":"purchasable","41":"product-type-variable"},"tiered_pricing_type":"fixed","tiered_pricing_fixed_rules":{"2":8.8,"50":8.1,"100":6.9},"tiered_pricing_product_settings":{"layout":"default","base_unit_name":{"singular":null,"plural":null},"default_variation":null},"tiered_pricing_minimum_quantity":null,"tiered_pricing_roles_data":[],"tiered_pricing_percentage_rules":[],"_links":{"self":[{"href":"https:\/\/yume-silm.com\/de\/wp-json\/wp\/v2\/product\/10384","targetHints":{"allow":["GET"]}}],"collection":[{"href":"https:\/\/yume-silm.com\/de\/wp-json\/wp\/v2\/product"}],"about":[{"href":"https:\/\/yume-silm.com\/de\/wp-json\/wp\/v2\/types\/product"}],"replies":[{"embeddable":true,"href":"https:\/\/yume-silm.com\/de\/wp-json\/wp\/v2\/comments?post=10384"}],"wp:featuredmedia":[{"embeddable":true,"href":"https:\/\/yume-silm.com\/de\/wp-json\/wp\/v2\/media\/10387"}],"wp:attachment":[{"href":"https:\/\/yume-silm.com\/de\/wp-json\/wp\/v2\/media?parent=10384"}],"wp:term":[{"taxonomy":"product_brand","embeddable":true,"href":"https:\/\/yume-silm.com\/de\/wp-json\/wp\/v2\/product_brand?post=10384"},{"taxonomy":"product_cat","embeddable":true,"href":"https:\/\/yume-silm.com\/de\/wp-json\/wp\/v2\/product_cat?post=10384"},{"taxonomy":"product_tag","embeddable":true,"href":"https:\/\/yume-silm.com\/de\/wp-json\/wp\/v2\/product_tag?post=10384"}],"curies":[{"name":"wp","href":"https:\/\/api.w.org\/{rel}","templated":true}]}}