{"id":10411,"date":"2024-08-10T07:23:54","date_gmt":"2024-08-10T07:23:54","guid":{"rendered":"https:\/\/yume-silm.com\/?post_type=product&#038;p=10411"},"modified":"2024-08-10T07:26:20","modified_gmt":"2024-08-10T07:26:20","slug":"sexy-transparente-balconette-bhs-fur-damen-in-ubergrose","status":"publish","type":"product","link":"https:\/\/yume-silm.com\/de\/produkt\/sexy-transparente-balconette-bhs-fur-damen-in-ubergrose\/","title":{"rendered":"Sexy transparente Balconette-BHs f\u00fcr Damen in \u00dcbergr\u00f6\u00dfe"},"content":{"rendered":"<h5>Design-Merkmale<\/h5>\n<ul>\n<li><strong>HALBK\u00d6RPERDESIGN:<\/strong>Die sexy, transparenten Balconette-BHs f\u00fcr Damen in \u00dcbergr\u00f6\u00dfe k\u00f6nnen Ihre Br\u00fcste sch\u00fctzen und passen sich automatisch den Zyklusver\u00e4nderungen des K\u00f6rpers an. Au\u00dferdem sind sie aus einem sexyeren und luxuri\u00f6seren Spitzenmaterial gefertigt.<\/li>\n<li><strong>Modische drei Reihen und drei Schnallen:<\/strong>Dieser sichere, transparente BH l\u00e4sst sich leicht an- und ausziehen, die bequeme Distanz l\u00e4sst sich frei kontrollieren, die breiten Schultertr\u00e4ger mit hohen Fl\u00fcgeln, der Brustvergr\u00f6\u00dferungseffekt ist offensichtlich, es kann ein maximales Ma\u00df an Unterst\u00fctzung erreicht werden und er f\u00e4llt nicht so leicht ab.<\/li>\n<li><strong>VERSTELLBARE, RUTSCHFESTE SCHULTERGURTE:<\/strong> Superelastische Schultergurte, X-f\u00f6rmiges Verst\u00e4rkungsdesign auf der R\u00fcckseite f\u00fcr perfekte Haltungsunterst\u00fctzung, breite Schultergurte k\u00f6nnen Ihnen helfen, den Druck auf Ihre Schultern zu reduzieren.<\/li>\n<li><strong>UNGEF\u00dcTTERTER SPITZEN-BH:<\/strong> Transparente und leichte K\u00f6rbchen aus Netzspitze, atmungsaktiv und leicht, der gewellte Spitzenbesatz l\u00e4sst Sie sexyer und charmanter aussehen.<\/li>\n<\/ul>\n<p><a href=\"https:\/\/yume-silm.com\/wp-content\/uploads\/2024\/08\/Womens-Sexy-Sheer-Balconette-Plus-Size-Bras-01.jpg\"><img fetchpriority=\"high\" decoding=\"async\" class=\"alignnone wp-image-10412 size-medium\" src=\"https:\/\/yume-silm.com\/wp-content\/uploads\/2024\/08\/Womens-Sexy-Sheer-Balconette-Plus-Size-Bras-01-300x300.jpg\" alt=\"sexy transparente Balconette-BHs f\u00fcr Damen in \u00dcbergr\u00f6\u00dfe\" width=\"300\" height=\"300\" title=\"\" srcset=\"https:\/\/yume-silm.com\/wp-content\/uploads\/2024\/08\/Womens-Sexy-Sheer-Balconette-Plus-Size-Bras-01-300x300.jpg 300w, https:\/\/yume-silm.com\/wp-content\/uploads\/2024\/08\/Womens-Sexy-Sheer-Balconette-Plus-Size-Bras-01-150x150.jpg 150w, https:\/\/yume-silm.com\/wp-content\/uploads\/2024\/08\/Womens-Sexy-Sheer-Balconette-Plus-Size-Bras-01-768x768.jpg 768w, https:\/\/yume-silm.com\/wp-content\/uploads\/2024\/08\/Womens-Sexy-Sheer-Balconette-Plus-Size-Bras-01-12x12.jpg 12w, https:\/\/yume-silm.com\/wp-content\/uploads\/2024\/08\/Womens-Sexy-Sheer-Balconette-Plus-Size-Bras-01-100x100.jpg 100w, https:\/\/yume-silm.com\/wp-content\/uploads\/2024\/08\/Womens-Sexy-Sheer-Balconette-Plus-Size-Bras-01.jpg 800w\" sizes=\"(max-width: 300px) 100vw, 300px\" \/><\/a> <a href=\"https:\/\/yume-silm.com\/wp-content\/uploads\/2024\/08\/Womens-Sexy-Sheer-Balconette-Plus-Size-Bras-02.jpg\"><img decoding=\"async\" class=\"alignnone wp-image-10413 size-medium\" src=\"https:\/\/yume-silm.com\/wp-content\/uploads\/2024\/08\/Womens-Sexy-Sheer-Balconette-Plus-Size-Bras-02-300x300.jpg\" alt=\"sexy transparente Balconette-BHs f\u00fcr Damen in \u00dcbergr\u00f6\u00dfe\" width=\"300\" height=\"300\" title=\"\" srcset=\"https:\/\/yume-silm.com\/wp-content\/uploads\/2024\/08\/Womens-Sexy-Sheer-Balconette-Plus-Size-Bras-02-300x300.jpg 300w, https:\/\/yume-silm.com\/wp-content\/uploads\/2024\/08\/Womens-Sexy-Sheer-Balconette-Plus-Size-Bras-02-150x150.jpg 150w, https:\/\/yume-silm.com\/wp-content\/uploads\/2024\/08\/Womens-Sexy-Sheer-Balconette-Plus-Size-Bras-02-768x768.jpg 768w, https:\/\/yume-silm.com\/wp-content\/uploads\/2024\/08\/Womens-Sexy-Sheer-Balconette-Plus-Size-Bras-02-12x12.jpg 12w, https:\/\/yume-silm.com\/wp-content\/uploads\/2024\/08\/Womens-Sexy-Sheer-Balconette-Plus-Size-Bras-02-100x100.jpg 100w, https:\/\/yume-silm.com\/wp-content\/uploads\/2024\/08\/Womens-Sexy-Sheer-Balconette-Plus-Size-Bras-02.jpg 800w\" sizes=\"(max-width: 300px) 100vw, 300px\" \/><\/a><\/p>\n<h6><em>Ungef\u00fctterter Mesh-BH f\u00fcr Damen in gro\u00dfen Gr\u00f6\u00dfen<\/em><\/h6>\n<ul>\n<li>Der superweiche Netz-BH ist aus luxuri\u00f6sem Spitzenstoff mit durchsichtigen K\u00f6rbchen gefertigt, um \u00fcbernat\u00fcrlichen Halt zu bieten, wobei der anpassungsf\u00e4hige Stretch-\u00dcberzug eine nahtlose Silhouette schafft, die Sie beim Tragen vergessen l\u00e4sst, dass es sich um Dessous in \u00dcbergr\u00f6\u00dfe handelt.<\/li>\n<\/ul>\n<p>&nbsp;<\/p>","protected":false},"excerpt":{"rendered":"<p>Dieser sexy, transparente Balconette-BH in \u00dcbergr\u00f6\u00dfe f\u00fcr Damen hat eine modisch schlichte Atmosph\u00e4re und die mehrreihige Schnalle erm\u00f6glicht eine bequeme und freie Kontrolle des Tragekomforts. Das d\u00fcnne und transparente Netzspitzendesign l\u00e4sst Sie sexy und charmant aussehen, erobern Sie ihn und lernen Sie ein besseres Ich kennen.<\/p>","protected":false},"featured_media":10414,"comment_status":"open","ping_status":"closed","template":"","meta":{"site-sidebar-layout":"default","site-content-layout":"","ast-site-content-layout":"default","site-content-style":"default","site-sidebar-style":"default","ast-global-header-display":"","ast-banner-title-visibility":"","ast-main-header-display":"","ast-hfb-above-header-display":"","ast-hfb-below-header-display":"","ast-hfb-mobile-header-display":"","site-post-title":"","ast-breadcrumbs-content":"","ast-featured-img":"","footer-sml-layout":"","ast-disable-related-posts":"","theme-transparent-header-meta":"default","adv-header-id-meta":"","stick-header-meta":"default","header-above-stick-meta":"","header-main-stick-meta":"","header-below-stick-meta":"","astra-migrate-meta-layouts":"set","ast-page-background-enabled":"default","ast-page-background-meta":{"desktop":{"background-color":"","background-image":"","background-repeat":"repeat","background-position":"center center","background-size":"auto","background-attachment":"scroll","background-type":"","background-media":"","overlay-type":"","overlay-color":"","overlay-opacity":"","overlay-gradient":""},"tablet":{"background-color":"","background-image":"","background-repeat":"repeat","background-position":"center center","background-size":"auto","background-attachment":"scroll","background-type":"","background-media":"","overlay-type":"","overlay-color":"","overlay-opacity":"","overlay-gradient":""},"mobile":{"background-color":"","background-image":"","background-repeat":"repeat","background-position":"center center","background-size":"auto","background-attachment":"scroll","background-type":"","background-media":"","overlay-type":"","overlay-color":"","overlay-opacity":"","overlay-gradient":""}},"ast-content-background-meta":{"desktop":{"background-color":"var(--ast-global-color-5)","background-image":"","background-repeat":"repeat","background-position":"center center","background-size":"auto","background-attachment":"scroll","background-type":"","background-media":"","overlay-type":"","overlay-color":"","overlay-opacity":"","overlay-gradient":""},"tablet":{"background-color":"var(--ast-global-color-5)","background-image":"","background-repeat":"repeat","background-position":"center center","background-size":"auto","background-attachment":"scroll","background-type":"","background-media":"","overlay-type":"","overlay-color":"","overlay-opacity":"","overlay-gradient":""},"mobile":{"background-color":"var(--ast-global-color-5)","background-image":"","background-repeat":"repeat","background-position":"center center","background-size":"auto","background-attachment":"scroll","background-type":"","background-media":"","overlay-type":"","overlay-color":"","overlay-opacity":"","overlay-gradient":""}}},"product_brand":[],"product_cat":[65,76,259,583],"product_tag":[675,699,844,473,782,145],"class_list":{"0":"post-10411","1":"product","2":"type-product","3":"status-publish","4":"has-post-thumbnail","6":"product_cat-best-sellers","7":"product_cat-new-arrivels","8":"product_cat-lingerie","9":"product_cat-plus-size-underwear","10":"product_tag-charming","11":"product_tag-comfort","12":"product_tag-convenient","13":"product_tag-lace","14":"product_tag-mesh","15":"product_tag-sexy","16":"pa_color-black","17":"pa_size-36b","18":"pa_size-36c","19":"pa_size-36d","20":"pa_size-38c","21":"pa_size-38d","22":"pa_size-38e","23":"pa_size-40c","24":"pa_size-40d","25":"pa_size-40e","26":"pa_size-42c","27":"pa_size-42d","28":"pa_size-42e","29":"desktop-align-center","30":"tablet-align-left","31":"mobile-align-left","32":"ast-product-gallery-layout-horizontal-slider","33":"ast-product-single-variable","34":"ast-product-tabs-layout-horizontal","35":"ast-qv-on-image","37":"first","38":"instock","39":"shipping-taxable","40":"purchasable","41":"product-type-variable"},"tiered_pricing_type":"fixed","tiered_pricing_fixed_rules":{"2":6.8,"50":6.6,"100":5.5},"tiered_pricing_product_settings":{"layout":"default","base_unit_name":{"singular":null,"plural":null},"default_variation":null},"tiered_pricing_minimum_quantity":null,"tiered_pricing_roles_data":[],"tiered_pricing_percentage_rules":[],"_links":{"self":[{"href":"https:\/\/yume-silm.com\/de\/wp-json\/wp\/v2\/product\/10411","targetHints":{"allow":["GET"]}}],"collection":[{"href":"https:\/\/yume-silm.com\/de\/wp-json\/wp\/v2\/product"}],"about":[{"href":"https:\/\/yume-silm.com\/de\/wp-json\/wp\/v2\/types\/product"}],"replies":[{"embeddable":true,"href":"https:\/\/yume-silm.com\/de\/wp-json\/wp\/v2\/comments?post=10411"}],"wp:featuredmedia":[{"embeddable":true,"href":"https:\/\/yume-silm.com\/de\/wp-json\/wp\/v2\/media\/10414"}],"wp:attachment":[{"href":"https:\/\/yume-silm.com\/de\/wp-json\/wp\/v2\/media?parent=10411"}],"wp:term":[{"taxonomy":"product_brand","embeddable":true,"href":"https:\/\/yume-silm.com\/de\/wp-json\/wp\/v2\/product_brand?post=10411"},{"taxonomy":"product_cat","embeddable":true,"href":"https:\/\/yume-silm.com\/de\/wp-json\/wp\/v2\/product_cat?post=10411"},{"taxonomy":"product_tag","embeddable":true,"href":"https:\/\/yume-silm.com\/de\/wp-json\/wp\/v2\/product_tag?post=10411"}],"curies":[{"name":"wp","href":"https:\/\/api.w.org\/{rel}","templated":true}]}}