{"id":10432,"date":"2024-08-12T01:54:23","date_gmt":"2024-08-12T01:54:23","guid":{"rendered":"https:\/\/yume-silm.com\/?post_type=product&#038;p=10432"},"modified":"2024-08-19T02:20:34","modified_gmt":"2024-08-19T02:20:34","slug":"armelloses-tanktop-zur-bauchkontrolle-fur-herren","status":"publish","type":"product","link":"https:\/\/yume-silm.com\/de\/produkt\/armelloses-tanktop-zur-bauchkontrolle-fur-herren\/","title":{"rendered":"\u00c4rmelloses Tanktop zur Bauchkontrolle f\u00fcr Herren"},"content":{"rendered":"<h5>Design-Merkmale<\/h5>\n<ul>\n<li><strong>NAHTLOSES DESIGN:<\/strong> Das \u00e4rmellose Tanktop zur Bauchkontrolle f\u00fcr Herren mit nahtlosem Design und bequemem Schulterdesign, 360-Grad-nahtloses einteiliges Formteil, nahtlos, leicht und ohne Einschr\u00e4nkung. Mit ergonomischem Design mit leichtem Druck passt es sich der K\u00f6rperkurve an, sodass Sie nicht merken, wenn Sie den perfekten Body Shaper anziehen.<\/li>\n<li><strong>BAUCHDESIGN:<\/strong> An Bauch und Taille befinden sich doppelte Lagen Stretch-Baumwolle, die eine bessere Kompressionswirkung haben, wodurch Taille, Bauch und Brust effektiv gestrafft und alle W\u00f6lbungen gegl\u00e4ttet werden k\u00f6nnen.<\/li>\n<li><strong>K\u00f6rperhaltung verbessern:<\/strong> Unser Tanktop zur Bauchkontrolle f\u00fcr M\u00e4nner verbessert die K\u00f6rperspannung und reduziert sichtbares Brustfett. Wenn Sie dieses figurformende Unterhemd f\u00fcr M\u00e4nner tragen, f\u00fchlen Sie sich sofort aufrechter und Sie werden feststellen, dass sich Ihre Haltung mit der Zeit verbessert.<\/li>\n<li><strong>GELEGENHEIT:<\/strong> Es passt zu jeder Kleidung und ist unter allen Kleidungsst\u00fccken wie Anz\u00fcgen, formellen Hemden, Sweatshirts, T-Shirts, Poloshirts und Pullovern unsichtbar. Es gibt Ihnen den Mut, alles zu tun, was Sie wollen, und macht Sie selbstbewusster.<\/li>\n<\/ul>\n<p><a href=\"https:\/\/yume-silm.com\/wp-content\/uploads\/2024\/08\/Mens-Sleeveless-Tummy-Control-Tank-Top-beige.jpg\"><img fetchpriority=\"high\" decoding=\"async\" class=\"alignnone wp-image-10433 size-medium\" src=\"https:\/\/yume-silm.com\/wp-content\/uploads\/2024\/08\/Mens-Sleeveless-Tummy-Control-Tank-Top-beige-300x300.jpg\" alt=\"\u00e4rmelloses Tanktop zur Bauchkontrolle f\u00fcr Herren\" width=\"300\" height=\"300\" title=\"\" srcset=\"https:\/\/yume-silm.com\/wp-content\/uploads\/2024\/08\/Mens-Sleeveless-Tummy-Control-Tank-Top-beige-300x300.jpg 300w, https:\/\/yume-silm.com\/wp-content\/uploads\/2024\/08\/Mens-Sleeveless-Tummy-Control-Tank-Top-beige-150x150.jpg 150w, https:\/\/yume-silm.com\/wp-content\/uploads\/2024\/08\/Mens-Sleeveless-Tummy-Control-Tank-Top-beige-768x768.jpg 768w, https:\/\/yume-silm.com\/wp-content\/uploads\/2024\/08\/Mens-Sleeveless-Tummy-Control-Tank-Top-beige-12x12.jpg 12w, https:\/\/yume-silm.com\/wp-content\/uploads\/2024\/08\/Mens-Sleeveless-Tummy-Control-Tank-Top-beige-100x100.jpg 100w, https:\/\/yume-silm.com\/wp-content\/uploads\/2024\/08\/Mens-Sleeveless-Tummy-Control-Tank-Top-beige.jpg 800w\" sizes=\"(max-width: 300px) 100vw, 300px\" \/><\/a><\/p>\n<h6><em>Figurformendes Kompressions-Oberteil f\u00fcr Herren<\/em><\/h6>\n<ul>\n<li>Dieses figurformende Kompressionsoberteil f\u00fcr Herren ist aus doppellagigem Kompressionsgewebe gefertigt, das Ihnen dabei hilft, Ihren K\u00f6rper gesund zu halten.<\/li>\n<\/ul>","protected":false},"excerpt":{"rendered":"<p>Dieses \u00e4rmellose Tanktop zur Bauchkontrolle f\u00fcr Herren wurde f\u00fcr ergonomischen, leichten Druck entwickelt. Die hohe Elastizit\u00e4t passt sich Ihrer Haut besser an, sodass Sie beim Tragen dieses Unterhemds dessen Pr\u00e4senz nicht sp\u00fcren.<\/p>","protected":false},"featured_media":10434,"comment_status":"open","ping_status":"closed","template":"","meta":{"site-sidebar-layout":"default","site-content-layout":"","ast-site-content-layout":"default","site-content-style":"default","site-sidebar-style":"default","ast-global-header-display":"","ast-banner-title-visibility":"","ast-main-header-display":"","ast-hfb-above-header-display":"","ast-hfb-below-header-display":"","ast-hfb-mobile-header-display":"","site-post-title":"","ast-breadcrumbs-content":"","ast-featured-img":"","footer-sml-layout":"","ast-disable-related-posts":"","theme-transparent-header-meta":"default","adv-header-id-meta":"","stick-header-meta":"default","header-above-stick-meta":"","header-main-stick-meta":"","header-below-stick-meta":"","astra-migrate-meta-layouts":"set","ast-page-background-enabled":"default","ast-page-background-meta":{"desktop":{"background-color":"","background-image":"","background-repeat":"repeat","background-position":"center center","background-size":"auto","background-attachment":"scroll","background-type":"","background-media":"","overlay-type":"","overlay-color":"","overlay-opacity":"","overlay-gradient":""},"tablet":{"background-color":"","background-image":"","background-repeat":"repeat","background-position":"center center","background-size":"auto","background-attachment":"scroll","background-type":"","background-media":"","overlay-type":"","overlay-color":"","overlay-opacity":"","overlay-gradient":""},"mobile":{"background-color":"","background-image":"","background-repeat":"repeat","background-position":"center center","background-size":"auto","background-attachment":"scroll","background-type":"","background-media":"","overlay-type":"","overlay-color":"","overlay-opacity":"","overlay-gradient":""}},"ast-content-background-meta":{"desktop":{"background-color":"var(--ast-global-color-5)","background-image":"","background-repeat":"repeat","background-position":"center center","background-size":"auto","background-attachment":"scroll","background-type":"","background-media":"","overlay-type":"","overlay-color":"","overlay-opacity":"","overlay-gradient":""},"tablet":{"background-color":"var(--ast-global-color-5)","background-image":"","background-repeat":"repeat","background-position":"center center","background-size":"auto","background-attachment":"scroll","background-type":"","background-media":"","overlay-type":"","overlay-color":"","overlay-opacity":"","overlay-gradient":""},"mobile":{"background-color":"var(--ast-global-color-5)","background-image":"","background-repeat":"repeat","background-position":"center center","background-size":"auto","background-attachment":"scroll","background-type":"","background-media":"","overlay-type":"","overlay-color":"","overlay-opacity":"","overlay-gradient":""}}},"product_brand":[],"product_cat":[65,76,85,86,88],"product_tag":[846,646,489,460,845,491,213,535,660,500],"class_list":{"0":"post-10432","1":"product","2":"type-product","3":"status-publish","4":"has-post-thumbnail","6":"product_cat-best-sellers","7":"product_cat-new-arrivels","8":"product_cat-wholesale-mens-shapewear","9":"product_cat-wholesale-men-sliming-vest","10":"product_cat-wholesale-men-t-shirt-shaper","11":"product_tag-abdominal-design","12":"product_tag-comfortable","13":"product_tag-compression","14":"product_tag-high-elasticity","15":"product_tag-light-pressure","16":"product_tag-seamless","17":"product_tag-sleeveless","18":"product_tag-slimming","19":"product_tag-smooth","20":"product_tag-tummy-control","21":"pa_color-beige","22":"pa_color-black","23":"pa_color-white","24":"pa_size-l","25":"pa_size-m","26":"pa_size-xl","27":"desktop-align-center","28":"tablet-align-left","29":"mobile-align-left","30":"ast-product-gallery-layout-horizontal-slider","31":"ast-product-single-variable","32":"ast-product-tabs-layout-horizontal","33":"ast-qv-on-image","35":"first","36":"instock","37":"shipping-taxable","38":"purchasable","39":"product-type-variable"},"tiered_pricing_type":"fixed","tiered_pricing_fixed_rules":{"2":7.25,"50":6.45,"100":5.65},"tiered_pricing_product_settings":{"layout":"default","base_unit_name":{"singular":null,"plural":null},"default_variation":null},"tiered_pricing_minimum_quantity":null,"tiered_pricing_roles_data":[],"tiered_pricing_percentage_rules":[],"_links":{"self":[{"href":"https:\/\/yume-silm.com\/de\/wp-json\/wp\/v2\/product\/10432","targetHints":{"allow":["GET"]}}],"collection":[{"href":"https:\/\/yume-silm.com\/de\/wp-json\/wp\/v2\/product"}],"about":[{"href":"https:\/\/yume-silm.com\/de\/wp-json\/wp\/v2\/types\/product"}],"replies":[{"embeddable":true,"href":"https:\/\/yume-silm.com\/de\/wp-json\/wp\/v2\/comments?post=10432"}],"wp:featuredmedia":[{"embeddable":true,"href":"https:\/\/yume-silm.com\/de\/wp-json\/wp\/v2\/media\/10434"}],"wp:attachment":[{"href":"https:\/\/yume-silm.com\/de\/wp-json\/wp\/v2\/media?parent=10432"}],"wp:term":[{"taxonomy":"product_brand","embeddable":true,"href":"https:\/\/yume-silm.com\/de\/wp-json\/wp\/v2\/product_brand?post=10432"},{"taxonomy":"product_cat","embeddable":true,"href":"https:\/\/yume-silm.com\/de\/wp-json\/wp\/v2\/product_cat?post=10432"},{"taxonomy":"product_tag","embeddable":true,"href":"https:\/\/yume-silm.com\/de\/wp-json\/wp\/v2\/product_tag?post=10432"}],"curies":[{"name":"wp","href":"https:\/\/api.w.org\/{rel}","templated":true}]}}