{"id":10451,"date":"2024-08-12T02:54:19","date_gmt":"2024-08-12T02:54:19","guid":{"rendered":"https:\/\/yume-silm.com\/?post_type=product&#038;p=10451"},"modified":"2024-08-12T02:56:16","modified_gmt":"2024-08-12T02:56:16","slug":"manner-kompression-schlank-machen-armellose-body-shaper","status":"publish","type":"product","link":"https:\/\/yume-silm.com\/de\/produkt\/manner-kompression-schlank-machen-armellose-body-shaper\/","title":{"rendered":"M\u00e4nner Kompression Schlankheits \u00c4rmellose Body Shaper"},"content":{"rendered":"<h5>Design-Merkmale<\/h5>\n<ul>\n<li><strong>X-F\u00d6RMIGE R\u00dcCKENFORM:<\/strong>Dieser \u00e4rmellose, figurbetonte Kompressionsbody f\u00fcr M\u00e4nner hat ein zus\u00e4tzliches X-f\u00f6rmiges Design auf der R\u00fcckseite, das Ihren R\u00fccken mit einem \u00fcberkreuzten R\u00fcckenteil effektiv strafft, R\u00fcckenfett entfernt, die R\u00fcckenhaltung verbessert und Ihnen ein selbstbewussteres Aussehen verleiht.<\/li>\n<li><strong>Atmungsaktives und weiches Material:<\/strong> Das Netzgewebedesign nutzt die hohe Kompression des Nylons und die hohe Elastizit\u00e4t des Elasthans voll aus, um Ihre Haut frisch zu halten.<\/li>\n<li><strong>BAUCHKONTROLLE UND BRUSTFORMUNG:<\/strong>Wir haben im Brust- und Taillenbereich doppellagiges Kompressionsgewebe hinzugef\u00fcgt, um Ihre hervorstehenden Brustwarzen und Ihr Bauchfett wirksam zu gl\u00e4tten und Ihnen eine glattere und schlankere K\u00f6rperkontur zu verleihen.<\/li>\n<li><strong>GELEGENHEIT:<\/strong> Dieser \u00e4rmellose, komprimierende, schlankmachende Body f\u00fcr M\u00e4nner kann mit jeder Kleidung kombiniert werden und l\u00e4sst sich leichter unter der Kleidung verstecken. Verwenden Sie ihn zum Trainieren, straffen Sie den K\u00f6rper, halten Sie alles \u201ean Ort und Stelle\u201c und machen Sie selbstbewusster.<\/li>\n<\/ul>\n<h6><a href=\"https:\/\/yume-silm.com\/wp-content\/uploads\/2024\/08\/Men-Compression-Slimming-Sleeveless-Body-Shape-3.png\"><img fetchpriority=\"high\" decoding=\"async\" class=\"alignnone wp-image-10453 size-medium\" src=\"https:\/\/yume-silm.com\/wp-content\/uploads\/2024\/08\/Men-Compression-Slimming-Sleeveless-Body-Shape-3-300x300.png\" alt=\"M\u00e4nner Kompression schlank machen \u00e4rmellose Body Shaper\" width=\"300\" height=\"300\" title=\"\" srcset=\"https:\/\/yume-silm.com\/wp-content\/uploads\/2024\/08\/Men-Compression-Slimming-Sleeveless-Body-Shape-3-300x300.png 300w, https:\/\/yume-silm.com\/wp-content\/uploads\/2024\/08\/Men-Compression-Slimming-Sleeveless-Body-Shape-3-150x150.png 150w, https:\/\/yume-silm.com\/wp-content\/uploads\/2024\/08\/Men-Compression-Slimming-Sleeveless-Body-Shape-3-768x768.png 768w, https:\/\/yume-silm.com\/wp-content\/uploads\/2024\/08\/Men-Compression-Slimming-Sleeveless-Body-Shape-3-12x12.png 12w, https:\/\/yume-silm.com\/wp-content\/uploads\/2024\/08\/Men-Compression-Slimming-Sleeveless-Body-Shape-3-100x100.png 100w, https:\/\/yume-silm.com\/wp-content\/uploads\/2024\/08\/Men-Compression-Slimming-Sleeveless-Body-Shape-3.png 800w\" sizes=\"(max-width: 300px) 100vw, 300px\" \/><\/a><a href=\"https:\/\/yume-silm.com\/wp-content\/uploads\/2024\/08\/Men-Compression-Slimming-Sleeveless-Body-Shape-4.jpg\"><img decoding=\"async\" class=\"alignnone wp-image-10454 size-medium\" src=\"https:\/\/yume-silm.com\/wp-content\/uploads\/2024\/08\/Men-Compression-Slimming-Sleeveless-Body-Shape-4-300x300.jpg\" alt=\"M\u00e4nner Kompression schlank machen \u00e4rmellose Body Shaper\" width=\"300\" height=\"300\" title=\"\" srcset=\"https:\/\/yume-silm.com\/wp-content\/uploads\/2024\/08\/Men-Compression-Slimming-Sleeveless-Body-Shape-4-300x300.jpg 300w, https:\/\/yume-silm.com\/wp-content\/uploads\/2024\/08\/Men-Compression-Slimming-Sleeveless-Body-Shape-4-150x150.jpg 150w, https:\/\/yume-silm.com\/wp-content\/uploads\/2024\/08\/Men-Compression-Slimming-Sleeveless-Body-Shape-4-768x768.jpg 768w, https:\/\/yume-silm.com\/wp-content\/uploads\/2024\/08\/Men-Compression-Slimming-Sleeveless-Body-Shape-4-12x12.jpg 12w, https:\/\/yume-silm.com\/wp-content\/uploads\/2024\/08\/Men-Compression-Slimming-Sleeveless-Body-Shape-4-100x100.jpg 100w, https:\/\/yume-silm.com\/wp-content\/uploads\/2024\/08\/Men-Compression-Slimming-Sleeveless-Body-Shape-4.jpg 800w\" sizes=\"(max-width: 300px) 100vw, 300px\" \/><\/a><\/h6>\n<h6><em>Schlankmachender Body Shaper f\u00fcr Herren<\/em><\/h6>\n<ul>\n<li>Hergestellt aus Netzgewebe f\u00fcr zus\u00e4tzliche Atmungsaktivit\u00e4t und K\u00fchlung, mit einer zus\u00e4tzlichen Kompressionsschicht um Brust und Bauch, sodass Ihre gesamte Figur schlanker und selbstbewusster aussieht, wenn Sie es tragen.<\/li>\n<\/ul>","protected":false},"excerpt":{"rendered":"<p>Dieser \u00e4rmellose, schlankmachende Kompressionsbody f\u00fcr M\u00e4nner kann beim Training getragen werden, um alles an Ort und Stelle zu halten. Er dehnt sich bei Bewegung gut und bietet so eine hervorragende Kompression.<\/p>","protected":false},"featured_media":10452,"comment_status":"open","ping_status":"closed","template":"","meta":{"site-sidebar-layout":"default","site-content-layout":"","ast-site-content-layout":"default","site-content-style":"default","site-sidebar-style":"default","ast-global-header-display":"","ast-banner-title-visibility":"","ast-main-header-display":"","ast-hfb-above-header-display":"","ast-hfb-below-header-display":"","ast-hfb-mobile-header-display":"","site-post-title":"","ast-breadcrumbs-content":"","ast-featured-img":"","footer-sml-layout":"","ast-disable-related-posts":"","theme-transparent-header-meta":"default","adv-header-id-meta":"","stick-header-meta":"default","header-above-stick-meta":"","header-main-stick-meta":"","header-below-stick-meta":"","astra-migrate-meta-layouts":"set","ast-page-background-enabled":"default","ast-page-background-meta":{"desktop":{"background-color":"","background-image":"","background-repeat":"repeat","background-position":"center center","background-size":"auto","background-attachment":"scroll","background-type":"","background-media":"","overlay-type":"","overlay-color":"","overlay-opacity":"","overlay-gradient":""},"tablet":{"background-color":"","background-image":"","background-repeat":"repeat","background-position":"center center","background-size":"auto","background-attachment":"scroll","background-type":"","background-media":"","overlay-type":"","overlay-color":"","overlay-opacity":"","overlay-gradient":""},"mobile":{"background-color":"","background-image":"","background-repeat":"repeat","background-position":"center center","background-size":"auto","background-attachment":"scroll","background-type":"","background-media":"","overlay-type":"","overlay-color":"","overlay-opacity":"","overlay-gradient":""}},"ast-content-background-meta":{"desktop":{"background-color":"var(--ast-global-color-5)","background-image":"","background-repeat":"repeat","background-position":"center center","background-size":"auto","background-attachment":"scroll","background-type":"","background-media":"","overlay-type":"","overlay-color":"","overlay-opacity":"","overlay-gradient":""},"tablet":{"background-color":"var(--ast-global-color-5)","background-image":"","background-repeat":"repeat","background-position":"center center","background-size":"auto","background-attachment":"scroll","background-type":"","background-media":"","overlay-type":"","overlay-color":"","overlay-opacity":"","overlay-gradient":""},"mobile":{"background-color":"var(--ast-global-color-5)","background-image":"","background-repeat":"repeat","background-position":"center center","background-size":"auto","background-attachment":"scroll","background-type":"","background-media":"","overlay-type":"","overlay-color":"","overlay-opacity":"","overlay-gradient":""}}},"product_brand":[],"product_cat":[65,76,85,86,88],"product_tag":[823,663,492,489,777,213,535,847],"class_list":{"0":"post-10451","1":"product","2":"type-product","3":"status-publish","4":"has-post-thumbnail","6":"product_cat-best-sellers","7":"product_cat-new-arrivels","8":"product_cat-wholesale-mens-shapewear","9":"product_cat-wholesale-men-sliming-vest","10":"product_cat-wholesale-men-t-shirt-shaper","11":"product_tag-abdominal-control","12":"product_tag-belly","13":"product_tag-breathable","14":"product_tag-compression","15":"product_tag-confident","16":"product_tag-sleeveless","17":"product_tag-slimming","18":"product_tag-x-shape","19":"pa_color-black","20":"pa_color-white","21":"pa_size-l","22":"pa_size-m","23":"desktop-align-center","24":"tablet-align-left","25":"mobile-align-left","26":"ast-product-gallery-layout-horizontal-slider","27":"ast-product-single-variable","28":"ast-product-tabs-layout-horizontal","29":"ast-qv-on-image","31":"first","32":"instock","33":"shipping-taxable","34":"purchasable","35":"product-type-variable"},"tiered_pricing_type":"fixed","tiered_pricing_fixed_rules":{"2":5.8,"50":5.15,"100":4.5},"tiered_pricing_product_settings":{"layout":"default","base_unit_name":{"singular":null,"plural":null},"default_variation":null},"tiered_pricing_minimum_quantity":null,"tiered_pricing_roles_data":[],"tiered_pricing_percentage_rules":[],"_links":{"self":[{"href":"https:\/\/yume-silm.com\/de\/wp-json\/wp\/v2\/product\/10451","targetHints":{"allow":["GET"]}}],"collection":[{"href":"https:\/\/yume-silm.com\/de\/wp-json\/wp\/v2\/product"}],"about":[{"href":"https:\/\/yume-silm.com\/de\/wp-json\/wp\/v2\/types\/product"}],"replies":[{"embeddable":true,"href":"https:\/\/yume-silm.com\/de\/wp-json\/wp\/v2\/comments?post=10451"}],"wp:featuredmedia":[{"embeddable":true,"href":"https:\/\/yume-silm.com\/de\/wp-json\/wp\/v2\/media\/10452"}],"wp:attachment":[{"href":"https:\/\/yume-silm.com\/de\/wp-json\/wp\/v2\/media?parent=10451"}],"wp:term":[{"taxonomy":"product_brand","embeddable":true,"href":"https:\/\/yume-silm.com\/de\/wp-json\/wp\/v2\/product_brand?post=10451"},{"taxonomy":"product_cat","embeddable":true,"href":"https:\/\/yume-silm.com\/de\/wp-json\/wp\/v2\/product_cat?post=10451"},{"taxonomy":"product_tag","embeddable":true,"href":"https:\/\/yume-silm.com\/de\/wp-json\/wp\/v2\/product_tag?post=10451"}],"curies":[{"name":"wp","href":"https:\/\/api.w.org\/{rel}","templated":true}]}}