{"id":10614,"date":"2024-08-21T00:58:57","date_gmt":"2024-08-21T00:58:57","guid":{"rendered":"https:\/\/yume-silm.com\/?post_type=product&#038;p=10614"},"modified":"2024-08-21T01:00:51","modified_gmt":"2024-08-21T01:00:51","slug":"atmungsaktiver-sport-taillentrainer-fur-damen-zum-abnehmen","status":"publish","type":"product","link":"https:\/\/yume-silm.com\/de\/produkt\/atmungsaktiver-sport-taillentrainer-fur-damen-zum-abnehmen\/","title":{"rendered":"Atmungsaktiver Sport-Taillentrainer f\u00fcr Damen mit Hohlsaum"},"content":{"rendered":"<h5>Design-Merkmale<\/h5>\n<ul>\n<li><strong>5 HAKEN- UND \u00d6SENVERSCHL\u00dcSSE:<\/strong> Der atmungsaktive, sportliche, hohle Taillentrainer f\u00fcr Damen ist mit 5 Haken- und \u00d6senverschl\u00fcssen ausgestattet, wodurch der Latex-BH bequemer und flexibler wird. Sie k\u00f6nnen ihn je nach Bedarf auf eine bequeme L\u00e4nge einstellen, er ist f\u00fcr mehrere Phasen der Gewichtsabnahme geeignet und kann in mehreren Phasen verwendet werden.<\/li>\n<li><strong>ERHOLUNG NACH DER GEBURT:<\/strong> Der schlankmachende Taillentrainer ist ein gro\u00dfartiges Kleidungsst\u00fcck, um Ihre R\u00fcckkehr in Form nach der Geburt zu beschleunigen. Er bietet festen Halt f\u00fcr Ihren unteren R\u00fccken und komprimiert Ihren Bauch mit einem beliebig verstellbaren Tailleng\u00fcrtel.<\/li>\n<li><strong>R\u00dcCKENST\u00dcTZDESIGN:<\/strong> Dieser G\u00fcrtel besteht aus hochwertigen, hochelastischen Stahlst\u00e4ben zur Unterst\u00fctzung Ihres R\u00fcckens sowie zur Druck- und Lendenwirbelst\u00fctze Ihres Bauches. Er bietet Ihnen hervorragenden Halt und verbessert Ihre R\u00fcckenhaltung deutlich.<\/li>\n<li><strong>WEICHER STOFF:<\/strong> Aus angenehmem, atmungsaktivem und dehnbarem Stoff, leicht zu waschen, den ganzen Tag \u00fcber angenehm zu tragen und unter der Alltagskleidung unsichtbar.<\/li>\n<\/ul>\n<h6><a href=\"https:\/\/yume-silm.com\/wp-content\/uploads\/2024\/08\/Womens-Breathable-Sports-Hollow-Slimming-Waist-Trainer.png\"><img fetchpriority=\"high\" decoding=\"async\" class=\"alignnone wp-image-10615 size-medium\" src=\"https:\/\/yume-silm.com\/wp-content\/uploads\/2024\/08\/Womens-Breathable-Sports-Hollow-Slimming-Waist-Trainer-300x300.png\" alt=\"Atmungsaktiver Sport-Taillentrainer f\u00fcr Damen\" width=\"300\" height=\"300\" title=\"\" srcset=\"https:\/\/yume-silm.com\/wp-content\/uploads\/2024\/08\/Womens-Breathable-Sports-Hollow-Slimming-Waist-Trainer-300x300.png 300w, https:\/\/yume-silm.com\/wp-content\/uploads\/2024\/08\/Womens-Breathable-Sports-Hollow-Slimming-Waist-Trainer-150x150.png 150w, https:\/\/yume-silm.com\/wp-content\/uploads\/2024\/08\/Womens-Breathable-Sports-Hollow-Slimming-Waist-Trainer-12x12.png 12w, https:\/\/yume-silm.com\/wp-content\/uploads\/2024\/08\/Womens-Breathable-Sports-Hollow-Slimming-Waist-Trainer-100x100.png 100w, https:\/\/yume-silm.com\/wp-content\/uploads\/2024\/08\/Womens-Breathable-Sports-Hollow-Slimming-Waist-Trainer.png 600w\" sizes=\"(max-width: 300px) 100vw, 300px\" \/><\/a><\/h6>\n<h6><em>Atmungsaktiver postpartaler Taillentrainer f\u00fcr Frauen<\/em><\/h6>\n<ul>\n<li>Es ist aus atmungsaktivem und weichem Stoff gefertigt und bietet den ganzen Tag \u00fcber hohen Tragekomfort. Es ist f\u00fcr Frauen mit postpartalen Angstzust\u00e4nden geeignet, kann die Erholung des K\u00f6rpers vor der Operation beschleunigen, \u00c4ngste reduzieren und vor Angstzust\u00e4nden sch\u00fctzen.<\/li>\n<\/ul>","protected":false},"excerpt":{"rendered":"<p>Dieser atmungsaktive, sportliche, hohle Schlankheits-Taillentrainer f\u00fcr Damen ist mit 5 Haken- und \u00d6senverschl\u00fcssen ausgestattet, eignet sich f\u00fcr mehrere Phasen der Gewichtsabnahme und seine hochwertigen, hochelastischen Stahlst\u00e4be bieten Ihrem R\u00fccken besseren Halt.<\/p>","protected":false},"featured_media":10616,"comment_status":"open","ping_status":"closed","template":"","meta":{"site-sidebar-layout":"default","site-content-layout":"","ast-site-content-layout":"default","site-content-style":"default","site-sidebar-style":"default","ast-global-header-display":"","ast-banner-title-visibility":"","ast-main-header-display":"","ast-hfb-above-header-display":"","ast-hfb-below-header-display":"","ast-hfb-mobile-header-display":"","site-post-title":"","ast-breadcrumbs-content":"","ast-featured-img":"","footer-sml-layout":"","ast-disable-related-posts":"","theme-transparent-header-meta":"default","adv-header-id-meta":"","stick-header-meta":"default","header-above-stick-meta":"","header-main-stick-meta":"","header-below-stick-meta":"","astra-migrate-meta-layouts":"set","ast-page-background-enabled":"default","ast-page-background-meta":{"desktop":{"background-color":"","background-image":"","background-repeat":"repeat","background-position":"center center","background-size":"auto","background-attachment":"scroll","background-type":"","background-media":"","overlay-type":"","overlay-color":"","overlay-opacity":"","overlay-gradient":""},"tablet":{"background-color":"","background-image":"","background-repeat":"repeat","background-position":"center center","background-size":"auto","background-attachment":"scroll","background-type":"","background-media":"","overlay-type":"","overlay-color":"","overlay-opacity":"","overlay-gradient":""},"mobile":{"background-color":"","background-image":"","background-repeat":"repeat","background-position":"center center","background-size":"auto","background-attachment":"scroll","background-type":"","background-media":"","overlay-type":"","overlay-color":"","overlay-opacity":"","overlay-gradient":""}},"ast-content-background-meta":{"desktop":{"background-color":"var(--ast-global-color-5)","background-image":"","background-repeat":"repeat","background-position":"center center","background-size":"auto","background-attachment":"scroll","background-type":"","background-media":"","overlay-type":"","overlay-color":"","overlay-opacity":"","overlay-gradient":""},"tablet":{"background-color":"var(--ast-global-color-5)","background-image":"","background-repeat":"repeat","background-position":"center center","background-size":"auto","background-attachment":"scroll","background-type":"","background-media":"","overlay-type":"","overlay-color":"","overlay-opacity":"","overlay-gradient":""},"mobile":{"background-color":"var(--ast-global-color-5)","background-image":"","background-repeat":"repeat","background-position":"center center","background-size":"auto","background-attachment":"scroll","background-type":"","background-media":"","overlay-type":"","overlay-color":"","overlay-opacity":"","overlay-gradient":""}}},"product_brand":[],"product_cat":[65,76,90,93,96],"product_tag":[855,492,646,857,693,853,858,852,535,856,854,214],"class_list":{"0":"post-10614","1":"product","2":"type-product","3":"status-publish","4":"has-post-thumbnail","6":"product_cat-best-sellers","7":"product_cat-new-arrivels","8":"product_cat-wholesale-waist-trainer","9":"product_cat-wholesale-plus-size-waist-trainer","10":"product_cat-sweat-waist-trainer","11":"product_tag-back-support","12":"product_tag-breathable","13":"product_tag-comfortable","14":"product_tag-flexible","15":"product_tag-high-elastic","16":"product_tag-hollow","17":"product_tag-post-partum","18":"product_tag-preoperative","19":"product_tag-slimming","20":"product_tag-soft-fabric","21":"product_tag-sport","22":"product_tag-waist-trainer","23":"pa_color-beige","24":"pa_color-black","25":"pa_size-2xl","26":"pa_size-3xl","27":"pa_size-l","28":"pa_size-m","29":"pa_size-s","30":"pa_size-xl","31":"desktop-align-center","32":"tablet-align-left","33":"mobile-align-left","34":"ast-product-gallery-layout-horizontal-slider","35":"ast-product-single-variable","36":"ast-product-tabs-layout-horizontal","37":"ast-qv-on-image","39":"first","40":"instock","41":"shipping-taxable","42":"purchasable","43":"product-type-variable"},"tiered_pricing_type":"fixed","tiered_pricing_fixed_rules":{"5":1.5,"50":1.4,"100":1.3},"tiered_pricing_product_settings":{"layout":"default","base_unit_name":{"singular":null,"plural":null},"default_variation":null},"tiered_pricing_minimum_quantity":null,"tiered_pricing_roles_data":[],"tiered_pricing_percentage_rules":[],"_links":{"self":[{"href":"https:\/\/yume-silm.com\/de\/wp-json\/wp\/v2\/product\/10614","targetHints":{"allow":["GET"]}}],"collection":[{"href":"https:\/\/yume-silm.com\/de\/wp-json\/wp\/v2\/product"}],"about":[{"href":"https:\/\/yume-silm.com\/de\/wp-json\/wp\/v2\/types\/product"}],"replies":[{"embeddable":true,"href":"https:\/\/yume-silm.com\/de\/wp-json\/wp\/v2\/comments?post=10614"}],"wp:featuredmedia":[{"embeddable":true,"href":"https:\/\/yume-silm.com\/de\/wp-json\/wp\/v2\/media\/10616"}],"wp:attachment":[{"href":"https:\/\/yume-silm.com\/de\/wp-json\/wp\/v2\/media?parent=10614"}],"wp:term":[{"taxonomy":"product_brand","embeddable":true,"href":"https:\/\/yume-silm.com\/de\/wp-json\/wp\/v2\/product_brand?post=10614"},{"taxonomy":"product_cat","embeddable":true,"href":"https:\/\/yume-silm.com\/de\/wp-json\/wp\/v2\/product_cat?post=10614"},{"taxonomy":"product_tag","embeddable":true,"href":"https:\/\/yume-silm.com\/de\/wp-json\/wp\/v2\/product_tag?post=10614"}],"curies":[{"name":"wp","href":"https:\/\/api.w.org\/{rel}","templated":true}]}}