{"id":10669,"date":"2024-08-23T03:53:53","date_gmt":"2024-08-23T03:53:53","guid":{"rendered":"https:\/\/yume-silm.com\/?post_type=product&#038;p=10669"},"modified":"2025-05-26T00:52:32","modified_gmt":"2025-05-26T00:52:32","slug":"sexy-ruckenfreier-yoga-overall-fur-damen-2","status":"publish","type":"product","link":"https:\/\/yume-silm.com\/de\/produkt\/sexy-ruckenfreier-yoga-overall-fur-damen-2\/","title":{"rendered":"Sexy r\u00fcckenfreier Yoga-Overall f\u00fcr Damen"},"content":{"rendered":"<h5>Design-Merkmale<\/h5>\n<ul>\n<li><strong>STOFF: <\/strong>Der sexy r\u00fcckenfreie Yoga-Overall f\u00fcr Damen besteht aus hochelastischem, atmungsaktivem und weichem Stoff, der sich weich anf\u00fchlt, Feuchtigkeit ableitet, schnell trocknet, glatt, atmungsaktiv und hautfreundlich ist, sodass Sie bei Ihrem Training tun k\u00f6nnen, was Sie m\u00f6chten.<\/li>\n<li><strong>H\u00dcFTHEBEDESIGN:<\/strong> Der einteilige r\u00fcckenfreie Yoga-Ganzk\u00f6rperanzug mit C-Design kann die Kontur Ihres Ges\u00e4\u00dfes verbessern, Ihr Ges\u00e4\u00df dreidimensionaler und straffer aussehen lassen, Ihnen dabei helfen, Ihren pfirsichfarbenen Hintern besser zu formen und Ihnen mehr Selbstvertrauen zu geben.<\/li>\n<li><strong>EINZIGARTIGES DESIGN:<\/strong> Die sexy r\u00fcckenfreien Yogahosen f\u00fcr Damen haben ein ausgeh\u00f6hltes Design auf der R\u00fcckseite, das sie atmungsaktiver macht. So f\u00fchlen Sie sich nicht unwohl, wenn beim Training Schwei\u00df auf Ihrem R\u00fccken zur\u00fcckbleibt, und die Schultergurte fallen beim Training nicht so leicht ab.<\/li>\n<li><strong>VERSTELLBARE SCHULTERGURTE:<\/strong> Die Schultergurte fallen w\u00e4hrend des Trainings nicht so leicht ab und k\u00f6nnen selbst auf eine angenehme L\u00e4nge eingestellt werden. Zur Auswahl stehen verschiedene Farben.<\/li>\n<\/ul>\n<p><a href=\"https:\/\/yume-silm.com\/wp-content\/uploads\/2024\/08\/Womens-One-Piece-Backless-Sexy-Belly-Yoga-Unitard-2.png\"><img fetchpriority=\"high\" decoding=\"async\" class=\"alignnone wp-image-10643 size-medium\" src=\"https:\/\/yume-silm.com\/wp-content\/uploads\/2024\/08\/Womens-One-Piece-Backless-Sexy-Belly-Yoga-Unitard-2-300x300.png\" alt=\"Sexy r\u00fcckenfreier Yoga-Overall f\u00fcr Damen\" width=\"300\" height=\"300\" title=\"\" srcset=\"https:\/\/yume-silm.com\/wp-content\/uploads\/2024\/08\/Womens-One-Piece-Backless-Sexy-Belly-Yoga-Unitard-2-300x300.png 300w, https:\/\/yume-silm.com\/wp-content\/uploads\/2024\/08\/Womens-One-Piece-Backless-Sexy-Belly-Yoga-Unitard-2-150x150.png 150w, https:\/\/yume-silm.com\/wp-content\/uploads\/2024\/08\/Womens-One-Piece-Backless-Sexy-Belly-Yoga-Unitard-2-768x768.png 768w, https:\/\/yume-silm.com\/wp-content\/uploads\/2024\/08\/Womens-One-Piece-Backless-Sexy-Belly-Yoga-Unitard-2-12x12.png 12w, https:\/\/yume-silm.com\/wp-content\/uploads\/2024\/08\/Womens-One-Piece-Backless-Sexy-Belly-Yoga-Unitard-2-100x100.png 100w, https:\/\/yume-silm.com\/wp-content\/uploads\/2024\/08\/Womens-One-Piece-Backless-Sexy-Belly-Yoga-Unitard-2.png 800w\" sizes=\"(max-width: 300px) 100vw, 300px\" \/><\/a><a href=\"https:\/\/yume-silm.com\/wp-content\/uploads\/2024\/08\/Womens-One-Piece-Backless-Sexy-Belly-Yoga-Unitard-3.png\"><img decoding=\"async\" class=\"alignnone wp-image-10644 size-medium\" src=\"https:\/\/yume-silm.com\/wp-content\/uploads\/2024\/08\/Womens-One-Piece-Backless-Sexy-Belly-Yoga-Unitard-3-300x300.png\" alt=\"Sexy r\u00fcckenfreier Yoga-Overall f\u00fcr Damen\" width=\"300\" height=\"300\" title=\"\" srcset=\"https:\/\/yume-silm.com\/wp-content\/uploads\/2024\/08\/Womens-One-Piece-Backless-Sexy-Belly-Yoga-Unitard-3-300x300.png 300w, https:\/\/yume-silm.com\/wp-content\/uploads\/2024\/08\/Womens-One-Piece-Backless-Sexy-Belly-Yoga-Unitard-3-150x150.png 150w, https:\/\/yume-silm.com\/wp-content\/uploads\/2024\/08\/Womens-One-Piece-Backless-Sexy-Belly-Yoga-Unitard-3-768x768.png 768w, https:\/\/yume-silm.com\/wp-content\/uploads\/2024\/08\/Womens-One-Piece-Backless-Sexy-Belly-Yoga-Unitard-3-12x12.png 12w, https:\/\/yume-silm.com\/wp-content\/uploads\/2024\/08\/Womens-One-Piece-Backless-Sexy-Belly-Yoga-Unitard-3-100x100.png 100w, https:\/\/yume-silm.com\/wp-content\/uploads\/2024\/08\/Womens-One-Piece-Backless-Sexy-Belly-Yoga-Unitard-3.png 800w\" sizes=\"(max-width: 300px) 100vw, 300px\" \/><\/a><\/p>\n<h6><em>Einteilige \u00e4rmellose Yogahose f\u00fcr Damen<\/em><\/h6>\n<ul>\n<li>Diese einteilige, \u00e4rmellose Yogahose f\u00fcr Damen ist sorgf\u00e4ltig auf Ihre Kurven zugeschnitten und betont Ihre nat\u00fcrliche Sch\u00f6nheit. Der hochelastische Stoff hilft Ihnen dabei, Ihren Bauch und Ihre Taille zu gl\u00e4tten.<\/li>\n<\/ul>","protected":false},"excerpt":{"rendered":"<p>Dieser sexy r\u00fcckenfreie Yoga-Overall f\u00fcr Damen ist nicht nur f\u00fcr Yoga, Pilates, Laufen und Fitness geeignet. Er eignet sich auch f\u00fcr die Freizeit, den Alltag oder einen aktiven Lebensstil. Vielseitig und belebend. Vielseitige Farben und hochelastischer Stoff f\u00f6rdern die Kompression und reduzieren Muskelvibrationen w\u00e4hrend des Trainings.<\/p>","protected":false},"featured_media":10648,"comment_status":"open","ping_status":"closed","template":"","meta":{"site-sidebar-layout":"default","site-content-layout":"","ast-site-content-layout":"default","site-content-style":"default","site-sidebar-style":"default","ast-global-header-display":"","ast-banner-title-visibility":"","ast-main-header-display":"","ast-hfb-above-header-display":"","ast-hfb-below-header-display":"","ast-hfb-mobile-header-display":"","site-post-title":"","ast-breadcrumbs-content":"","ast-featured-img":"","footer-sml-layout":"","ast-disable-related-posts":"","theme-transparent-header-meta":"default","adv-header-id-meta":"","stick-header-meta":"default","header-above-stick-meta":"","header-main-stick-meta":"","header-below-stick-meta":"","astra-migrate-meta-layouts":"set","ast-page-background-enabled":"default","ast-page-background-meta":{"desktop":{"background-color":"","background-image":"","background-repeat":"repeat","background-position":"center center","background-size":"auto","background-attachment":"scroll","background-type":"","background-media":"","overlay-type":"","overlay-color":"","overlay-opacity":"","overlay-gradient":""},"tablet":{"background-color":"","background-image":"","background-repeat":"repeat","background-position":"center center","background-size":"auto","background-attachment":"scroll","background-type":"","background-media":"","overlay-type":"","overlay-color":"","overlay-opacity":"","overlay-gradient":""},"mobile":{"background-color":"","background-image":"","background-repeat":"repeat","background-position":"center center","background-size":"auto","background-attachment":"scroll","background-type":"","background-media":"","overlay-type":"","overlay-color":"","overlay-opacity":"","overlay-gradient":""}},"ast-content-background-meta":{"desktop":{"background-color":"var(--ast-global-color-5)","background-image":"","background-repeat":"repeat","background-position":"center center","background-size":"auto","background-attachment":"scroll","background-type":"","background-media":"","overlay-type":"","overlay-color":"","overlay-opacity":"","overlay-gradient":""},"tablet":{"background-color":"var(--ast-global-color-5)","background-image":"","background-repeat":"repeat","background-position":"center center","background-size":"auto","background-attachment":"scroll","background-type":"","background-media":"","overlay-type":"","overlay-color":"","overlay-opacity":"","overlay-gradient":""},"mobile":{"background-color":"var(--ast-global-color-5)","background-image":"","background-repeat":"repeat","background-position":"center center","background-size":"auto","background-attachment":"scroll","background-type":"","background-media":"","overlay-type":"","overlay-color":"","overlay-opacity":"","overlay-gradient":""}}},"product_brand":[],"product_cat":[65,76,734,736],"product_tag":[143,489,822,811,148,145,865,660],"class_list":{"0":"post-10669","1":"product","2":"type-product","3":"status-publish","4":"has-post-thumbnail","6":"product_cat-best-sellers","7":"product_cat-new-arrivels","8":"product_cat-yoga-suits","9":"product_cat-yoga-shorts","10":"product_tag-backless","11":"product_tag-compression","12":"product_tag-high-stretch","13":"product_tag-hip-lifting","14":"product_tag-one-piece","15":"product_tag-sexy","16":"product_tag-sleevaless","17":"product_tag-smooth","18":"pa_color-black","19":"pa_color-blue","20":"pa_color-dark-blue","21":"pa_color-light-blue","22":"pa_color-plum","23":"pa_size-l","24":"pa_size-m","25":"pa_size-s","26":"desktop-align-center","27":"tablet-align-left","28":"mobile-align-left","29":"ast-product-gallery-layout-horizontal-slider","30":"ast-product-single-variable","31":"ast-product-tabs-layout-horizontal","32":"ast-qv-on-image","34":"first","35":"instock","36":"shipping-taxable","37":"purchasable","38":"product-type-variable"},"tiered_pricing_type":"fixed","tiered_pricing_fixed_rules":{"5":6.9,"50":6,"100":4.6},"tiered_pricing_product_settings":{"layout":"default","base_unit_name":{"singular":null,"plural":null},"default_variation":null},"tiered_pricing_minimum_quantity":null,"tiered_pricing_roles_data":[],"tiered_pricing_percentage_rules":[],"_links":{"self":[{"href":"https:\/\/yume-silm.com\/de\/wp-json\/wp\/v2\/product\/10669","targetHints":{"allow":["GET"]}}],"collection":[{"href":"https:\/\/yume-silm.com\/de\/wp-json\/wp\/v2\/product"}],"about":[{"href":"https:\/\/yume-silm.com\/de\/wp-json\/wp\/v2\/types\/product"}],"replies":[{"embeddable":true,"href":"https:\/\/yume-silm.com\/de\/wp-json\/wp\/v2\/comments?post=10669"}],"wp:featuredmedia":[{"embeddable":true,"href":"https:\/\/yume-silm.com\/de\/wp-json\/wp\/v2\/media\/10648"}],"wp:attachment":[{"href":"https:\/\/yume-silm.com\/de\/wp-json\/wp\/v2\/media?parent=10669"}],"wp:term":[{"taxonomy":"product_brand","embeddable":true,"href":"https:\/\/yume-silm.com\/de\/wp-json\/wp\/v2\/product_brand?post=10669"},{"taxonomy":"product_cat","embeddable":true,"href":"https:\/\/yume-silm.com\/de\/wp-json\/wp\/v2\/product_cat?post=10669"},{"taxonomy":"product_tag","embeddable":true,"href":"https:\/\/yume-silm.com\/de\/wp-json\/wp\/v2\/product_tag?post=10669"}],"curies":[{"name":"wp","href":"https:\/\/api.w.org\/{rel}","templated":true}]}}