{"id":11309,"date":"2024-09-11T06:43:25","date_gmt":"2024-09-11T06:43:25","guid":{"rendered":"https:\/\/yume-silm.com\/?post_type=product&#038;p=11309"},"modified":"2024-09-13T05:35:59","modified_gmt":"2024-09-13T05:35:59","slug":"atmungsaktive-schlankheits-workout-saunajacke","status":"publish","type":"product","link":"https:\/\/yume-silm.com\/de\/produkt\/atmungsaktive-schlankheits-workout-saunajacke\/","title":{"rendered":"Atmungsaktive Schlankheits-Workout-Saunajacke f\u00fcr Herren"},"content":{"rendered":"<h5>Design-Merkmale<\/h5>\n<ul>\n<li><strong>ATMUNGSAKTIVES MATERIAL<\/strong>: Die atmungsaktive Schlankheits-Workout-Saunajacke besteht aus einem atmungsaktiven Gewebe, das f\u00fcr eine schnelle Verdunstung des Schwei\u00dfes sorgt, die Haut trocken h\u00e4lt und sich auch bei intensivem Training nicht stickig anf\u00fchlt.<\/li>\n<li><strong>GEWICHTSVERLUST:<\/strong> Durch die Verwendung des Saunaprinzips wird die K\u00f6rperoberfl\u00e4chentemperatur erh\u00f6ht, der K\u00f6rper wird schneller zum Schwitzen angeregt und der Fettabbau sowie die K\u00f6rperformung werden effektiv gef\u00f6rdert.<\/li>\n<li><strong>ABNEHMEN:<\/strong> Das Design ist ergonomisch, passt sich der K\u00f6rperform an, formt glatte Linien und verbessert die Flexibilit\u00e4t und Sch\u00f6nheit beim Training.<\/li>\n<li><strong>FEUCHTIGKEITSABWEISEND:<\/strong> Der Fitness-Schwitzsaunaanzug kann Schwei\u00df schnell aufnehmen und ableiten, ein klebriges Gef\u00fchl vermeiden, das Tragegef\u00fchl verbessern und Sie den ganzen Tag \u00fcber bequem und trocken halten.<\/li>\n<\/ul>\n<h6><em><strong>Enge Saunajacke f\u00fcr Herren mit hohem Stretchanteil<\/strong><\/em><\/h6>\n<ul>\n<li>Die Trainingsjacke besteht aus hochelastischem, atmungsaktivem Stoff, der sich besser an Ihre Haut anpasst. Das enge Design kann zus\u00e4tzlichen Druck auf Ihren Bauch aus\u00fcben und Ihnen helfen, Ihren K\u00f6rper besser zu formen.<\/li>\n<\/ul>","protected":false},"excerpt":{"rendered":"<p>Diese atmungsaktive, schlankmachende Sauna-Trainingsjacke ist ein funktionelles Kleidungsst\u00fcck f\u00fcr die Gewichtsabnahme beim Sport, das hilft, den Trainingseffekt zu verbessern, das Schwitzen schnell zu f\u00f6rdern und die Gewichtsabnahme zu beschleunigen.<\/p>","protected":false},"featured_media":11310,"comment_status":"open","ping_status":"closed","template":"","meta":{"site-sidebar-layout":"default","site-content-layout":"","ast-site-content-layout":"default","site-content-style":"default","site-sidebar-style":"default","ast-global-header-display":"","ast-banner-title-visibility":"","ast-main-header-display":"","ast-hfb-above-header-display":"","ast-hfb-below-header-display":"","ast-hfb-mobile-header-display":"","site-post-title":"","ast-breadcrumbs-content":"","ast-featured-img":"","footer-sml-layout":"","ast-disable-related-posts":"","theme-transparent-header-meta":"default","adv-header-id-meta":"","stick-header-meta":"default","header-above-stick-meta":"","header-main-stick-meta":"","header-below-stick-meta":"","astra-migrate-meta-layouts":"set","ast-page-background-enabled":"default","ast-page-background-meta":{"desktop":{"background-color":"","background-image":"","background-repeat":"repeat","background-position":"center center","background-size":"auto","background-attachment":"scroll","background-type":"","background-media":"","overlay-type":"","overlay-color":"","overlay-opacity":"","overlay-gradient":""},"tablet":{"background-color":"","background-image":"","background-repeat":"repeat","background-position":"center center","background-size":"auto","background-attachment":"scroll","background-type":"","background-media":"","overlay-type":"","overlay-color":"","overlay-opacity":"","overlay-gradient":""},"mobile":{"background-color":"","background-image":"","background-repeat":"repeat","background-position":"center center","background-size":"auto","background-attachment":"scroll","background-type":"","background-media":"","overlay-type":"","overlay-color":"","overlay-opacity":"","overlay-gradient":""}},"ast-content-background-meta":{"desktop":{"background-color":"var(--ast-global-color-5)","background-image":"","background-repeat":"repeat","background-position":"center center","background-size":"auto","background-attachment":"scroll","background-type":"","background-media":"","overlay-type":"","overlay-color":"","overlay-opacity":"","overlay-gradient":""},"tablet":{"background-color":"var(--ast-global-color-5)","background-image":"","background-repeat":"repeat","background-position":"center center","background-size":"auto","background-attachment":"scroll","background-type":"","background-media":"","overlay-type":"","overlay-color":"","overlay-opacity":"","overlay-gradient":""},"mobile":{"background-color":"var(--ast-global-color-5)","background-image":"","background-repeat":"repeat","background-position":"center center","background-size":"auto","background-attachment":"scroll","background-type":"","background-media":"","overlay-type":"","overlay-color":"","overlay-opacity":"","overlay-gradient":""}}},"product_brand":[],"product_cat":[65,76,97,98],"product_tag":[662,412,492,646,960,822,959,535,654,558,958],"class_list":{"0":"post-11309","1":"product","2":"type-product","3":"status-publish","4":"has-post-thumbnail","6":"product_cat-best-sellers","7":"product_cat-new-arrivels","8":"product_cat-sauna-suit","9":"product_cat-sauna-jacket","10":"product_tag-abdominal","11":"product_tag-body-shaping","12":"product_tag-breathable","13":"product_tag-comfortable","14":"product_tag-fitness-sweat-sauna","15":"product_tag-high-stretch","16":"product_tag-moisture-wicking","17":"product_tag-slimming","18":"product_tag-tight","19":"product_tag-weight-loss","20":"product_tag-workout-jacket","21":"pa_color-black","22":"pa_color-red","23":"pa_size-2xl","24":"pa_size-3xl","25":"pa_size-l","26":"pa_size-m","27":"pa_size-xl","28":"desktop-align-center","29":"tablet-align-left","30":"mobile-align-left","31":"ast-product-gallery-layout-horizontal-slider","32":"ast-product-single-variable","33":"ast-product-tabs-layout-horizontal","34":"ast-qv-on-image","36":"first","37":"instock","38":"shipping-taxable","39":"purchasable","40":"product-type-variable"},"tiered_pricing_type":"fixed","tiered_pricing_fixed_rules":{"2":19.5,"50":18.5,"100":16.5},"tiered_pricing_product_settings":{"layout":"default","base_unit_name":{"singular":null,"plural":null},"default_variation":null},"tiered_pricing_minimum_quantity":null,"tiered_pricing_roles_data":[],"tiered_pricing_percentage_rules":[],"_links":{"self":[{"href":"https:\/\/yume-silm.com\/de\/wp-json\/wp\/v2\/product\/11309","targetHints":{"allow":["GET"]}}],"collection":[{"href":"https:\/\/yume-silm.com\/de\/wp-json\/wp\/v2\/product"}],"about":[{"href":"https:\/\/yume-silm.com\/de\/wp-json\/wp\/v2\/types\/product"}],"replies":[{"embeddable":true,"href":"https:\/\/yume-silm.com\/de\/wp-json\/wp\/v2\/comments?post=11309"}],"wp:featuredmedia":[{"embeddable":true,"href":"https:\/\/yume-silm.com\/de\/wp-json\/wp\/v2\/media\/11310"}],"wp:attachment":[{"href":"https:\/\/yume-silm.com\/de\/wp-json\/wp\/v2\/media?parent=11309"}],"wp:term":[{"taxonomy":"product_brand","embeddable":true,"href":"https:\/\/yume-silm.com\/de\/wp-json\/wp\/v2\/product_brand?post=11309"},{"taxonomy":"product_cat","embeddable":true,"href":"https:\/\/yume-silm.com\/de\/wp-json\/wp\/v2\/product_cat?post=11309"},{"taxonomy":"product_tag","embeddable":true,"href":"https:\/\/yume-silm.com\/de\/wp-json\/wp\/v2\/product_tag?post=11309"}],"curies":[{"name":"wp","href":"https:\/\/api.w.org\/{rel}","templated":true}]}}