{"id":11327,"date":"2024-09-11T07:16:29","date_gmt":"2024-09-11T07:16:29","guid":{"rendered":"https:\/\/yume-silm.com\/?post_type=product&#038;p=11327"},"modified":"2024-09-13T05:36:13","modified_gmt":"2024-09-13T05:36:13","slug":"comfortable-sweat-wicking-zipper-sauna-vest","status":"publish","type":"product","link":"https:\/\/yume-silm.com\/de\/produkt\/comfortable-sweat-wicking-zipper-sauna-vest\/","title":{"rendered":"Bequeme, schwei\u00dfableitende Saunaweste mit Rei\u00dfverschluss f\u00fcr Herren"},"content":{"rendered":"<h5>Design-Merkmale<\/h5>\n<ul>\n<li><strong>GEWICHTSVERLUST:<\/strong> The comfortable sweat-wicking zipper sauna vest adopts upgraded heat-absorbing polymer fabric to promote abundant sweating, accelerate core perspiration, increase abdominal temperature, stimulate faster burning of abdominal fat, and accelerate weight loss.<\/li>\n<li><strong>MOISTURE ABSORPTION FUNCTION:<\/strong> The light and thin material structure can improve the problem, and effectively absorb sweat, allowing you to exercise all day, and the outside of the sauna suit is still dry.<\/li>\n<li><strong>KOMFORTABEL UND LANGLEBIG:<\/strong> The men&#8217;s sauna vest is suitable for wearing in the workplace, the gym, or anywhere in between, and can shape and move your body during exercise or daily activities.<\/li>\n<li><strong>ZIPPER DESIGN:<\/strong> The zipper design makes the sauna suit easier to put on and take off, making your abdomen tighter. No matter where you put the zipper, it will stay in place, allowing you to remove it freely.<\/li>\n<\/ul>\n<h6><em>Men&#8217;s Compression Slimming Fitness Vest<\/em><\/h6>\n<ul>\n<li>This men&#8217;s compression slimming fitness vest combines modern compression technology with a sauna-style perspiration function to help you accelerate fat burning during exercise and easily achieve body-shaping effects.<\/li>\n<\/ul>","protected":false},"excerpt":{"rendered":"<p>The men&#8217;s comfortable sweat-wicking zipper sauna vest is designed for men who pursue health and comfort. The light and thin fabric fits the skin and can still keep dry and cool in high temperatures, allowing you to speed up weight loss when exercising.<\/p>","protected":false},"featured_media":11328,"comment_status":"open","ping_status":"closed","template":"","meta":{"site-sidebar-layout":"default","site-content-layout":"","ast-site-content-layout":"default","site-content-style":"default","site-sidebar-style":"default","ast-global-header-display":"","ast-banner-title-visibility":"","ast-main-header-display":"","ast-hfb-above-header-display":"","ast-hfb-below-header-display":"","ast-hfb-mobile-header-display":"","site-post-title":"","ast-breadcrumbs-content":"","ast-featured-img":"","footer-sml-layout":"","ast-disable-related-posts":"","theme-transparent-header-meta":"default","adv-header-id-meta":"","stick-header-meta":"default","header-above-stick-meta":"","header-main-stick-meta":"","header-below-stick-meta":"","astra-migrate-meta-layouts":"set","ast-page-background-enabled":"default","ast-page-background-meta":{"desktop":{"background-color":"","background-image":"","background-repeat":"repeat","background-position":"center center","background-size":"auto","background-attachment":"scroll","background-type":"","background-media":"","overlay-type":"","overlay-color":"","overlay-opacity":"","overlay-gradient":""},"tablet":{"background-color":"","background-image":"","background-repeat":"repeat","background-position":"center center","background-size":"auto","background-attachment":"scroll","background-type":"","background-media":"","overlay-type":"","overlay-color":"","overlay-opacity":"","overlay-gradient":""},"mobile":{"background-color":"","background-image":"","background-repeat":"repeat","background-position":"center center","background-size":"auto","background-attachment":"scroll","background-type":"","background-media":"","overlay-type":"","overlay-color":"","overlay-opacity":"","overlay-gradient":""}},"ast-content-background-meta":{"desktop":{"background-color":"var(--ast-global-color-5)","background-image":"","background-repeat":"repeat","background-position":"center center","background-size":"auto","background-attachment":"scroll","background-type":"","background-media":"","overlay-type":"","overlay-color":"","overlay-opacity":"","overlay-gradient":""},"tablet":{"background-color":"var(--ast-global-color-5)","background-image":"","background-repeat":"repeat","background-position":"center center","background-size":"auto","background-attachment":"scroll","background-type":"","background-media":"","overlay-type":"","overlay-color":"","overlay-opacity":"","overlay-gradient":""},"mobile":{"background-color":"var(--ast-global-color-5)","background-image":"","background-repeat":"repeat","background-position":"center center","background-size":"auto","background-attachment":"scroll","background-type":"","background-media":"","overlay-type":"","overlay-color":"","overlay-opacity":"","overlay-gradient":""}}},"product_brand":[],"product_cat":[65,76,97,100],"product_tag":[646,489,961,166,535,806,654,558],"class_list":{"0":"post-11327","1":"product","2":"type-product","3":"status-publish","4":"has-post-thumbnail","6":"product_cat-best-sellers","7":"product_cat-new-arrivels","8":"product_cat-sauna-suit","9":"product_cat-sauna-tops","10":"product_tag-comfortable","11":"product_tag-compression","12":"product_tag-fitness-vest","13":"product_tag-sauna-vest","14":"product_tag-slimming","15":"product_tag-sweat-wicking","16":"product_tag-tight","17":"product_tag-weight-loss","18":"pa_color-blue","19":"pa_size-2xl-3xl","20":"pa_size-4xl-5xl","21":"pa_size-l-xl","22":"pa_size-s-m","23":"desktop-align-center","24":"tablet-align-left","25":"mobile-align-left","26":"ast-product-gallery-layout-horizontal-slider","27":"ast-product-single-variable","28":"ast-product-tabs-layout-horizontal","29":"ast-qv-on-image","31":"first","32":"instock","33":"shipping-taxable","34":"purchasable","35":"product-type-variable"},"tiered_pricing_type":"fixed","tiered_pricing_fixed_rules":{"2":5.5,"50":5,"100":4},"tiered_pricing_product_settings":{"layout":"default","base_unit_name":{"singular":null,"plural":null},"default_variation":null},"tiered_pricing_minimum_quantity":null,"tiered_pricing_roles_data":[],"tiered_pricing_percentage_rules":[],"_links":{"self":[{"href":"https:\/\/yume-silm.com\/de\/wp-json\/wp\/v2\/product\/11327","targetHints":{"allow":["GET"]}}],"collection":[{"href":"https:\/\/yume-silm.com\/de\/wp-json\/wp\/v2\/product"}],"about":[{"href":"https:\/\/yume-silm.com\/de\/wp-json\/wp\/v2\/types\/product"}],"replies":[{"embeddable":true,"href":"https:\/\/yume-silm.com\/de\/wp-json\/wp\/v2\/comments?post=11327"}],"wp:featuredmedia":[{"embeddable":true,"href":"https:\/\/yume-silm.com\/de\/wp-json\/wp\/v2\/media\/11328"}],"wp:attachment":[{"href":"https:\/\/yume-silm.com\/de\/wp-json\/wp\/v2\/media?parent=11327"}],"wp:term":[{"taxonomy":"product_brand","embeddable":true,"href":"https:\/\/yume-silm.com\/de\/wp-json\/wp\/v2\/product_brand?post=11327"},{"taxonomy":"product_cat","embeddable":true,"href":"https:\/\/yume-silm.com\/de\/wp-json\/wp\/v2\/product_cat?post=11327"},{"taxonomy":"product_tag","embeddable":true,"href":"https:\/\/yume-silm.com\/de\/wp-json\/wp\/v2\/product_tag?post=11327"}],"curies":[{"name":"wp","href":"https:\/\/api.w.org\/{rel}","templated":true}]}}