{"id":12115,"date":"2024-09-27T07:38:58","date_gmt":"2024-09-27T07:38:58","guid":{"rendered":"https:\/\/yume-silm.com\/?post_type=product&#038;p=12115"},"modified":"2024-09-27T07:40:10","modified_gmt":"2024-09-27T07:40:10","slug":"plus-size-deep-cup-bra","status":"publish","type":"product","link":"https:\/\/yume-silm.com\/de\/produkt\/plus-size-deep-cup-bra\/","title":{"rendered":"Gl\u00e4ttender Deep-Cup-BH f\u00fcr Damen in \u00dcbergr\u00f6\u00dfe"},"content":{"rendered":"<h5>Design-Merkmale<\/h5>\n<ul>\n<li><strong>KOMFORTABEL UND ATMUNGSAKTIV:<\/strong> Plus size deep cup bra is made of moisture-wicking upgraded fabric, it is elastic, soft and breathable, making you feel comfortable in different temperatures.<\/li>\n<li><strong>DEEP CUP:<\/strong> Instantly shapes and outlines the chest contour to prevent sagging, creating a more upright and smoother shape, providing full support, and making the figure look slimmer.<\/li>\n<li><strong>BREITE RIEMEN:<\/strong> The widened shoulder straps can reduce shoulder pressure and damage, making the chest shape look more three-dimensional.<\/li>\n<li><strong>PLUS SIZE DESIGN:<\/strong> Our women&#8217;s bra has excellent support and provides a natural lifting effect to meet the needs of more women.<\/li>\n<\/ul>\n<h6><em>Full Coverage Push-Up Bra for Women<\/em><\/h6>\n<ul>\n<li>This bra helps eliminate underarm bulges and back fat. It prevents outward flaring and makes the breast shape look more three-dimensional. It hides all the fat on the back and sides. You can see a more perfect body curve instantly!<\/li>\n<\/ul>","protected":false},"excerpt":{"rendered":"<p>When you exercise in this plus size deep cup bra\u00a0will not move and provide enough support. Keep you comfortable all day long.<\/p>","protected":false},"featured_media":12116,"comment_status":"open","ping_status":"closed","template":"","meta":{"site-sidebar-layout":"default","site-content-layout":"","ast-site-content-layout":"default","site-content-style":"default","site-sidebar-style":"default","ast-global-header-display":"","ast-banner-title-visibility":"","ast-main-header-display":"","ast-hfb-above-header-display":"","ast-hfb-below-header-display":"","ast-hfb-mobile-header-display":"","site-post-title":"","ast-breadcrumbs-content":"","ast-featured-img":"","footer-sml-layout":"","ast-disable-related-posts":"","theme-transparent-header-meta":"default","adv-header-id-meta":"","stick-header-meta":"default","header-above-stick-meta":"","header-main-stick-meta":"","header-below-stick-meta":"","astra-migrate-meta-layouts":"set","ast-page-background-enabled":"default","ast-page-background-meta":{"desktop":{"background-color":"","background-image":"","background-repeat":"repeat","background-position":"center center","background-size":"auto","background-attachment":"scroll","background-type":"","background-media":"","overlay-type":"","overlay-color":"","overlay-opacity":"","overlay-gradient":""},"tablet":{"background-color":"","background-image":"","background-repeat":"repeat","background-position":"center center","background-size":"auto","background-attachment":"scroll","background-type":"","background-media":"","overlay-type":"","overlay-color":"","overlay-opacity":"","overlay-gradient":""},"mobile":{"background-color":"","background-image":"","background-repeat":"repeat","background-position":"center center","background-size":"auto","background-attachment":"scroll","background-type":"","background-media":"","overlay-type":"","overlay-color":"","overlay-opacity":"","overlay-gradient":""}},"ast-content-background-meta":{"desktop":{"background-color":"var(--ast-global-color-5)","background-image":"","background-repeat":"repeat","background-position":"center center","background-size":"auto","background-attachment":"scroll","background-type":"","background-media":"","overlay-type":"","overlay-color":"","overlay-opacity":"","overlay-gradient":""},"tablet":{"background-color":"var(--ast-global-color-5)","background-image":"","background-repeat":"repeat","background-position":"center center","background-size":"auto","background-attachment":"scroll","background-type":"","background-media":"","overlay-type":"","overlay-color":"","overlay-opacity":"","overlay-gradient":""},"mobile":{"background-color":"var(--ast-global-color-5)","background-image":"","background-repeat":"repeat","background-position":"center center","background-size":"auto","background-attachment":"scroll","background-type":"","background-media":"","overlay-type":"","overlay-color":"","overlay-opacity":"","overlay-gradient":""}}},"product_brand":[],"product_cat":[76,65,259,583],"product_tag":[492,646,1028,984,400,430,1027,1029],"class_list":{"0":"post-12115","1":"product","2":"type-product","3":"status-publish","4":"has-post-thumbnail","6":"product_cat-new-arrivels","7":"product_cat-best-sellers","8":"product_cat-lingerie","9":"product_cat-plus-size-underwear","10":"product_tag-breathable","11":"product_tag-comfortable","12":"product_tag-deep-cup","13":"product_tag-full-coverage","14":"product_tag-plus-size-bra","15":"product_tag-push-up-bra","16":"product_tag-smoothing","17":"product_tag-wide-straps","18":"pa_color-beige","19":"pa_color-black","20":"pa_size-b","21":"pa_size-c","22":"pa_size-d","23":"pa_size-e","24":"pa_size-f","25":"desktop-align-center","26":"tablet-align-left","27":"mobile-align-left","28":"ast-product-gallery-layout-horizontal-slider","29":"ast-product-single-variable","30":"ast-product-tabs-layout-horizontal","31":"ast-qv-on-image","33":"first","34":"instock","35":"shipping-taxable","36":"purchasable","37":"product-type-variable"},"tiered_pricing_type":"fixed","tiered_pricing_fixed_rules":{"2":12,"50":11.5,"100":10.5},"tiered_pricing_product_settings":{"layout":"default","base_unit_name":{"singular":null,"plural":null},"default_variation":null},"tiered_pricing_minimum_quantity":null,"tiered_pricing_roles_data":[],"tiered_pricing_percentage_rules":[],"_links":{"self":[{"href":"https:\/\/yume-silm.com\/de\/wp-json\/wp\/v2\/product\/12115","targetHints":{"allow":["GET"]}}],"collection":[{"href":"https:\/\/yume-silm.com\/de\/wp-json\/wp\/v2\/product"}],"about":[{"href":"https:\/\/yume-silm.com\/de\/wp-json\/wp\/v2\/types\/product"}],"replies":[{"embeddable":true,"href":"https:\/\/yume-silm.com\/de\/wp-json\/wp\/v2\/comments?post=12115"}],"wp:featuredmedia":[{"embeddable":true,"href":"https:\/\/yume-silm.com\/de\/wp-json\/wp\/v2\/media\/12116"}],"wp:attachment":[{"href":"https:\/\/yume-silm.com\/de\/wp-json\/wp\/v2\/media?parent=12115"}],"wp:term":[{"taxonomy":"product_brand","embeddable":true,"href":"https:\/\/yume-silm.com\/de\/wp-json\/wp\/v2\/product_brand?post=12115"},{"taxonomy":"product_cat","embeddable":true,"href":"https:\/\/yume-silm.com\/de\/wp-json\/wp\/v2\/product_cat?post=12115"},{"taxonomy":"product_tag","embeddable":true,"href":"https:\/\/yume-silm.com\/de\/wp-json\/wp\/v2\/product_tag?post=12115"}],"curies":[{"name":"wp","href":"https:\/\/api.w.org\/{rel}","templated":true}]}}