{"id":12224,"date":"2024-09-30T03:20:48","date_gmt":"2024-09-30T03:20:48","guid":{"rendered":"https:\/\/yume-silm.com\/?post_type=product&#038;p=12224"},"modified":"2025-06-06T05:47:34","modified_gmt":"2025-06-06T05:47:34","slug":"sweat-steam-arm-training-belt","status":"publish","type":"product","link":"https:\/\/yume-silm.com\/de\/produkt\/sweat-steam-arm-training-belt\/","title":{"rendered":"Verstellbarer Sauna-Trainingsg\u00fcrtel f\u00fcr Schwei\u00dfdampfarme"},"content":{"rendered":"<h5>Design-Merkmale<\/h5>\n<ul>\n<li><strong>ADJUSTABLE PERFORMANCE:<\/strong> The sweat steam arm training belt is very lightweight and easy to carry, you can adjust the tightness according to your comfort level, allowing you to be more comfortable and free when exercising.<\/li>\n<li><strong>GEWICHTSVERLUST: <\/strong>It can maximize your workout results, accelerate arm fat burning, quickly reduce arm water weight, and speed up weight loss.<\/li>\n<li><strong>PERFEKTE PASSFORM:<\/strong> Each arm trimmer has an adjustable magic band to fit your biceps contour and flexion, accelerate calorie burning, burn arm fat, and make your arms slimmer!<\/li>\n<li><strong>OCCASIONS:<\/strong> They can fit your arms perfectly and move with you when you exercise in the gym, do yoga, aerobics, cycle, or run errands.<\/li>\n<\/ul>\n<h6><em>Sauna High Elasticity Slimming Hand Bandage<\/em><\/h6>\n<ul>\n<li>This sauna hand bandage uses high-tech compression material to effectively shape the arm lines and reduce excess fat, allowing you to show confidence on any occasion.<\/li>\n<\/ul>","protected":false},"excerpt":{"rendered":"<p>Take this sweat steam arm training belt and let us make every training full of challenges and fun, start your shaping journey and move towards a healthier<\/p>","protected":false},"featured_media":12225,"comment_status":"open","ping_status":"closed","template":"","meta":{"site-sidebar-layout":"default","site-content-layout":"","ast-site-content-layout":"default","site-content-style":"default","site-sidebar-style":"default","ast-global-header-display":"","ast-banner-title-visibility":"","ast-main-header-display":"","ast-hfb-above-header-display":"","ast-hfb-below-header-display":"","ast-hfb-mobile-header-display":"","site-post-title":"","ast-breadcrumbs-content":"","ast-featured-img":"","footer-sml-layout":"","ast-disable-related-posts":"","theme-transparent-header-meta":"default","adv-header-id-meta":"","stick-header-meta":"default","header-above-stick-meta":"","header-main-stick-meta":"","header-below-stick-meta":"","astra-migrate-meta-layouts":"set","ast-page-background-enabled":"default","ast-page-background-meta":{"desktop":{"background-color":"","background-image":"","background-repeat":"repeat","background-position":"center center","background-size":"auto","background-attachment":"scroll","background-type":"","background-media":"","overlay-type":"","overlay-color":"","overlay-opacity":"","overlay-gradient":""},"tablet":{"background-color":"","background-image":"","background-repeat":"repeat","background-position":"center center","background-size":"auto","background-attachment":"scroll","background-type":"","background-media":"","overlay-type":"","overlay-color":"","overlay-opacity":"","overlay-gradient":""},"mobile":{"background-color":"","background-image":"","background-repeat":"repeat","background-position":"center center","background-size":"auto","background-attachment":"scroll","background-type":"","background-media":"","overlay-type":"","overlay-color":"","overlay-opacity":"","overlay-gradient":""}},"ast-content-background-meta":{"desktop":{"background-color":"var(--ast-global-color-5)","background-image":"","background-repeat":"repeat","background-position":"center center","background-size":"auto","background-attachment":"scroll","background-type":"","background-media":"","overlay-type":"","overlay-color":"","overlay-opacity":"","overlay-gradient":""},"tablet":{"background-color":"var(--ast-global-color-5)","background-image":"","background-repeat":"repeat","background-position":"center center","background-size":"auto","background-attachment":"scroll","background-type":"","background-media":"","overlay-type":"","overlay-color":"","overlay-opacity":"","overlay-gradient":""},"mobile":{"background-color":"var(--ast-global-color-5)","background-image":"","background-repeat":"repeat","background-position":"center center","background-size":"auto","background-attachment":"scroll","background-type":"","background-media":"","overlay-type":"","overlay-color":"","overlay-opacity":"","overlay-gradient":""}}},"product_brand":[],"product_cat":[65,76,97,626],"product_tag":[194,1046,1047,1048,739,693,548,535,1038,558],"class_list":{"0":"post-12224","1":"product","2":"type-product","3":"status-publish","4":"has-post-thumbnail","6":"product_cat-best-sellers","7":"product_cat-new-arrivels","8":"product_cat-sauna-suit","9":"product_cat-sauna-accessories","10":"product_tag-adjustable","11":"product_tag-arm-training-belt","12":"product_tag-fit-perfect","13":"product_tag-hand-bandage","14":"product_tag-high-compression","15":"product_tag-high-elastic","16":"product_tag-sauna-sweat","17":"product_tag-slimming","18":"product_tag-sweat-steam","19":"product_tag-weight-loss","20":"pa_color-blue","21":"pa_color-silver","22":"pa_size-free","23":"desktop-align-center","24":"tablet-align-left","25":"mobile-align-left","26":"ast-product-gallery-layout-horizontal-slider","27":"ast-product-single-variable","28":"ast-product-tabs-layout-horizontal","29":"ast-qv-on-image","31":"first","32":"instock","33":"shipping-taxable","34":"purchasable","35":"product-type-variable"},"tiered_pricing_type":"fixed","tiered_pricing_fixed_rules":{"10":2.7,"50":2.5,"100":2},"tiered_pricing_product_settings":{"layout":"default","base_unit_name":{"singular":null,"plural":null},"default_variation":null},"tiered_pricing_minimum_quantity":null,"tiered_pricing_roles_data":[],"tiered_pricing_percentage_rules":[],"_links":{"self":[{"href":"https:\/\/yume-silm.com\/de\/wp-json\/wp\/v2\/product\/12224","targetHints":{"allow":["GET"]}}],"collection":[{"href":"https:\/\/yume-silm.com\/de\/wp-json\/wp\/v2\/product"}],"about":[{"href":"https:\/\/yume-silm.com\/de\/wp-json\/wp\/v2\/types\/product"}],"replies":[{"embeddable":true,"href":"https:\/\/yume-silm.com\/de\/wp-json\/wp\/v2\/comments?post=12224"}],"wp:featuredmedia":[{"embeddable":true,"href":"https:\/\/yume-silm.com\/de\/wp-json\/wp\/v2\/media\/12225"}],"wp:attachment":[{"href":"https:\/\/yume-silm.com\/de\/wp-json\/wp\/v2\/media?parent=12224"}],"wp:term":[{"taxonomy":"product_brand","embeddable":true,"href":"https:\/\/yume-silm.com\/de\/wp-json\/wp\/v2\/product_brand?post=12224"},{"taxonomy":"product_cat","embeddable":true,"href":"https:\/\/yume-silm.com\/de\/wp-json\/wp\/v2\/product_cat?post=12224"},{"taxonomy":"product_tag","embeddable":true,"href":"https:\/\/yume-silm.com\/de\/wp-json\/wp\/v2\/product_tag?post=12224"}],"curies":[{"name":"wp","href":"https:\/\/api.w.org\/{rel}","templated":true}]}}