{"id":12246,"date":"2024-09-30T05:21:51","date_gmt":"2024-09-30T05:21:51","guid":{"rendered":"https:\/\/yume-silm.com\/?post_type=product&#038;p=12246"},"modified":"2024-09-30T05:22:52","modified_gmt":"2024-09-30T05:22:52","slug":"sauna-schlankheitsgurtel-fur-die-beine","status":"publish","type":"product","link":"https:\/\/yume-silm.com\/de\/produkt\/sauna-schlankheitsgurtel-fur-die-beine\/","title":{"rendered":"Gro\u00dfhandel Sauna-Schlankheitsg\u00fcrtel f\u00fcr Beine"},"content":{"rendered":"<h5>Design-Merkmale<\/h5>\n<ul>\n<li><strong>RUTSCHFESTE UNTERLAGEN:<\/strong> Die Enge des Sauna-Trainingsg\u00fcrtels zum Abnehmen der Beine mit Klettverschluss l\u00e4sst sich leicht anpassen und das Anti-Rutsch-Futter-Design sorgt daf\u00fcr, dass er w\u00e4hrend des Trainings nicht verrutscht oder rollt.<\/li>\n<li><strong>GEWICHTSVERLUST:<\/strong> Es kann Ihnen dabei helfen, bei Aerobic-\u00dcbungen und Krafttraining Fett zu verbrennen, die Schwei\u00dfbildung und Durchblutung zu f\u00f6rdern, \u00fcbersch\u00fcssiges Wasser loszuwerden und Ihnen dabei zu helfen, schneller Beinfett zu verlieren.<\/li>\n<li><strong>Bequemer Stoff:<\/strong> Es besteht aus atmungsaktivem und weichem Stoff, sodass Sie beim Training schnell ins Schwitzen kommen und den ganzen Tag \u00fcber bequem und trocken bleiben.<\/li>\n<li><strong>LEICHT ZU TRAGEN: <\/strong>Das leichte Design erm\u00f6glicht den bequemen Einsatz bei jeder Gelegenheit, ob zu Hause oder im Fitnessstudio.<\/li>\n<\/ul>\n<h6><em>Beinformender Sauna-Schwitzg\u00fcrtel<\/em><\/h6>\n<ul>\n<li>Das Tragen eines Schwitzg\u00fcrtels l\u00e4sst sich perfekt mit verschiedenen \u00dcbungen kombinieren, unterst\u00fctzt Sie bei der umfassenden Formung, erh\u00f6ht die Beintemperatur, tr\u00e4gt zur Beschleunigung des Stoffwechsels bei und erm\u00f6glicht Ihnen, schnell Ihre ideale K\u00f6rperform zu erreichen.<\/li>\n<\/ul>","protected":false},"excerpt":{"rendered":"<p>Unser Sauna-Schlankheitsg\u00fcrtel f\u00fcr Beine ist das ideale Produkt f\u00fcr alle, die perfekte Beine formen m\u00f6chten. Durch die Erh\u00f6hung der K\u00f6rpertemperatur, die F\u00f6rderung der Durchblutung und die effektive Beschleunigung der Fettverbrennung k\u00f6nnen Sie den Schlankheitseffekt ganz einfach genie\u00dfen.<\/p>","protected":false},"featured_media":12247,"comment_status":"open","ping_status":"closed","template":"","meta":{"site-sidebar-layout":"default","site-content-layout":"","ast-site-content-layout":"default","site-content-style":"default","site-sidebar-style":"default","ast-global-header-display":"","ast-banner-title-visibility":"","ast-main-header-display":"","ast-hfb-above-header-display":"","ast-hfb-below-header-display":"","ast-hfb-mobile-header-display":"","site-post-title":"","ast-breadcrumbs-content":"","ast-featured-img":"","footer-sml-layout":"","ast-disable-related-posts":"","theme-transparent-header-meta":"default","adv-header-id-meta":"","stick-header-meta":"default","header-above-stick-meta":"","header-main-stick-meta":"","header-below-stick-meta":"","astra-migrate-meta-layouts":"set","ast-page-background-enabled":"default","ast-page-background-meta":{"desktop":{"background-color":"","background-image":"","background-repeat":"repeat","background-position":"center center","background-size":"auto","background-attachment":"scroll","background-type":"","background-media":"","overlay-type":"","overlay-color":"","overlay-opacity":"","overlay-gradient":""},"tablet":{"background-color":"","background-image":"","background-repeat":"repeat","background-position":"center center","background-size":"auto","background-attachment":"scroll","background-type":"","background-media":"","overlay-type":"","overlay-color":"","overlay-opacity":"","overlay-gradient":""},"mobile":{"background-color":"","background-image":"","background-repeat":"repeat","background-position":"center center","background-size":"auto","background-attachment":"scroll","background-type":"","background-media":"","overlay-type":"","overlay-color":"","overlay-opacity":"","overlay-gradient":""}},"ast-content-background-meta":{"desktop":{"background-color":"var(--ast-global-color-5)","background-image":"","background-repeat":"repeat","background-position":"center center","background-size":"auto","background-attachment":"scroll","background-type":"","background-media":"","overlay-type":"","overlay-color":"","overlay-opacity":"","overlay-gradient":""},"tablet":{"background-color":"var(--ast-global-color-5)","background-image":"","background-repeat":"repeat","background-position":"center center","background-size":"auto","background-attachment":"scroll","background-type":"","background-media":"","overlay-type":"","overlay-color":"","overlay-opacity":"","overlay-gradient":""},"mobile":{"background-color":"var(--ast-global-color-5)","background-image":"","background-repeat":"repeat","background-position":"center center","background-size":"auto","background-attachment":"scroll","background-type":"","background-media":"","overlay-type":"","overlay-color":"","overlay-opacity":"","overlay-gradient":""}}},"product_brand":[],"product_cat":[65,76,97,626],"product_tag":[458,492,646,1052,1035,535,687,558],"class_list":{"0":"post-12246","1":"product","2":"type-product","3":"status-publish","4":"has-post-thumbnail","6":"product_cat-best-sellers","7":"product_cat-new-arrivels","8":"product_cat-sauna-suit","9":"product_cat-sauna-accessories","10":"product_tag-anti-slip","11":"product_tag-breathable","12":"product_tag-comfortable","13":"product_tag-leg-training-belt","14":"product_tag-sauna-sweat-belt","15":"product_tag-slimming","16":"product_tag-soft","17":"product_tag-weight-loss","18":"pa_color-black","19":"pa_color-pink","20":"pa_color-red","21":"pa_color-yellow","22":"pa_size-free","23":"desktop-align-center","24":"tablet-align-left","25":"mobile-align-left","26":"ast-product-gallery-layout-horizontal-slider","27":"ast-product-single-variable","28":"ast-product-tabs-layout-horizontal","29":"ast-qv-on-image","31":"first","32":"instock","33":"shipping-taxable","34":"purchasable","35":"product-type-variable"},"tiered_pricing_type":"fixed","tiered_pricing_fixed_rules":{"10":2.5,"50":2,"100":1.8},"tiered_pricing_product_settings":{"layout":"default","base_unit_name":{"singular":null,"plural":null},"default_variation":null},"tiered_pricing_minimum_quantity":null,"tiered_pricing_roles_data":[],"tiered_pricing_percentage_rules":[],"_links":{"self":[{"href":"https:\/\/yume-silm.com\/de\/wp-json\/wp\/v2\/product\/12246","targetHints":{"allow":["GET"]}}],"collection":[{"href":"https:\/\/yume-silm.com\/de\/wp-json\/wp\/v2\/product"}],"about":[{"href":"https:\/\/yume-silm.com\/de\/wp-json\/wp\/v2\/types\/product"}],"replies":[{"embeddable":true,"href":"https:\/\/yume-silm.com\/de\/wp-json\/wp\/v2\/comments?post=12246"}],"wp:featuredmedia":[{"embeddable":true,"href":"https:\/\/yume-silm.com\/de\/wp-json\/wp\/v2\/media\/12247"}],"wp:attachment":[{"href":"https:\/\/yume-silm.com\/de\/wp-json\/wp\/v2\/media?parent=12246"}],"wp:term":[{"taxonomy":"product_brand","embeddable":true,"href":"https:\/\/yume-silm.com\/de\/wp-json\/wp\/v2\/product_brand?post=12246"},{"taxonomy":"product_cat","embeddable":true,"href":"https:\/\/yume-silm.com\/de\/wp-json\/wp\/v2\/product_cat?post=12246"},{"taxonomy":"product_tag","embeddable":true,"href":"https:\/\/yume-silm.com\/de\/wp-json\/wp\/v2\/product_tag?post=12246"}],"curies":[{"name":"wp","href":"https:\/\/api.w.org\/{rel}","templated":true}]}}