{"id":12618,"date":"2024-10-25T08:35:14","date_gmt":"2024-10-25T08:35:14","guid":{"rendered":"https:\/\/yume-silm.com\/?post_type=product&#038;p=12618"},"modified":"2025-05-26T00:52:38","modified_gmt":"2025-05-26T00:52:38","slug":"bauchweg-bodyforming-beinslip-fur-herren","status":"publish","type":"product","link":"https:\/\/yume-silm.com\/de\/produkt\/bauchweg-bodyforming-beinslip-fur-herren\/","title":{"rendered":"Atmungsaktive, k\u00f6rperformende Bein-Slips f\u00fcr Herren zur Bauchkontrolle"},"content":{"rendered":"<h5>Design-Merkmale<\/h5>\n<ul>\n<li><strong>NETZGEWEBE:<\/strong> Die figurformenden Beinslips f\u00fcr Herren zur Bauchkontrolle bestehen aus atmungsaktivem Wabennetzgewebe. Eng anliegend k\u00f6nnen Sie atmen und schwitzen, werden nicht stickig und bleiben trocken.<\/li>\n<li><strong>Kr\u00e4ftiger Bauch:<\/strong> Das Gewebe mit hoher Dichte hilft Ihnen, das \u00fcbersch\u00fcssige Fett an Ihrem Bauch zu straffen und eine perfektere Figur zu formen.<\/li>\n<li><strong>STARKE BEINFORMUNG:<\/strong> Spiralf\u00f6rmige Doppelschichtkompression an den Oberschenkeln, mehr Druck auf die Beine, starke Beinformung, reduziertes Beinfett.<\/li>\n<li><strong>U-F\u00d6RMIGER SCHRITT:<\/strong> 3D-Stricktechnologie mit dreidimensionaler Struktur, kein seitliches Nahtschneiden, reduzierte Reibung, benutzerfreundliches Design der Schrittschnalle, im Einklang mit den physiologischen Eigenschaften des Mannes, bequemer f\u00fcr den Toilettengang.<\/li>\n<\/ul>\n<h6><em>Herren-Slip mit hoher Taille zum Po-Liften<\/em><\/h6>\n<ul>\n<li>Ziehen Sie diesen Slip an. Das Design der Po-Lift-Linie zielt auf breite Ges\u00e4\u00dfbacken ab, strafft effektiv das lose Fett auf beiden Seiten des Ges\u00e4\u00dfes und formt Ihr Ges\u00e4\u00df besser.<\/li>\n<\/ul>\n<p>&nbsp;<\/p>","protected":false},"excerpt":{"rendered":"<p>Diese figurformenden Beinslips f\u00fcr Herren zur Bauchkontrolle bieten eine starke Kompression f\u00fcr Taille, Bauch und Beine. Durch zus\u00e4tzlichen Druck an den H\u00fcften k\u00f6nnen die taillierten Boxershorts schlaffe H\u00fcften schnell anheben und eine schlankere Silhouette schaffen.<\/p>","protected":false},"featured_media":12619,"comment_status":"open","ping_status":"closed","template":"","meta":{"site-sidebar-layout":"default","site-content-layout":"","ast-site-content-layout":"default","site-content-style":"default","site-sidebar-style":"default","ast-global-header-display":"","ast-banner-title-visibility":"","ast-main-header-display":"","ast-hfb-above-header-display":"","ast-hfb-below-header-display":"","ast-hfb-mobile-header-display":"","site-post-title":"","ast-breadcrumbs-content":"","ast-featured-img":"","footer-sml-layout":"","ast-disable-related-posts":"","theme-transparent-header-meta":"default","adv-header-id-meta":"","stick-header-meta":"default","header-above-stick-meta":"","header-main-stick-meta":"","header-below-stick-meta":"","astra-migrate-meta-layouts":"set","ast-page-background-enabled":"default","ast-page-background-meta":{"desktop":{"background-color":"","background-image":"","background-repeat":"repeat","background-position":"center center","background-size":"auto","background-attachment":"scroll","background-type":"","background-media":"","overlay-type":"","overlay-color":"","overlay-opacity":"","overlay-gradient":""},"tablet":{"background-color":"","background-image":"","background-repeat":"repeat","background-position":"center center","background-size":"auto","background-attachment":"scroll","background-type":"","background-media":"","overlay-type":"","overlay-color":"","overlay-opacity":"","overlay-gradient":""},"mobile":{"background-color":"","background-image":"","background-repeat":"repeat","background-position":"center center","background-size":"auto","background-attachment":"scroll","background-type":"","background-media":"","overlay-type":"","overlay-color":"","overlay-opacity":"","overlay-gradient":""}},"ast-content-background-meta":{"desktop":{"background-color":"var(--ast-global-color-5)","background-image":"","background-repeat":"repeat","background-position":"center center","background-size":"auto","background-attachment":"scroll","background-type":"","background-media":"","overlay-type":"","overlay-color":"","overlay-opacity":"","overlay-gradient":""},"tablet":{"background-color":"var(--ast-global-color-5)","background-image":"","background-repeat":"repeat","background-position":"center center","background-size":"auto","background-attachment":"scroll","background-type":"","background-media":"","overlay-type":"","overlay-color":"","overlay-opacity":"","overlay-gradient":""},"mobile":{"background-color":"var(--ast-global-color-5)","background-image":"","background-repeat":"repeat","background-position":"center center","background-size":"auto","background-attachment":"scroll","background-type":"","background-media":"","overlay-type":"","overlay-color":"","overlay-opacity":"","overlay-gradient":""}}},"product_brand":[],"product_cat":[65,76,85,87],"product_tag":[662,412,492,1073,686,139,1074,500],"class_list":{"0":"post-12618","1":"product","2":"type-product","3":"status-publish","4":"has-post-thumbnail","6":"product_cat-best-sellers","7":"product_cat-new-arrivels","8":"product_cat-wholesale-mens-shapewear","9":"product_cat-wholesale-men-control-panties","10":"product_tag-abdominal","11":"product_tag-body-shaping","12":"product_tag-breathable","13":"product_tag-briefs","14":"product_tag-butt-lifter","15":"product_tag-high-waist","16":"product_tag-mesh-fabric","17":"product_tag-tummy-control","18":"pa_color-black","19":"pa_color-white","20":"pa_size-l","21":"pa_size-m","22":"pa_size-xl","23":"desktop-align-center","24":"tablet-align-left","25":"mobile-align-left","26":"ast-product-gallery-layout-horizontal-slider","27":"ast-product-single-variable","28":"ast-product-tabs-layout-horizontal","29":"ast-qv-on-image","31":"first","32":"instock","33":"shipping-taxable","34":"purchasable","35":"product-type-variable"},"tiered_pricing_type":"fixed","tiered_pricing_fixed_rules":{"2":5,"50":4.5,"100":4},"tiered_pricing_product_settings":{"layout":"default","base_unit_name":{"singular":null,"plural":null},"default_variation":null},"tiered_pricing_minimum_quantity":null,"tiered_pricing_roles_data":[],"tiered_pricing_percentage_rules":[],"_links":{"self":[{"href":"https:\/\/yume-silm.com\/de\/wp-json\/wp\/v2\/product\/12618","targetHints":{"allow":["GET"]}}],"collection":[{"href":"https:\/\/yume-silm.com\/de\/wp-json\/wp\/v2\/product"}],"about":[{"href":"https:\/\/yume-silm.com\/de\/wp-json\/wp\/v2\/types\/product"}],"replies":[{"embeddable":true,"href":"https:\/\/yume-silm.com\/de\/wp-json\/wp\/v2\/comments?post=12618"}],"wp:featuredmedia":[{"embeddable":true,"href":"https:\/\/yume-silm.com\/de\/wp-json\/wp\/v2\/media\/12619"}],"wp:attachment":[{"href":"https:\/\/yume-silm.com\/de\/wp-json\/wp\/v2\/media?parent=12618"}],"wp:term":[{"taxonomy":"product_brand","embeddable":true,"href":"https:\/\/yume-silm.com\/de\/wp-json\/wp\/v2\/product_brand?post=12618"},{"taxonomy":"product_cat","embeddable":true,"href":"https:\/\/yume-silm.com\/de\/wp-json\/wp\/v2\/product_cat?post=12618"},{"taxonomy":"product_tag","embeddable":true,"href":"https:\/\/yume-silm.com\/de\/wp-json\/wp\/v2\/product_tag?post=12618"}],"curies":[{"name":"wp","href":"https:\/\/api.w.org\/{rel}","templated":true}]}}