{"id":12896,"date":"2024-11-07T09:27:58","date_gmt":"2024-11-07T09:27:58","guid":{"rendered":"https:\/\/yume-silm.com\/?post_type=product&#038;p=12896"},"modified":"2025-05-26T00:44:04","modified_gmt":"2025-05-26T00:44:04","slug":"womens-lace-underwear-plus-size-briefs-set","status":"publish","type":"product","link":"https:\/\/yume-silm.com\/de\/produkt\/womens-lace-underwear-plus-size-briefs-set\/","title":{"rendered":"Damen-Slip-Set aus ultrad\u00fcnner Spitze, atmungsaktiv, \u00dcbergr\u00f6\u00dfe"},"content":{"rendered":"<h5>Design-Merkmale<\/h5>\n<ul>\n<li><strong>ULTRA-THIN DESIGN:<\/strong> The women&#8217;s lace underwear plus size briefs set is made of ultra-thin material, which is light and breathable, giving you a silky touch, comfortable and burden-free all day long.<\/li>\n<li><strong>STRONG BREATHABILITY: <\/strong>The lace fabric is not only beautiful but also breathable, ensuring dry skin, suitable for daily wear or any season.<\/li>\n<li><strong>PLUS SIZE CUT:<\/strong> The specially designed large-size underwear is perfect for more body types, providing full comfort and wrapping, suitable for women of different body types.<\/li>\n<li><strong>ELEGANT LACE DECORATION:<\/strong> The exquisite lace pattern adds feminine charm without affecting comfort and freedom of movement, showing a temperament of sexy and elegant coexistence.<\/li>\n<\/ul>\n<h6><em>Women&#8217;s Plus Size Sexy Lingerie Low Rise Panty Set<\/em><\/h6>\n<ul>\n<li>Women&#8217;s plus size sexy lingerie low waist panty set is designed for confident women to perfectly show their charming curves. Made of soft and comfortable fabric to provide you with support and comfort, the low waist panty design cleverly outlines the hip line and adds sexy charm.<\/li>\n<\/ul>","protected":false},"excerpt":{"rendered":"<ul>\n<li>Women&#8217;s lace underwear plus size briefs set is designed for women who pursue comfort and elegance, perfectly combining the elements of lightness, breathability and sexiness.<\/li>\n<li>Made of high-quality lace fabric, soft and delicate, close to the skin, it brings unparalleled comfort and is suitable for all body types. The specially designed large-size cut provides you with a perfect fit, allowing you to confidently show your charming curves.<\/li>\n<\/ul>","protected":false},"featured_media":12922,"comment_status":"open","ping_status":"closed","template":"","meta":{"site-sidebar-layout":"default","site-content-layout":"","ast-site-content-layout":"default","site-content-style":"default","site-sidebar-style":"default","ast-global-header-display":"","ast-banner-title-visibility":"","ast-main-header-display":"","ast-hfb-above-header-display":"","ast-hfb-below-header-display":"","ast-hfb-mobile-header-display":"","site-post-title":"","ast-breadcrumbs-content":"","ast-featured-img":"","footer-sml-layout":"","ast-disable-related-posts":"","theme-transparent-header-meta":"default","adv-header-id-meta":"","stick-header-meta":"default","header-above-stick-meta":"","header-main-stick-meta":"","header-below-stick-meta":"","astra-migrate-meta-layouts":"set","ast-page-background-enabled":"default","ast-page-background-meta":{"desktop":{"background-color":"","background-image":"","background-repeat":"repeat","background-position":"center center","background-size":"auto","background-attachment":"scroll","background-type":"","background-media":"","overlay-type":"","overlay-color":"","overlay-opacity":"","overlay-gradient":""},"tablet":{"background-color":"","background-image":"","background-repeat":"repeat","background-position":"center center","background-size":"auto","background-attachment":"scroll","background-type":"","background-media":"","overlay-type":"","overlay-color":"","overlay-opacity":"","overlay-gradient":""},"mobile":{"background-color":"","background-image":"","background-repeat":"repeat","background-position":"center center","background-size":"auto","background-attachment":"scroll","background-type":"","background-media":"","overlay-type":"","overlay-color":"","overlay-opacity":"","overlay-gradient":""}},"ast-content-background-meta":{"desktop":{"background-color":"var(--ast-global-color-5)","background-image":"","background-repeat":"repeat","background-position":"center center","background-size":"auto","background-attachment":"scroll","background-type":"","background-media":"","overlay-type":"","overlay-color":"","overlay-opacity":"","overlay-gradient":""},"tablet":{"background-color":"var(--ast-global-color-5)","background-image":"","background-repeat":"repeat","background-position":"center center","background-size":"auto","background-attachment":"scroll","background-type":"","background-media":"","overlay-type":"","overlay-color":"","overlay-opacity":"","overlay-gradient":""},"mobile":{"background-color":"var(--ast-global-color-5)","background-image":"","background-repeat":"repeat","background-position":"center center","background-size":"auto","background-attachment":"scroll","background-type":"","background-media":"","overlay-type":"","overlay-color":"","overlay-opacity":"","overlay-gradient":""}}},"product_brand":[],"product_cat":[65,76,259,583],"product_tag":[492,675,646,1100,1101,400,829],"class_list":{"0":"post-12896","1":"product","2":"type-product","3":"status-publish","4":"has-post-thumbnail","6":"product_cat-best-sellers","7":"product_cat-new-arrivels","8":"product_cat-lingerie","9":"product_cat-plus-size-underwear","10":"product_tag-breathable","11":"product_tag-charming","12":"product_tag-comfortable","13":"product_tag-high-quality-lace","14":"product_tag-low-rise-panty","15":"product_tag-plus-size-bra","16":"product_tag-ultra-thin","17":"pa_color-black","18":"pa_color-blue","19":"pa_color-red","20":"pa_color-white","21":"pa_size-100e3xl","22":"pa_size-105e4xl","23":"pa_size-110e5xl","24":"pa_size-85exl","25":"pa_size-90e1xl","26":"pa_size-95e2xl","27":"desktop-align-center","28":"tablet-align-left","29":"mobile-align-left","30":"ast-product-gallery-layout-horizontal-slider","31":"ast-product-single-variable","32":"ast-product-tabs-layout-horizontal","33":"ast-qv-on-image","35":"first","36":"instock","37":"shipping-taxable","38":"purchasable","39":"product-type-variable"},"tiered_pricing_type":"fixed","tiered_pricing_fixed_rules":{"5":5.58,"50":4.96,"100":4.34},"tiered_pricing_product_settings":{"layout":"default","base_unit_name":{"singular":null,"plural":null},"default_variation":null},"tiered_pricing_minimum_quantity":null,"tiered_pricing_roles_data":[],"tiered_pricing_percentage_rules":[],"_links":{"self":[{"href":"https:\/\/yume-silm.com\/de\/wp-json\/wp\/v2\/product\/12896","targetHints":{"allow":["GET"]}}],"collection":[{"href":"https:\/\/yume-silm.com\/de\/wp-json\/wp\/v2\/product"}],"about":[{"href":"https:\/\/yume-silm.com\/de\/wp-json\/wp\/v2\/types\/product"}],"replies":[{"embeddable":true,"href":"https:\/\/yume-silm.com\/de\/wp-json\/wp\/v2\/comments?post=12896"}],"wp:featuredmedia":[{"embeddable":true,"href":"https:\/\/yume-silm.com\/de\/wp-json\/wp\/v2\/media\/12922"}],"wp:attachment":[{"href":"https:\/\/yume-silm.com\/de\/wp-json\/wp\/v2\/media?parent=12896"}],"wp:term":[{"taxonomy":"product_brand","embeddable":true,"href":"https:\/\/yume-silm.com\/de\/wp-json\/wp\/v2\/product_brand?post=12896"},{"taxonomy":"product_cat","embeddable":true,"href":"https:\/\/yume-silm.com\/de\/wp-json\/wp\/v2\/product_cat?post=12896"},{"taxonomy":"product_tag","embeddable":true,"href":"https:\/\/yume-silm.com\/de\/wp-json\/wp\/v2\/product_tag?post=12896"}],"curies":[{"name":"wp","href":"https:\/\/api.w.org\/{rel}","templated":true}]}}