{"id":13389,"date":"2024-12-07T01:48:29","date_gmt":"2024-12-07T01:48:29","guid":{"rendered":"https:\/\/yume-silm.com\/?post_type=product&#038;p=13389"},"modified":"2025-05-26T00:36:39","modified_gmt":"2025-05-26T00:36:39","slug":"unterwascheset-fur-damen-in-ubergrose","status":"publish","type":"product","link":"https:\/\/yume-silm.com\/de\/produkt\/unterwascheset-fur-damen-in-ubergrose\/","title":{"rendered":"Gro\u00dfhandel Damen Stickerei Gro\u00dfe Gr\u00f6\u00dfe Atmungsaktive Unterw\u00e4sche Set"},"content":{"rendered":"<h5>Merkmale<\/h5>\n<ol>\n<li><strong>\u00dcbergr\u00f6\u00dfe:<\/strong> Sie k\u00f6nnen aus verschiedenen Gr\u00f6\u00dfen von Unterw\u00e4schesets f\u00fcr Damen in \u00dcbergr\u00f6\u00dfen w\u00e4hlen.<\/li>\n<li><strong>Stickerei:<\/strong>\u00a0 Als Verzierung dient die Stickerei aus Spitze des BH-Sets, die ihm noch mehr Charme verleiht.<\/li>\n<li><strong>Stoff:<\/strong> Der BH in \u00dcbergr\u00f6\u00dfe besteht aus einem atmungsaktiven und weichen Stoff, der den ganzen Tag \u00fcber Komfort und Frische gew\u00e4hrleistet.<\/li>\n<li><strong>Gelegenheit:<\/strong> Ob der t\u00e4gliche Besuch oder der Besuch einer Party, beides kann Ihnen Charme und Sexyness verleihen.<\/li>\n<\/ol>\n<h6><em>Wartungsmethode<\/em><\/h6>\n<ul>\n<li>Handw\u00e4sche, um Sch\u00e4den an der Stickerei und der Elastizit\u00e4t des Stoffes zu vermeiden.<\/li>\n<li>Dr\u00fccken Sie es nach dem Waschen vorsichtig aus, um das Wasser aufzunehmen, und legen Sie es zum nat\u00fcrlichen Trocknen an einen bel\u00fcfteten Ort.<\/li>\n<li>\u00dcberpr\u00fcfen Sie regelm\u00e4\u00dfig die Schultergurte und Schnallen. Bei Besch\u00e4digungen ersetzen Sie diese bitte rechtzeitig, um das Aussehen nicht zu beeintr\u00e4chtigen.<\/li>\n<\/ul>","protected":false},"excerpt":{"rendered":"<p>Tragen Sie das Damenunterw\u00e4scheset in \u00dcbergr\u00f6\u00dfe und erleben Sie die ultrabequeme Passform und den hervorragenden Halt, der Ihnen mehr Selbstvertrauen und Eleganz verleiht.<\/p>","protected":false},"featured_media":13390,"comment_status":"open","ping_status":"closed","template":"","meta":{"site-sidebar-layout":"default","site-content-layout":"","ast-site-content-layout":"default","site-content-style":"default","site-sidebar-style":"default","ast-global-header-display":"","ast-banner-title-visibility":"","ast-main-header-display":"","ast-hfb-above-header-display":"","ast-hfb-below-header-display":"","ast-hfb-mobile-header-display":"","site-post-title":"","ast-breadcrumbs-content":"","ast-featured-img":"","footer-sml-layout":"","ast-disable-related-posts":"","theme-transparent-header-meta":"default","adv-header-id-meta":"","stick-header-meta":"default","header-above-stick-meta":"","header-main-stick-meta":"","header-below-stick-meta":"","astra-migrate-meta-layouts":"set","ast-page-background-enabled":"default","ast-page-background-meta":{"desktop":{"background-color":"","background-image":"","background-repeat":"repeat","background-position":"center center","background-size":"auto","background-attachment":"scroll","background-type":"","background-media":"","overlay-type":"","overlay-color":"","overlay-opacity":"","overlay-gradient":""},"tablet":{"background-color":"","background-image":"","background-repeat":"repeat","background-position":"center center","background-size":"auto","background-attachment":"scroll","background-type":"","background-media":"","overlay-type":"","overlay-color":"","overlay-opacity":"","overlay-gradient":""},"mobile":{"background-color":"","background-image":"","background-repeat":"repeat","background-position":"center center","background-size":"auto","background-attachment":"scroll","background-type":"","background-media":"","overlay-type":"","overlay-color":"","overlay-opacity":"","overlay-gradient":""}},"ast-content-background-meta":{"desktop":{"background-color":"var(--ast-global-color-5)","background-image":"","background-repeat":"repeat","background-position":"center center","background-size":"auto","background-attachment":"scroll","background-type":"","background-media":"","overlay-type":"","overlay-color":"","overlay-opacity":"","overlay-gradient":""},"tablet":{"background-color":"var(--ast-global-color-5)","background-image":"","background-repeat":"repeat","background-position":"center center","background-size":"auto","background-attachment":"scroll","background-type":"","background-media":"","overlay-type":"","overlay-color":"","overlay-opacity":"","overlay-gradient":""},"mobile":{"background-color":"var(--ast-global-color-5)","background-image":"","background-repeat":"repeat","background-position":"center center","background-size":"auto","background-attachment":"scroll","background-type":"","background-media":"","overlay-type":"","overlay-color":"","overlay-opacity":"","overlay-gradient":""}}},"product_brand":[],"product_cat":[76,65,259,583],"product_tag":[492,646,1154,400,474],"class_list":{"0":"post-13389","1":"product","2":"type-product","3":"status-publish","4":"has-post-thumbnail","6":"product_cat-new-arrivels","7":"product_cat-best-sellers","8":"product_cat-lingerie","9":"product_cat-plus-size-underwear","10":"product_tag-breathable","11":"product_tag-comfortable","12":"product_tag-embroidery","13":"product_tag-plus-size-bra","14":"product_tag-underwear-set","15":"pa_color-black","16":"pa_color-blue","17":"pa_color-red","18":"pa_size-38-85dxl","19":"pa_size-40-90d-xl","20":"pa_size-42-95d-2xl","21":"pa_size-44-100d-3xl","22":"pa_size-46-105d-4xl","23":"pa_size-48-110d-5xl","24":"desktop-align-center","25":"tablet-align-left","26":"mobile-align-left","27":"ast-product-gallery-layout-horizontal-slider","28":"ast-product-single-variable","29":"ast-product-tabs-layout-horizontal","30":"ast-qv-on-image","32":"first","33":"instock","34":"shipping-taxable","35":"purchasable","36":"product-type-variable"},"tiered_pricing_type":"fixed","tiered_pricing_fixed_rules":{"5":7.4,"50":6.55,"100":5.75},"tiered_pricing_product_settings":{"layout":"default","base_unit_name":{"singular":null,"plural":null},"default_variation":null},"tiered_pricing_minimum_quantity":null,"tiered_pricing_roles_data":[],"tiered_pricing_percentage_rules":[],"_links":{"self":[{"href":"https:\/\/yume-silm.com\/de\/wp-json\/wp\/v2\/product\/13389","targetHints":{"allow":["GET"]}}],"collection":[{"href":"https:\/\/yume-silm.com\/de\/wp-json\/wp\/v2\/product"}],"about":[{"href":"https:\/\/yume-silm.com\/de\/wp-json\/wp\/v2\/types\/product"}],"replies":[{"embeddable":true,"href":"https:\/\/yume-silm.com\/de\/wp-json\/wp\/v2\/comments?post=13389"}],"wp:featuredmedia":[{"embeddable":true,"href":"https:\/\/yume-silm.com\/de\/wp-json\/wp\/v2\/media\/13390"}],"wp:attachment":[{"href":"https:\/\/yume-silm.com\/de\/wp-json\/wp\/v2\/media?parent=13389"}],"wp:term":[{"taxonomy":"product_brand","embeddable":true,"href":"https:\/\/yume-silm.com\/de\/wp-json\/wp\/v2\/product_brand?post=13389"},{"taxonomy":"product_cat","embeddable":true,"href":"https:\/\/yume-silm.com\/de\/wp-json\/wp\/v2\/product_cat?post=13389"},{"taxonomy":"product_tag","embeddable":true,"href":"https:\/\/yume-silm.com\/de\/wp-json\/wp\/v2\/product_tag?post=13389"}],"curies":[{"name":"wp","href":"https:\/\/api.w.org\/{rel}","templated":true}]}}