{"id":13417,"date":"2024-12-09T02:09:42","date_gmt":"2024-12-09T02:09:42","guid":{"rendered":"https:\/\/yume-silm.com\/?post_type=product&#038;p=13417"},"modified":"2025-04-09T00:44:32","modified_gmt":"2025-04-09T00:44:32","slug":"womens-plus-size-underwear-set-2","status":"publish","type":"product","link":"https:\/\/yume-silm.com\/de\/produkt\/womens-plus-size-underwear-set-2\/","title":{"rendered":"Gro\u00dfhandel Damen Ultrad\u00fcnne Spitze Gestreifte Plus Size Unterw\u00e4sche Set"},"content":{"rendered":"<h5>Merkmale<\/h5>\n<ol>\n<li><strong>Stoff:<\/strong> The women&#8217;s plus size underwear set uses high-quality striped lace to make you wear feel more fashionable and breathable.<\/li>\n<li><strong>Full cup:<\/strong> Lingerie Set has a full cup design, which provides more stable support and can better show your natural breast shape.<\/li>\n<li><strong>Shoulder straps:<\/strong> The high-elastic shoulder straps and back buckles can be adjusted at will to meet diverse close-fitting needs.<\/li>\n<li><strong>Gelegenheit:<\/strong> The bra set can wear in daily life, on special occasions both as a gift to friends.<\/li>\n<\/ol>\n<h6><em>Wartungsmethode<\/em><\/h6>\n<ul>\n<li>Handw\u00e4sche, um Sch\u00e4den an der Stickerei und der Elastizit\u00e4t des Stoffes zu vermeiden.<\/li>\n<li>After washing, gently press to absorb water and place in a ventilated place to dry naturally<\/li>\n<li>Check the shoulder straps and buckles regularly. If damaged, replace them in time to prevent affecting the beauty.<\/li>\n<\/ul>","protected":false},"excerpt":{"rendered":"<p>The women&#8217;s plus size underwear set adopt seamless tailoring, endowed with lace stripe lingerie craftsmanship, making you more charming and confident when wearing it.<\/p>","protected":false},"featured_media":13448,"comment_status":"open","ping_status":"closed","template":"","meta":{"site-sidebar-layout":"default","site-content-layout":"","ast-site-content-layout":"default","site-content-style":"default","site-sidebar-style":"default","ast-global-header-display":"","ast-banner-title-visibility":"","ast-main-header-display":"","ast-hfb-above-header-display":"","ast-hfb-below-header-display":"","ast-hfb-mobile-header-display":"","site-post-title":"","ast-breadcrumbs-content":"","ast-featured-img":"","footer-sml-layout":"","ast-disable-related-posts":"","theme-transparent-header-meta":"default","adv-header-id-meta":"","stick-header-meta":"default","header-above-stick-meta":"","header-main-stick-meta":"","header-below-stick-meta":"","astra-migrate-meta-layouts":"set","ast-page-background-enabled":"default","ast-page-background-meta":{"desktop":{"background-color":"","background-image":"","background-repeat":"repeat","background-position":"center center","background-size":"auto","background-attachment":"scroll","background-type":"","background-media":"","overlay-type":"","overlay-color":"","overlay-opacity":"","overlay-gradient":""},"tablet":{"background-color":"","background-image":"","background-repeat":"repeat","background-position":"center center","background-size":"auto","background-attachment":"scroll","background-type":"","background-media":"","overlay-type":"","overlay-color":"","overlay-opacity":"","overlay-gradient":""},"mobile":{"background-color":"","background-image":"","background-repeat":"repeat","background-position":"center center","background-size":"auto","background-attachment":"scroll","background-type":"","background-media":"","overlay-type":"","overlay-color":"","overlay-opacity":"","overlay-gradient":""}},"ast-content-background-meta":{"desktop":{"background-color":"var(--ast-global-color-5)","background-image":"","background-repeat":"repeat","background-position":"center center","background-size":"auto","background-attachment":"scroll","background-type":"","background-media":"","overlay-type":"","overlay-color":"","overlay-opacity":"","overlay-gradient":""},"tablet":{"background-color":"var(--ast-global-color-5)","background-image":"","background-repeat":"repeat","background-position":"center center","background-size":"auto","background-attachment":"scroll","background-type":"","background-media":"","overlay-type":"","overlay-color":"","overlay-opacity":"","overlay-gradient":""},"mobile":{"background-color":"var(--ast-global-color-5)","background-image":"","background-repeat":"repeat","background-position":"center center","background-size":"auto","background-attachment":"scroll","background-type":"","background-media":"","overlay-type":"","overlay-color":"","overlay-opacity":"","overlay-gradient":""}}},"product_brand":[],"product_cat":[65,76,259,583],"product_tag":[1158,1160,1161,400,1159,829],"class_list":{"0":"post-13417","1":"product","2":"type-product","3":"status-publish","4":"has-post-thumbnail","6":"product_cat-best-sellers","7":"product_cat-new-arrivels","8":"product_cat-lingerie","9":"product_cat-plus-size-underwear","10":"product_tag-full-cup","11":"product_tag-high-elastic-straps","12":"product_tag-lace-bra","13":"product_tag-plus-size-bra","14":"product_tag-shoulder-straps","15":"product_tag-ultra-thin","16":"pa_color-bean-paste","17":"pa_color-black","18":"pa_color-coffee","19":"pa_color-purple","20":"pa_color-skin","21":"pa_color-white","22":"pa_size-38-85c-0xl","23":"pa_size-40-90c-1xl","24":"pa_size-42-95c-2xl","25":"pa_size-44-100c-3xl","26":"pa_size-46-105c4xl","27":"desktop-align-center","28":"tablet-align-left","29":"mobile-align-left","30":"ast-product-gallery-layout-horizontal-slider","31":"ast-product-single-variable","32":"ast-product-tabs-layout-horizontal","33":"ast-qv-on-image","35":"first","36":"instock","37":"shipping-taxable","38":"purchasable","39":"product-type-variable"},"tiered_pricing_type":"fixed","tiered_pricing_fixed_rules":{"5":6.5,"50":5.85,"100":5.1},"tiered_pricing_product_settings":{"layout":"default","base_unit_name":{"singular":null,"plural":null},"default_variation":null},"tiered_pricing_minimum_quantity":null,"tiered_pricing_roles_data":[],"tiered_pricing_percentage_rules":[],"_links":{"self":[{"href":"https:\/\/yume-silm.com\/de\/wp-json\/wp\/v2\/product\/13417","targetHints":{"allow":["GET"]}}],"collection":[{"href":"https:\/\/yume-silm.com\/de\/wp-json\/wp\/v2\/product"}],"about":[{"href":"https:\/\/yume-silm.com\/de\/wp-json\/wp\/v2\/types\/product"}],"replies":[{"embeddable":true,"href":"https:\/\/yume-silm.com\/de\/wp-json\/wp\/v2\/comments?post=13417"}],"wp:featuredmedia":[{"embeddable":true,"href":"https:\/\/yume-silm.com\/de\/wp-json\/wp\/v2\/media\/13448"}],"wp:attachment":[{"href":"https:\/\/yume-silm.com\/de\/wp-json\/wp\/v2\/media?parent=13417"}],"wp:term":[{"taxonomy":"product_brand","embeddable":true,"href":"https:\/\/yume-silm.com\/de\/wp-json\/wp\/v2\/product_brand?post=13417"},{"taxonomy":"product_cat","embeddable":true,"href":"https:\/\/yume-silm.com\/de\/wp-json\/wp\/v2\/product_cat?post=13417"},{"taxonomy":"product_tag","embeddable":true,"href":"https:\/\/yume-silm.com\/de\/wp-json\/wp\/v2\/product_tag?post=13417"}],"curies":[{"name":"wp","href":"https:\/\/api.w.org\/{rel}","templated":true}]}}