{"id":13458,"date":"2024-12-09T02:50:09","date_gmt":"2024-12-09T02:50:09","guid":{"rendered":"https:\/\/yume-silm.com\/?post_type=product&#038;p=13458"},"modified":"2024-12-18T06:41:43","modified_gmt":"2024-12-18T06:41:43","slug":"womens-plus-size-bra","status":"publish","type":"product","link":"https:\/\/yume-silm.com\/de\/produkt\/womens-plus-size-bra\/","title":{"rendered":"Gro\u00dfhandel Damen verstellbarer wasserl\u00f6slicher Blumenstahlring Plus Size BH"},"content":{"rendered":"<h5>Merkmale<\/h5>\n<ol>\n<li><strong>Adjustable design:<\/strong> Women&#8217;s plus size bra is equipped with an adjustable strap design allowing you to experience all-day comfort.<\/li>\n<li><strong>Stoff:<\/strong> Adjustable bra is made of breathable and soft fabric that you will not feel tired even if you wear it for a long time.<\/li>\n<li><strong>Water-soluble flower pattern:<\/strong> The addition of water-soluble flowers adds a soft temperament to the steel ring bra.<\/li>\n<li><strong>Gelegenheit:<\/strong> The plus-size bra can be used for daily wear, parties or special occasions, which can make you stand out from the crowd.<\/li>\n<\/ol>\n<h6><em>Wartungsmethode<\/em><\/h6>\n<ul>\n<li>Hand washing can avoid damaging embroidery and fabric elasticity.<\/li>\n<li>Dr\u00fccken Sie es nach dem Waschen vorsichtig aus, um das Wasser aufzunehmen, und legen Sie es zum nat\u00fcrlichen Trocknen an einen bel\u00fcfteten Ort.<\/li>\n<li>Check the shoulder straps and buckles regularly. If damaged, replace them in time to avoid affecting the appearance.<\/li>\n<\/ul>","protected":false},"excerpt":{"rendered":"<p>Women&#8217;s plus size bra is designed for plus-size women who pursue comfort and support which provides you with excellent support.<\/p>","protected":false},"featured_media":13459,"comment_status":"open","ping_status":"closed","template":"","meta":{"site-sidebar-layout":"default","site-content-layout":"","ast-site-content-layout":"default","site-content-style":"default","site-sidebar-style":"default","ast-global-header-display":"","ast-banner-title-visibility":"","ast-main-header-display":"","ast-hfb-above-header-display":"","ast-hfb-below-header-display":"","ast-hfb-mobile-header-display":"","site-post-title":"","ast-breadcrumbs-content":"","ast-featured-img":"","footer-sml-layout":"","ast-disable-related-posts":"","theme-transparent-header-meta":"default","adv-header-id-meta":"","stick-header-meta":"default","header-above-stick-meta":"","header-main-stick-meta":"","header-below-stick-meta":"","astra-migrate-meta-layouts":"set","ast-page-background-enabled":"default","ast-page-background-meta":{"desktop":{"background-color":"","background-image":"","background-repeat":"repeat","background-position":"center center","background-size":"auto","background-attachment":"scroll","background-type":"","background-media":"","overlay-type":"","overlay-color":"","overlay-opacity":"","overlay-gradient":""},"tablet":{"background-color":"","background-image":"","background-repeat":"repeat","background-position":"center center","background-size":"auto","background-attachment":"scroll","background-type":"","background-media":"","overlay-type":"","overlay-color":"","overlay-opacity":"","overlay-gradient":""},"mobile":{"background-color":"","background-image":"","background-repeat":"repeat","background-position":"center center","background-size":"auto","background-attachment":"scroll","background-type":"","background-media":"","overlay-type":"","overlay-color":"","overlay-opacity":"","overlay-gradient":""}},"ast-content-background-meta":{"desktop":{"background-color":"var(--ast-global-color-5)","background-image":"","background-repeat":"repeat","background-position":"center center","background-size":"auto","background-attachment":"scroll","background-type":"","background-media":"","overlay-type":"","overlay-color":"","overlay-opacity":"","overlay-gradient":""},"tablet":{"background-color":"var(--ast-global-color-5)","background-image":"","background-repeat":"repeat","background-position":"center center","background-size":"auto","background-attachment":"scroll","background-type":"","background-media":"","overlay-type":"","overlay-color":"","overlay-opacity":"","overlay-gradient":""},"mobile":{"background-color":"var(--ast-global-color-5)","background-image":"","background-repeat":"repeat","background-position":"center center","background-size":"auto","background-attachment":"scroll","background-type":"","background-media":"","overlay-type":"","overlay-color":"","overlay-opacity":"","overlay-gradient":""}}},"product_brand":[],"product_cat":[259,65,76,583],"product_tag":[405,400,1162,1163],"class_list":{"0":"post-13458","1":"product","2":"type-product","3":"status-publish","4":"has-post-thumbnail","6":"product_cat-lingerie","7":"product_cat-best-sellers","8":"product_cat-new-arrivels","9":"product_cat-plus-size-underwear","10":"product_tag-adjustable-bra","11":"product_tag-plus-size-bra","12":"product_tag-steel-ring-bra","13":"product_tag-water-soluble-flower-pattern","14":"pa_color-black","15":"pa_color-blue","16":"pa_color-khaki","17":"pa_color-red","18":"pa_size-38-85d","19":"pa_size-40-90d","20":"pa_size-42-95d","21":"pa_size-44-100d","22":"pa_size-46-105d","23":"pa_size-48-110d","24":"desktop-align-center","25":"tablet-align-left","26":"mobile-align-left","27":"ast-product-gallery-layout-horizontal-slider","28":"ast-product-single-variable","29":"ast-product-tabs-layout-horizontal","30":"ast-qv-on-image","32":"first","33":"instock","34":"shipping-taxable","35":"purchasable","36":"product-type-variable"},"tiered_pricing_type":"fixed","tiered_pricing_fixed_rules":{"5":3.9,"50":3.5,"100":3.05},"tiered_pricing_product_settings":{"layout":"default","base_unit_name":{"singular":null,"plural":null},"default_variation":null},"tiered_pricing_minimum_quantity":null,"tiered_pricing_roles_data":[],"tiered_pricing_percentage_rules":[],"_links":{"self":[{"href":"https:\/\/yume-silm.com\/de\/wp-json\/wp\/v2\/product\/13458","targetHints":{"allow":["GET"]}}],"collection":[{"href":"https:\/\/yume-silm.com\/de\/wp-json\/wp\/v2\/product"}],"about":[{"href":"https:\/\/yume-silm.com\/de\/wp-json\/wp\/v2\/types\/product"}],"replies":[{"embeddable":true,"href":"https:\/\/yume-silm.com\/de\/wp-json\/wp\/v2\/comments?post=13458"}],"wp:featuredmedia":[{"embeddable":true,"href":"https:\/\/yume-silm.com\/de\/wp-json\/wp\/v2\/media\/13459"}],"wp:attachment":[{"href":"https:\/\/yume-silm.com\/de\/wp-json\/wp\/v2\/media?parent=13458"}],"wp:term":[{"taxonomy":"product_brand","embeddable":true,"href":"https:\/\/yume-silm.com\/de\/wp-json\/wp\/v2\/product_brand?post=13458"},{"taxonomy":"product_cat","embeddable":true,"href":"https:\/\/yume-silm.com\/de\/wp-json\/wp\/v2\/product_cat?post=13458"},{"taxonomy":"product_tag","embeddable":true,"href":"https:\/\/yume-silm.com\/de\/wp-json\/wp\/v2\/product_tag?post=13458"}],"curies":[{"name":"wp","href":"https:\/\/api.w.org\/{rel}","templated":true}]}}