{"id":2031,"date":"2023-05-06T07:47:38","date_gmt":"2023-05-06T07:47:38","guid":{"rendered":"https:\/\/yume-silm.com\/?post_type=product&#038;p=2031"},"modified":"2025-09-13T01:23:11","modified_gmt":"2025-09-13T01:23:11","slug":"plus-size-shapewear-for-women-tummy-control-thigh-bodysuit","status":"publish","type":"product","link":"https:\/\/yume-silm.com\/de\/produkt\/plus-size-shapewear-for-women-tummy-control-thigh-bodysuit\/","title":{"rendered":"Gro\u00dfhandel Plus Size Body mit Bauchkontrolle und Oberschenkel-Shapewear"},"content":{"rendered":"<h5>Design-Merkmale<\/h5>\n<ul>\n<li><strong>TOILETTENFREUNDLICH:<\/strong> Sie k\u00f6nnen sehen, dass diese Plus-Size-Shorts zur Bauchkontrolle und Oberschenkelformung ein offenes Schrittdesign haben, das den Gang zur Toilette erleichtert, ohne dass Sie die gesamte Shapewear ausziehen m\u00fcssen. So sind Sie auf Reisen nicht mehr so verlegen.<\/li>\n<li><strong>INDIVIDUELL:<\/strong> Mit gr\u00f6\u00dferen Gr\u00f6\u00dfen und drei Reihen Klettverschl\u00fcssen im Bauchbereich f\u00fcr eine individuelle Passform ist unsere Shapewear in \u00dcbergr\u00f6\u00dfe f\u00fcr die Oberschenkel und den Bauch so konzipiert, dass sie zu Ihrer einzigartigen K\u00f6rperform passt. Stellen Sie sicher, dass Sie die richtige Form an der richtigen Stelle erhalten, wie z. B. H\u00fcftstraffung und Brustf\u00fclle sowie Oberschenkelformung und sogar Bauchkontrolle.<\/li>\n<li><strong>H\u00dcFTSTIFT:<\/strong> Unsere Shapewear-Unterw\u00e4sche f\u00fcr Damen in \u00dcbergr\u00f6\u00dfe hebt und festigt Ihre H\u00fcften und sorgt f\u00fcr ein volleres Aussehen. Nat\u00fcrlich ist auch der Po atmungsaktiv, sodass Sie sich wohler f\u00fchlen und jederzeit sp\u00fcren, wie Ihre Haut atmet.<\/li>\n<li><strong>HOHE QUALIT\u00c4T UND KOMFORT:<\/strong> Dieser schlankere Korsett-Shapewear-Ganzk\u00f6rperformer in \u00dcbergr\u00f6\u00dfe besteht aus hochwertigem Material, einer Mischung aus Nylon und Elasthan, die nicht nur hautfreundlich und leicht ist, sondern auch eine offensichtliche Elastizit\u00e4t und Haltbarkeit f\u00fcr lang anhaltendes Tragen aufweist.<\/li>\n<li><strong>PERFEKTE KOMBINATION AUS MODE UND FUNKTION:<\/strong> W\u00e4hrend dieser Shapewear-Bodysuit zur Bauchkontrolle in \u00dcbergr\u00f6\u00dfe Ihren K\u00f6rper schlanker macht und formt, verleihen die eleganten Spitzendetails einen Hauch von Stil und sorgen daf\u00fcr, dass Sie beim Tragen genauso gut aussehen, wie Sie sich f\u00fchlen.<\/li>\n<\/ul>\n<h6><em>Bauchweg-Shapewear-Bodysuit-Shorts mit Rei\u00dfverschluss, schrittoffen zu \u00f6ffnen, f\u00fcr Damen<\/em><\/h6>\n<ul>\n<li>Unsere Shapewear-Bodysuits zur Bauchkontrolle und f\u00fcr die Oberschenkel in \u00dcbergr\u00f6\u00dfe vereinen Mode und Funktionalit\u00e4t.<\/li>\n<li>Diese figurbetonte Short ist ein Muss f\u00fcr Gro\u00dfh\u00e4ndler, die Qualit\u00e4t, Stil und Innovation bieten m\u00f6chten.<\/li>\n<li>Mit Anpassungsoptionen, einer Reihe von Gr\u00f6\u00dfen und dem Versprechen einer schnellen Lieferung ist es an der Zeit, Ihren Lagerbestand zu erh\u00f6hen.<\/li>\n<li>Tauchen Sie mit diesem herausragenden St\u00fcck in die Welt des Gro\u00dfhandels ein. Bestellen Sie noch heute!<\/li>\n<\/ul>","protected":false},"excerpt":{"rendered":"<p>Entdecken Sie den Reiz unserer Shapewear in \u00dcbergr\u00f6\u00dfe mit Bauch-weg-Effekt und Oberschenkel-Effekt. Sie besteht aus hochwertigem Elasthan und Nylon und bietet einwandfreie Kompression. Betonen Sie Ihre Kurven, machen Sie Ihre Oberschenkel schlanker und erreichen Sie eine Silhouette, die Selbstbewusstsein und Eleganz ausstrahlt.<\/p>","protected":false},"featured_media":2032,"comment_status":"open","ping_status":"closed","template":"","meta":{"site-sidebar-layout":"default","site-content-layout":"default","ast-site-content-layout":"default","site-content-style":"default","site-sidebar-style":"default","ast-global-header-display":"","ast-banner-title-visibility":"","ast-main-header-display":"","ast-hfb-above-header-display":"","ast-hfb-below-header-display":"","ast-hfb-mobile-header-display":"","site-post-title":"","ast-breadcrumbs-content":"","ast-featured-img":"","footer-sml-layout":"","ast-disable-related-posts":"","theme-transparent-header-meta":"default","adv-header-id-meta":"","stick-header-meta":"default","header-above-stick-meta":"","header-main-stick-meta":"","header-below-stick-meta":"","astra-migrate-meta-layouts":"set","ast-page-background-enabled":"default","ast-page-background-meta":{"desktop":{"background-color":"","background-image":"","background-repeat":"repeat","background-position":"center center","background-size":"auto","background-attachment":"scroll","background-type":"","background-media":"","overlay-type":"","overlay-color":"","overlay-opacity":"","overlay-gradient":""},"tablet":{"background-color":"","background-image":"","background-repeat":"repeat","background-position":"center center","background-size":"auto","background-attachment":"scroll","background-type":"","background-media":"","overlay-type":"","overlay-color":"","overlay-opacity":"","overlay-gradient":""},"mobile":{"background-color":"","background-image":"","background-repeat":"repeat","background-position":"center center","background-size":"auto","background-attachment":"scroll","background-type":"","background-media":"","overlay-type":"","overlay-color":"","overlay-opacity":"","overlay-gradient":""}},"ast-content-background-meta":{"desktop":{"background-color":"var(--ast-global-color-5)","background-image":"","background-repeat":"repeat","background-position":"center center","background-size":"auto","background-attachment":"scroll","background-type":"","background-media":"","overlay-type":"","overlay-color":"","overlay-opacity":"","overlay-gradient":""},"tablet":{"background-color":"var(--ast-global-color-5)","background-image":"","background-repeat":"repeat","background-position":"center center","background-size":"auto","background-attachment":"scroll","background-type":"","background-media":"","overlay-type":"","overlay-color":"","overlay-opacity":"","overlay-gradient":""},"mobile":{"background-color":"var(--ast-global-color-5)","background-image":"","background-repeat":"repeat","background-position":"center center","background-size":"auto","background-attachment":"scroll","background-type":"","background-media":"","overlay-type":"","overlay-color":"","overlay-opacity":"","overlay-gradient":""}}},"product_brand":[],"product_cat":[65,77,1092,78],"product_tag":[135,137,141,154],"class_list":{"0":"post-2031","1":"product","2":"type-product","3":"status-publish","4":"has-post-thumbnail","6":"product_cat-best-sellers","7":"product_cat-wholesale-womens-shapewear","8":"product_cat-plus-size-shapewear","9":"product_cat-wholesale-full-body-shaper","10":"product_tag-all-in-one","11":"product_tag-butt-lift","12":"product_tag-plus-size","13":"product_tag-with-hooks","14":"pa_color-beige","15":"pa_color-black","16":"pa_size-4xl","17":"pa_size-5xl","18":"pa_size-6xl","19":"pa_size-l","20":"pa_size-m","21":"pa_size-s","22":"pa_size-xl","23":"pa_size-xxl","24":"pa_size-xxxl","25":"desktop-align-center","26":"tablet-align-left","27":"mobile-align-left","28":"ast-product-gallery-layout-horizontal-slider","29":"ast-product-single-variable","30":"ast-product-tabs-layout-horizontal","31":"ast-qv-on-image","33":"first","34":"instock","35":"shipping-taxable","36":"purchasable","37":"product-type-variable"},"tiered_pricing_type":"fixed","tiered_pricing_fixed_rules":{"10":13.74,"50":13.06,"100":12.39},"tiered_pricing_product_settings":{"layout":"default","base_unit_name":{"singular":null,"plural":null},"default_variation":{}},"tiered_pricing_minimum_quantity":null,"tiered_pricing_roles_data":[],"tiered_pricing_percentage_rules":[],"_links":{"self":[{"href":"https:\/\/yume-silm.com\/de\/wp-json\/wp\/v2\/product\/2031","targetHints":{"allow":["GET"]}}],"collection":[{"href":"https:\/\/yume-silm.com\/de\/wp-json\/wp\/v2\/product"}],"about":[{"href":"https:\/\/yume-silm.com\/de\/wp-json\/wp\/v2\/types\/product"}],"replies":[{"embeddable":true,"href":"https:\/\/yume-silm.com\/de\/wp-json\/wp\/v2\/comments?post=2031"}],"wp:featuredmedia":[{"embeddable":true,"href":"https:\/\/yume-silm.com\/de\/wp-json\/wp\/v2\/media\/2032"}],"wp:attachment":[{"href":"https:\/\/yume-silm.com\/de\/wp-json\/wp\/v2\/media?parent=2031"}],"wp:term":[{"taxonomy":"product_brand","embeddable":true,"href":"https:\/\/yume-silm.com\/de\/wp-json\/wp\/v2\/product_brand?post=2031"},{"taxonomy":"product_cat","embeddable":true,"href":"https:\/\/yume-silm.com\/de\/wp-json\/wp\/v2\/product_cat?post=2031"},{"taxonomy":"product_tag","embeddable":true,"href":"https:\/\/yume-silm.com\/de\/wp-json\/wp\/v2\/product_tag?post=2031"}],"curies":[{"name":"wp","href":"https:\/\/api.w.org\/{rel}","templated":true}]}}