{"id":2248,"date":"2023-05-10T03:08:55","date_gmt":"2023-05-10T03:08:55","guid":{"rendered":"https:\/\/yume-silm.com\/?post_type=product&#038;p=2248"},"modified":"2024-05-11T05:17:47","modified_gmt":"2024-05-11T05:17:47","slug":"lace-body-shaper-sexy-bodysuit-women-backless-waist-trainer","status":"publish","type":"product","link":"https:\/\/yume-silm.com\/de\/produkt\/lace-body-shaper-sexy-bodysuit-women-backless-waist-trainer\/","title":{"rendered":"Sexy Spitzen-K\u00f6rperform-Bodys f\u00fcr Damen im Gro\u00dfhandel"},"content":{"rendered":"<h5>Design-Merkmale<\/h5>\n<ul>\n<li><strong>BAUCH- UND H\u00dcFTSTRAFFUNG:<\/strong> Der Bauchstraffungs-Bodysuit liegt eng an Ihrem K\u00f6rper an und l\u00e4sst sich leicht formen. Denn Shapewear kontrolliert Ihr Bauchfett, verbessert Ihre R\u00fcckenhaltung und verhindert auch schlaffe H\u00fcften. Formen Sie m\u00fchelos Ihre Taille, H\u00fcften und R\u00fcckenkurven.<\/li>\n<li><strong>NAHTLOSES DESIGN:<\/strong> Wissen Sie, wie bequem glatte und nahtlose Kleidung ist? Mit dem \u00e4rmellosen V-Ausschnitt-Bodyshaper k\u00f6nnen Sie die Sch\u00f6nheit nahtloser Kleidung jederzeit genie\u00dfen. Er schmiegt sich bequem an Ihre Haut, ohne sich zu wellen. Er sorgt daf\u00fcr, dass beim Tragen keine sichtbaren Abdr\u00fccke zur\u00fcckbleiben, sodass das Kleidungsst\u00fcck besser sitzt und das Erscheinungsbild glatter wird.<\/li>\n<li><strong>MODISCH UND VIELSEITIG:<\/strong> Der r\u00fcckenfreie Shapewear-Einteiler mit Spitzendesign ist sexy und elegant. Sie k\u00f6nnen ihn problemlos mit Ihren Lieblingsr\u00f6cken, Jeans usw. kombinieren. Sie k\u00f6nnen ihn zu allen Anl\u00e4ssen tragen, wie Hochzeiten, Arbeiten, Reisen, Partys, im Alltag usw. Die kurvige Figur wird daf\u00fcr sorgen, dass Sie auffallen.<\/li>\n<li><strong>Praktisch f\u00fcrs T\u00d6PFCHEN:<\/strong> Sie machen sich Sorgen, dass der Gang zur Toilette unbequem wird und \u00c4rger verursacht? Das wird nicht passieren. Wenn Sie sich f\u00fcr diese Shapewear entscheiden, werden Sie nicht nur den ganzen Tag lang sch\u00f6n aussehen, sondern auch Ihr Problem mit dem Gang zur Toilette l\u00f6sen. Mit dem verstellbaren Haken- und \u00d6sen-Schritt k\u00f6nnen Sie auf die Toilette gehen, ohne nackt zu sein.<\/li>\n<\/ul>\n<h6><em>Bester Mode-Spitzen-Shapewear-Body mit glatter Spitze, einteilig<\/em><\/h6>\n<ul>\n<li>KEINE ZUS\u00c4TZLICHE UNTERW\u00c4SCHE ERFORDERLICH: Gen\u00fcgend Halt, um Ihre weichen Br\u00fcste problemlos zu halten. Dieser eng anliegende, sexy, figurformende Spitzen-Body f\u00fcr Damen macht zus\u00e4tzliche Unterw\u00e4sche \u00fcberfl\u00fcssig. Dies ist der Tatsache zu verdanken, dass er \u00fcber einen beeindruckend st\u00fctzenden stahlfreien BH verf\u00fcgt. Der k\u00f6rperformende Effekt kann dazu f\u00fchren, dass sich die Tr\u00e4gerin in ihrem Erscheinungsbild sicherer f\u00fchlt und somit das Selbstvertrauen st\u00e4rkt.<\/li>\n<\/ul>\n<p>&nbsp;<\/p>","protected":false},"excerpt":{"rendered":"<p>Steigern Sie Ihre Fitnessreise mit unseren sexy, figurformenden Spitzen-Bodys f\u00fcr Damen. Diese aus einer Mischung aus Spandex und Nylon gefertigte Weste wurde entwickelt, um das Schwitzen zu f\u00f6rdern, die Fettverbrennung zu optimieren und Ihren K\u00f6rper zu formen. Tauchen Sie ein in ein transformatives Fitnesserlebnis, das Stil, Komfort und Effizienz vereint.<\/p>","protected":false},"featured_media":2249,"comment_status":"open","ping_status":"closed","template":"","meta":{"site-sidebar-layout":"default","site-content-layout":"default","ast-site-content-layout":"default","site-content-style":"default","site-sidebar-style":"default","ast-global-header-display":"","ast-banner-title-visibility":"","ast-main-header-display":"","ast-hfb-above-header-display":"","ast-hfb-below-header-display":"","ast-hfb-mobile-header-display":"","site-post-title":"","ast-breadcrumbs-content":"","ast-featured-img":"","footer-sml-layout":"","ast-disable-related-posts":"","theme-transparent-header-meta":"default","adv-header-id-meta":"","stick-header-meta":"default","header-above-stick-meta":"","header-main-stick-meta":"","header-below-stick-meta":"","astra-migrate-meta-layouts":"set","ast-page-background-enabled":"default","ast-page-background-meta":{"desktop":{"background-color":"","background-image":"","background-repeat":"repeat","background-position":"center center","background-size":"auto","background-attachment":"scroll","background-type":"","background-media":"","overlay-type":"","overlay-color":"","overlay-opacity":"","overlay-gradient":""},"tablet":{"background-color":"","background-image":"","background-repeat":"repeat","background-position":"center center","background-size":"auto","background-attachment":"scroll","background-type":"","background-media":"","overlay-type":"","overlay-color":"","overlay-opacity":"","overlay-gradient":""},"mobile":{"background-color":"","background-image":"","background-repeat":"repeat","background-position":"center center","background-size":"auto","background-attachment":"scroll","background-type":"","background-media":"","overlay-type":"","overlay-color":"","overlay-opacity":"","overlay-gradient":""}},"ast-content-background-meta":{"desktop":{"background-color":"var(--ast-global-color-5)","background-image":"","background-repeat":"repeat","background-position":"center center","background-size":"auto","background-attachment":"scroll","background-type":"","background-media":"","overlay-type":"","overlay-color":"","overlay-opacity":"","overlay-gradient":""},"tablet":{"background-color":"var(--ast-global-color-5)","background-image":"","background-repeat":"repeat","background-position":"center center","background-size":"auto","background-attachment":"scroll","background-type":"","background-media":"","overlay-type":"","overlay-color":"","overlay-opacity":"","overlay-gradient":""},"mobile":{"background-color":"var(--ast-global-color-5)","background-image":"","background-repeat":"repeat","background-position":"center center","background-size":"auto","background-attachment":"scroll","background-type":"","background-media":"","overlay-type":"","overlay-color":"","overlay-opacity":"","overlay-gradient":""}}},"product_brand":[],"product_cat":[65,76,77,82],"product_tag":[419,152,148,145,134],"class_list":{"0":"post-2248","1":"product","2":"type-product","3":"status-publish","4":"has-post-thumbnail","6":"product_cat-best-sellers","7":"product_cat-new-arrivels","8":"product_cat-wholesale-womens-shapewear","9":"product_cat-wholesale-shapewear-bodysuit","10":"product_tag-bodysuit","11":"product_tag-lace-up","12":"product_tag-one-piece","13":"product_tag-sexy","14":"product_tag-tummy-tucker","15":"pa_color-black","16":"pa_color-red","17":"pa_color-white","18":"pa_size-l","19":"pa_size-m","20":"pa_size-s","21":"pa_size-xl","22":"desktop-align-center","23":"tablet-align-left","24":"mobile-align-left","25":"ast-product-gallery-layout-horizontal-slider","26":"ast-product-single-variable","27":"ast-product-tabs-layout-horizontal","28":"ast-qv-on-image","30":"first","31":"instock","32":"shipping-taxable","33":"purchasable","34":"product-type-variable"},"tiered_pricing_type":"fixed","tiered_pricing_fixed_rules":{"5":5.8,"50":5.6,"100":5.3},"tiered_pricing_product_settings":{"layout":"default","base_unit_name":{"singular":null,"plural":null},"default_variation":{}},"tiered_pricing_minimum_quantity":null,"tiered_pricing_roles_data":[],"tiered_pricing_percentage_rules":[],"_links":{"self":[{"href":"https:\/\/yume-silm.com\/de\/wp-json\/wp\/v2\/product\/2248","targetHints":{"allow":["GET"]}}],"collection":[{"href":"https:\/\/yume-silm.com\/de\/wp-json\/wp\/v2\/product"}],"about":[{"href":"https:\/\/yume-silm.com\/de\/wp-json\/wp\/v2\/types\/product"}],"replies":[{"embeddable":true,"href":"https:\/\/yume-silm.com\/de\/wp-json\/wp\/v2\/comments?post=2248"}],"wp:featuredmedia":[{"embeddable":true,"href":"https:\/\/yume-silm.com\/de\/wp-json\/wp\/v2\/media\/2249"}],"wp:attachment":[{"href":"https:\/\/yume-silm.com\/de\/wp-json\/wp\/v2\/media?parent=2248"}],"wp:term":[{"taxonomy":"product_brand","embeddable":true,"href":"https:\/\/yume-silm.com\/de\/wp-json\/wp\/v2\/product_brand?post=2248"},{"taxonomy":"product_cat","embeddable":true,"href":"https:\/\/yume-silm.com\/de\/wp-json\/wp\/v2\/product_cat?post=2248"},{"taxonomy":"product_tag","embeddable":true,"href":"https:\/\/yume-silm.com\/de\/wp-json\/wp\/v2\/product_tag?post=2248"}],"curies":[{"name":"wp","href":"https:\/\/api.w.org\/{rel}","templated":true}]}}