{"id":2271,"date":"2023-05-10T07:34:17","date_gmt":"2023-05-10T07:34:17","guid":{"rendered":"https:\/\/yume-silm.com\/?post_type=product&#038;p=2271"},"modified":"2025-05-26T00:52:34","modified_gmt":"2025-05-26T00:52:34","slug":"groshandel-hoch-tailliert-aber-straffer-bauch-kontroll-hoschen","status":"publish","type":"product","link":"https:\/\/yume-silm.com\/de\/produkt\/groshandel-hoch-tailliert-aber-straffer-bauch-kontroll-hoschen\/","title":{"rendered":"Gro\u00dfhandel Hohe Taille Butt Lifter Bauch Kontrolle Shaper Tanga"},"content":{"rendered":"<h5>Design-Merkmale<\/h5>\n<ul>\n<li><strong>ULTIMATIVES PO-LIFTING:<\/strong> Dieser Po-Lifter-String zur Bauchkontrolle verf\u00fcgt \u00fcber einen bequemen Tanga f\u00fcr einfaches Tragen und zielt darauf ab, den Po anzuheben und zu betonen, um ein nat\u00fcrlich volleres, definierteres Aussehen zu erzielen.<\/li>\n<li><strong>INDIVIDUELLE PASSFORM:<\/strong> Der hoch taillierte, schlankmachende Body Shaper hat eine hoch taillierte Bauch-Option mit drei Hakenreihen f\u00fcr zus\u00e4tzliche Bauchstraffung, wodurch sichergestellt wird, dass die Shapewear fest an ihrem Platz bleibt und nicht herunterrollt. Sie k\u00f6nnen die Elastizit\u00e4t auch nach Belieben anpassen. Das Beinband ist so konzipiert, dass es dem Ges\u00e4\u00df einen volleren Effekt verleiht und gleichzeitig frei verstellbar ist. Bietet nat\u00fcrlichen Halt und verhindert ein Aufrollen.<\/li>\n<li><strong>KOMFORTABEL UND UNSICHTBAR:<\/strong> Der sexy Push-Up-Po-Lifter-Gurt f\u00fcr Damen ist aus einer hochwertigen Nylon- und Spandex-Mischung gefertigt, um ein leichtes, hautfreundliches und atmungsaktives Tragegef\u00fchl zu gew\u00e4hrleisten. Gleichzeitig sorgen die nahtlosen Kanten des Po-Lifter-Shapers zur Bauchkontrolle f\u00fcr eine nat\u00fcrliche Unsichtbarkeit auch unter eng anliegender Kleidung.<\/li>\n<li><strong>VIELSEITIG EINSETZBAR:<\/strong> Diese schlanke Korsett-Shapewear-Hose mit Taillentrainer kann Ihren Bauch gl\u00e4tten, Ihre H\u00fcften anheben und sofort eine Sanduhrform schaffen; die Shaper-Shorts f\u00fcr Damenunterw\u00e4sche k\u00f6nnen auch Ihren R\u00fccken st\u00fctzen und Ihre Haltung verbessern; dieser hoch taillierte Po-Lifter-Shape-H\u00f6schen zur Bauchkontrolle ist auch f\u00fcr die Erholung nach der Geburt geeignet. Geeignet f\u00fcr Fitnessstudio, Laufen, Yoga, Erholung nach der Geburt, Hochzeiten, geselliges Beisammensein und Bankette, Hausarbeit, B\u00fcro und so weiter.<\/li>\n<li>Nat\u00fcrlich ist diese atmungsaktive und bequeme Shapewear f\u00fcr eine Sanduhrfigur ein ideales Geschenk f\u00fcr junge M\u00fctter zu besonderen Anl\u00e4ssen wie Geburtstagen, Weihnachten, Thanksgiving, Black Friday oder Cyber Monday. Sie werden es lieben und Ihnen sehr danken.<\/li>\n<\/ul>\n<h6><em>Fester Dreifach-Bauchkontroll-Tanga in \u00dcbergr\u00f6\u00dfe, unsichtbarer, figurformender Faja<\/em><\/h6>\n<ul>\n<li>Unser hoch taillierter Butt Lifter Tummy Control Shaper Tanga ist der Inbegriff von Stil und Funktionalit\u00e4t. F\u00fcr Gro\u00dfh\u00e4ndler, die erstklassige Produkte anbieten m\u00f6chten, die Qualit\u00e4t mit Innovation verbinden, ist dieser Butt Lifter in \u00dcbergr\u00f6\u00dfe ein Muss.<\/li>\n<li>Mit Anpassungsoptionen, einer Reihe von Gr\u00f6\u00dfen und dem Versprechen einer schnellen Lieferung ist es eine unverzichtbare Erg\u00e4nzung Ihres Inventars.<\/li>\n<li>Tauchen Sie ein in die Welt des Gro\u00dfhandels mit diesem Figur-Po-Lifter-Shaper-H\u00f6schen mit Bauchkontrolle und hoher Taille. Bestellen Sie noch heute!<\/li>\n<\/ul>","protected":false},"excerpt":{"rendered":"<ul>\n<li>Discover the transformative power of our high waist butt lifter tummy control shaper thong.<\/li>\n<li>Expertly crafted from a blend of nylon and spandex, this shapewear is designed to lift, sculpt, and enhance your natural curves, offering a seamless blend of comfort and elegance.<\/li>\n<\/ul>","protected":false},"featured_media":2272,"comment_status":"open","ping_status":"closed","template":"","meta":{"site-sidebar-layout":"default","site-content-layout":"default","ast-site-content-layout":"default","site-content-style":"default","site-sidebar-style":"default","ast-global-header-display":"","ast-banner-title-visibility":"","ast-main-header-display":"","ast-hfb-above-header-display":"","ast-hfb-below-header-display":"","ast-hfb-mobile-header-display":"","site-post-title":"","ast-breadcrumbs-content":"","ast-featured-img":"","footer-sml-layout":"","ast-disable-related-posts":"","theme-transparent-header-meta":"default","adv-header-id-meta":"","stick-header-meta":"default","header-above-stick-meta":"","header-main-stick-meta":"","header-below-stick-meta":"","astra-migrate-meta-layouts":"set","ast-page-background-enabled":"default","ast-page-background-meta":{"desktop":{"background-color":"","background-image":"","background-repeat":"repeat","background-position":"center center","background-size":"auto","background-attachment":"scroll","background-type":"","background-media":"","overlay-type":"","overlay-color":"","overlay-opacity":"","overlay-gradient":""},"tablet":{"background-color":"","background-image":"","background-repeat":"repeat","background-position":"center center","background-size":"auto","background-attachment":"scroll","background-type":"","background-media":"","overlay-type":"","overlay-color":"","overlay-opacity":"","overlay-gradient":""},"mobile":{"background-color":"","background-image":"","background-repeat":"repeat","background-position":"center center","background-size":"auto","background-attachment":"scroll","background-type":"","background-media":"","overlay-type":"","overlay-color":"","overlay-opacity":"","overlay-gradient":""}},"ast-content-background-meta":{"desktop":{"background-color":"var(--ast-global-color-5)","background-image":"","background-repeat":"repeat","background-position":"center center","background-size":"auto","background-attachment":"scroll","background-type":"","background-media":"","overlay-type":"","overlay-color":"","overlay-opacity":"","overlay-gradient":""},"tablet":{"background-color":"var(--ast-global-color-5)","background-image":"","background-repeat":"repeat","background-position":"center center","background-size":"auto","background-attachment":"scroll","background-type":"","background-media":"","overlay-type":"","overlay-color":"","overlay-opacity":"","overlay-gradient":""},"mobile":{"background-color":"var(--ast-global-color-5)","background-image":"","background-repeat":"repeat","background-position":"center center","background-size":"auto","background-attachment":"scroll","background-type":"","background-media":"","overlay-type":"","overlay-color":"","overlay-opacity":"","overlay-gradient":""}}},"product_brand":[],"product_cat":[1071,1072,65,76,77,1092,80],"product_tag":[686,141,138,134],"class_list":{"0":"post-2271","1":"product","2":"type-product","3":"status-publish","4":"has-post-thumbnail","6":"product_cat-sale","7":"product_cat-bulk-savings","8":"product_cat-best-sellers","9":"product_cat-new-arrivels","10":"product_cat-wholesale-womens-shapewear","11":"product_cat-plus-size-shapewear","12":"product_cat-wholesale-butt-lift-underwear","13":"product_tag-butt-lifter","14":"product_tag-plus-size","15":"product_tag-thong","16":"product_tag-tummy-tucker","17":"pa_color-beige","18":"pa_color-black","19":"pa_size-4xl","20":"pa_size-5xl","21":"pa_size-6xl","22":"pa_size-l","23":"pa_size-m","24":"pa_size-s","25":"pa_size-xl","26":"pa_size-xxl","27":"pa_size-xxxl","28":"desktop-align-center","29":"tablet-align-left","30":"mobile-align-left","31":"ast-product-gallery-layout-horizontal-slider","32":"ast-product-single-variable","33":"ast-product-tabs-layout-horizontal","34":"ast-qv-on-image","36":"first","37":"instock","38":"shipping-taxable","39":"purchasable","40":"product-type-variable"},"tiered_pricing_type":"fixed","tiered_pricing_fixed_rules":{"10":9.9},"tiered_pricing_product_settings":{"layout":"default","base_unit_name":{"singular":null,"plural":null},"default_variation":{}},"tiered_pricing_minimum_quantity":null,"tiered_pricing_roles_data":[],"tiered_pricing_percentage_rules":[],"_links":{"self":[{"href":"https:\/\/yume-silm.com\/de\/wp-json\/wp\/v2\/product\/2271","targetHints":{"allow":["GET"]}}],"collection":[{"href":"https:\/\/yume-silm.com\/de\/wp-json\/wp\/v2\/product"}],"about":[{"href":"https:\/\/yume-silm.com\/de\/wp-json\/wp\/v2\/types\/product"}],"replies":[{"embeddable":true,"href":"https:\/\/yume-silm.com\/de\/wp-json\/wp\/v2\/comments?post=2271"}],"wp:featuredmedia":[{"embeddable":true,"href":"https:\/\/yume-silm.com\/de\/wp-json\/wp\/v2\/media\/2272"}],"wp:attachment":[{"href":"https:\/\/yume-silm.com\/de\/wp-json\/wp\/v2\/media?parent=2271"}],"wp:term":[{"taxonomy":"product_brand","embeddable":true,"href":"https:\/\/yume-silm.com\/de\/wp-json\/wp\/v2\/product_brand?post=2271"},{"taxonomy":"product_cat","embeddable":true,"href":"https:\/\/yume-silm.com\/de\/wp-json\/wp\/v2\/product_cat?post=2271"},{"taxonomy":"product_tag","embeddable":true,"href":"https:\/\/yume-silm.com\/de\/wp-json\/wp\/v2\/product_tag?post=2271"}],"curies":[{"name":"wp","href":"https:\/\/api.w.org\/{rel}","templated":true}]}}