{"id":2333,"date":"2023-05-10T11:36:05","date_gmt":"2023-05-10T11:36:05","guid":{"rendered":"https:\/\/yume-silm.com\/?post_type=product&#038;p=2333"},"modified":"2025-05-26T00:39:31","modified_gmt":"2025-05-26T00:39:31","slug":"herren-kurzarm-shirt-taille-trainingsweste-korsett-mit-reisverschluss","status":"publish","type":"product","link":"https:\/\/yume-silm.com\/de\/produkt\/herren-kurzarm-shirt-taille-trainingsweste-korsett-mit-reisverschluss\/","title":{"rendered":"Gro\u00dfhandel Kurzarm Kompression T-Shirt Weste Korsett"},"content":{"rendered":"<h5>Design-Merkmale<\/h5>\n<ul>\n<li><strong>DOPPELTE KOMPRESSION:<\/strong> Dieses kurz\u00e4rmlige Kompressions-T-Shirt-Westenkorsett von uns besteht aus einer Doppelkombination aus einem Shapewear-Tanktop und einem Bauchband. Die doppelte Kompression des Slim-Fit-Korsetts bietet festen Halt und reduziert das Auftreten von Fett im unteren R\u00fccken und Bauch f\u00fcr eine glattere, straffere Silhouette.<\/li>\n<li><strong>VERBESSERTE K\u00d6RPERHALTUNG:<\/strong> Dieser Workout-Body-Shaper-Taillentrainer bietet Unterst\u00fctzung f\u00fcr unseren unteren R\u00fccken. Das Unterhemd-Design des Bauchweg-Korsetts sorgt f\u00fcr Abdeckung und Unterst\u00fctzung des Oberk\u00f6rpers, ideal f\u00fcr alle, die zus\u00e4tzliche Unterst\u00fctzung suchen. Gleichzeitig hilft uns diese Bauch-weg-Unterw\u00e4sche, unsere Haltung zu verbessern. Besonders f\u00fcr diejenigen, die oft sitzen oder lange stehen, brauchen wir sie sehr.<\/li>\n<li><strong>LEICHT UND DEHNBAR:<\/strong> Dieses enge Tanktop-Kompressionsshirt von uns besteht aus einer Mischung aus Elasthan und Nylon f\u00fcr eine leichte und stressfreie Passform. Es ist dehnbar, um eine dauerhafte, bequeme und schmeichelhafte Passform zu gew\u00e4hrleisten.<\/li>\n<li><strong>MULTIFUNKTIONAL:<\/strong> Die Shapewear f\u00fcr M\u00e4nner ist ein insgesamt leichtes und dehnbares Netzgewebe, das Feuchtigkeit ableitet und Sie beim Training k\u00fchl h\u00e4lt. Das kurz\u00e4rmlige Kompressions-T-Shirt-Westenkorsett strafft den Bauch und reduziert die Taille, sodass Sie beim Training gesund abnehmen k\u00f6nnen. Wir k\u00f6nnen diese Shapewear-Kollektion mit schlanken Westen zu jedem Ihrer Lieblingsoutfits wie Anz\u00fcgen, Jeans usw. tragen. Sie sieht nicht sperrig aus, sondern schmeichelt und verschlankt Ihre Taille und ist somit ein vielseitiges Kleidungsst\u00fcck in Ihrem Kleiderschrank.<\/li>\n<\/ul>\n<h6><em>Herren Body Shaper Schlankheitsweste Gyn\u00e4komastie Shapewear Bauchkontrolle Unterw\u00e4sche<\/em><\/h6>\n<ul>\n<li>Unser kurz\u00e4rmliges Herren-Taillentrainer-Westenkorsett mit Rei\u00dfverschluss ist eine Mischung aus Stil, Komfort und Funktionalit\u00e4t. F\u00fcr Gro\u00dfh\u00e4ndler, die innovative Fitnessl\u00f6sungen anbieten m\u00f6chten, ist dieser Trainingsanzug zur Gewichtsabnahme die erste Wahl.<\/li>\n<li>Mit Anpassungsoptionen, einer Reihe von Gr\u00f6\u00dfen und dem Versprechen einer schnellen Lieferung ist es eine unverzichtbare Erg\u00e4nzung Ihres Inventars. Tauchen Sie mit diesem Bauchweg-Korsett in die Welt des Gro\u00dfhandels ein. Bestellen Sie noch heute!<\/li>\n<\/ul>","protected":false},"excerpt":{"rendered":"<p>Verbessern Sie Ihre Fitness mit unserem kurz\u00e4rmligen Taillentrainer-Korsett f\u00fcr Herren. Dieses kurz\u00e4rmlige Kompressions-T-Shirt-Korsett wurde f\u00fcr optimale Unterst\u00fctzung und Komfort entwickelt und betont Ihre Silhouette, sodass Sie sich wohlf\u00fchlen und gut aussehen. Tauchen Sie ein in eine Welt, in der Mode auf Funktionalit\u00e4t trifft.<\/p>","protected":false},"featured_media":2339,"comment_status":"open","ping_status":"closed","template":"","meta":{"site-sidebar-layout":"default","site-content-layout":"default","ast-site-content-layout":"default","site-content-style":"default","site-sidebar-style":"default","ast-global-header-display":"","ast-banner-title-visibility":"","ast-main-header-display":"","ast-hfb-above-header-display":"","ast-hfb-below-header-display":"","ast-hfb-mobile-header-display":"","site-post-title":"","ast-breadcrumbs-content":"","ast-featured-img":"","footer-sml-layout":"","ast-disable-related-posts":"","theme-transparent-header-meta":"default","adv-header-id-meta":"","stick-header-meta":"default","header-above-stick-meta":"","header-main-stick-meta":"","header-below-stick-meta":"","astra-migrate-meta-layouts":"set","ast-page-background-enabled":"default","ast-page-background-meta":{"desktop":{"background-color":"","background-image":"","background-repeat":"repeat","background-position":"center center","background-size":"auto","background-attachment":"scroll","background-type":"","background-media":"","overlay-type":"","overlay-color":"","overlay-opacity":"","overlay-gradient":""},"tablet":{"background-color":"","background-image":"","background-repeat":"repeat","background-position":"center center","background-size":"auto","background-attachment":"scroll","background-type":"","background-media":"","overlay-type":"","overlay-color":"","overlay-opacity":"","overlay-gradient":""},"mobile":{"background-color":"","background-image":"","background-repeat":"repeat","background-position":"center center","background-size":"auto","background-attachment":"scroll","background-type":"","background-media":"","overlay-type":"","overlay-color":"","overlay-opacity":"","overlay-gradient":""}},"ast-content-background-meta":{"desktop":{"background-color":"var(--ast-global-color-5)","background-image":"","background-repeat":"repeat","background-position":"center center","background-size":"auto","background-attachment":"scroll","background-type":"","background-media":"","overlay-type":"","overlay-color":"","overlay-opacity":"","overlay-gradient":""},"tablet":{"background-color":"var(--ast-global-color-5)","background-image":"","background-repeat":"repeat","background-position":"center center","background-size":"auto","background-attachment":"scroll","background-type":"","background-media":"","overlay-type":"","overlay-color":"","overlay-opacity":"","overlay-gradient":""},"mobile":{"background-color":"var(--ast-global-color-5)","background-image":"","background-repeat":"repeat","background-position":"center center","background-size":"auto","background-attachment":"scroll","background-type":"","background-media":"","overlay-type":"","overlay-color":"","overlay-opacity":"","overlay-gradient":""}}},"product_brand":[],"product_cat":[65,85,86,90,94,95],"product_tag":[187,151,139,496,191,184],"class_list":{"0":"post-2333","1":"product","2":"type-product","3":"status-publish","4":"has-post-thumbnail","6":"product_cat-best-sellers","7":"product_cat-wholesale-mens-shapewear","8":"product_cat-wholesale-men-sliming-vest","9":"product_cat-wholesale-waist-trainer","10":"product_cat-n-in-1-waist-trainer","11":"product_cat-waist-cincher","12":"product_tag-2-in-1","13":"product_tag-double-compression","14":"product_tag-high-waist","15":"product_tag-vest","16":"product_tag-waist-trainer-with-straps","17":"product_tag-zipper","18":"pa_color-black","19":"pa_color-white","20":"pa_size-l","21":"pa_size-m","22":"pa_size-xl","23":"pa_size-xxl","24":"pa_size-xxxl","25":"desktop-align-center","26":"tablet-align-left","27":"mobile-align-left","28":"ast-product-gallery-layout-horizontal-slider","29":"ast-product-single-variable","30":"ast-product-tabs-layout-horizontal","31":"ast-qv-on-image","33":"first","34":"instock","35":"shipping-taxable","36":"purchasable","37":"product-type-variable"},"tiered_pricing_type":"fixed","tiered_pricing_fixed_rules":{"10":5.95,"200":5.62,"500":4.99},"tiered_pricing_product_settings":{"layout":"default","base_unit_name":{"singular":null,"plural":null},"default_variation":{}},"tiered_pricing_minimum_quantity":null,"tiered_pricing_roles_data":[],"tiered_pricing_percentage_rules":[],"_links":{"self":[{"href":"https:\/\/yume-silm.com\/de\/wp-json\/wp\/v2\/product\/2333","targetHints":{"allow":["GET"]}}],"collection":[{"href":"https:\/\/yume-silm.com\/de\/wp-json\/wp\/v2\/product"}],"about":[{"href":"https:\/\/yume-silm.com\/de\/wp-json\/wp\/v2\/types\/product"}],"replies":[{"embeddable":true,"href":"https:\/\/yume-silm.com\/de\/wp-json\/wp\/v2\/comments?post=2333"}],"wp:featuredmedia":[{"embeddable":true,"href":"https:\/\/yume-silm.com\/de\/wp-json\/wp\/v2\/media\/2339"}],"wp:attachment":[{"href":"https:\/\/yume-silm.com\/de\/wp-json\/wp\/v2\/media?parent=2333"}],"wp:term":[{"taxonomy":"product_brand","embeddable":true,"href":"https:\/\/yume-silm.com\/de\/wp-json\/wp\/v2\/product_brand?post=2333"},{"taxonomy":"product_cat","embeddable":true,"href":"https:\/\/yume-silm.com\/de\/wp-json\/wp\/v2\/product_cat?post=2333"},{"taxonomy":"product_tag","embeddable":true,"href":"https:\/\/yume-silm.com\/de\/wp-json\/wp\/v2\/product_tag?post=2333"}],"curies":[{"name":"wp","href":"https:\/\/api.w.org\/{rel}","templated":true}]}}