{"id":2350,"date":"2023-05-10T12:05:41","date_gmt":"2023-05-10T12:05:41","guid":{"rendered":"https:\/\/yume-silm.com\/?post_type=product&#038;p=2350"},"modified":"2026-03-23T10:23:43","modified_gmt":"2026-03-23T10:23:43","slug":"mens-fitness-shapewear-magen-trainer-taille-trimmer-gurtel","status":"publish","type":"product","link":"https:\/\/yume-silm.com\/de\/produkt\/mens-fitness-shapewear-magen-trainer-taille-trimmer-gurtel\/","title":{"rendered":"Gro\u00dfhandel f\u00fcr postoperative Bauchkompressionsbinden"},"content":{"rendered":"<h5>Design-Merkmale<\/h5>\n<ul>\n<li><strong>ELASTISCHES BAUCHBAND:<\/strong> Diese elastischen Bauchbinden sind leicht, atmungsaktiv und haben eine gute Elastizit\u00e4t. Die postoperativen Binden sind in den klassischen Farben Wei\u00df und Schwarz erh\u00e4ltlich und bieten bequemen Halt und Kompression.<\/li>\n<li><strong>KOMPRESSION UND UNTERST\u00dcTZUNG:<\/strong> Dieser orthop\u00e4dische Gurtbandbinder ist sehr einfach zu verwenden und l\u00e4sst sich leicht an die St\u00fctz- und Kompressionsst\u00e4rke anpassen. Dieser individuell anpassbare Verband, der zu Ihrem K\u00f6rpertyp passt, hilft, das Erscheinungsbild von Bauchfett zu reduzieren und sorgt f\u00fcr eine glattere, straffere Silhouette. Sorgt f\u00fcr bequemes Sitzen, Stehen oder Liegen. Die rutschfeste Silikonbeschichtung an Ober- und Unterseite verhindert besser, dass sich die postoperativen Bauchkompressionsbinder aufrollen oder zu einem Ball zusammenballen.<\/li>\n<li><strong>F\u00d6RDERT DIE HEILUNG:<\/strong> Die Kompression, die dieser Gewichtsverlustg\u00fcrtel bietet, hilft, Schwellungen zu reduzieren und die Durchblutung zu verbessern. Deshalb ist bekannt, dass die postoperativen Bauchbindeb\u00e4nder die Heilung f\u00f6rdern und Ihre Schnittstelle nach der Operation sch\u00fctzen. Wir empfehlen jedoch dennoch, dass Sie bei der Verwendung dieses superweichen Plattenbindeklebers nach der Operation immer Ihren Arzt oder Physiotherapeuten konsultieren, da Bauchbindeb\u00e4nder nicht f\u00fcr jeden geeignet sind.<\/li>\n<li><strong>SCHMERZLINDERUNG:<\/strong> Tats\u00e4chlich helfen Ihnen die postoperativen Bauchkompressionsbinden aus unserer Taping-Linie nicht nur dabei, Ihre Genesung zu beschleunigen, sondern sie tragen auch dazu bei, den Druck von Ihrem unteren R\u00fccken abzulenken, wodurch R\u00fcckenschmerzen gelindert und weitere Verletzungen verhindert werden.<\/li>\n<\/ul>\n<h6><em>Bariatrischer Bauchgurt, Bauchbinde, Magenbruchorthese und R\u00fcckenst\u00fctzg\u00fcrtel f\u00fcr M\u00e4nner<\/em><\/h6>\n<ul>\n<li>Unsere postoperativen Bauchkompressionsbinden zeugen von hochwertiger Handwerkskunst und innovativem Design.<\/li>\n<li>Mit Anpassungsoptionen, einer Reihe von Gr\u00f6\u00dfen und dem Versprechen einer schnellen Lieferung ist es eine unverzichtbare Erg\u00e4nzung Ihres Inventars. Tauchen Sie mit diesem herausragenden St\u00fcck in die Welt des Gro\u00dfhandels ein. Bestellen Sie noch heute!<\/li>\n<\/ul>","protected":false},"excerpt":{"rendered":"<p>Bauchbinde f\u00fcr Hernien, ideal f\u00fcr den Einsatz nach Bauchdeckenstraffung und Fettabsaugung des Ober- und Unterbauchs. Postoperative Bauchkompressionsbinde f\u00fcr Frauen oder M\u00e4nner. Die Kompression dieser Kleidungsst\u00fccke beschleunigt den Heilungsprozess, verbessert die Durchblutung, minimiert Schwellungen, hilft beim Aussp\u00fclen potenziell sch\u00e4dlicher Fl\u00fcssigkeiten aus dem K\u00f6rper und erm\u00f6glicht es dem Patienten, seine t\u00e4glichen Aktivit\u00e4ten wieder aufzunehmen.<\/p>","protected":false},"featured_media":2355,"comment_status":"open","ping_status":"closed","template":"","meta":{"site-sidebar-layout":"default","site-content-layout":"default","ast-site-content-layout":"default","site-content-style":"default","site-sidebar-style":"default","ast-global-header-display":"","ast-banner-title-visibility":"","ast-main-header-display":"","ast-hfb-above-header-display":"","ast-hfb-below-header-display":"","ast-hfb-mobile-header-display":"","site-post-title":"","ast-breadcrumbs-content":"","ast-featured-img":"","footer-sml-layout":"","ast-disable-related-posts":"","theme-transparent-header-meta":"default","adv-header-id-meta":"","stick-header-meta":"default","header-above-stick-meta":"","header-main-stick-meta":"","header-below-stick-meta":"","astra-migrate-meta-layouts":"set","ast-page-background-enabled":"default","ast-page-background-meta":{"desktop":{"background-color":"","background-image":"","background-repeat":"repeat","background-position":"center center","background-size":"auto","background-attachment":"scroll","background-type":"","background-media":"","overlay-type":"","overlay-color":"","overlay-opacity":"","overlay-gradient":""},"tablet":{"background-color":"","background-image":"","background-repeat":"repeat","background-position":"center center","background-size":"auto","background-attachment":"scroll","background-type":"","background-media":"","overlay-type":"","overlay-color":"","overlay-opacity":"","overlay-gradient":""},"mobile":{"background-color":"","background-image":"","background-repeat":"repeat","background-position":"center center","background-size":"auto","background-attachment":"scroll","background-type":"","background-media":"","overlay-type":"","overlay-color":"","overlay-opacity":"","overlay-gradient":""}},"ast-content-background-meta":{"desktop":{"background-color":"var(--ast-global-color-5)","background-image":"","background-repeat":"repeat","background-position":"center center","background-size":"auto","background-attachment":"scroll","background-type":"","background-media":"","overlay-type":"","overlay-color":"","overlay-opacity":"","overlay-gradient":""},"tablet":{"background-color":"var(--ast-global-color-5)","background-image":"","background-repeat":"repeat","background-position":"center center","background-size":"auto","background-attachment":"scroll","background-type":"","background-media":"","overlay-type":"","overlay-color":"","overlay-opacity":"","overlay-gradient":""},"mobile":{"background-color":"var(--ast-global-color-5)","background-image":"","background-repeat":"repeat","background-position":"center center","background-size":"auto","background-attachment":"scroll","background-type":"","background-media":"","overlay-type":"","overlay-color":"","overlay-opacity":"","overlay-gradient":""}}},"product_brand":[],"product_cat":[65,76,90,95],"product_tag":[143,136,139,148,134],"class_list":{"0":"post-2350","1":"product","2":"type-product","3":"status-publish","4":"has-post-thumbnail","6":"product_cat-best-sellers","7":"product_cat-new-arrivels","8":"product_cat-wholesale-waist-trainer","9":"product_cat-waist-cincher","10":"product_tag-backless","11":"product_tag-bridal","12":"product_tag-high-waist","13":"product_tag-one-piece","14":"product_tag-tummy-tucker","15":"pa_color-black","16":"pa_color-white","17":"pa_size-l","18":"pa_size-m","19":"pa_size-xl","20":"pa_size-xxl","21":"desktop-align-center","22":"tablet-align-left","23":"mobile-align-left","24":"ast-product-gallery-layout-horizontal-slider","25":"ast-product-single-variable","26":"ast-product-tabs-layout-horizontal","27":"ast-qv-on-image","29":"first","30":"instock","31":"shipping-taxable","32":"purchasable","33":"product-type-variable"},"tiered_pricing_type":"fixed","tiered_pricing_fixed_rules":{"10":3.5,"100":3.2,"500":3},"tiered_pricing_product_settings":{"layout":"default","base_unit_name":{"singular":null,"plural":null},"default_variation":{}},"tiered_pricing_minimum_quantity":null,"tiered_pricing_roles_data":[],"tiered_pricing_percentage_rules":[],"_links":{"self":[{"href":"https:\/\/yume-silm.com\/de\/wp-json\/wp\/v2\/product\/2350","targetHints":{"allow":["GET"]}}],"collection":[{"href":"https:\/\/yume-silm.com\/de\/wp-json\/wp\/v2\/product"}],"about":[{"href":"https:\/\/yume-silm.com\/de\/wp-json\/wp\/v2\/types\/product"}],"replies":[{"embeddable":true,"href":"https:\/\/yume-silm.com\/de\/wp-json\/wp\/v2\/comments?post=2350"}],"wp:featuredmedia":[{"embeddable":true,"href":"https:\/\/yume-silm.com\/de\/wp-json\/wp\/v2\/media\/2355"}],"wp:attachment":[{"href":"https:\/\/yume-silm.com\/de\/wp-json\/wp\/v2\/media?parent=2350"}],"wp:term":[{"taxonomy":"product_brand","embeddable":true,"href":"https:\/\/yume-silm.com\/de\/wp-json\/wp\/v2\/product_brand?post=2350"},{"taxonomy":"product_cat","embeddable":true,"href":"https:\/\/yume-silm.com\/de\/wp-json\/wp\/v2\/product_cat?post=2350"},{"taxonomy":"product_tag","embeddable":true,"href":"https:\/\/yume-silm.com\/de\/wp-json\/wp\/v2\/product_tag?post=2350"}],"curies":[{"name":"wp","href":"https:\/\/api.w.org\/{rel}","templated":true}]}}