{"id":2384,"date":"2023-05-10T13:11:18","date_gmt":"2023-05-10T13:11:18","guid":{"rendered":"https:\/\/yume-silm.com\/?post_type=product&#038;p=2384"},"modified":"2024-11-08T08:44:55","modified_gmt":"2024-11-08T08:44:55","slug":"schlankheitsgurtel-fajas-thermal-schweis-sauna-taillentrainer","status":"publish","type":"product","link":"https:\/\/yume-silm.com\/de\/produkt\/schlankheitsgurtel-fajas-thermal-schweis-sauna-taillentrainer\/","title":{"rendered":"Gro\u00dfhandel Taillentrainer Cincher Sauna Trimmer G\u00fcrtel f\u00fcr M\u00e4nner"},"content":{"rendered":"<h5>Design-Merkmale<\/h5>\n<ul>\n<li><strong>FETTVERBRENNUNG:<\/strong> W\u00e4rmt unseren K\u00f6rper wie eine Sauna. Der Taillentrainer-Sauna-Trimmerg\u00fcrtel f\u00fcr M\u00e4nner erh\u00f6ht effektiv die Kalorienverbrennung und erm\u00f6glicht Ihnen ein effektiveres Training. W\u00e4hlen Sie aus unserem Sortiment an Taillentrainern f\u00fcr M\u00e4nner, um effektiv Bauchfett abzubauen und in k\u00fcrzester Zeit schlank machende Ergebnisse zu erzielen, indem Sie Zentimeter verlieren.<\/li>\n<li><strong>GLATTE LINIEN:<\/strong> Dieser Fitness-Taillentrainer von uns bietet Schutz und Unterst\u00fctzung oberhalb des Bauches, perfekt f\u00fcr alle, die beim Training zus\u00e4tzliche Unterst\u00fctzung suchen. Mithilfe von Shapewear sp\u00fcren wir, wie effektiver das Schwitzen ist, um Giftstoffe zu beseitigen und den Kalorienverbrennungsprozess zu beschleunigen. Erreichen Sie eine kontrollierte und vern\u00fcnftige Ern\u00e4hrung, verlieren Sie Gewicht und f\u00f6rdern Sie die Erholung des Bierbauchs. Gleichzeitig werden gute Ergebnisse bei der Vorbeugung von Verletzungen erzielt. Der Sauna-Schwitzeffekt des Taillentrainers bietet zus\u00e4tzliche Unterst\u00fctzung f\u00fcr die Rumpfmuskulatur des unteren R\u00fcckens und des Bauchs und reduziert so Zerrungen und andere potenzielle Risiken.<\/li>\n<li><strong>Haltungskorrektur:<\/strong> 4 verstellbare Haken- und \u00d6senverschl\u00fcsse und 7 spiralf\u00f6rmige flexible Stahlst\u00e4be am Lendentrainer f\u00fcr M\u00e4nner bieten starke R\u00fcckenunterst\u00fctzung. Es sch\u00fctzt Ihren Rumpf und lindert Ihre Schmerzen im unteren R\u00fccken. Diese Kollektion von figurformenden Taillentrainer-Miederg\u00fcrteln aus unserer Kollektion bietet Ihnen R\u00fcckenunterst\u00fctzung, Bauchkompression und hilft, unerw\u00fcnschte Fettp\u00f6lsterchen zu beseitigen. Es verhindert auch, dass sich Ihre Kleidung aufrollt, und hilft wirklich, Ihre R\u00fcckenschmerzen zu lindern und Ihre Haltung zu korrigieren.<\/li>\n<li><strong>T\u00c4GLICHE \u00dcBUNG:<\/strong> Wir empfehlen Ihnen, sich f\u00fcr unsere Kollektion von Sweat-Taillentrainern f\u00fcr M\u00e4nner zu entscheiden, die Ihnen beim Fettverbrennen, Abnehmen und Fitwerden helfen, Ihren Bauchumfang reduzieren und Ihnen zu einem gesunden und wohlgeformten K\u00f6rper verhelfen. Ideal f\u00fcr Zumba, Yoga, Fitnessstudio und viele andere Sportarten, kann auch t\u00e4glich getragen werden.<\/li>\n<\/ul>\n<h6><em>Kompressions-Bauchkontrolle, Sauna-Schwei\u00df-Body-Shaper, Taillentrainer f\u00fcr M\u00e4nner<\/em><\/h6>\n<ul>\n<li>Unser Taillentrainer f\u00fcr M\u00e4nner ist eine perfekte Mischung aus Stil, Funktionalit\u00e4t und Qualit\u00e4t. F\u00fcr Gro\u00dfh\u00e4ndler, die innovative Fitnessl\u00f6sungen anbieten m\u00f6chten, ist dieser Taillentrainer-Miederg\u00fcrtel mit Sauna-Trimmer eine hervorragende Wahl.<\/li>\n<li>Mit Anpassungsoptionen, einer Reihe von Gr\u00f6\u00dfen und dem Versprechen einer schnellen Lieferung ist der beste Taillentrainer f\u00fcr weniger Bauchfett eine unverzichtbare Erg\u00e4nzung Ihres Inventars. Tauchen Sie mit diesem au\u00dfergew\u00f6hnlichen Fitnessteil in die Welt des Gro\u00dfhandels ein. Bestellen Sie noch heute!<\/li>\n<\/ul>","protected":false},"excerpt":{"rendered":"<ul>\n<li>Steigern Sie Ihre Fitness mit unserem Shapewear-Bauchtrainer-Taillentrimmerg\u00fcrtel f\u00fcr Herren.<\/li>\n<li>Dieser lange Torso-Taillentrainer-Sauna-Trimmerg\u00fcrtel besteht aus einer Mischung aus Elasthan und Polyester und betont Ihre Taille. Er bietet sowohl Halt als auch Stil und ist damit f\u00fcr jeden Fitnessbegeisterten unverzichtbar.<\/li>\n<\/ul>","protected":false},"featured_media":2386,"comment_status":"open","ping_status":"closed","template":"","meta":{"site-sidebar-layout":"default","site-content-layout":"default","ast-site-content-layout":"default","site-content-style":"default","site-sidebar-style":"default","ast-global-header-display":"","ast-banner-title-visibility":"","ast-main-header-display":"","ast-hfb-above-header-display":"","ast-hfb-below-header-display":"","ast-hfb-mobile-header-display":"","site-post-title":"","ast-breadcrumbs-content":"","ast-featured-img":"","footer-sml-layout":"","ast-disable-related-posts":"","theme-transparent-header-meta":"default","adv-header-id-meta":"","stick-header-meta":"default","header-above-stick-meta":"","header-main-stick-meta":"","header-below-stick-meta":"","astra-migrate-meta-layouts":"set","ast-page-background-enabled":"default","ast-page-background-meta":{"desktop":{"background-color":"","background-image":"","background-repeat":"repeat","background-position":"center center","background-size":"auto","background-attachment":"scroll","background-type":"","background-media":"","overlay-type":"","overlay-color":"","overlay-opacity":"","overlay-gradient":""},"tablet":{"background-color":"","background-image":"","background-repeat":"repeat","background-position":"center center","background-size":"auto","background-attachment":"scroll","background-type":"","background-media":"","overlay-type":"","overlay-color":"","overlay-opacity":"","overlay-gradient":""},"mobile":{"background-color":"","background-image":"","background-repeat":"repeat","background-position":"center center","background-size":"auto","background-attachment":"scroll","background-type":"","background-media":"","overlay-type":"","overlay-color":"","overlay-opacity":"","overlay-gradient":""}},"ast-content-background-meta":{"desktop":{"background-color":"var(--ast-global-color-5)","background-image":"","background-repeat":"repeat","background-position":"center center","background-size":"auto","background-attachment":"scroll","background-type":"","background-media":"","overlay-type":"","overlay-color":"","overlay-opacity":"","overlay-gradient":""},"tablet":{"background-color":"var(--ast-global-color-5)","background-image":"","background-repeat":"repeat","background-position":"center center","background-size":"auto","background-attachment":"scroll","background-type":"","background-media":"","overlay-type":"","overlay-color":"","overlay-opacity":"","overlay-gradient":""},"mobile":{"background-color":"var(--ast-global-color-5)","background-image":"","background-repeat":"repeat","background-position":"center center","background-size":"auto","background-attachment":"scroll","background-type":"","background-media":"","overlay-type":"","overlay-color":"","overlay-opacity":"","overlay-gradient":""}}},"product_brand":[],"product_cat":[65,76,90,94,96],"product_tag":[194,153,136,139,173,154],"class_list":{"0":"post-2384","1":"product","2":"type-product","3":"status-publish","4":"has-post-thumbnail","6":"product_cat-best-sellers","7":"product_cat-new-arrivels","8":"product_cat-wholesale-waist-trainer","9":"product_cat-n-in-1-waist-trainer","10":"product_cat-sweat-waist-trainer","11":"product_tag-adjustable","12":"product_tag-boned","13":"product_tag-bridal","14":"product_tag-high-waist","15":"product_tag-sauna-suit-for-men","16":"product_tag-with-hooks","17":"pa_color-blue","18":"pa_color-sliver","19":"pa_size-l","20":"pa_size-m","21":"pa_size-s","22":"pa_size-xl","23":"pa_size-xxl","24":"pa_size-xxxl","25":"desktop-align-center","26":"tablet-align-left","27":"mobile-align-left","28":"ast-product-gallery-layout-horizontal-slider","29":"ast-product-single-variable","30":"ast-product-tabs-layout-horizontal","31":"ast-qv-on-image","33":"first","34":"instock","35":"shipping-taxable","36":"purchasable","37":"product-type-variable"},"tiered_pricing_type":"fixed","tiered_pricing_fixed_rules":{"5":4.84,"50":4.52,"100":3.87},"tiered_pricing_product_settings":{"layout":"default","base_unit_name":{"singular":null,"plural":null},"default_variation":{}},"tiered_pricing_minimum_quantity":null,"tiered_pricing_roles_data":[],"tiered_pricing_percentage_rules":[],"_links":{"self":[{"href":"https:\/\/yume-silm.com\/de\/wp-json\/wp\/v2\/product\/2384","targetHints":{"allow":["GET"]}}],"collection":[{"href":"https:\/\/yume-silm.com\/de\/wp-json\/wp\/v2\/product"}],"about":[{"href":"https:\/\/yume-silm.com\/de\/wp-json\/wp\/v2\/types\/product"}],"replies":[{"embeddable":true,"href":"https:\/\/yume-silm.com\/de\/wp-json\/wp\/v2\/comments?post=2384"}],"wp:featuredmedia":[{"embeddable":true,"href":"https:\/\/yume-silm.com\/de\/wp-json\/wp\/v2\/media\/2386"}],"wp:attachment":[{"href":"https:\/\/yume-silm.com\/de\/wp-json\/wp\/v2\/media?parent=2384"}],"wp:term":[{"taxonomy":"product_brand","embeddable":true,"href":"https:\/\/yume-silm.com\/de\/wp-json\/wp\/v2\/product_brand?post=2384"},{"taxonomy":"product_cat","embeddable":true,"href":"https:\/\/yume-silm.com\/de\/wp-json\/wp\/v2\/product_cat?post=2384"},{"taxonomy":"product_tag","embeddable":true,"href":"https:\/\/yume-silm.com\/de\/wp-json\/wp\/v2\/product_tag?post=2384"}],"curies":[{"name":"wp","href":"https:\/\/api.w.org\/{rel}","templated":true}]}}