{"id":2420,"date":"2023-05-11T03:17:55","date_gmt":"2023-05-11T03:17:55","guid":{"rendered":"https:\/\/yume-silm.com\/?post_type=product&#038;p=2420"},"modified":"2024-05-11T01:49:48","modified_gmt":"2024-05-11T01:49:48","slug":"spitzen-taillenmieder-mit-hoher-elastizitat-garn","status":"publish","type":"product","link":"https:\/\/yume-silm.com\/de\/produkt\/spitzen-taillenmieder-mit-hoher-elastizitat-garn\/","title":{"rendered":"Atmungsaktiver Taillenmieder aus Spitze mit hoher Elastizit\u00e4t im Gro\u00dfhandel"},"content":{"rendered":"<h5>Design-Merkmale<\/h5>\n<ul>\n<li><strong>LANGER TORSO-TAILLENTRAINER:<\/strong> Der beste Taillentrainer f\u00fcr weniger Bauchfett zeigt einen starken taillenformenden Effekt. Der Sweat-Taillentrainer umschlie\u00dft den gesamten Bauch und die Taille, um die perfekte Sanduhrfigur zu erzielen. Der lange Oberk\u00f6rper des Damen-Taillentrainers, der bis knapp unter die Br\u00fcste reicht, erm\u00f6glicht es Ihnen, die Nahrungsmenge zu reduzieren, indem Sie den Bauch leicht zusammendr\u00fccken, um optimal abzunehmen.<\/li>\n<li><strong>DREIFACH-SCHNALLE:<\/strong> Das Taillentrainer-Korsett hat drei Lagen Klettverschl\u00fcsse, die eine geschlossene Schlaufe bilden, sodass es sich leicht an- und ausziehen l\u00e4sst. Au\u00dferdem k\u00f6nnen Sie den Tragekomfort beim Tragen des Hot Shapers-Taillentrainers ganz bequem frei an Ihre K\u00f6rperform anpassen.<\/li>\n<li><strong>ATMUNGSAKTIVER KOMFORT:<\/strong> Dieser Sauna-Taillentrainer ist aus atmungsaktivem Stoff hergestellt, der die Haut atmen l\u00e4sst und so maximalen Komfort gew\u00e4hrleistet.<\/li>\n<li><strong>FASHION FORWARD:<\/strong> Der Taillentrainer in Sanduhrform verf\u00fcgt \u00fcber ein Garndesign und einen schicken Spitzenbesatz, der dem Gesamtbild des Taillenkorsetts einen Hauch von Raffinesse verleiht und den Kundinnen hilft, immer einen Schritt voraus zu sein, was die Modetrends angeht.<\/li>\n<li><strong>MULTIFUNKTIONALIT\u00c4T:<\/strong> Dieser Taillenmiederg\u00fcrtel eignet sich perfekt f\u00fcr den Alltag und besondere Anl\u00e4sse, sei es bei der Arbeit, beim Einkaufen, auf Reisen oder sogar bei Cocktailpartys, Verabredungen, Partys usw. Er wird Sie stolz machen und Ihre Sanduhrfigur perfekt zur Geltung bringen \u2013 eine Bereicherung f\u00fcr die Garderobe der Kundinnen.<\/li>\n<\/ul>\n<h6><em>Leistungsstarkes Taillentrainer-Korsett zur Bauchkontrolle f\u00fcr Damen mit Spitzenbesatz und atmungsaktivem Garneffekt<\/em><\/h6>\n<ul>\n<li>Unser atmungsaktiver Taillenmieder aus Spitze mit hoher Elastizit\u00e4t ist ein Beweis f\u00fcr hochwertige Handwerkskunst und innovatives Design.<\/li>\n<li>F\u00fcr Gro\u00dfh\u00e4ndler, die erstklassige Produkte anbieten m\u00f6chten, die Qualit\u00e4t und Stil vereinen, ist dieser Sculpt-Taillentrainer die erste Wahl.<\/li>\n<li>Mit Anpassungsoptionen, einer Reihe von Gr\u00f6\u00dfen und dem Versprechen einer schnellen Lieferung ist es eine unverzichtbare Erg\u00e4nzung Ihres Inventars.<\/li>\n<li>Tauchen Sie mit diesem herausragenden St\u00fcck in die Welt des Gro\u00dfhandels ein. Bestellen Sie heute!<\/li>\n<\/ul>","protected":false},"excerpt":{"rendered":"<ul>\n<li>Wir stellen unseren atmungsaktiven Taillenmieder aus Spitze mit hoher Elastizit\u00e4t vor, eine perfekte Kombination aus Stil und Funktionalit\u00e4t.<\/li>\n<li>Dieser Fitness-Taillentrainer aus hochelastischem Garn bietet eine hervorragende Bauchkontrolle, erg\u00e4nzt durch eine schicke Spitzenverzierung, die sowohl Komfort als auch Eleganz gew\u00e4hrleistet.<\/li>\n<\/ul>","protected":false},"featured_media":2450,"comment_status":"open","ping_status":"closed","template":"","meta":{"site-sidebar-layout":"default","site-content-layout":"default","ast-site-content-layout":"default","site-content-style":"default","site-sidebar-style":"default","ast-global-header-display":"","ast-banner-title-visibility":"","ast-main-header-display":"","ast-hfb-above-header-display":"","ast-hfb-below-header-display":"","ast-hfb-mobile-header-display":"","site-post-title":"","ast-breadcrumbs-content":"","ast-featured-img":"","footer-sml-layout":"","ast-disable-related-posts":"","theme-transparent-header-meta":"default","adv-header-id-meta":"","stick-header-meta":"default","header-above-stick-meta":"","header-main-stick-meta":"","header-below-stick-meta":"","astra-migrate-meta-layouts":"set","ast-page-background-enabled":"default","ast-page-background-meta":{"desktop":{"background-color":"","background-image":"","background-repeat":"repeat","background-position":"center center","background-size":"auto","background-attachment":"scroll","background-type":"","background-media":"","overlay-type":"","overlay-color":"","overlay-opacity":"","overlay-gradient":""},"tablet":{"background-color":"","background-image":"","background-repeat":"repeat","background-position":"center center","background-size":"auto","background-attachment":"scroll","background-type":"","background-media":"","overlay-type":"","overlay-color":"","overlay-opacity":"","overlay-gradient":""},"mobile":{"background-color":"","background-image":"","background-repeat":"repeat","background-position":"center center","background-size":"auto","background-attachment":"scroll","background-type":"","background-media":"","overlay-type":"","overlay-color":"","overlay-opacity":"","overlay-gradient":""}},"ast-content-background-meta":{"desktop":{"background-color":"var(--ast-global-color-5)","background-image":"","background-repeat":"repeat","background-position":"center center","background-size":"auto","background-attachment":"scroll","background-type":"","background-media":"","overlay-type":"","overlay-color":"","overlay-opacity":"","overlay-gradient":""},"tablet":{"background-color":"var(--ast-global-color-5)","background-image":"","background-repeat":"repeat","background-position":"center center","background-size":"auto","background-attachment":"scroll","background-type":"","background-media":"","overlay-type":"","overlay-color":"","overlay-opacity":"","overlay-gradient":""},"mobile":{"background-color":"var(--ast-global-color-5)","background-image":"","background-repeat":"repeat","background-position":"center center","background-size":"auto","background-attachment":"scroll","background-type":"","background-media":"","overlay-type":"","overlay-color":"","overlay-opacity":"","overlay-gradient":""}}},"product_brand":[],"product_cat":[76,65,90,92],"product_tag":[194,198,152,149,154],"class_list":{"0":"post-2420","1":"product","2":"type-product","3":"status-publish","4":"has-post-thumbnail","6":"product_cat-new-arrivels","7":"product_cat-best-sellers","8":"product_cat-wholesale-waist-trainer","9":"product_cat-wholesale-waist-girdle","10":"product_tag-adjustable","11":"product_tag-hourglass","12":"product_tag-lace-up","13":"product_tag-long-torso","14":"product_tag-with-hooks","15":"pa_color-beige","16":"pa_color-black","17":"pa_color-purple","18":"pa_size-l","19":"pa_size-m","20":"pa_size-s","21":"pa_size-xl","22":"pa_size-xxl","23":"pa_size-xxxl","24":"desktop-align-center","25":"tablet-align-left","26":"mobile-align-left","27":"ast-product-gallery-layout-horizontal-slider","28":"ast-product-single-variable","29":"ast-product-tabs-layout-horizontal","30":"ast-qv-on-image","32":"first","33":"instock","34":"shipping-taxable","35":"purchasable","36":"product-type-variable"},"tiered_pricing_type":"fixed","tiered_pricing_fixed_rules":{"5":3.79,"50":2.99,"100":2.59},"tiered_pricing_product_settings":{"layout":"default","base_unit_name":{"singular":null,"plural":null},"default_variation":{}},"tiered_pricing_minimum_quantity":null,"tiered_pricing_roles_data":[],"tiered_pricing_percentage_rules":[],"_links":{"self":[{"href":"https:\/\/yume-silm.com\/de\/wp-json\/wp\/v2\/product\/2420","targetHints":{"allow":["GET"]}}],"collection":[{"href":"https:\/\/yume-silm.com\/de\/wp-json\/wp\/v2\/product"}],"about":[{"href":"https:\/\/yume-silm.com\/de\/wp-json\/wp\/v2\/types\/product"}],"replies":[{"embeddable":true,"href":"https:\/\/yume-silm.com\/de\/wp-json\/wp\/v2\/comments?post=2420"}],"wp:featuredmedia":[{"embeddable":true,"href":"https:\/\/yume-silm.com\/de\/wp-json\/wp\/v2\/media\/2450"}],"wp:attachment":[{"href":"https:\/\/yume-silm.com\/de\/wp-json\/wp\/v2\/media?parent=2420"}],"wp:term":[{"taxonomy":"product_brand","embeddable":true,"href":"https:\/\/yume-silm.com\/de\/wp-json\/wp\/v2\/product_brand?post=2420"},{"taxonomy":"product_cat","embeddable":true,"href":"https:\/\/yume-silm.com\/de\/wp-json\/wp\/v2\/product_cat?post=2420"},{"taxonomy":"product_tag","embeddable":true,"href":"https:\/\/yume-silm.com\/de\/wp-json\/wp\/v2\/product_tag?post=2420"}],"curies":[{"name":"wp","href":"https:\/\/api.w.org\/{rel}","templated":true}]}}