{"id":2453,"date":"2023-05-11T03:48:03","date_gmt":"2023-05-11T03:48:03","guid":{"rendered":"https:\/\/yume-silm.com\/?post_type=product&#038;p=2453"},"modified":"2024-05-11T05:27:02","modified_gmt":"2024-05-11T05:27:02","slug":"doppellagiger-verstarkter-taillenmieder-mit-4-lagen-haken","status":"publish","type":"product","link":"https:\/\/yume-silm.com\/de\/produkt\/doppellagiger-verstarkter-taillenmieder-mit-4-lagen-haken\/","title":{"rendered":"Gro\u00dfhandel mit doppeltem Kompressionsclip und Rei\u00dfverschluss, Taillentrimmer aus Gummi"},"content":{"rendered":"<h5>Design-Merkmale<\/h5>\n<ul>\n<li><strong>DOPPELTE VERST\u00c4RKUNG:<\/strong> Der Doppelkompressions-Taillentrainer bietet \u00fcberragenden Halt und Haltbarkeit f\u00fcr langanhaltende Zufriedenheit Ihrer Kunden.<\/li>\n<li><strong>EINSTELLBARE PASSFORM:<\/strong> Unser Taillenmieder verf\u00fcgt \u00fcber zuverl\u00e4ssige Haken, die es Kunden leicht machen, die perfekte Passform zu finden und die Attraktivit\u00e4t des Produkts zu erh\u00f6hen.<\/li>\n<li><strong>Benutzerfreundlichkeit:<\/strong> Der doppellagige Taillenformer mit integriertem Rei\u00dfverschluss sorgt f\u00fcr Benutzerfreundlichkeit, verbessert das Benutzererlebnis und steigert Ihren Ruf f\u00fcr kundenfreundliche Produkte.<\/li>\n<li><strong>VERKAUFSZAHLEN STEIGERN:<\/strong> Eine wichtige Erg\u00e4nzung: Unser neu \u00fcberarbeiteter Taillentrimmer aus Gummi mit Clip und Rei\u00dfverschluss wurde entwickelt, um den neuesten Trends und Anforderungen des Shapewear-Marktes gerecht zu werden.<\/li>\n<li><strong>KUNDENZUFRIEDENHEIT:<\/strong> Das hochwertige Taillen-Bauchkorsett mit Rei\u00dfverschluss und doppelter Verst\u00e4rkung wird mit seinem hochwertigen Design und den hochwertigen Materialien zu einer der Lieblingsproduktlinien Ihrer Kunden und f\u00fchrt zu erh\u00f6hter Loyalit\u00e4t und Wiederholungsk\u00e4ufen.<\/li>\n<\/ul>\n<h6><em><span class=\"111\" data-slate-leaf=\"true\">Workout-Tanktop zum Abnehmen, schlank <\/span><span class=\"00\" data-slate-leaf=\"true\">Taillenmieder<\/span><\/em><\/h6>\n<ul>\n<li>Zusammenfassend unsere doppelte Komprimierung <span data-slate-fragment=\"JTVCJTdCJTIydHlwZSUyMiUzQSUyMnBhcmFncmFwaCUyMiUyQyUyMmNoaWxkcmVuJTIyJTNBJTVCJTdCJTIyc2VudGVuY2UlMjIlM0EyMCUyQyUyMmNoaWxkU2VudGVuY2UlMjIlM0ExJTJDJTIydGV4dCUyMiUzQSUyMmNsaXAlMjBhbmQlMjB6aXBwZXIlMjBydWJiZXIlMjB3YWlzdCUyMHRyaW1tZXIlMjBjaW5jaGVyJTIyJTdEJTVEJTdEJTVE\">Taillentrimmer aus Gummi mit Clip und Rei\u00dfverschluss<\/span> ist eine Mischung aus Stil, Komfort und Funktionalit\u00e4t. F\u00fcr Gro\u00dfh\u00e4ndler, die innovative Shapewear-L\u00f6sungen anbieten m\u00f6chten, sticht dieses Produkt hervor.<\/li>\n<li>Mit Anpassungsoptionen, einer Vielzahl von Gr\u00f6\u00dfen und dem Versprechen einer schnellen Lieferung ist es eine gro\u00dfartige Erg\u00e4nzung Ihres Lagerbestands. Lassen Sie sich von diesem au\u00dfergew\u00f6hnlichen Weste-Sportg\u00fcrtel mit Bauchkontrolle und Taillenformern in die Welt des Gro\u00dfhandels entf\u00fchren. Jetzt bestellen!<\/li>\n<\/ul>","protected":false},"excerpt":{"rendered":"<p>Werten Sie Ihre Kollektion mit unserem Taillenmieder aus Gummi mit Clip und Rei\u00dfverschluss und 3-lagigen Haken auf. Dieser Taillenformer wurde fachm\u00e4nnisch f\u00fcr un\u00fcbertroffene Unterst\u00fctzung und Einstellbarkeit gefertigt und verspricht ultimative Zufriedenheit f\u00fcr Ihre Kunden.<\/p>","protected":false},"featured_media":2465,"comment_status":"open","ping_status":"closed","template":"","meta":{"site-sidebar-layout":"default","site-content-layout":"default","ast-site-content-layout":"default","site-content-style":"default","site-sidebar-style":"default","ast-global-header-display":"","ast-banner-title-visibility":"","ast-main-header-display":"","ast-hfb-above-header-display":"","ast-hfb-below-header-display":"","ast-hfb-mobile-header-display":"","site-post-title":"","ast-breadcrumbs-content":"","ast-featured-img":"","footer-sml-layout":"","ast-disable-related-posts":"","theme-transparent-header-meta":"default","adv-header-id-meta":"","stick-header-meta":"default","header-above-stick-meta":"","header-main-stick-meta":"","header-below-stick-meta":"","astra-migrate-meta-layouts":"set","ast-page-background-enabled":"default","ast-page-background-meta":{"desktop":{"background-color":"","background-image":"","background-repeat":"repeat","background-position":"center center","background-size":"auto","background-attachment":"scroll","background-type":"","background-media":"","overlay-type":"","overlay-color":"","overlay-opacity":"","overlay-gradient":""},"tablet":{"background-color":"","background-image":"","background-repeat":"repeat","background-position":"center center","background-size":"auto","background-attachment":"scroll","background-type":"","background-media":"","overlay-type":"","overlay-color":"","overlay-opacity":"","overlay-gradient":""},"mobile":{"background-color":"","background-image":"","background-repeat":"repeat","background-position":"center center","background-size":"auto","background-attachment":"scroll","background-type":"","background-media":"","overlay-type":"","overlay-color":"","overlay-opacity":"","overlay-gradient":""}},"ast-content-background-meta":{"desktop":{"background-color":"var(--ast-global-color-5)","background-image":"","background-repeat":"repeat","background-position":"center center","background-size":"auto","background-attachment":"scroll","background-type":"","background-media":"","overlay-type":"","overlay-color":"","overlay-opacity":"","overlay-gradient":""},"tablet":{"background-color":"var(--ast-global-color-5)","background-image":"","background-repeat":"repeat","background-position":"center center","background-size":"auto","background-attachment":"scroll","background-type":"","background-media":"","overlay-type":"","overlay-color":"","overlay-opacity":"","overlay-gradient":""},"mobile":{"background-color":"var(--ast-global-color-5)","background-image":"","background-repeat":"repeat","background-position":"center center","background-size":"auto","background-attachment":"scroll","background-type":"","background-media":"","overlay-type":"","overlay-color":"","overlay-opacity":"","overlay-gradient":""}}},"product_brand":[],"product_cat":[65,76,90,92],"product_tag":[153,456,151,198,457,200,149,185,184],"class_list":{"0":"post-2453","1":"product","2":"type-product","3":"status-publish","4":"has-post-thumbnail","6":"product_cat-best-sellers","7":"product_cat-new-arrivels","8":"product_cat-wholesale-waist-trainer","9":"product_cat-wholesale-waist-girdle","10":"product_tag-boned","11":"product_tag-cincher","12":"product_tag-double-compression","13":"product_tag-hourglass","14":"product_tag-large-size","15":"product_tag-latex","16":"product_tag-long-torso","17":"product_tag-workout","18":"product_tag-zipper","19":"pa_color-black","20":"pa_size-4xl","21":"pa_size-5xl","22":"pa_size-6xl","23":"pa_size-l","24":"pa_size-m","25":"pa_size-s","26":"pa_size-xl","27":"pa_size-xs","28":"pa_size-xxl","29":"pa_size-xxxl","30":"desktop-align-center","31":"tablet-align-left","32":"mobile-align-left","33":"ast-product-gallery-layout-horizontal-slider","34":"ast-product-single-variable","35":"ast-product-tabs-layout-horizontal","36":"ast-qv-on-image","38":"first","39":"instock","40":"shipping-taxable","41":"purchasable","42":"product-type-variable"},"tiered_pricing_type":"fixed","tiered_pricing_fixed_rules":{"5":7.59,"50":6.79,"100":5.49},"tiered_pricing_product_settings":{"layout":"default","base_unit_name":{"singular":null,"plural":null},"default_variation":{}},"tiered_pricing_minimum_quantity":null,"tiered_pricing_roles_data":[],"tiered_pricing_percentage_rules":[],"_links":{"self":[{"href":"https:\/\/yume-silm.com\/de\/wp-json\/wp\/v2\/product\/2453","targetHints":{"allow":["GET"]}}],"collection":[{"href":"https:\/\/yume-silm.com\/de\/wp-json\/wp\/v2\/product"}],"about":[{"href":"https:\/\/yume-silm.com\/de\/wp-json\/wp\/v2\/types\/product"}],"replies":[{"embeddable":true,"href":"https:\/\/yume-silm.com\/de\/wp-json\/wp\/v2\/comments?post=2453"}],"wp:featuredmedia":[{"embeddable":true,"href":"https:\/\/yume-silm.com\/de\/wp-json\/wp\/v2\/media\/2465"}],"wp:attachment":[{"href":"https:\/\/yume-silm.com\/de\/wp-json\/wp\/v2\/media?parent=2453"}],"wp:term":[{"taxonomy":"product_brand","embeddable":true,"href":"https:\/\/yume-silm.com\/de\/wp-json\/wp\/v2\/product_brand?post=2453"},{"taxonomy":"product_cat","embeddable":true,"href":"https:\/\/yume-silm.com\/de\/wp-json\/wp\/v2\/product_cat?post=2453"},{"taxonomy":"product_tag","embeddable":true,"href":"https:\/\/yume-silm.com\/de\/wp-json\/wp\/v2\/product_tag?post=2453"}],"curies":[{"name":"wp","href":"https:\/\/api.w.org\/{rel}","templated":true}]}}