{"id":2539,"date":"2023-05-12T03:48:23","date_gmt":"2023-05-12T03:48:23","guid":{"rendered":"https:\/\/yume-silm.com\/?post_type=product&#038;p=2539"},"modified":"2024-05-11T02:35:55","modified_gmt":"2024-05-11T02:35:55","slug":"atmungsaktiver-nahtloser-gurtel-mit-4-teiliger-knochenstutze","status":"publish","type":"product","link":"https:\/\/yume-silm.com\/de\/produkt\/atmungsaktiver-nahtloser-gurtel-mit-4-teiliger-knochenstutze\/","title":{"rendered":"Atmungsaktiver nahtloser Taillenmiederg\u00fcrtel mit 4-teiliger St\u00fctze aus St\u00e4bchen"},"content":{"rendered":"<h5>Design-Merkmale<\/h5>\n<ul>\n<li><strong>HOHE ELASTIZIT\u00c4T:<\/strong> Dieser hoch taillierte Taillentrainer besteht aus einem Mischgewebe aus Nylon und Elasthan, das f\u00fcr eine enge Passform und Elastizit\u00e4t sorgt. Er kann wiederholt getragen werden und die Elastizit\u00e4t bleibt lange erhalten.<\/li>\n<li><strong>KNORPELUNTERST\u00dcTZUNG:<\/strong> Unsere Taillenmieder sind mit vier Knorpelst\u00fccken verst\u00e4rkt und bieten so beispiellosen Halt und Haltbarkeit, sodass Sie dauerhaft zufrieden mit der Bauchkontrolle sind.<\/li>\n<li><strong>ATMUNGSAKTIVIT\u00c4T:<\/strong> Der beste Taillentrainer f\u00fcr weniger Bauchfett ist auf ganzt\u00e4gigen Komfort ausgelegt und das atmungsaktive Gewebe sorgt daf\u00fcr, dass Ihre Kunden k\u00fchl und bequem bleiben.<\/li>\n<li><strong>NAHTLOSES DESIGN:<\/strong> Die nahtlose Konstruktion des Taillenmiederg\u00fcrtels f\u00fcr Damen sorgt f\u00fcr eine glatte Passform unter jedem Outfit und f\u00fcr einen eleganten Look.<\/li>\n<li><strong>SANDUHR-FIGUR:<\/strong> Wenn Sie mit einem Taillentrainer trainieren und Sport treiben, werden Sie vor und nach dem Tragen des Taillenmieders eine gro\u00dfe Ver\u00e4nderung feststellen und vor allem die ideale Sanduhrfigur bekommen. Perfekt zum Tragen beim Training, bei einem Date oder auf einer Party. Sie werden garantiert gro\u00dfartig aussehen.<\/li>\n<li><strong>VERK\u00c4UFE STEIGERN:<\/strong> Mit seinem innovativen Design und den hochwertigen Materialien kann dieser atmungsaktive, nahtlose Taillenmiederg\u00fcrtel mit 4-teiliger St\u00fctzst\u00e4bchenunterst\u00fctzung Ihren Umsatz steigern und den sich \u00e4ndernden Anforderungen des Taillenkorsettmarktes gerecht werden.<\/li>\n<\/ul>\n<h6><em>Leistungsstarker Taillentrainer-G\u00fcrtel zur Bauchkontrolle f\u00fcr Damen<\/em><\/h6>\n<ul>\n<li>Unser atmungsaktiver, nahtloser Taillenmiederg\u00fcrtel mit 4-teiliger St\u00fctzst\u00e4bchenverst\u00e4rkung ist eine Kombination aus Innovation, Stil und Komfort. F\u00fcr Gro\u00dfh\u00e4ndler, die erstklassige Produkte anbieten m\u00f6chten, die den neuesten Trends entsprechen, ist dieser Taillenmiederg\u00fcrtel ein Muss.<\/li>\n<li>Mit Anpassungsoptionen, einer Reihe von Gr\u00f6\u00dfen und dem Versprechen einer schnellen Lieferung ist es eine wertvolle Erg\u00e4nzung Ihres Lagerbestands. Tauchen Sie mit diesem au\u00dfergew\u00f6hnlichen Accessoire in die Welt des Gro\u00dfhandels ein. Bestellen Sie heute!<\/li>\n<\/ul>","protected":false},"excerpt":{"rendered":"<p>Erleben Sie die Verschmelzung von Stil und Funktionalit\u00e4t mit unserem atmungsaktiven nahtlosen Taillenmiederg\u00fcrtel, verst\u00e4rkt durch 4-teilige St\u00fctzst\u00e4bchen. Dieser f\u00fcr anspruchsvolle Kunden gefertigte Taillenmiederg\u00fcrtel bietet eine nahtlose Passform und sorgt den ganzen Tag \u00fcber f\u00fcr Komfort und Selbstvertrauen.<\/p>","protected":false},"featured_media":2550,"comment_status":"open","ping_status":"closed","template":"","meta":{"site-sidebar-layout":"default","site-content-layout":"default","ast-site-content-layout":"default","site-content-style":"default","site-sidebar-style":"default","ast-global-header-display":"","ast-banner-title-visibility":"","ast-main-header-display":"","ast-hfb-above-header-display":"","ast-hfb-below-header-display":"","ast-hfb-mobile-header-display":"","site-post-title":"","ast-breadcrumbs-content":"","ast-featured-img":"","footer-sml-layout":"","ast-disable-related-posts":"","theme-transparent-header-meta":"default","adv-header-id-meta":"","stick-header-meta":"default","header-above-stick-meta":"","header-main-stick-meta":"","header-below-stick-meta":"","astra-migrate-meta-layouts":"set","ast-page-background-enabled":"default","ast-page-background-meta":{"desktop":{"background-color":"","background-image":"","background-repeat":"repeat","background-position":"center center","background-size":"auto","background-attachment":"scroll","background-type":"","background-media":"","overlay-type":"","overlay-color":"","overlay-opacity":"","overlay-gradient":""},"tablet":{"background-color":"","background-image":"","background-repeat":"repeat","background-position":"center center","background-size":"auto","background-attachment":"scroll","background-type":"","background-media":"","overlay-type":"","overlay-color":"","overlay-opacity":"","overlay-gradient":""},"mobile":{"background-color":"","background-image":"","background-repeat":"repeat","background-position":"center center","background-size":"auto","background-attachment":"scroll","background-type":"","background-media":"","overlay-type":"","overlay-color":"","overlay-opacity":"","overlay-gradient":""}},"ast-content-background-meta":{"desktop":{"background-color":"var(--ast-global-color-5)","background-image":"","background-repeat":"repeat","background-position":"center center","background-size":"auto","background-attachment":"scroll","background-type":"","background-media":"","overlay-type":"","overlay-color":"","overlay-opacity":"","overlay-gradient":""},"tablet":{"background-color":"var(--ast-global-color-5)","background-image":"","background-repeat":"repeat","background-position":"center center","background-size":"auto","background-attachment":"scroll","background-type":"","background-media":"","overlay-type":"","overlay-color":"","overlay-opacity":"","overlay-gradient":""},"mobile":{"background-color":"var(--ast-global-color-5)","background-image":"","background-repeat":"repeat","background-position":"center center","background-size":"auto","background-attachment":"scroll","background-type":"","background-media":"","overlay-type":"","overlay-color":"","overlay-opacity":"","overlay-gradient":""}}},"product_brand":[],"product_cat":[65,76,90,95],"product_tag":[153,147,149,523],"class_list":{"0":"post-2539","1":"product","2":"type-product","3":"status-publish","4":"has-post-thumbnail","6":"product_cat-best-sellers","7":"product_cat-new-arrivels","8":"product_cat-wholesale-waist-trainer","9":"product_cat-waist-cincher","10":"product_tag-boned","11":"product_tag-cross","12":"product_tag-long-torso","13":"product_tag-seemless","14":"pa_color-beige","15":"pa_color-black","16":"pa_size-m-l","17":"pa_size-xl-xxl","18":"pa_size-xs-s","19":"pa_size-xxxl","20":"desktop-align-center","21":"tablet-align-left","22":"mobile-align-left","23":"ast-product-gallery-layout-horizontal-slider","24":"ast-product-single-variable","25":"ast-product-tabs-layout-horizontal","26":"ast-qv-on-image","28":"first","29":"instock","30":"shipping-taxable","31":"purchasable","32":"product-type-variable"},"tiered_pricing_type":"fixed","tiered_pricing_fixed_rules":{"2":2.79,"50":2.49,"100":2.09},"tiered_pricing_product_settings":{"layout":"default","base_unit_name":{"singular":null,"plural":null},"default_variation":{}},"tiered_pricing_minimum_quantity":null,"tiered_pricing_roles_data":[],"tiered_pricing_percentage_rules":[],"_links":{"self":[{"href":"https:\/\/yume-silm.com\/de\/wp-json\/wp\/v2\/product\/2539","targetHints":{"allow":["GET"]}}],"collection":[{"href":"https:\/\/yume-silm.com\/de\/wp-json\/wp\/v2\/product"}],"about":[{"href":"https:\/\/yume-silm.com\/de\/wp-json\/wp\/v2\/types\/product"}],"replies":[{"embeddable":true,"href":"https:\/\/yume-silm.com\/de\/wp-json\/wp\/v2\/comments?post=2539"}],"wp:featuredmedia":[{"embeddable":true,"href":"https:\/\/yume-silm.com\/de\/wp-json\/wp\/v2\/media\/2550"}],"wp:attachment":[{"href":"https:\/\/yume-silm.com\/de\/wp-json\/wp\/v2\/media?parent=2539"}],"wp:term":[{"taxonomy":"product_brand","embeddable":true,"href":"https:\/\/yume-silm.com\/de\/wp-json\/wp\/v2\/product_brand?post=2539"},{"taxonomy":"product_cat","embeddable":true,"href":"https:\/\/yume-silm.com\/de\/wp-json\/wp\/v2\/product_cat?post=2539"},{"taxonomy":"product_tag","embeddable":true,"href":"https:\/\/yume-silm.com\/de\/wp-json\/wp\/v2\/product_tag?post=2539"}],"curies":[{"name":"wp","href":"https:\/\/api.w.org\/{rel}","templated":true}]}}