{"id":2555,"date":"2023-05-13T03:53:08","date_gmt":"2023-05-13T03:53:08","guid":{"rendered":"https:\/\/yume-silm.com\/?post_type=product&#038;p=2555"},"modified":"2024-11-08T08:45:32","modified_gmt":"2024-11-08T08:45:32","slug":"abnehmen-bauch-frauen-trimmer-sauna-schwimmgurtel-fur-taillentrainer","status":"publish","type":"product","link":"https:\/\/yume-silm.com\/de\/produkt\/abnehmen-bauch-frauen-trimmer-sauna-schwimmgurtel-fur-taillentrainer\/","title":{"rendered":"Gro\u00dfhandel Taillen-Schwei\u00dfg\u00fcrtel zur Gewichtsabnahme f\u00fcr Frauen"},"content":{"rendered":"<h5 data-slate-node=\"element\" data-slate-fragment=\"JTVCJTdCJTIydHlwZSUyMiUzQSUyMnBhcmFncmFwaCUyMiUyQyUyMmNoaWxkcmVuJTIyJTNBJTVCJTdCJTIydGV4dCUyMiUzQSUyMkRlc2lnbiUyMEZlYXR1cmVzJTIyJTJDJTIyc2VudGVuY2UlMjIlM0EyJTJDJTIyY2hpbGRTZW50ZW5jZSUyMiUzQTElN0QlNUQlN0QlMkMlN0IlMjJ0eXBlJTIyJTNBJTIycGFyYWdyYXBoJTIyJTJDJTIyY2hpbGRyZW4lMjIlM0ElNUIlN0IlMjJ0ZXh0JTIyJTNBJTIyJTIyJTJDJTIyc2VudGVuY2UlMjIlM0EzJTJDJTIyY2hpbGRTZW50ZW5jZSUyMiUzQTElN0QlNUQlN0QlNUQ=\"><span data-slate-node=\"text\"><span class=\"21\" data-slate-leaf=\"true\">Design-Merkmale<\/span><\/span><\/h5>\n<ul>\n<li><strong>FLEXIBLE ANPASSUNG:<\/strong> Die dreireihigen Kn\u00f6pfe des Sauna-Taillentrainers, des Schlankheitsg\u00fcrtels f\u00fcr das Fitnessstudio und den Bauch erm\u00f6glichen es dem Benutzer, die Enge anzupassen, um sie an unterschiedliche Trainingsintensit\u00e4ten und K\u00f6rperhaltungen anzupassen.<\/li>\n<li><strong>VERBESSERTE STABILIT\u00c4T:<\/strong> Das doppellagige Rei\u00dfverschlussdesign des Sweat Slim Belt Body Shapers verbessert die Stabilit\u00e4t des Hosenbundes deutlich, verhindert ein Verrutschen oder Verschieben w\u00e4hrend des Trainings und lindert Probleme wie Schmerzen im unteren R\u00fcckenbereich.<\/li>\n<li><strong>STAHLKNOCHENUNTERST\u00dcTZUNG:<\/strong> Ausgestattet mit drei Stahlst\u00e4ben bietet dieser Schlankheitsg\u00fcrtel, Taillenformer, Bauchtrimmer, Schwei\u00df-Schlankheitsg\u00fcrtel und Bauchfettverbrenner eine beispiellose R\u00fcckenunterst\u00fctzung und ist ideal f\u00fcr Personen mit sitzender T\u00e4tigkeit und M\u00fctter nach der Entbindung.<\/li>\n<li><strong>HOCHWERTIGES MATERIAL:<\/strong> Der Schwitzg\u00fcrtel zur Gewichtsabnahme besteht aus Elasthan- und Polyesterfasern, die hochelastisch sind, einen stabilen Sitz um die Taille gew\u00e4hrleisten, langlebig sind und sich nicht so leicht verformen.<\/li>\n<li><strong>UNIVERSELLE ANSPRECHUNG:<\/strong> Dieser Taillen-Schwitzg\u00fcrtel zur Gewichtsabnahme f\u00fcr Frauen eignet sich f\u00fcr zahlreiche Anl\u00e4sse und hilft dabei, Bauchfett zu reduzieren und eine beeindruckende Sanduhrfigur zu schaffen.<\/li>\n<\/ul>\n<h6><em>Verstellbarer Taillentrimmer-Schwei\u00dfg\u00fcrtel zur Gewichtsabnahme f\u00fcr Frauen und M\u00e4nner<\/em><\/h6>\n<ul>\n<li>Unser Taillen-Schwitzg\u00fcrtel zur Gewichtsabnahme f\u00fcr Frauen f\u00fcr den Waist Trainer ist eine harmonische Mischung aus Innovation, Stil und Funktionalit\u00e4t.<\/li>\n<li>F\u00fcr Gro\u00dfh\u00e4ndler, die erstklassige Produkte anbieten m\u00f6chten, die den neuesten Trends entsprechen, ist dieser Fatburner-Trainingsg\u00fcrtel mit Saunaeffekt unverzichtbar.<\/li>\n<li>Mit Anpassungsoptionen, einer Reihe von Gr\u00f6\u00dfen und dem Versprechen einer schnellen Lieferung ist es eine wertvolle Erg\u00e4nzung Ihres Inventars.<\/li>\n<li>Tauchen Sie mit diesem herausragenden St\u00fcck in die Welt des Gro\u00dfhandels ein. Bestellen Sie heute!<\/li>\n<\/ul>","protected":false},"excerpt":{"rendered":"<p>Entdecken Sie die transformative Kraft unseres Slimming Belly Women Trimmer. Dieser Taillen-Schwitzg\u00fcrtel zur Gewichtsabnahme f\u00fcr Frauen mit Rei\u00dfverschluss wurde sorgf\u00e4ltig entwickelt, um die Taille zu formen und eine straffe Silhouette und mehr Selbstvertrauen beim Training zu gew\u00e4hrleisten.<\/p>","protected":false},"featured_media":2620,"comment_status":"open","ping_status":"closed","template":"","meta":{"site-sidebar-layout":"default","site-content-layout":"default","ast-site-content-layout":"default","site-content-style":"default","site-sidebar-style":"default","ast-global-header-display":"","ast-banner-title-visibility":"","ast-main-header-display":"","ast-hfb-above-header-display":"","ast-hfb-below-header-display":"","ast-hfb-mobile-header-display":"","site-post-title":"","ast-breadcrumbs-content":"","ast-featured-img":"","footer-sml-layout":"","ast-disable-related-posts":"","theme-transparent-header-meta":"default","adv-header-id-meta":"","stick-header-meta":"default","header-above-stick-meta":"","header-main-stick-meta":"","header-below-stick-meta":"","astra-migrate-meta-layouts":"set","ast-page-background-enabled":"default","ast-page-background-meta":{"desktop":{"background-color":"","background-image":"","background-repeat":"repeat","background-position":"center center","background-size":"auto","background-attachment":"scroll","background-type":"","background-media":"","overlay-type":"","overlay-color":"","overlay-opacity":"","overlay-gradient":""},"tablet":{"background-color":"","background-image":"","background-repeat":"repeat","background-position":"center center","background-size":"auto","background-attachment":"scroll","background-type":"","background-media":"","overlay-type":"","overlay-color":"","overlay-opacity":"","overlay-gradient":""},"mobile":{"background-color":"","background-image":"","background-repeat":"repeat","background-position":"center center","background-size":"auto","background-attachment":"scroll","background-type":"","background-media":"","overlay-type":"","overlay-color":"","overlay-opacity":"","overlay-gradient":""}},"ast-content-background-meta":{"desktop":{"background-color":"var(--ast-global-color-5)","background-image":"","background-repeat":"repeat","background-position":"center center","background-size":"auto","background-attachment":"scroll","background-type":"","background-media":"","overlay-type":"","overlay-color":"","overlay-opacity":"","overlay-gradient":""},"tablet":{"background-color":"var(--ast-global-color-5)","background-image":"","background-repeat":"repeat","background-position":"center center","background-size":"auto","background-attachment":"scroll","background-type":"","background-media":"","overlay-type":"","overlay-color":"","overlay-opacity":"","overlay-gradient":""},"mobile":{"background-color":"var(--ast-global-color-5)","background-image":"","background-repeat":"repeat","background-position":"center center","background-size":"auto","background-attachment":"scroll","background-type":"","background-media":"","overlay-type":"","overlay-color":"","overlay-opacity":"","overlay-gradient":""}}},"product_brand":[],"product_cat":[65,76,90,92],"product_tag":[153,144,140,154,184],"class_list":{"0":"post-2555","1":"product","2":"type-product","3":"status-publish","4":"has-post-thumbnail","6":"product_cat-best-sellers","7":"product_cat-new-arrivels","8":"product_cat-wholesale-waist-trainer","9":"product_cat-wholesale-waist-girdle","10":"product_tag-boned","11":"product_tag-slip","12":"product_tag-strapless","13":"product_tag-with-hooks","14":"product_tag-zipper","15":"pa_color-black","16":"pa_color-gray","17":"pa_size-4xl","18":"pa_size-5xl","19":"pa_size-6xl","20":"pa_size-l","21":"pa_size-m","22":"pa_size-s","23":"pa_size-xl","24":"pa_size-xs","25":"pa_size-xxl","26":"pa_size-xxxl","27":"desktop-align-center","28":"tablet-align-left","29":"mobile-align-left","30":"ast-product-gallery-layout-horizontal-slider","31":"ast-product-single-variable","32":"ast-product-tabs-layout-horizontal","33":"ast-qv-on-image","35":"first","36":"instock","37":"shipping-taxable","38":"purchasable","39":"product-type-variable"},"tiered_pricing_type":"fixed","tiered_pricing_fixed_rules":{"5":6.5,"50":5.99,"100":5.25},"tiered_pricing_product_settings":{"layout":"default","base_unit_name":{"singular":null,"plural":null},"default_variation":{}},"tiered_pricing_minimum_quantity":null,"tiered_pricing_roles_data":[],"tiered_pricing_percentage_rules":[],"_links":{"self":[{"href":"https:\/\/yume-silm.com\/de\/wp-json\/wp\/v2\/product\/2555","targetHints":{"allow":["GET"]}}],"collection":[{"href":"https:\/\/yume-silm.com\/de\/wp-json\/wp\/v2\/product"}],"about":[{"href":"https:\/\/yume-silm.com\/de\/wp-json\/wp\/v2\/types\/product"}],"replies":[{"embeddable":true,"href":"https:\/\/yume-silm.com\/de\/wp-json\/wp\/v2\/comments?post=2555"}],"wp:featuredmedia":[{"embeddable":true,"href":"https:\/\/yume-silm.com\/de\/wp-json\/wp\/v2\/media\/2620"}],"wp:attachment":[{"href":"https:\/\/yume-silm.com\/de\/wp-json\/wp\/v2\/media?parent=2555"}],"wp:term":[{"taxonomy":"product_brand","embeddable":true,"href":"https:\/\/yume-silm.com\/de\/wp-json\/wp\/v2\/product_brand?post=2555"},{"taxonomy":"product_cat","embeddable":true,"href":"https:\/\/yume-silm.com\/de\/wp-json\/wp\/v2\/product_cat?post=2555"},{"taxonomy":"product_tag","embeddable":true,"href":"https:\/\/yume-silm.com\/de\/wp-json\/wp\/v2\/product_tag?post=2555"}],"curies":[{"name":"wp","href":"https:\/\/api.w.org\/{rel}","templated":true}]}}