{"id":2691,"date":"2023-05-13T04:07:06","date_gmt":"2023-05-13T04:07:06","guid":{"rendered":"https:\/\/yume-silm.com\/?post_type=product&#038;p=2691"},"modified":"2025-02-07T05:23:35","modified_gmt":"2025-02-07T05:23:35","slug":"schweis-taillen-trainer-mit-4-stutzstaben","status":"publish","type":"product","link":"https:\/\/yume-silm.com\/de\/produkt\/schweis-taillen-trainer-mit-4-stutzstaben\/","title":{"rendered":"Gro\u00dfhandel Daily Sweat Waist Trainer Trimmer mit 4 St\u00fctzstangen"},"content":{"rendered":"<h5>Design-Merkmale<\/h5>\n<ul>\n<li><strong>AUSSERGEW\u00d6HNLICHE UNTERST\u00dcTZUNG:<\/strong> Dieser schwei\u00dfformende Taillentrainer ist mit 4 St\u00fctzstangen ausgestattet, die beispiellosen Halt f\u00fcr bessere Trainingsergebnisse und eine h\u00f6here Kundenzufriedenheit bieten.<\/li>\n<li><strong>EINSTELLBARE PASSFORM:<\/strong> Das 3-lagige Hakensystem des Workout-Sweat-Waist-Trainers l\u00e4sst sich leicht anpassen, um einen sicheren und bequemen Sitz f\u00fcr verschiedene K\u00f6rpertypen zu gew\u00e4hrleisten.<\/li>\n<li><strong>SCHWEISSVERBESSERUNG:<\/strong> Dieser Taillentrainer f\u00fcr M\u00e4nner und Frauen wurde zur Steigerung der Schwei\u00dfproduktion entwickelt und tr\u00e4gt erheblich zum Fitnessfortschritt seines Kunden bei.<\/li>\n<li><strong>MULTIFUNKTIONALIT\u00c4T:<\/strong> Ob f\u00fcr das Training, den Alltag oder zur Unterst\u00fctzung nach der Geburt, dieser Workout-Taillentrainer f\u00fcr M\u00e4nner ist eine vielseitige Erg\u00e4nzung f\u00fcr jede Garderobe.<\/li>\n<li><strong>HOCHWERTIGES MATERIAL:<\/strong> Der Faja-Taillentrainer besteht aus einer Mischung aus Nylon und Elasthan mit hoher Elastizit\u00e4t, um einen stabilen Sitz um die Taille zu gew\u00e4hrleisten, der langlebig und verformungsbest\u00e4ndig ist.<\/li>\n<\/ul>\n<h6><em>Taillentrainer-Schwitzg\u00fcrtel zur Bauchkontrolle f\u00fcr Workout-Fitness<\/em><\/h6>\n<ul>\n<li>Unser t\u00e4glicher Sweat-Taillentrainer-Trimmer mit 4 St\u00fctzstangen ist eine harmonische Mischung aus Innovation, Stil und Funktionalit\u00e4t.<\/li>\n<li>F\u00fcr Gro\u00dfh\u00e4ndler, die erstklassige Produkte anbieten m\u00f6chten, die den neuesten Trends entsprechen, ist dieser Taillentrainer f\u00fcr M\u00e4nner unverzichtbar.<\/li>\n<li>Mit Anpassungsoptionen, einer Reihe von Gr\u00f6\u00dfen und dem Versprechen einer schnellen Lieferung ist der beste Taillentrainer f\u00fcr Frauen eine wertvolle Erg\u00e4nzung Ihres Inventars.<\/li>\n<li>Tauchen Sie mit diesem herausragenden Taillentrainer-Sweatshirt in die Welt des Gro\u00dfhandels ein. Bestellen Sie noch heute!<\/li>\n<\/ul>","protected":false},"excerpt":{"rendered":"<ul>\n<li>Wir stellen unseren t\u00e4glichen Sweat-Taillentrimmer mit 4 St\u00fctzstangen vor, eine perfekte Verschmelzung von Stil und Funktionalit\u00e4t.<\/li>\n<li>Ausgestattet mit 4 St\u00fctzstangen und einem 3-lagigen Hakensystem sorgt es f\u00fcr einen bequemen Sitz, betont die Taille und f\u00f6rdert die Schwei\u00dfproduktion w\u00e4hrend des Trainings.<\/li>\n<\/ul>","protected":false},"featured_media":2698,"comment_status":"open","ping_status":"closed","template":"","meta":{"site-sidebar-layout":"default","site-content-layout":"default","ast-site-content-layout":"default","site-content-style":"default","site-sidebar-style":"default","ast-global-header-display":"","ast-banner-title-visibility":"","ast-main-header-display":"","ast-hfb-above-header-display":"","ast-hfb-below-header-display":"","ast-hfb-mobile-header-display":"","site-post-title":"","ast-breadcrumbs-content":"","ast-featured-img":"","footer-sml-layout":"","ast-disable-related-posts":"","theme-transparent-header-meta":"default","adv-header-id-meta":"","stick-header-meta":"default","header-above-stick-meta":"","header-main-stick-meta":"","header-below-stick-meta":"","astra-migrate-meta-layouts":"set","ast-page-background-enabled":"default","ast-page-background-meta":{"desktop":{"background-color":"","background-image":"","background-repeat":"repeat","background-position":"center center","background-size":"auto","background-attachment":"scroll","background-type":"","background-media":"","overlay-type":"","overlay-color":"","overlay-opacity":"","overlay-gradient":""},"tablet":{"background-color":"","background-image":"","background-repeat":"repeat","background-position":"center center","background-size":"auto","background-attachment":"scroll","background-type":"","background-media":"","overlay-type":"","overlay-color":"","overlay-opacity":"","overlay-gradient":""},"mobile":{"background-color":"","background-image":"","background-repeat":"repeat","background-position":"center center","background-size":"auto","background-attachment":"scroll","background-type":"","background-media":"","overlay-type":"","overlay-color":"","overlay-opacity":"","overlay-gradient":""}},"ast-content-background-meta":{"desktop":{"background-color":"var(--ast-global-color-5)","background-image":"","background-repeat":"repeat","background-position":"center center","background-size":"auto","background-attachment":"scroll","background-type":"","background-media":"","overlay-type":"","overlay-color":"","overlay-opacity":"","overlay-gradient":""},"tablet":{"background-color":"var(--ast-global-color-5)","background-image":"","background-repeat":"repeat","background-position":"center center","background-size":"auto","background-attachment":"scroll","background-type":"","background-media":"","overlay-type":"","overlay-color":"","overlay-opacity":"","overlay-gradient":""},"mobile":{"background-color":"var(--ast-global-color-5)","background-image":"","background-repeat":"repeat","background-position":"center center","background-size":"auto","background-attachment":"scroll","background-type":"","background-media":"","overlay-type":"","overlay-color":"","overlay-opacity":"","overlay-gradient":""}}},"product_brand":[],"product_cat":[65,76,90,96,92],"product_tag":[198,154,185],"class_list":{"0":"post-2691","1":"product","2":"type-product","3":"status-publish","4":"has-post-thumbnail","6":"product_cat-best-sellers","7":"product_cat-new-arrivels","8":"product_cat-wholesale-waist-trainer","9":"product_cat-sweat-waist-trainer","10":"product_cat-wholesale-waist-girdle","11":"product_tag-hourglass","12":"product_tag-with-hooks","13":"product_tag-workout","14":"pa_color-black","15":"pa_size-l","16":"pa_size-m","17":"pa_size-s","18":"pa_size-xl","19":"pa_size-xxl","20":"desktop-align-center","21":"tablet-align-left","22":"mobile-align-left","23":"ast-product-gallery-layout-horizontal-slider","24":"ast-product-single-variable","25":"ast-product-tabs-layout-horizontal","26":"ast-qv-on-image","28":"first","29":"instock","30":"shipping-taxable","31":"purchasable","32":"product-type-variable"},"tiered_pricing_type":"fixed","tiered_pricing_fixed_rules":{"2":3.99,"50":3.79,"300":3.29},"tiered_pricing_product_settings":{"layout":"default","base_unit_name":{"singular":null,"plural":null},"default_variation":{}},"tiered_pricing_minimum_quantity":null,"tiered_pricing_roles_data":[],"tiered_pricing_percentage_rules":[],"_links":{"self":[{"href":"https:\/\/yume-silm.com\/de\/wp-json\/wp\/v2\/product\/2691","targetHints":{"allow":["GET"]}}],"collection":[{"href":"https:\/\/yume-silm.com\/de\/wp-json\/wp\/v2\/product"}],"about":[{"href":"https:\/\/yume-silm.com\/de\/wp-json\/wp\/v2\/types\/product"}],"replies":[{"embeddable":true,"href":"https:\/\/yume-silm.com\/de\/wp-json\/wp\/v2\/comments?post=2691"}],"wp:featuredmedia":[{"embeddable":true,"href":"https:\/\/yume-silm.com\/de\/wp-json\/wp\/v2\/media\/2698"}],"wp:attachment":[{"href":"https:\/\/yume-silm.com\/de\/wp-json\/wp\/v2\/media?parent=2691"}],"wp:term":[{"taxonomy":"product_brand","embeddable":true,"href":"https:\/\/yume-silm.com\/de\/wp-json\/wp\/v2\/product_brand?post=2691"},{"taxonomy":"product_cat","embeddable":true,"href":"https:\/\/yume-silm.com\/de\/wp-json\/wp\/v2\/product_cat?post=2691"},{"taxonomy":"product_tag","embeddable":true,"href":"https:\/\/yume-silm.com\/de\/wp-json\/wp\/v2\/product_tag?post=2691"}],"curies":[{"name":"wp","href":"https:\/\/api.w.org\/{rel}","templated":true}]}}