{"id":2846,"date":"2023-05-15T07:05:17","date_gmt":"2023-05-15T07:05:17","guid":{"rendered":"https:\/\/yume-silm.com\/?post_type=product&#038;p=2846"},"modified":"2025-09-23T01:28:47","modified_gmt":"2025-09-23T01:28:47","slug":"frauen-shapewear-schlupfer-mit-eingebautem-bauch-kontroll-kleid","status":"publish","type":"product","link":"https:\/\/yume-silm.com\/de\/produkt\/frauen-shapewear-schlupfer-mit-eingebautem-bauch-kontroll-kleid\/","title":{"rendered":"Nahtlose Shapewear-Kleider mit integriertem BH f\u00fcr Damen im Gro\u00dfhandel"},"content":{"rendered":"<p>Design-Merkmale<\/p>\n<ul>\n<li><strong>NAHTLOSES DESIGN:<\/strong> Unser Slip-Dress-BH ist aus einem neu verbesserten, atmungsaktiven Netzstoff gefertigt, der f\u00fcr eine glatte, unsichtbare Optik unter Ihrer Kleidung sorgt.<\/li>\n<li><strong>EINGEBAUTES BH:<\/strong> Der obere st\u00fctzende Stahlring des Bauch-weg-Shapewear-Petticoats f\u00fcr Damen zieht und fasst die Br\u00fcste effektiv und betont so Ihre nat\u00fcrliche Form.<\/li>\n<li><strong>VERSTELLBARE RIEMEN:<\/strong> Das Unterkleid f\u00fcr Damen ist mit leicht verstellbaren Tr\u00e4gern perfekt auf Ihren K\u00f6rper abgestimmt und sorgt so f\u00fcr maximalen Komfort.<\/li>\n<li><strong>VIELSEITIGE KLEIDUNG:<\/strong> Unsere Kleider mit integrierter Shapewear eignen sich perfekt f\u00fcr jeden Anlass, vom Freizeitkleid bis zum Abendkleid und sogar f\u00fcr den Alltag oder den Abend.<\/li>\n<li><strong>VOLLST\u00c4NDIGE FORM:<\/strong> Ein nahtloses Shapewear-Kleid mit integriertem BH f\u00fcr Damen sorgt f\u00fcr Bauchkontrolle, R\u00fcckenunterst\u00fctzung und eine schlankmachende Silhouette, und dieser Petticoat ist Ihre erste Wahl f\u00fcr einen Selbstvertrauensschub.<\/li>\n<\/ul>\n<h6>Shapewear-Unterkleid zur Bauchkontrolle f\u00fcr jeden Tag, Ganzk\u00f6rper-Shaper-Kleid f\u00fcr Damen<\/h6>\n<ul>\n<li>Unser nahtloses Shapewear-Kleid mit integriertem BH f\u00fcr Damen ist ein Must-have f\u00fcr jede Frau, die eine Kombination aus Stil, Komfort und Funktionalit\u00e4t sucht.<\/li>\n<li>Dieser Unterrock ist ideal f\u00fcr Gro\u00dfh\u00e4ndler, die Bauchformer der Spitzenklasse anbieten m\u00f6chten, und sorgt f\u00fcr einen makellosen Look unter jedem Outfit.<\/li>\n<li>Mit einer Reihe von Gr\u00f6\u00dfen, anpassbaren Optionen und schneller Lieferung ist es eine wertvolle Erg\u00e4nzung Ihres Inventars.<\/li>\n<li>Tauchen Sie mit diesem herausragenden St\u00fcck in die Welt des Gro\u00dfhandels ein. Bestellen Sie heute!<\/li>\n<\/ul>","protected":false},"excerpt":{"rendered":"<p>Genie\u00dfen Sie Eleganz und Komfort mit unserem nahtlosen Shapewear-Kleid mit integriertem BH f\u00fcr Damen, das einen integrierten BH f\u00fcr nahtlosen Halt bietet. Dieser Unterrock aus atmungsaktivem Netzgewebe sorgt f\u00fcr Bauchkontrolle, R\u00fcckenst\u00fctze und betont Ihre nat\u00fcrlichen Kurven, sodass Sie unter jedem Outfit einen makellosen Look erhalten.<\/p>","protected":false},"featured_media":2862,"comment_status":"open","ping_status":"closed","template":"","meta":{"site-sidebar-layout":"default","site-content-layout":"default","ast-site-content-layout":"default","site-content-style":"default","site-sidebar-style":"default","ast-global-header-display":"","ast-banner-title-visibility":"","ast-main-header-display":"","ast-hfb-above-header-display":"","ast-hfb-below-header-display":"","ast-hfb-mobile-header-display":"","site-post-title":"","ast-breadcrumbs-content":"","ast-featured-img":"","footer-sml-layout":"","ast-disable-related-posts":"","theme-transparent-header-meta":"default","adv-header-id-meta":"","stick-header-meta":"default","header-above-stick-meta":"","header-main-stick-meta":"","header-below-stick-meta":"","astra-migrate-meta-layouts":"set","ast-page-background-enabled":"default","ast-page-background-meta":{"desktop":{"background-color":"","background-image":"","background-repeat":"repeat","background-position":"center center","background-size":"auto","background-attachment":"scroll","background-type":"","background-media":"","overlay-type":"","overlay-color":"","overlay-opacity":"","overlay-gradient":""},"tablet":{"background-color":"","background-image":"","background-repeat":"repeat","background-position":"center center","background-size":"auto","background-attachment":"scroll","background-type":"","background-media":"","overlay-type":"","overlay-color":"","overlay-opacity":"","overlay-gradient":""},"mobile":{"background-color":"","background-image":"","background-repeat":"repeat","background-position":"center center","background-size":"auto","background-attachment":"scroll","background-type":"","background-media":"","overlay-type":"","overlay-color":"","overlay-opacity":"","overlay-gradient":""}},"ast-content-background-meta":{"desktop":{"background-color":"var(--ast-global-color-5)","background-image":"","background-repeat":"repeat","background-position":"center center","background-size":"auto","background-attachment":"scroll","background-type":"","background-media":"","overlay-type":"","overlay-color":"","overlay-opacity":"","overlay-gradient":""},"tablet":{"background-color":"var(--ast-global-color-5)","background-image":"","background-repeat":"repeat","background-position":"center center","background-size":"auto","background-attachment":"scroll","background-type":"","background-media":"","overlay-type":"","overlay-color":"","overlay-opacity":"","overlay-gradient":""},"mobile":{"background-color":"var(--ast-global-color-5)","background-image":"","background-repeat":"repeat","background-position":"center center","background-size":"auto","background-attachment":"scroll","background-type":"","background-media":"","overlay-type":"","overlay-color":"","overlay-opacity":"","overlay-gradient":""}}},"product_brand":[],"product_cat":[65,76,77,79,78],"product_tag":[194,136,640,144],"class_list":{"0":"post-2846","1":"product","2":"type-product","3":"status-publish","4":"has-post-thumbnail","6":"product_cat-best-sellers","7":"product_cat-new-arrivels","8":"product_cat-wholesale-womens-shapewear","9":"product_cat-wholesale-seemless-shaperwear","10":"product_cat-wholesale-full-body-shaper","11":"product_tag-adjustable","12":"product_tag-bridal","13":"product_tag-shapewear-dress","14":"product_tag-slip","15":"pa_color-beige","16":"pa_color-black","17":"pa_size-l","18":"pa_size-m","19":"pa_size-s","20":"pa_size-xl","21":"pa_size-xxl","22":"desktop-align-center","23":"tablet-align-left","24":"mobile-align-left","25":"ast-product-gallery-layout-horizontal-slider","26":"ast-product-single-variable","27":"ast-product-tabs-layout-horizontal","28":"ast-qv-on-image","30":"first","31":"instock","32":"shipping-taxable","33":"purchasable","34":"product-type-variable"},"tiered_pricing_type":"fixed","tiered_pricing_fixed_rules":{"5":5.7,"50":5.5,"100":5.15},"tiered_pricing_product_settings":{"layout":"default","base_unit_name":{"singular":null,"plural":null},"default_variation":{}},"tiered_pricing_minimum_quantity":null,"tiered_pricing_roles_data":[],"tiered_pricing_percentage_rules":[],"_links":{"self":[{"href":"https:\/\/yume-silm.com\/de\/wp-json\/wp\/v2\/product\/2846","targetHints":{"allow":["GET"]}}],"collection":[{"href":"https:\/\/yume-silm.com\/de\/wp-json\/wp\/v2\/product"}],"about":[{"href":"https:\/\/yume-silm.com\/de\/wp-json\/wp\/v2\/types\/product"}],"replies":[{"embeddable":true,"href":"https:\/\/yume-silm.com\/de\/wp-json\/wp\/v2\/comments?post=2846"}],"wp:featuredmedia":[{"embeddable":true,"href":"https:\/\/yume-silm.com\/de\/wp-json\/wp\/v2\/media\/2862"}],"wp:attachment":[{"href":"https:\/\/yume-silm.com\/de\/wp-json\/wp\/v2\/media?parent=2846"}],"wp:term":[{"taxonomy":"product_brand","embeddable":true,"href":"https:\/\/yume-silm.com\/de\/wp-json\/wp\/v2\/product_brand?post=2846"},{"taxonomy":"product_cat","embeddable":true,"href":"https:\/\/yume-silm.com\/de\/wp-json\/wp\/v2\/product_cat?post=2846"},{"taxonomy":"product_tag","embeddable":true,"href":"https:\/\/yume-silm.com\/de\/wp-json\/wp\/v2\/product_tag?post=2846"}],"curies":[{"name":"wp","href":"https:\/\/api.w.org\/{rel}","templated":true}]}}