{"id":2869,"date":"2023-05-16T02:28:15","date_gmt":"2023-05-16T02:28:15","guid":{"rendered":"https:\/\/yume-silm.com\/?post_type=product&#038;p=2869"},"modified":"2024-06-17T09:06:54","modified_gmt":"2024-06-17T09:06:54","slug":"mens-bodyshaper-samless-shirt-tummy-control-slimmer-sub-shirt","status":"publish","type":"product","link":"https:\/\/yume-silm.com\/de\/produkt\/mens-bodyshaper-samless-shirt-tummy-control-slimmer-sub-shirt\/","title":{"rendered":"Gro\u00dfhandel f\u00fcr Herren-Body-Shaper-Shirt: Bauchkontrolle, schlankeres Unterhemd"},"content":{"rendered":"<h5>Design-Merkmale<\/h5>\n<ul>\n<li><strong>Hochwertiges Material:<\/strong> Unsere schlankmachenden Unterhemden f\u00fcr Herren bestehen aus einer Nylon- und Elasthan-Mischung, sind weich, atmungsaktiv und dehnbar.<\/li>\n<li><strong>AUSGEZEICHNETES DESIGN:<\/strong> Das \u00e4rmellose, figurformende Unterhemd l\u00e4sst Ihre Brust und Taille glatt aussehen und betont Ihre gesamte K\u00f6rperform.<\/li>\n<li><strong>BAUCHKOMPRESSION:<\/strong> Das Body Shaper-Kompressionsshirt f\u00fcr Herren strafft wirksam Ihre Taille, Ihren Bauch und Ihre Brust und passt so Ihre Gesamtsilhouette an.<\/li>\n<li><strong>KOMFORTABEL:<\/strong> Unser Body Shaper-Tanktop f\u00fcr Herren l\u00e4sst sich den ganzen Tag \u00fcber ohne Unbehagen tragen und sorgt f\u00fcr selbstbewusste und attraktive Kurven.<\/li>\n<li><strong>MEHRERE FARBEN ZUR AUSWAHL:<\/strong> Das Kompressions-Tanktop zur Bauchkontrolle ist in vielen verschiedenen Farben erh\u00e4ltlich. Das Body-Shaper-Shirt f\u00fcr Herren bietet Ihnen mehr Auswahl f\u00fcr den Alltag.<\/li>\n<\/ul>\n<h6><em>Herren Body Shaper Schlankheits Unterhemd Shapewear Tank Top<\/em><\/h6>\n<ul>\n<li>Unser Body Shaper-Shirt f\u00fcr Herren ist eine Mischung aus Stil, Komfort und Funktionalit\u00e4t.<\/li>\n<li>F\u00fcr Gro\u00dfh\u00e4ndler, die erstklassige Produkte anbieten m\u00f6chten, die den neuesten Trends entsprechen, ist dieses figurformende Unterhemd ein Muss.<\/li>\n<li>Mit Anpassungsoptionen, einer Reihe von Gr\u00f6\u00dfen und dem Versprechen einer schnellen Lieferung ist es eine wertvolle Erg\u00e4nzung Ihres Inventars.<\/li>\n<li>Tauchen Sie mit diesem herausragenden St\u00fcck in die Welt des Gro\u00dfhandels ein. Bestellen Sie heute!<\/li>\n<\/ul>","protected":false},"excerpt":{"rendered":"<p>Steigern Sie Ihr Selbstbewusstsein mit unserem Body Shaper Shirt f\u00fcr Herren. Dieses schmalere Unterhemd mit Bauch-weg-Funktion sorgt f\u00fcr eine schlanke Silhouette unter jedem Outfit. Es besteht aus einer Mischung aus Nylon und Elasthan und bietet sowohl Komfort als auch eine gute Passform.<\/p>","protected":false},"featured_media":2875,"comment_status":"open","ping_status":"closed","template":"","meta":{"site-sidebar-layout":"default","site-content-layout":"default","ast-site-content-layout":"default","site-content-style":"default","site-sidebar-style":"default","ast-global-header-display":"","ast-banner-title-visibility":"","ast-main-header-display":"","ast-hfb-above-header-display":"","ast-hfb-below-header-display":"","ast-hfb-mobile-header-display":"","site-post-title":"","ast-breadcrumbs-content":"","ast-featured-img":"","footer-sml-layout":"","ast-disable-related-posts":"","theme-transparent-header-meta":"default","adv-header-id-meta":"","stick-header-meta":"default","header-above-stick-meta":"","header-main-stick-meta":"","header-below-stick-meta":"","astra-migrate-meta-layouts":"set","ast-page-background-enabled":"default","ast-page-background-meta":{"desktop":{"background-color":"","background-image":"","background-repeat":"repeat","background-position":"center center","background-size":"auto","background-attachment":"scroll","background-type":"","background-media":"","overlay-type":"","overlay-color":"","overlay-opacity":"","overlay-gradient":""},"tablet":{"background-color":"","background-image":"","background-repeat":"repeat","background-position":"center center","background-size":"auto","background-attachment":"scroll","background-type":"","background-media":"","overlay-type":"","overlay-color":"","overlay-opacity":"","overlay-gradient":""},"mobile":{"background-color":"","background-image":"","background-repeat":"repeat","background-position":"center center","background-size":"auto","background-attachment":"scroll","background-type":"","background-media":"","overlay-type":"","overlay-color":"","overlay-opacity":"","overlay-gradient":""}},"ast-content-background-meta":{"desktop":{"background-color":"var(--ast-global-color-5)","background-image":"","background-repeat":"repeat","background-position":"center center","background-size":"auto","background-attachment":"scroll","background-type":"","background-media":"","overlay-type":"","overlay-color":"","overlay-opacity":"","overlay-gradient":""},"tablet":{"background-color":"var(--ast-global-color-5)","background-image":"","background-repeat":"repeat","background-position":"center center","background-size":"auto","background-attachment":"scroll","background-type":"","background-media":"","overlay-type":"","overlay-color":"","overlay-opacity":"","overlay-gradient":""},"mobile":{"background-color":"var(--ast-global-color-5)","background-image":"","background-repeat":"repeat","background-position":"center center","background-size":"auto","background-attachment":"scroll","background-type":"","background-media":"","overlay-type":"","overlay-color":"","overlay-opacity":"","overlay-gradient":""}}},"product_brand":[],"product_cat":[65,76,85,88],"product_tag":[135,136,148,134,185],"class_list":{"0":"post-2869","1":"product","2":"type-product","3":"status-publish","4":"has-post-thumbnail","6":"product_cat-best-sellers","7":"product_cat-new-arrivels","8":"product_cat-wholesale-mens-shapewear","9":"product_cat-wholesale-men-t-shirt-shaper","10":"product_tag-all-in-one","11":"product_tag-bridal","12":"product_tag-one-piece","13":"product_tag-tummy-tucker","14":"product_tag-workout","15":"pa_color-black","16":"pa_color-blue","17":"pa_color-gray","18":"pa_color-green","19":"pa_color-light-blue","20":"pa_color-orange","21":"pa_color-red","22":"pa_color-white","23":"pa_size-l","24":"pa_size-m","25":"pa_size-xl","26":"pa_size-xxl","27":"desktop-align-center","28":"tablet-align-left","29":"mobile-align-left","30":"ast-product-gallery-layout-horizontal-slider","31":"ast-product-single-variable","32":"ast-product-tabs-layout-horizontal","33":"ast-qv-on-image","35":"first","36":"instock","37":"shipping-taxable","38":"purchasable","39":"product-type-variable"},"tiered_pricing_type":"fixed","tiered_pricing_fixed_rules":{"5":7,"50":6.5,"200":6.3},"tiered_pricing_product_settings":{"layout":"default","base_unit_name":{"singular":null,"plural":null},"default_variation":{}},"tiered_pricing_minimum_quantity":null,"tiered_pricing_roles_data":[],"tiered_pricing_percentage_rules":[],"_links":{"self":[{"href":"https:\/\/yume-silm.com\/de\/wp-json\/wp\/v2\/product\/2869","targetHints":{"allow":["GET"]}}],"collection":[{"href":"https:\/\/yume-silm.com\/de\/wp-json\/wp\/v2\/product"}],"about":[{"href":"https:\/\/yume-silm.com\/de\/wp-json\/wp\/v2\/types\/product"}],"replies":[{"embeddable":true,"href":"https:\/\/yume-silm.com\/de\/wp-json\/wp\/v2\/comments?post=2869"}],"wp:featuredmedia":[{"embeddable":true,"href":"https:\/\/yume-silm.com\/de\/wp-json\/wp\/v2\/media\/2875"}],"wp:attachment":[{"href":"https:\/\/yume-silm.com\/de\/wp-json\/wp\/v2\/media?parent=2869"}],"wp:term":[{"taxonomy":"product_brand","embeddable":true,"href":"https:\/\/yume-silm.com\/de\/wp-json\/wp\/v2\/product_brand?post=2869"},{"taxonomy":"product_cat","embeddable":true,"href":"https:\/\/yume-silm.com\/de\/wp-json\/wp\/v2\/product_cat?post=2869"},{"taxonomy":"product_tag","embeddable":true,"href":"https:\/\/yume-silm.com\/de\/wp-json\/wp\/v2\/product_tag?post=2869"}],"curies":[{"name":"wp","href":"https:\/\/api.w.org\/{rel}","templated":true}]}}