{"id":2932,"date":"2023-05-16T04:00:11","date_gmt":"2023-05-16T04:00:11","guid":{"rendered":"https:\/\/yume-silm.com\/?post_type=product&#038;p=2932"},"modified":"2026-02-28T09:53:45","modified_gmt":"2026-02-28T09:53:45","slug":"schlankheits-nahtlos-top-body-shaper-warmeunterwasche-fur-manner","status":"publish","type":"product","link":"https:\/\/yume-silm.com\/de\/produkt\/schlankheits-nahtlos-top-body-shaper-warmeunterwasche-fur-manner\/","title":{"rendered":"Gro\u00dfhandel Herren Langarm Body Shaper Nahtloses Kompressionsshirt"},"content":{"rendered":"<h5>Design-Merkmale<\/h5>\n<ul>\n<li><strong>EINZIGARTIGES X-DESIGN:<\/strong> Unser nahtloses Kompressionsshirt f\u00fcr den schlankmachenden Body Shaper f\u00fcr Herren erm\u00f6glicht eine verbesserte Bauchstraffung und eine beschleunigte Formung. Hilft, den R\u00fccken aufzurichten, der R\u00fccken sieht st\u00e4rker und ges\u00fcnder aus. Das Bauchkontroll-Gyn\u00e4komastie-Unterhemd f\u00fcr M\u00e4nner bietet starke Kompression f\u00fcr Brust, Taille und R\u00fccken und umh\u00fcllt Ihren K\u00f6rper vollst\u00e4ndig. Das Kompressionsunterhemd eignet sich auch zur Erholung nach gyn\u00e4kologischen Operationen.<\/li>\n<li><strong>LANGFRISTIGE FORM:<\/strong> Das bionische humanisierte Design sorgt f\u00fcr eine gute Passform und bindet Fett f\u00fcr einen schlankmachenden Effekt. Eng anliegende Langarm-Shapewear f\u00fcr Herren kann unter jeder Kleidung einen unsichtbaren Effekt erzielen. Dank der schmalen Passform k\u00f6nnen Sie Ihr Training problemlos absolvieren und so die Muskelgruppen sch\u00fctzen und eine korrekte K\u00f6rperhaltung gew\u00e4hrleisten.<\/li>\n<li><strong>PRAKTISCH UND KOMFORTABEL:<\/strong> Dieser nahtlose Body Shaper mit langen \u00c4rmeln und Bauchkontrolle ist weich, leicht, atmungsaktiv und dehnbar, mit einem nahtlosen Design, das Komfort \u00fcber lange Tragezeiten gew\u00e4hrleistet. Dieser klassische Herren-Bauchmuskel-Body Shaper mit langen \u00c4rmeln und Kompressionsfunktion kann mit jedem Alltagsoutfit kombiniert werden, um Ihren perfekten Look zu unterstreichen.<\/li>\n<li><strong>VIELSEITIGE VERWENDUNG:<\/strong> Die Gyn\u00e4komastie-Kompressionsshirts f\u00fcr M\u00e4nner mit langen \u00c4rmeln haben eine gewisse Elastizit\u00e4t und Formbest\u00e4ndigkeit. Die enge Passform speichert die K\u00f6rperw\u00e4rme besser. Geeignet f\u00fcr alle Anl\u00e4sse, egal ob formelle Party, Training oder Alltag, es kann das Gesamtbild des Tr\u00e4gers verbessern. Seien Sie der selbstbewussteste und charmanteste Mann.<\/li>\n<\/ul>\n<h6><em>Abdomen Slim Shirt klassischer Bauchmuskel-Herren-Body Shaper<\/em><\/h6>\n<ul>\n<li>Unser lang\u00e4rmliges, nahtloses Body Shaper-Kompressionsshirt f\u00fcr Herren ist eine Mischung aus Stil, Komfort und Funktionalit\u00e4t. F\u00fcr Gro\u00dfh\u00e4ndler, die erstklassige Produkte anbieten m\u00f6chten, die den neuesten Trends entsprechen, ist dieser Body Shaper ein Muss.<\/li>\n<li>Mit Anpassungsoptionen, einer Reihe von Gr\u00f6\u00dfen und dem Versprechen einer schnellen Lieferung ist es eine wertvolle Erg\u00e4nzung Ihres Lagerbestands. Tauchen Sie mit diesem herausragenden St\u00fcck in die Welt des Gro\u00dfhandels ein. Bestellen Sie heute!<\/li>\n<\/ul>","protected":false},"excerpt":{"rendered":"<p>Wir stellen Ihnen unser lang\u00e4rmliges, k\u00f6rperbetontes, nahtloses Kompressionsshirt f\u00fcr Herren vor, eine perfekte Mischung aus Stil und Funktionalit\u00e4t. Entworfen mit einem einzigartigen X-Interweave-Design auf der R\u00fcckseite bietet dieser Body Shaper eine hervorragende Straffung des Bauches und sorgt so f\u00fcr einen geformten K\u00f6rper. Es besteht aus einer Mischung aus Nylon und Elasthan und verspricht W\u00e4rme und Komfort, insbesondere in den k\u00e4lteren Monaten.<\/p>","protected":false},"featured_media":2934,"comment_status":"open","ping_status":"closed","template":"","meta":{"site-sidebar-layout":"default","site-content-layout":"default","ast-site-content-layout":"default","site-content-style":"default","site-sidebar-style":"default","ast-global-header-display":"","ast-banner-title-visibility":"","ast-main-header-display":"","ast-hfb-above-header-display":"","ast-hfb-below-header-display":"","ast-hfb-mobile-header-display":"","site-post-title":"","ast-breadcrumbs-content":"","ast-featured-img":"","footer-sml-layout":"","ast-disable-related-posts":"","theme-transparent-header-meta":"default","adv-header-id-meta":"","stick-header-meta":"default","header-above-stick-meta":"","header-main-stick-meta":"","header-below-stick-meta":"","astra-migrate-meta-layouts":"set","ast-page-background-enabled":"default","ast-page-background-meta":{"desktop":{"background-color":"","background-image":"","background-repeat":"repeat","background-position":"center center","background-size":"auto","background-attachment":"scroll","background-type":"","background-media":"","overlay-type":"","overlay-color":"","overlay-opacity":"","overlay-gradient":""},"tablet":{"background-color":"","background-image":"","background-repeat":"repeat","background-position":"center center","background-size":"auto","background-attachment":"scroll","background-type":"","background-media":"","overlay-type":"","overlay-color":"","overlay-opacity":"","overlay-gradient":""},"mobile":{"background-color":"","background-image":"","background-repeat":"repeat","background-position":"center center","background-size":"auto","background-attachment":"scroll","background-type":"","background-media":"","overlay-type":"","overlay-color":"","overlay-opacity":"","overlay-gradient":""}},"ast-content-background-meta":{"desktop":{"background-color":"var(--ast-global-color-5)","background-image":"","background-repeat":"repeat","background-position":"center center","background-size":"auto","background-attachment":"scroll","background-type":"","background-media":"","overlay-type":"","overlay-color":"","overlay-opacity":"","overlay-gradient":""},"tablet":{"background-color":"var(--ast-global-color-5)","background-image":"","background-repeat":"repeat","background-position":"center center","background-size":"auto","background-attachment":"scroll","background-type":"","background-media":"","overlay-type":"","overlay-color":"","overlay-opacity":"","overlay-gradient":""},"mobile":{"background-color":"var(--ast-global-color-5)","background-image":"","background-repeat":"repeat","background-position":"center center","background-size":"auto","background-attachment":"scroll","background-type":"","background-media":"","overlay-type":"","overlay-color":"","overlay-opacity":"","overlay-gradient":""}}},"product_brand":[],"product_cat":[65,76,85,88],"product_tag":[136,147,183,134,185],"class_list":{"0":"post-2932","1":"product","2":"type-product","3":"status-publish","4":"has-post-thumbnail","6":"product_cat-best-sellers","7":"product_cat-new-arrivels","8":"product_cat-wholesale-mens-shapewear","9":"product_cat-wholesale-men-t-shirt-shaper","10":"product_tag-bridal","11":"product_tag-cross","12":"product_tag-long-sleeve","13":"product_tag-tummy-tucker","14":"product_tag-workout","15":"pa_color-gray","16":"pa_color-white","17":"pa_size-l","18":"pa_size-m","19":"pa_size-s","20":"pa_size-xl","21":"desktop-align-center","22":"tablet-align-left","23":"mobile-align-left","24":"ast-product-gallery-layout-horizontal-slider","25":"ast-product-single-variable","26":"ast-product-tabs-layout-horizontal","27":"ast-qv-on-image","29":"first","30":"instock","31":"shipping-taxable","32":"purchasable","33":"product-type-variable"},"tiered_pricing_type":"fixed","tiered_pricing_fixed_rules":{"5":12.15,"100":10.6,"300":8.35},"tiered_pricing_product_settings":{"layout":"default","base_unit_name":{"singular":null,"plural":null},"default_variation":{}},"tiered_pricing_minimum_quantity":null,"tiered_pricing_roles_data":[],"tiered_pricing_percentage_rules":[],"_links":{"self":[{"href":"https:\/\/yume-silm.com\/de\/wp-json\/wp\/v2\/product\/2932","targetHints":{"allow":["GET"]}}],"collection":[{"href":"https:\/\/yume-silm.com\/de\/wp-json\/wp\/v2\/product"}],"about":[{"href":"https:\/\/yume-silm.com\/de\/wp-json\/wp\/v2\/types\/product"}],"replies":[{"embeddable":true,"href":"https:\/\/yume-silm.com\/de\/wp-json\/wp\/v2\/comments?post=2932"}],"wp:featuredmedia":[{"embeddable":true,"href":"https:\/\/yume-silm.com\/de\/wp-json\/wp\/v2\/media\/2934"}],"wp:attachment":[{"href":"https:\/\/yume-silm.com\/de\/wp-json\/wp\/v2\/media?parent=2932"}],"wp:term":[{"taxonomy":"product_brand","embeddable":true,"href":"https:\/\/yume-silm.com\/de\/wp-json\/wp\/v2\/product_brand?post=2932"},{"taxonomy":"product_cat","embeddable":true,"href":"https:\/\/yume-silm.com\/de\/wp-json\/wp\/v2\/product_cat?post=2932"},{"taxonomy":"product_tag","embeddable":true,"href":"https:\/\/yume-silm.com\/de\/wp-json\/wp\/v2\/product_tag?post=2932"}],"curies":[{"name":"wp","href":"https:\/\/api.w.org\/{rel}","templated":true}]}}