{"id":2997,"date":"2023-05-18T02:21:22","date_gmt":"2023-05-18T02:21:22","guid":{"rendered":"https:\/\/yume-silm.com\/?post_type=product&#038;p=2997"},"modified":"2024-06-18T07:53:58","modified_gmt":"2024-06-18T07:53:58","slug":"herren-ganzkorper-formmode-aus-hochelastischem-netzgewebe-mit-5-lagen-haken","status":"publish","type":"product","link":"https:\/\/yume-silm.com\/de\/produkt\/herren-ganzkorper-formmode-aus-hochelastischem-netzgewebe-mit-5-lagen-haken\/","title":{"rendered":"Hochelastische Ganzk\u00f6rper-Shapewear f\u00fcr Herren im Gro\u00dfhandel"},"content":{"rendered":"<h5>Design-Merkmale<\/h5>\n<ul>\n<li><strong>5-SCHICHT-HAKEN:<\/strong> Bietet einen sicheren Sitz und stellt sicher, dass die Ganzk\u00f6rper-Shapewear aus hochelastischem Netzstoff f\u00fcr Herren an Ort und Stelle bleibt, was das Selbstvertrauen des Tr\u00e4gers st\u00e4rkt.<\/li>\n<li><strong>SEHR DEHNBAR:<\/strong> Kompressions-Bodyshaper bestehen aus einer Mischung aus Nylon und Elasthan und bieten Flexibilit\u00e4t und Komfort f\u00fcr alle K\u00f6rpertypen.<\/li>\n<li><strong>NETZMATERIAL:<\/strong> Der Ganzk\u00f6rper-Shaper f\u00fcr M\u00e4nner ist atmungsaktiv und leicht f\u00fcr l\u00e4ngeres Tragen und sorgt daf\u00fcr, dass der Tr\u00e4ger frisch und bequem bleibt.<\/li>\n<li><strong>VOLLST\u00c4NDIGE K\u00d6RPERABDECKUNG:<\/strong> Die beste schlankmachende Shapewear f\u00fcr M\u00e4nner bietet umfassenden Halt, formt den K\u00f6rper und betont die Gesamtsilhouette.<\/li>\n<li><strong>KUNDENSPEZIFISCHE OPTIONEN:<\/strong> Unsere Kollektion an Bauch-Shapewear f\u00fcr M\u00e4nner unterst\u00fctzt individuelle Gr\u00f6\u00dfen, Farben, Stile, Logos, Verpackungen, Etiketten, Pflegeetiketten und mehr, um sicherzustellen, dass Sie die unterschiedlichen Bed\u00fcrfnisse Ihrer Kunden erf\u00fcllen.<\/li>\n<\/ul>\n<h6><em>\u00c4rmellose Bauchweg-Strumpfhose f\u00fcr Herren zur K\u00f6rperformung<\/em><\/h6>\n<ul>\n<li>Zusammenfassend l\u00e4sst sich sagen, dass unsere Ganzk\u00f6rper-Shapewear aus hochelastischem Mesh f\u00fcr Herren eine Mischung aus Stil, Komfort und Funktionalit\u00e4t ist.<\/li>\n<li>F\u00fcr Gro\u00dfh\u00e4ndler, die erstklassige Produkte anbieten m\u00f6chten, die den neuesten Trends entsprechen, ist dieser Fajas-Ganzk\u00f6rperformer f\u00fcr M\u00e4nner ein Muss.<\/li>\n<li>Mit Anpassungsoptionen, einer Reihe von Gr\u00f6\u00dfen und dem Versprechen einer schnellen Lieferung ist es eine wertvolle Erg\u00e4nzung Ihres Inventars.<\/li>\n<li>Tauchen Sie ein in die Welt des Gro\u00dfhandels mit diesem herausragenden \u00e4rmellosen Ganzk\u00f6rper-Shaper f\u00fcr Herren. Bestellen Sie noch heute!<\/li>\n<li>Bodyshaper f\u00fcr Herren in \u00dcbergr\u00f6\u00dfen bieten weitere Optionen.<\/li>\n<\/ul>","protected":false},"excerpt":{"rendered":"<p>Erweitern Sie Ihr Sortiment mit unserer Ganzk\u00f6rper-Shapewear aus hochelastischem Mesh f\u00fcr Herren. Diese Shapewear mit ihrem einzigartigen 5-Lagen-Hakendesign sorgt f\u00fcr eine bequeme Passform und betont die Figur. Sie besteht aus einer Mischung aus Nylon und Elasthan und ist die perfekte Wahl f\u00fcr alle, die Komfort und Stil suchen.<\/p>","protected":false},"featured_media":3016,"comment_status":"open","ping_status":"closed","template":"","meta":{"site-sidebar-layout":"default","site-content-layout":"default","ast-site-content-layout":"default","site-content-style":"default","site-sidebar-style":"default","ast-global-header-display":"","ast-banner-title-visibility":"","ast-main-header-display":"","ast-hfb-above-header-display":"","ast-hfb-below-header-display":"","ast-hfb-mobile-header-display":"","site-post-title":"","ast-breadcrumbs-content":"","ast-featured-img":"","footer-sml-layout":"","ast-disable-related-posts":"","theme-transparent-header-meta":"default","adv-header-id-meta":"","stick-header-meta":"default","header-above-stick-meta":"","header-main-stick-meta":"","header-below-stick-meta":"","astra-migrate-meta-layouts":"set","ast-page-background-enabled":"default","ast-page-background-meta":{"desktop":{"background-color":"","background-image":"","background-repeat":"repeat","background-position":"center center","background-size":"auto","background-attachment":"scroll","background-type":"","background-media":"","overlay-type":"","overlay-color":"","overlay-opacity":"","overlay-gradient":""},"tablet":{"background-color":"","background-image":"","background-repeat":"repeat","background-position":"center center","background-size":"auto","background-attachment":"scroll","background-type":"","background-media":"","overlay-type":"","overlay-color":"","overlay-opacity":"","overlay-gradient":""},"mobile":{"background-color":"","background-image":"","background-repeat":"repeat","background-position":"center center","background-size":"auto","background-attachment":"scroll","background-type":"","background-media":"","overlay-type":"","overlay-color":"","overlay-opacity":"","overlay-gradient":""}},"ast-content-background-meta":{"desktop":{"background-color":"var(--ast-global-color-5)","background-image":"","background-repeat":"repeat","background-position":"center center","background-size":"auto","background-attachment":"scroll","background-type":"","background-media":"","overlay-type":"","overlay-color":"","overlay-opacity":"","overlay-gradient":""},"tablet":{"background-color":"var(--ast-global-color-5)","background-image":"","background-repeat":"repeat","background-position":"center center","background-size":"auto","background-attachment":"scroll","background-type":"","background-media":"","overlay-type":"","overlay-color":"","overlay-opacity":"","overlay-gradient":""},"mobile":{"background-color":"var(--ast-global-color-5)","background-image":"","background-repeat":"repeat","background-position":"center center","background-size":"auto","background-attachment":"scroll","background-type":"","background-media":"","overlay-type":"","overlay-color":"","overlay-opacity":"","overlay-gradient":""}}},"product_brand":[],"product_cat":[76,65,85,89],"product_tag":[135,141,134,154],"class_list":{"0":"post-2997","1":"product","2":"type-product","3":"status-publish","4":"has-post-thumbnail","6":"product_cat-new-arrivels","7":"product_cat-best-sellers","8":"product_cat-wholesale-mens-shapewear","9":"product_cat-wholesale-men-full-body-shaper","10":"product_tag-all-in-one","11":"product_tag-plus-size","12":"product_tag-tummy-tucker","13":"product_tag-with-hooks","14":"pa_color-beige","15":"pa_color-black","16":"pa_size-4xl","17":"pa_size-5xl","18":"pa_size-6xl","19":"pa_size-l","20":"pa_size-m","21":"pa_size-s","22":"pa_size-xl","23":"pa_size-xxl","24":"pa_size-xxxl","25":"desktop-align-center","26":"tablet-align-left","27":"mobile-align-left","28":"ast-product-gallery-layout-horizontal-slider","29":"ast-product-single-variable","30":"ast-product-tabs-layout-horizontal","31":"ast-qv-on-image","33":"first","34":"instock","35":"shipping-taxable","36":"purchasable","37":"product-type-variable"},"tiered_pricing_type":"fixed","tiered_pricing_fixed_rules":{"2":13.69,"50":11.29,"300":10.69},"tiered_pricing_product_settings":{"layout":"default","base_unit_name":{"singular":null,"plural":null},"default_variation":{}},"tiered_pricing_minimum_quantity":null,"tiered_pricing_roles_data":[],"tiered_pricing_percentage_rules":[],"_links":{"self":[{"href":"https:\/\/yume-silm.com\/de\/wp-json\/wp\/v2\/product\/2997","targetHints":{"allow":["GET"]}}],"collection":[{"href":"https:\/\/yume-silm.com\/de\/wp-json\/wp\/v2\/product"}],"about":[{"href":"https:\/\/yume-silm.com\/de\/wp-json\/wp\/v2\/types\/product"}],"replies":[{"embeddable":true,"href":"https:\/\/yume-silm.com\/de\/wp-json\/wp\/v2\/comments?post=2997"}],"wp:featuredmedia":[{"embeddable":true,"href":"https:\/\/yume-silm.com\/de\/wp-json\/wp\/v2\/media\/3016"}],"wp:attachment":[{"href":"https:\/\/yume-silm.com\/de\/wp-json\/wp\/v2\/media?parent=2997"}],"wp:term":[{"taxonomy":"product_brand","embeddable":true,"href":"https:\/\/yume-silm.com\/de\/wp-json\/wp\/v2\/product_brand?post=2997"},{"taxonomy":"product_cat","embeddable":true,"href":"https:\/\/yume-silm.com\/de\/wp-json\/wp\/v2\/product_cat?post=2997"},{"taxonomy":"product_tag","embeddable":true,"href":"https:\/\/yume-silm.com\/de\/wp-json\/wp\/v2\/product_tag?post=2997"}],"curies":[{"name":"wp","href":"https:\/\/api.w.org\/{rel}","templated":true}]}}