{"id":3030,"date":"2023-05-18T03:37:35","date_gmt":"2023-05-18T03:37:35","guid":{"rendered":"https:\/\/yume-silm.com\/?post_type=product&#038;p=3030"},"modified":"2024-04-25T03:15:44","modified_gmt":"2024-04-25T03:15:44","slug":"herren-ganzkorper-hohe-elastische-mesh-shapewear-mit-rucken-kreuz","status":"publish","type":"product","link":"https:\/\/yume-silm.com\/de\/produkt\/herren-ganzkorper-hohe-elastische-mesh-shapewear-mit-rucken-kreuz\/","title":{"rendered":"Hochelastische Ganzk\u00f6rper-Shapewear f\u00fcr Herren im Gro\u00dfhandel: Back Cross Design"},"content":{"rendered":"<h5>Design-Merkmale<\/h5>\n<ul>\n<li data-slate-node=\"element\"><span data-slate-node=\"text\"><span class=\"00\" data-slate-leaf=\"true\"><strong>GANZK\u00d6RPER-FORMW\u00c4SCHE:<\/strong> Hochelastischer Ganzk\u00f6rper-Shapewear-Body f\u00fcr Herren, erh\u00e4ltlich in verschiedenen Gr\u00f6\u00dfen, einschlie\u00dflich S-6XL zur freien Auswahl. <\/span><\/span><span data-slate-node=\"text\"><span class=\"01\" data-slate-leaf=\"true\">Der Ganzk\u00f6rperformer mit Bauchkontrolle und H\u00fcftlifting von Fajas in \u00dcbergr\u00f6\u00dfe bietet eine umfassende Formungsl\u00f6sung, mit der Sie Ihren Bauch und Ihre Taille wirksam komprimieren und gleichzeitig Ihre Oberschenkelmuskulatur straffen k\u00f6nnen, um insgesamt stilvoller und selbstbewusster auszusehen.<\/span><\/span><\/li>\n<li data-slate-node=\"element\"><span data-slate-node=\"text\"><span class=\"21\" data-slate-leaf=\"true\"><strong>Atmungsaktives Mesh:<\/strong> Die \u00e4rmellose, Ganzk\u00f6rper-Shaper-Unterw\u00e4sche f\u00fcr Herren ist mit hoher Elastizit\u00e4t und Mesh gestaltet, das bequem und atmungsaktiv ist, sodass Sie bei jeder Sportart, im Alltag, bei der Arbeit oder beim Dating entspannen k\u00f6nnen. <\/span><\/span><span data-slate-node=\"text\"><span class=\"22\" data-slate-leaf=\"true\">Bequeme Passform, verschiedene Gr\u00f6\u00dfen sind perfekt f\u00fcr attraktive M\u00e4nner aller K\u00f6rpertypen.<\/span><\/span><\/li>\n<li data-slate-node=\"element\" data-slate-fragment=\"JTVCJTdCJTIydHlwZSUyMiUzQSUyMnBhcmFncmFwaCUyMiUyQyUyMmNoaWxkcmVuJTIyJTNBJTVCJTdCJTIydGV4dCUyMiUzQSUyMkZVTEwlMjBCT0RZJTIwU0hBUEVXRUFSJTNBJTIwSGlnaC1lbGFzdGljJTIwbWVuJ3MlMjBmdWxsLWJvZHklMjBzaGFwZXdlYXIlMjBib2R5c3VpdCUyQyUyMGF2YWlsYWJsZSUyMGluJTIwYSUyMHZhcmlldHklMjBvZiUyMHNpemVzJTIwaW5jbHVkaW5nJTIwUy02WEwlMjBmb3IlMjBmcmVlJTIwc2VsZWN0aW9uLiUyMCUyMiUyQyUyMnNlbnRlbmNlJTIyJTNBMCUyQyUyMmNoaWxkU2VudGVuY2UlMjIlM0EwJTdEJTJDJTdCJTIydGV4dCUyMiUzQSUyMlBsdXMlMjBzaXplJTIwZmFqYXMlMjBmdWxsJTIwYm9keSUyMHNoYXBlciUyMHR1bW15JTIwY29udHJvbCUyMGxpZnQlMjBoaXAlMjBib2R5c3VpdCUyMG9mZmVycyUyMGElMjBjb21wcmVoZW5zaXZlJTIwc2N1bHB0aW5nJTIwc29sdXRpb24lMjB0byUyMGhlbHAlMjB5b3UlMjBlZmZlY3RpdmVseSUyMGNvbXByZXNzJTIweW91ciUyMGFiZG9tZW4lMjBhbmQlMjB3YWlzdCUyMHdoaWxlJTIwdGlnaHRlbmluZyUyMHlvdXIlMjB0aGlnaCUyMG11c2NsZXMlMjBmb3IlMjBhJTIwbW9yZSUyMHN0eWxpc2glMjBhbmQlMjBjb25maWRlbnQlMjBvdmVyYWxsJTIwbG9vay4lMjIlMkMlMjJzZW50ZW5jZSUyMiUzQTAlMkMlMjJjaGlsZFNlbnRlbmNlJTIyJTNBMSU3RCU1RCU3RCUyQyU3QiUyMnR5cGUlMjIlM0ElMjJwYXJhZ3JhcGglMjIlMkMlMjJjaGlsZHJlbiUyMiUzQSU1QiU3QiUyMnRleHQlMjIlM0ElMjIlMjIlMkMlMjJzZW50ZW5jZSUyMiUzQTElMkMlMjJjaGlsZFNlbnRlbmNlJTIyJTNBMSU3RCU1RCU3RCUyQyU3QiUyMnR5cGUlMjIlM0ElMjJwYXJhZ3JhcGglMjIlMkMlMjJjaGlsZHJlbiUyMiUzQSU1QiU3QiUyMnRleHQlMjIlM0ElMjJNRVNIJTIwQlJFQVRIQUJMRSUzQSUyME1lbidzJTIwc2xlZXZlbGVzcyUyMGZ1bGwtYm9keSUyMHNoYXBlciUyMHVuZGVyd2VhciUyMHNsaW1taW5nJTIwaXMlMjBkZXNpZ25lZCUyMHdpdGglMjBoaWdoJTIwZWxhc3RpY2l0eSUyMGFuZCUyMG1lc2glMkMlMjB3aGljaCUyMGlzJTIwY29tZm9ydGFibGUlMjBhbmQlMjBicmVhdGhhYmxlJTJDJTIwYWxsb3dpbmclMjB5b3UlMjB0byUyMHJlbGF4JTIwaW4lMjBhbnklMjBzcG9ydCUyMGRhaWx5JTIwd29yayUyQyUyMG9yJTIwZGF0aW5nLiUyMCUyMiUyQyUyMnNlbnRlbmNlJTIyJTNBMiUyQyUyMmNoaWxkU2VudGVuY2UlMjIlM0ExJTdEJTJDJTdCJTIydGV4dCUyMiUzQSUyMkNvbWZvcnRhYmxlJTIwZml0JTJDJTIwYSUyMHZhcmlldHklMjBvZiUyMHNpemVzJTIwYXJlJTIwcGVyZmVjdCUyMGZvciUyMGF0dHJhY3RpdmUlMjBtZW4lMjBvZiUyMGFsbCUyMGJvZHklMjB0eXBlcy4lMjIlMkMlMjJzZW50ZW5jZSUyMiUzQTIlMkMlMjJjaGlsZFNlbnRlbmNlJTIyJTNBMiU3RCU1RCU3RCUyQyU3QiUyMnR5cGUlMjIlM0ElMjJwYXJhZ3JhcGglMjIlMkMlMjJjaGlsZHJlbiUyMiUzQSU1QiU3QiUyMnRleHQlMjIlM0ElMjIlMjIlMkMlMjJzZW50ZW5jZSUyMiUzQTMlMkMlMjJjaGlsZFNlbnRlbmNlJTIyJTNBMSU3RCU1RCU3RCUyQyU3QiUyMnR5cGUlMjIlM0ElMjJwYXJhZ3JhcGglMjIlMkMlMjJjaGlsZHJlbiUyMiUzQSU1QiU3QiUyMnRleHQlMjIlM0ElMjJDT05WRU5JRU5UJTIwWklQUEVSJTNBJTIwT3VyJTIwYmVzdCUyMHNoYXBld2VhciUyMGZvciUyMG1lbiUyMGhhcyUyMGElMjB6aXBwZXIlMjBkZXNpZ24lMjB0byUyMGVuaGFuY2UlMjBlYXNlJTIwb2YlMjB1c2UlMkMlMjBtYWtpbmclMjBpdCUyMHZlcnklMjBlYXN5JTIwdG8lMjB3ZWFyJTIwYW5kJTIwdGFrZSUyMG9mZiUyQyUyMHNhdmluZyUyMHRpbWUuJTIyJTJDJTIyc2VudGVuY2UlMjIlM0E0JTJDJTIyY2hpbGRTZW50ZW5jZSUyMiUzQTElN0QlNUQlN0QlNUQ=\"><span data-slate-node=\"text\"><span class=\"41\" data-slate-leaf=\"true\"><strong>PRAKTISCHER REISSVERSCHLUSS:<\/strong> Unsere beste Shapewear f\u00fcr M\u00e4nner verf\u00fcgt \u00fcber ein Rei\u00dfverschlussdesign f\u00fcr mehr Benutzerfreundlichkeit, sodass sie sehr einfach an- und auszuziehen ist und Sie Zeit sparen.<\/span><\/span><\/li>\n<li><strong>R\u00dcCKENKREUZ:<\/strong> Das R\u00fcckenkreuz des Herren Kompressionsbodys bietet zus\u00e4tzlichen Halt f\u00fcr eine klarere Silhouette.<\/li>\n<li><strong>VERSTELLBARER BREITER SCHULTERGURT:<\/strong> \u00c4rmellose Ganzk\u00f6rper-Shaping-Unterw\u00e4sche f\u00fcr M\u00e4nner mit breitem Schultergurtdesign und verstellbarer Hakenschnalle, passt sich nicht nur leicht dem K\u00f6rper an, verringert den R\u00fcckendruck und reduziert die Schulterligatur, sondern ist auch leicht einzustellen, zu tragen und auszuziehen, bequemer, praktischer und langlebiger.<\/li>\n<li><strong>U-F\u00d6RMIGER OFFENER SCHRITT:<\/strong> Das U-f\u00f6rmige Design der eng anliegenden Shapewear-Unterw\u00e4sche f\u00fcr M\u00e4nner bietet M\u00e4nnern sehr viel Platz. Das U-f\u00f6rmige Design ist praktisch f\u00fcr Bel\u00fcftung und Atmungsaktivit\u00e4t, f\u00fchlt sich nicht stickig an und ist sehr praktisch f\u00fcr die Verwendung im Badezimmer.<\/li>\n<\/ul>\n<h6><em>Hochkomprimierender Ganzk\u00f6rper-Shapewear-Overall f\u00fcr Herren in \u00dcbergr\u00f6\u00dfe, Fajas<\/em><\/h6>\n<ul>\n<li>Unsere hochelastische Ganzk\u00f6rper-Shapewear aus Mesh f\u00fcr Herren ist eine Kombination aus Stil, Komfort und Funktionalit\u00e4t. F\u00fcr Gro\u00dfh\u00e4ndler, die erstklassige Produkte anbieten m\u00f6chten, die den neuesten Trends entsprechen, ist dieser querelastische Body Shaper ein Muss.<\/li>\n<li>Mit Anpassungsoptionen, einer Reihe von Gr\u00f6\u00dfen und dem Versprechen einer schnellen Lieferung ist es eine wertvolle Erg\u00e4nzung Ihres Lagerbestands. Tauchen Sie mit diesem herausragenden St\u00fcck in die Welt des Gro\u00dfhandels ein. Bestellen Sie heute!<\/li>\n<\/ul>","protected":false},"excerpt":{"rendered":"<ul>\n<li>Wir pr\u00e4sentieren unser hochelastisches, atmungsaktives, verstellbares Mesh-Body-Shapewear-Korsett f\u00fcr Herren mit markantem Kreuzdesign auf der R\u00fcckseite.<\/li>\n<li>Diese Ganzk\u00f6rper-Shapewear aus hochelastischem Netzstoff f\u00fcr Herren ist mit einem praktischen Rei\u00dfverschluss und einer Querverst\u00e4rkung auf der R\u00fcckseite ausgestattet und gew\u00e4hrleistet sowohl Komfort als auch eine hervorragende Passform.<\/li>\n<li>Es besteht aus einer Mischung aus Nylon und Elasthan und ist die erste Wahl f\u00fcr alle, die einen definierten K\u00f6rperbau anstreben.<\/li>\n<\/ul>","protected":false},"featured_media":3061,"comment_status":"open","ping_status":"closed","template":"","meta":{"site-sidebar-layout":"default","site-content-layout":"default","ast-site-content-layout":"default","site-content-style":"default","site-sidebar-style":"default","ast-global-header-display":"","ast-banner-title-visibility":"","ast-main-header-display":"","ast-hfb-above-header-display":"","ast-hfb-below-header-display":"","ast-hfb-mobile-header-display":"","site-post-title":"","ast-breadcrumbs-content":"","ast-featured-img":"","footer-sml-layout":"","ast-disable-related-posts":"","theme-transparent-header-meta":"default","adv-header-id-meta":"","stick-header-meta":"default","header-above-stick-meta":"","header-main-stick-meta":"","header-below-stick-meta":"","astra-migrate-meta-layouts":"set","ast-page-background-enabled":"default","ast-page-background-meta":{"desktop":{"background-color":"","background-image":"","background-repeat":"repeat","background-position":"center center","background-size":"auto","background-attachment":"scroll","background-type":"","background-media":"","overlay-type":"","overlay-color":"","overlay-opacity":"","overlay-gradient":""},"tablet":{"background-color":"","background-image":"","background-repeat":"repeat","background-position":"center center","background-size":"auto","background-attachment":"scroll","background-type":"","background-media":"","overlay-type":"","overlay-color":"","overlay-opacity":"","overlay-gradient":""},"mobile":{"background-color":"","background-image":"","background-repeat":"repeat","background-position":"center center","background-size":"auto","background-attachment":"scroll","background-type":"","background-media":"","overlay-type":"","overlay-color":"","overlay-opacity":"","overlay-gradient":""}},"ast-content-background-meta":{"desktop":{"background-color":"var(--ast-global-color-5)","background-image":"","background-repeat":"repeat","background-position":"center center","background-size":"auto","background-attachment":"scroll","background-type":"","background-media":"","overlay-type":"","overlay-color":"","overlay-opacity":"","overlay-gradient":""},"tablet":{"background-color":"var(--ast-global-color-5)","background-image":"","background-repeat":"repeat","background-position":"center center","background-size":"auto","background-attachment":"scroll","background-type":"","background-media":"","overlay-type":"","overlay-color":"","overlay-opacity":"","overlay-gradient":""},"mobile":{"background-color":"var(--ast-global-color-5)","background-image":"","background-repeat":"repeat","background-position":"center center","background-size":"auto","background-attachment":"scroll","background-type":"","background-media":"","overlay-type":"","overlay-color":"","overlay-opacity":"","overlay-gradient":""}}},"product_brand":[],"product_cat":[76,65,85,89],"product_tag":[135,137,147,498,141,184],"class_list":{"0":"post-3030","1":"product","2":"type-product","3":"status-publish","4":"has-post-thumbnail","6":"product_cat-new-arrivels","7":"product_cat-best-sellers","8":"product_cat-wholesale-mens-shapewear","9":"product_cat-wholesale-men-full-body-shaper","10":"product_tag-all-in-one","11":"product_tag-butt-lift","12":"product_tag-cross","13":"product_tag-full-body","14":"product_tag-plus-size","15":"product_tag-zipper","16":"pa_color-beige","17":"pa_color-black","18":"pa_size-4xl","19":"pa_size-5xl","20":"pa_size-6xl","21":"pa_size-l","22":"pa_size-m","23":"pa_size-s","24":"pa_size-xl","25":"pa_size-xxl","26":"pa_size-xxxl","27":"desktop-align-center","28":"tablet-align-left","29":"mobile-align-left","30":"ast-product-gallery-layout-horizontal-slider","31":"ast-product-single-variable","32":"ast-product-tabs-layout-horizontal","33":"ast-qv-on-image","35":"first","36":"instock","37":"shipping-taxable","38":"purchasable","39":"product-type-variable"},"tiered_pricing_type":"fixed","tiered_pricing_fixed_rules":{"2":16.99,"50":15.79,"300":13.19},"tiered_pricing_product_settings":{"layout":"default","base_unit_name":{"singular":null,"plural":null},"default_variation":{}},"tiered_pricing_minimum_quantity":null,"tiered_pricing_roles_data":[],"tiered_pricing_percentage_rules":[],"_links":{"self":[{"href":"https:\/\/yume-silm.com\/de\/wp-json\/wp\/v2\/product\/3030","targetHints":{"allow":["GET"]}}],"collection":[{"href":"https:\/\/yume-silm.com\/de\/wp-json\/wp\/v2\/product"}],"about":[{"href":"https:\/\/yume-silm.com\/de\/wp-json\/wp\/v2\/types\/product"}],"replies":[{"embeddable":true,"href":"https:\/\/yume-silm.com\/de\/wp-json\/wp\/v2\/comments?post=3030"}],"wp:featuredmedia":[{"embeddable":true,"href":"https:\/\/yume-silm.com\/de\/wp-json\/wp\/v2\/media\/3061"}],"wp:attachment":[{"href":"https:\/\/yume-silm.com\/de\/wp-json\/wp\/v2\/media?parent=3030"}],"wp:term":[{"taxonomy":"product_brand","embeddable":true,"href":"https:\/\/yume-silm.com\/de\/wp-json\/wp\/v2\/product_brand?post=3030"},{"taxonomy":"product_cat","embeddable":true,"href":"https:\/\/yume-silm.com\/de\/wp-json\/wp\/v2\/product_cat?post=3030"},{"taxonomy":"product_tag","embeddable":true,"href":"https:\/\/yume-silm.com\/de\/wp-json\/wp\/v2\/product_tag?post=3030"}],"curies":[{"name":"wp","href":"https:\/\/api.w.org\/{rel}","templated":true}]}}