{"id":3388,"date":"2023-05-29T04:04:48","date_gmt":"2023-05-29T04:04:48","guid":{"rendered":"https:\/\/yume-silm.com\/?post_type=product&#038;p=3388"},"modified":"2024-03-11T06:48:09","modified_gmt":"2024-03-11T06:48:09","slug":"einteilige-leichte-shapewear-mit-einfacher-verstellung","status":"publish","type":"product","link":"https:\/\/yume-silm.com\/de\/produkt\/einteilige-leichte-shapewear-mit-einfacher-verstellung\/","title":{"rendered":"Einteilige leichte Shapewear im Gro\u00dfhandel: Doppelschichtige Kontrolle"},"content":{"rendered":"<h5>Design-Merkmale<\/h5>\n<ol>\n<li><strong>Einteilige Formw\u00e4sche:<\/strong> Das Design des r\u00fcckenfreien Shapewear-Bodys ist schlicht, leicht, modisch und elegant. Die Schultergurte lassen sich bequem verstellen und gew\u00e4hrleisten so eine perfekte Passform f\u00fcr alle K\u00f6rpertypen sowie ma\u00dfgeschneiderten Komfort und Halt.<\/li>\n<li><strong>Doppellagige Kompressions-Schlankheitsshorts:<\/strong> M\u00f6chten Sie eine Figur wie eine Ber\u00fchmtheit? Unser schwarzer Shapewear-Body besteht aus doppelten Schichten aus hochwertigem Stoff f\u00fcr eine verbesserte Formgebung und bietet hervorragende Kontrolle und lang anhaltende Dehnbarkeit. Helfen Sie dabei, einen glatten Bauch, ein straffes Ges\u00e4\u00df, einen sch\u00f6nen R\u00fccken usw. zu erreichen.<\/li>\n<li><strong>Silikon-Anti-Rutsch:<\/strong> Der Bodysuit mit BH und BH besteht aus rutschfestem Silikon und sorgt daf\u00fcr, dass der beige Shapewear-Body den ganzen Tag \u00fcber an Ort und Stelle bleibt und ein Wegrollen oder Unbehagen verhindert.<\/li>\n<li><strong>Markt-Trends:<\/strong> Unser Shapewear-Korsett-Body entspricht dem aktuellen Markttrend nach leichten, bequemen und effektiven Racerback-Shape-Bodys und stellt sicher, dass Ihr Sortiment aktuell und gefragt bleibt. Sie k\u00f6nnen sich f\u00fcr diese g\u00fcnstige, benutzerfreundliche, bequeme und k\u00f6rperbetonte Shapewear entscheiden. Schicken Sie es an Freunde oder Familie, besuchen Sie Verabredungen oder Partys usw., Sie werden immer die Sch\u00f6nste und Selbstbewussteste sein!<\/li>\n<\/ol>\n<h6><em>Die besten Schlankheits-Shapewear-Bodys f\u00fcr Frauen in \u00dcbergr\u00f6\u00dfen<\/em><\/h6>\n<p>Unsere einteilige, leichte Shapewear mit einfacher Anpassung ist eine vielseitige und unverzichtbare Erg\u00e4nzung Ihrer Gro\u00dfhandelskollektion. Mit einer Mischung aus Komfort, Stil und Funktionalit\u00e4t erf\u00fcllt es die Bed\u00fcrfnisse der heutigen Verbraucher und sorgt f\u00fcr Zufriedenheit und Folgegesch\u00e4fte. Bestellen Sie jetzt, um Ihr Sortiment zu erweitern und Ihren Umsatz zu steigern!<\/p>","protected":false},"excerpt":{"rendered":"<p>Entdecken Sie unsere einteilige leichte Shapewear, eine nahtlose L\u00f6sung f\u00fcr eine makellose Silhouette. Mit einfacher Anpassung, doppellagigem Stoff und rutschfesten Silikoneigenschaften sorgt es f\u00fcr eine perfekte Passform und ganzt\u00e4gigen Komfort. Ideal zum Tragen unter jedem Outfit, ein Muss f\u00fcr Ihre Sammlung.<\/p>","protected":false},"featured_media":3399,"comment_status":"open","ping_status":"closed","template":"","meta":{"site-sidebar-layout":"default","site-content-layout":"default","ast-site-content-layout":"default","site-content-style":"default","site-sidebar-style":"default","ast-global-header-display":"","ast-banner-title-visibility":"","ast-main-header-display":"","ast-hfb-above-header-display":"","ast-hfb-below-header-display":"","ast-hfb-mobile-header-display":"","site-post-title":"","ast-breadcrumbs-content":"","ast-featured-img":"","footer-sml-layout":"","ast-disable-related-posts":"","theme-transparent-header-meta":"default","adv-header-id-meta":"","stick-header-meta":"default","header-above-stick-meta":"","header-main-stick-meta":"","header-below-stick-meta":"","astra-migrate-meta-layouts":"set","ast-page-background-enabled":"default","ast-page-background-meta":{"desktop":{"background-color":"","background-image":"","background-repeat":"repeat","background-position":"center center","background-size":"auto","background-attachment":"scroll","background-type":"","background-media":"","overlay-type":"","overlay-color":"","overlay-opacity":"","overlay-gradient":""},"tablet":{"background-color":"","background-image":"","background-repeat":"repeat","background-position":"center center","background-size":"auto","background-attachment":"scroll","background-type":"","background-media":"","overlay-type":"","overlay-color":"","overlay-opacity":"","overlay-gradient":""},"mobile":{"background-color":"","background-image":"","background-repeat":"repeat","background-position":"center center","background-size":"auto","background-attachment":"scroll","background-type":"","background-media":"","overlay-type":"","overlay-color":"","overlay-opacity":"","overlay-gradient":""}},"ast-content-background-meta":{"desktop":{"background-color":"var(--ast-global-color-5)","background-image":"","background-repeat":"repeat","background-position":"center center","background-size":"auto","background-attachment":"scroll","background-type":"","background-media":"","overlay-type":"","overlay-color":"","overlay-opacity":"","overlay-gradient":""},"tablet":{"background-color":"var(--ast-global-color-5)","background-image":"","background-repeat":"repeat","background-position":"center center","background-size":"auto","background-attachment":"scroll","background-type":"","background-media":"","overlay-type":"","overlay-color":"","overlay-opacity":"","overlay-gradient":""},"mobile":{"background-color":"var(--ast-global-color-5)","background-image":"","background-repeat":"repeat","background-position":"center center","background-size":"auto","background-attachment":"scroll","background-type":"","background-media":"","overlay-type":"","overlay-color":"","overlay-opacity":"","overlay-gradient":""}}},"product_brand":[],"product_cat":[65,76,77,79,78],"product_tag":[135,142,148,144],"class_list":{"0":"post-3388","1":"product","2":"type-product","3":"status-publish","4":"has-post-thumbnail","6":"product_cat-best-sellers","7":"product_cat-new-arrivels","8":"product_cat-wholesale-womens-shapewear","9":"product_cat-wholesale-seemless-shaperwear","10":"product_cat-wholesale-full-body-shaper","11":"product_tag-all-in-one","12":"product_tag-low-back","13":"product_tag-one-piece","14":"product_tag-slip","15":"pa_color-beige","16":"pa_color-black","17":"pa_size-l","18":"pa_size-m","19":"pa_size-s","20":"pa_size-xl","21":"desktop-align-center","22":"tablet-align-left","23":"mobile-align-left","24":"ast-product-gallery-layout-horizontal-slider","25":"ast-product-single-variable","26":"ast-product-tabs-layout-horizontal","27":"ast-qv-on-image","29":"first","30":"instock","31":"shipping-taxable","32":"purchasable","33":"product-type-variable"},"tiered_pricing_type":"fixed","tiered_pricing_fixed_rules":{"2":8.39,"30":7.79,"500":6.59},"tiered_pricing_product_settings":{"layout":"default","base_unit_name":{"singular":null,"plural":null},"default_variation":{}},"tiered_pricing_minimum_quantity":null,"tiered_pricing_roles_data":[],"tiered_pricing_percentage_rules":[],"_links":{"self":[{"href":"https:\/\/yume-silm.com\/de\/wp-json\/wp\/v2\/product\/3388","targetHints":{"allow":["GET"]}}],"collection":[{"href":"https:\/\/yume-silm.com\/de\/wp-json\/wp\/v2\/product"}],"about":[{"href":"https:\/\/yume-silm.com\/de\/wp-json\/wp\/v2\/types\/product"}],"replies":[{"embeddable":true,"href":"https:\/\/yume-silm.com\/de\/wp-json\/wp\/v2\/comments?post=3388"}],"wp:featuredmedia":[{"embeddable":true,"href":"https:\/\/yume-silm.com\/de\/wp-json\/wp\/v2\/media\/3399"}],"wp:attachment":[{"href":"https:\/\/yume-silm.com\/de\/wp-json\/wp\/v2\/media?parent=3388"}],"wp:term":[{"taxonomy":"product_brand","embeddable":true,"href":"https:\/\/yume-silm.com\/de\/wp-json\/wp\/v2\/product_brand?post=3388"},{"taxonomy":"product_cat","embeddable":true,"href":"https:\/\/yume-silm.com\/de\/wp-json\/wp\/v2\/product_cat?post=3388"},{"taxonomy":"product_tag","embeddable":true,"href":"https:\/\/yume-silm.com\/de\/wp-json\/wp\/v2\/product_tag?post=3388"}],"curies":[{"name":"wp","href":"https:\/\/api.w.org\/{rel}","templated":true}]}}