{"id":3798,"date":"2023-06-12T06:03:09","date_gmt":"2023-06-12T06:03:09","guid":{"rendered":"https:\/\/yume-silm.com\/?post_type=product&#038;p=3798"},"modified":"2024-11-06T02:12:58","modified_gmt":"2024-11-06T02:12:58","slug":"elastische-atmungsaktive-kleidung-mit-abnehmbaren-polstern-satz","status":"publish","type":"product","link":"https:\/\/yume-silm.com\/de\/produkt\/elastische-atmungsaktive-kleidung-mit-abnehmbaren-polstern-satz\/","title":{"rendered":"Elastisches, atmungsaktives Shapewear-Set im Gro\u00dfhandel: Po-Lift-Shorts und BH"},"content":{"rendered":"<h5>Design-Merkmale<\/h5>\n<ul>\n<li data-slate-node=\"element\"><span data-slate-node=\"text\"><span class=\"00\" data-slate-leaf=\"true\"><strong>HOHE ELASTIZIT\u00c4T:<\/strong> Dieser k\u00f6rperformende Anzug besteht aus hochwertigem, hochelastischem Metamaterial. <\/span><\/span><span data-slate-node=\"text\"><span class=\"01\" data-slate-leaf=\"true\">Langlebig und keine Angst vor dem Ziehen. <\/span><\/span><span data-slate-node=\"text\"><span class=\"02\" data-slate-leaf=\"true\">Die nahtlose Konstruktion der Seamless-Shapewear sorgt f\u00fcr ein angenehmes Tragegef\u00fchl und erh\u00f6ht die Kundenzufriedenheit.<\/span><\/span><\/li>\n<li data-slate-node=\"element\"><span data-slate-node=\"text\"><span class=\"31\" data-slate-leaf=\"true\"><strong>KOMFORTABEL UND ATMUNGSAKTIV:<\/strong> Unser Body-Shaping-Anzug mit hoher Taille und Po-Lifting legt gro\u00dfen Wert auf Tragbarkeit und ist bequem und atmungsaktiv, sodass Sie sich auch bei l\u00e4ngerem Training wohl f\u00fchlen.<\/span><\/span><\/li>\n<li data-slate-node=\"element\"><span data-slate-node=\"text\"><span class=\"61\" data-slate-leaf=\"true\"><strong>ABNEHMBARE BRUSTPADS:<\/strong> Dieser Shapewear-BH bietet Vielseitigkeit und individuelle Anpassungsm\u00f6glichkeiten und verf\u00fcgt \u00fcber integrierte, herausnehmbare Brustpolster, um den unterschiedlichen Vorlieben der Kunden gerecht zu werden.<\/span><\/span><\/li>\n<li data-slate-node=\"element\"><span data-slate-node=\"text\"><span class=\"91\" data-slate-leaf=\"true\"><strong>Po-Lifting-Shorts:<\/strong> M\u00f6chten Sie Ihren Hintern betonen? <\/span><\/span><span data-slate-node=\"text\"><span class=\"92\" data-slate-leaf=\"true\">W\u00e4hlen Sie diese glatte Stretch-Shapewear, die die nat\u00fcrlichen Kurven Ihres K\u00f6rpers auf nat\u00fcrliche Weise betont. <\/span><\/span><span data-slate-node=\"text\"><span class=\"93\" data-slate-leaf=\"true\">Aufgrund seines hervorragenden H\u00fcftunterst\u00fctzungsdesigns und seiner Anpassungsf\u00e4higkeit an alle Ges\u00e4\u00dfmuskeln ist es die erste Wahl f\u00fcr alle, die ein transformatives Shapewear-Erlebnis suchen.<\/span><\/span><\/li>\n<li data-slate-node=\"element\" data-slate-fragment=\"JTVCJTdCJTIydHlwZSUyMiUzQSUyMnBhcmFncmFwaCUyMiUyQyUyMmNoaWxkcmVuJTIyJTNBJTVCJTdCJTIydGV4dCUyMiUzQSUyMkhJR0glMjBFTEFTVElDSVRZJTNBJTIwVGhpcyUyMGJvZHklMjBzaGFwaW5nJTIwc3VpdCUyMGlzJTIwbWFkZSUyMG9mJTIwaGlnaC1xdWFsaXR5JTJDJTIwaGlnaGx5JTIwZWxhc3RpYyUyMG1ldGFtYXRlcmlhbC4lMjAlMjIlMkMlMjJzZW50ZW5jZSUyMiUzQTAlMkMlMjJjaGlsZFNlbnRlbmNlJTIyJTNBMCU3RCUyQyU3QiUyMnRleHQlMjIlM0ElMjJEdXJhYmxlJTIwYW5kJTIwbm90JTIwYWZyYWlkJTIwb2YlMjBwdWxsaW5nLiUyMCUyMiUyQyUyMnNlbnRlbmNlJTIyJTNBMCUyQyUyMmNoaWxkU2VudGVuY2UlMjIlM0ExJTdEJTJDJTdCJTIydGV4dCUyMiUzQSUyMlRoZSUyMHNlYW1sZXNzJTIwc2hhcGV3ZWFyJ3MlMjBzZWFtbGVzcyUyMGNvbnN0cnVjdGlvbiUyMGVuc3VyZXMlMjBhJTIwY29tZm9ydGFibGUlMjBmaXQlMjBhbmQlMjBpbmNyZWFzZXMlMjBjdXN0b21lciUyMHNhdGlzZmFjdGlvbi4lMjIlMkMlMjJzZW50ZW5jZSUyMiUzQTAlMkMlMjJjaGlsZFNlbnRlbmNlJTIyJTNBMiU3RCU1RCU3RCUyQyU3QiUyMnR5cGUlMjIlM0ElMjJwYXJhZ3JhcGglMjIlMkMlMjJjaGlsZHJlbiUyMiUzQSU1QiU3QiUyMnRleHQlMjIlM0ElMjIlMjIlMkMlMjJzZW50ZW5jZSUyMiUzQTElMkMlMjJjaGlsZFNlbnRlbmNlJTIyJTNBMSU3RCU1RCU3RCUyQyU3QiUyMnR5cGUlMjIlM0ElMjJwYXJhZ3JhcGglMjIlMkMlMjJjaGlsZHJlbiUyMiUzQSU1QiU3QiUyMnRleHQlMjIlM0ElMjIlMjIlMkMlMjJzZW50ZW5jZSUyMiUzQTIlMkMlMjJjaGlsZFNlbnRlbmNlJTIyJTNBMSU3RCU1RCU3RCUyQyU3QiUyMnR5cGUlMjIlM0ElMjJwYXJhZ3JhcGglMjIlMkMlMjJjaGlsZHJlbiUyMiUzQSU1QiU3QiUyMnRleHQlMjIlM0ElMjJDT01GT1JUQUJMRSUyMEFORCUyMEJSRUFUSEFCTEUlM0ElMjBPdXIlMjBoaWdoJTIwd2Fpc3QlMjBidXR0JTIwbGlmdGluZyUyMGJvZHklMjBzaGFwaW5nJTIwc3VpdCUyMHByaW9yaXRpemVzJTIwd2VhcmFiaWxpdHklMjBhbmQlMjBpcyUyMGNvbWZvcnRhYmxlJTIwYW5kJTIwYnJlYXRoYWJsZSUyQyUyMG1ha2luZyUyMHlvdSUyMGZlZWwlMjBjb21mb3J0YWJsZSUyMGV2ZW4lMjBkdXJpbmclMjBsb25nLXRlcm0lMjBleGVyY2lzZS4lMjIlMkMlMjJzZW50ZW5jZSUyMiUzQTMlMkMlMjJjaGlsZFNlbnRlbmNlJTIyJTNBMSU3RCU1RCU3RCUyQyU3QiUyMnR5cGUlMjIlM0ElMjJwYXJhZ3JhcGglMjIlMkMlMjJjaGlsZHJlbiUyMiUzQSU1QiU3QiUyMnRleHQlMjIlM0ElMjIlMjIlMkMlMjJzZW50ZW5jZSUyMiUzQTQlMkMlMjJjaGlsZFNlbnRlbmNlJTIyJTNBMSU3RCU1RCU3RCUyQyU3QiUyMnR5cGUlMjIlM0ElMjJwYXJhZ3JhcGglMjIlMkMlMjJjaGlsZHJlbiUyMiUzQSU1QiU3QiUyMnRleHQlMjIlM0ElMjIlMjIlMkMlMjJzZW50ZW5jZSUyMiUzQTUlMkMlMjJjaGlsZFNlbnRlbmNlJTIyJTNBMSU3RCU1RCU3RCUyQyU3QiUyMnR5cGUlMjIlM0ElMjJwYXJhZ3JhcGglMjIlMkMlMjJjaGlsZHJlbiUyMiUzQSU1QiU3QiUyMnRleHQlMjIlM0ElMjJSRU1PVkFCTEUlMjBCUkVBU1QlMjBQQURTJTNBJTIwUHJvdmlkaW5nJTIwdmVyc2F0aWxpdHklMjBhbmQlMjBjdXN0b21pemF0aW9uJTJDJTIwdGhpcyUyMHNoYXBld2VhciUyMGJyYSUyMGhhcyUyMGJ1aWx0LWluJTIwcmVtb3ZhYmxlJTIwYnJlYXN0JTIwcGFkcyUyMHRvJTIwbWVldCUyMGN1c3RvbWVycyclMjBkaWZmZXJlbnQlMjBwcmVmZXJlbmNlcy4lMjIlMkMlMjJzZW50ZW5jZSUyMiUzQTYlMkMlMjJjaGlsZFNlbnRlbmNlJTIyJTNBMSU3RCU1RCU3RCUyQyU3QiUyMnR5cGUlMjIlM0ElMjJwYXJhZ3JhcGglMjIlMkMlMjJjaGlsZHJlbiUyMiUzQSU1QiU3QiUyMnRleHQlMjIlM0ElMjIlMjIlMkMlMjJzZW50ZW5jZSUyMiUzQTclMkMlMjJjaGlsZFNlbnRlbmNlJTIyJTNBMSU3RCU1RCU3RCUyQyU3QiUyMnR5cGUlMjIlM0ElMjJwYXJhZ3JhcGglMjIlMkMlMjJjaGlsZHJlbiUyMiUzQSU1QiU3QiUyMnRleHQlMjIlM0ElMjIlMjIlMkMlMjJzZW50ZW5jZSUyMiUzQTglMkMlMjJjaGlsZFNlbnRlbmNlJTIyJTNBMSU3RCU1RCU3RCUyQyU3QiUyMnR5cGUlMjIlM0ElMjJwYXJhZ3JhcGglMjIlMkMlMjJjaGlsZHJlbiUyMiUzQSU1QiU3QiUyMnRleHQlMjIlM0ElMjJCVVRUJTIwTElGVElORyUyMFNIT1JUUyUzQSUyMFdhbnQlMjB0byUyMGFjY2VudHVhdGUlMjB5b3VyJTIwYnV0dCUzRiUyMCUyMiUyQyUyMnNlbnRlbmNlJTIyJTNBOSUyQyUyMmNoaWxkU2VudGVuY2UlMjIlM0ExJTdEJTJDJTdCJTIydGV4dCUyMiUzQSUyMkNob29zZSUyMHRoaXMlMjBzbW9vdGglMjBzdHJldGNoJTIwc2hhcGV3ZWFyJTIwdGhhdCUyMHdpbGwlMjBuYXR1cmFsbHklMjBhY2NlbnR1YXRlJTIweW91ciUyMGJvZHkncyUyMG5hdHVyYWwlMjBjdXJ2ZXMuJTIwJTIyJTJDJTIyc2VudGVuY2UlMjIlM0E5JTJDJTIyY2hpbGRTZW50ZW5jZSUyMiUzQTIlN0QlMkMlN0IlMjJ0ZXh0JTIyJTNBJTIyQmVjYXVzZSUyMG9mJTIwaXRzJTIwZXhjZWxsZW50JTIwaGlwJTIwc3VwcG9ydCUyMGRlc2lnbiUyMGFuZCUyMGFkYXB0YWJpbGl0eSUyMHRvJTIwYWxsJTIwYnV0dG9ja3MlMkMlMjBpdCUyMGlzJTIwdGhlJTIwZmlyc3QlMjBjaG9pY2UlMjBmb3IlMjB0aG9zZSUyMGxvb2tpbmclMjBmb3IlMjBhJTIwdHJhbnNmb3JtYXRpdmUlMjBzaGFwZXdlYXIlMjBleHBlcmllbmNlLiUyMiUyQyUyMnNlbnRlbmNlJTIyJTNBOSUyQyUyMmNoaWxkU2VudGVuY2UlMjIlM0EzJTdEJTVEJTdEJTJDJTdCJTIydHlwZSUyMiUzQSUyMnBhcmFncmFwaCUyMiUyQyUyMmNoaWxkcmVuJTIyJTNBJTVCJTdCJTIydGV4dCUyMiUzQSUyMiUyMiUyQyUyMnNlbnRlbmNlJTIyJTNBMTAlMkMlMjJjaGlsZFNlbnRlbmNlJTIyJTNBMSU3RCU1RCU3RCUyQyU3QiUyMnR5cGUlMjIlM0ElMjJwYXJhZ3JhcGglMjIlMkMlMjJjaGlsZHJlbiUyMiUzQSU1QiU3QiUyMnRleHQlMjIlM0ElMjIlMjIlMkMlMjJzZW50ZW5jZSUyMiUzQTExJTJDJTIyY2hpbGRTZW50ZW5jZSUyMiUzQTElN0QlNUQlN0QlMkMlN0IlMjJ0eXBlJTIyJTNBJTIycGFyYWdyYXBoJTIyJTJDJTIyY2hpbGRyZW4lMjIlM0ElNUIlN0IlMjJ0ZXh0JTIyJTNBJTIyQ09NUExFVEUlMjBTRVQlM0ElMjBBJTIwY29tcHJlaGVuc2l2ZSUyMHNvbHV0aW9uJTJDJTIwdGhpcyUyMHdvbWVuJ3MlMjBzaGFwZXdlYXIlMjB1bmRlcndlYXIlMjBzZXQlMjBpbmNsdWRlcyUyMGElMjBicmElMjBhbmQlMjBidXR0JTIwbGlmdGluZyUyMHNob3J0cyUyQyUyMHByb3ZpZGluZyUyMGN1c3RvbWVycyUyMHdpdGglMjB1bm1hdGNoZWQlMjB2YWx1ZSUyMGFuZCUyMGNvbnZlbmllbmNlLiUyMiUyQyUyMnNlbnRlbmNlJTIyJTNBMTIlMkMlMjJjaGlsZFNlbnRlbmNlJTIyJTNBMSU3RCU1RCU3RCU1RA==\"><span data-slate-node=\"text\"><span class=\"121\" data-slate-leaf=\"true\"><strong>KOMPLETT-SET:<\/strong> Dieses Damen-Shapewear-Unterw\u00e4scheset ist eine umfassende L\u00f6sung und umfasst einen BH und Po-Lifting-Shorts, die den Kunden ein un\u00fcbertroffenes Preis-Leistungs-Verh\u00e4ltnis und Komfort bietet.<\/span><\/span><\/li>\n<\/ul>\n<h6><em>Set aus einfarbigem, nahtlosem, figurformendem BH f\u00fcr Damen und Shorts mit hoher Taille<\/em><\/h6>\n<ul>\n<li>Zusammenfassend l\u00e4sst sich sagen, dass das elastische, atmungsaktive Shapewear-Set mit abnehmbaren Polstern ein Muss f\u00fcr Gro\u00dfh\u00e4ndler ist, die erstklassige Shaping-L\u00f6sungen anbieten m\u00f6chten. Mit seiner Mischung aus Komfort und Stil verspricht es ein Kundenliebling zu werden. F\u00fcgen Sie es noch heute Ihrer Sammlung hinzu!<\/li>\n<\/ul>","protected":false},"excerpt":{"rendered":"<p>Entdecken Sie unser elastisches, atmungsaktives Shapewear-Set, sorgf\u00e4ltig gefertigt f\u00fcr die anspruchsvolle Frau. Dieses Shapewear-Set besteht aus einem bequemen BH mit abnehmbaren Polstern und Po-Lifting-Shorts, die alle mit einem hochelastischen Design f\u00fcr eine gute Passform versehen sind.<\/p>","protected":false},"featured_media":3815,"comment_status":"open","ping_status":"closed","template":"","meta":{"site-sidebar-layout":"default","site-content-layout":"default","ast-site-content-layout":"default","site-content-style":"default","site-sidebar-style":"default","ast-global-header-display":"","ast-banner-title-visibility":"","ast-main-header-display":"","ast-hfb-above-header-display":"","ast-hfb-below-header-display":"","ast-hfb-mobile-header-display":"","site-post-title":"","ast-breadcrumbs-content":"","ast-featured-img":"","footer-sml-layout":"","ast-disable-related-posts":"","theme-transparent-header-meta":"default","adv-header-id-meta":"","stick-header-meta":"default","header-above-stick-meta":"","header-main-stick-meta":"","header-below-stick-meta":"","astra-migrate-meta-layouts":"set","ast-page-background-enabled":"default","ast-page-background-meta":{"desktop":{"background-color":"","background-image":"","background-repeat":"repeat","background-position":"center center","background-size":"auto","background-attachment":"scroll","background-type":"","background-media":"","overlay-type":"","overlay-color":"","overlay-opacity":"","overlay-gradient":""},"tablet":{"background-color":"","background-image":"","background-repeat":"repeat","background-position":"center center","background-size":"auto","background-attachment":"scroll","background-type":"","background-media":"","overlay-type":"","overlay-color":"","overlay-opacity":"","overlay-gradient":""},"mobile":{"background-color":"","background-image":"","background-repeat":"repeat","background-position":"center center","background-size":"auto","background-attachment":"scroll","background-type":"","background-media":"","overlay-type":"","overlay-color":"","overlay-opacity":"","overlay-gradient":""}},"ast-content-background-meta":{"desktop":{"background-color":"var(--ast-global-color-5)","background-image":"","background-repeat":"repeat","background-position":"center center","background-size":"auto","background-attachment":"scroll","background-type":"","background-media":"","overlay-type":"","overlay-color":"","overlay-opacity":"","overlay-gradient":""},"tablet":{"background-color":"var(--ast-global-color-5)","background-image":"","background-repeat":"repeat","background-position":"center center","background-size":"auto","background-attachment":"scroll","background-type":"","background-media":"","overlay-type":"","overlay-color":"","overlay-opacity":"","overlay-gradient":""},"mobile":{"background-color":"var(--ast-global-color-5)","background-image":"","background-repeat":"repeat","background-position":"center center","background-size":"auto","background-attachment":"scroll","background-type":"","background-media":"","overlay-type":"","overlay-color":"","overlay-opacity":"","overlay-gradient":""}}},"product_brand":[],"product_cat":[76,65,77,79,80],"product_tag":[136,137,186,523,513,524],"class_list":{"0":"post-3798","1":"product","2":"type-product","3":"status-publish","4":"has-post-thumbnail","6":"product_cat-new-arrivels","7":"product_cat-best-sellers","8":"product_cat-wholesale-womens-shapewear","9":"product_cat-wholesale-seemless-shaperwear","10":"product_cat-wholesale-butt-lift-underwear","11":"product_tag-bridal","12":"product_tag-butt-lift","13":"product_tag-padded","14":"product_tag-seemless","15":"product_tag-short","16":"product_tag-suit","17":"pa_color-beige","18":"pa_color-black","19":"pa_size-l","20":"pa_size-m","21":"pa_size-s","22":"pa_size-xl","23":"desktop-align-center","24":"tablet-align-left","25":"mobile-align-left","26":"ast-product-gallery-layout-horizontal-slider","27":"ast-product-single-variable","28":"ast-product-tabs-layout-horizontal","29":"ast-qv-on-image","31":"first","32":"instock","33":"shipping-taxable","34":"purchasable","35":"product-type-variable"},"tiered_pricing_type":"fixed","tiered_pricing_fixed_rules":{"2":5.99,"30":5.59},"tiered_pricing_product_settings":{"layout":"default","base_unit_name":{"singular":null,"plural":null},"default_variation":{}},"tiered_pricing_minimum_quantity":null,"tiered_pricing_roles_data":[],"tiered_pricing_percentage_rules":[],"_links":{"self":[{"href":"https:\/\/yume-silm.com\/de\/wp-json\/wp\/v2\/product\/3798","targetHints":{"allow":["GET"]}}],"collection":[{"href":"https:\/\/yume-silm.com\/de\/wp-json\/wp\/v2\/product"}],"about":[{"href":"https:\/\/yume-silm.com\/de\/wp-json\/wp\/v2\/types\/product"}],"replies":[{"embeddable":true,"href":"https:\/\/yume-silm.com\/de\/wp-json\/wp\/v2\/comments?post=3798"}],"wp:featuredmedia":[{"embeddable":true,"href":"https:\/\/yume-silm.com\/de\/wp-json\/wp\/v2\/media\/3815"}],"wp:attachment":[{"href":"https:\/\/yume-silm.com\/de\/wp-json\/wp\/v2\/media?parent=3798"}],"wp:term":[{"taxonomy":"product_brand","embeddable":true,"href":"https:\/\/yume-silm.com\/de\/wp-json\/wp\/v2\/product_brand?post=3798"},{"taxonomy":"product_cat","embeddable":true,"href":"https:\/\/yume-silm.com\/de\/wp-json\/wp\/v2\/product_cat?post=3798"},{"taxonomy":"product_tag","embeddable":true,"href":"https:\/\/yume-silm.com\/de\/wp-json\/wp\/v2\/product_tag?post=3798"}],"curies":[{"name":"wp","href":"https:\/\/api.w.org\/{rel}","templated":true}]}}