{"id":3818,"date":"2023-06-12T06:26:57","date_gmt":"2023-06-12T06:26:57","guid":{"rendered":"https:\/\/yume-silm.com\/?post_type=product&#038;p=3818"},"modified":"2025-05-26T00:39:37","modified_gmt":"2025-05-26T00:39:37","slug":"plus-size-full-body-shapewear-mit-offnungsfahigem-bra","status":"publish","type":"product","link":"https:\/\/yume-silm.com\/de\/produkt\/plus-size-full-body-shapewear-mit-offnungsfahigem-bra\/","title":{"rendered":"Gro\u00dfhandel Ganzk\u00f6rper-Shapewear in \u00dcbergr\u00f6\u00dfe: Offener BH"},"content":{"rendered":"<h5>Design-Merkmale<\/h5>\n<ul>\n<li><strong>Gro\u00dfe Gr\u00f6\u00dfe inklusive:<\/strong> Der Shapewear-Body f\u00fcr Damen deckt ein breites Gr\u00f6\u00dfenspektrum von S bis 6XL ab und sorgt so f\u00fcr Inklusivit\u00e4t und einen breiteren Kundenstamm.<\/li>\n<li><strong>VERSTELLBARE RIEMEN:<\/strong> Auch die breiten Schultergurte dieses Bauchformers sind verstellbar. Klettverschluss-Anpassungen sorgen f\u00fcr Flexibilit\u00e4t und Freiheit; Die breiten Tr\u00e4ger sind so konzipiert, dass sie den Schulterdruck leicht reduzieren, eine individuelle Passform bieten, den Komfort erh\u00f6hen und die Kundenzufriedenheit gew\u00e4hrleisten.<\/li>\n<li><strong>GE\u00d6FFNETER BH:<\/strong> Diese Damen-Shapewear in \u00dcbergr\u00f6\u00dfe kann ohne separaten BH getragen werden. Es verf\u00fcgt \u00fcber einen integrierten Schnappverschluss, der nicht nur die Br\u00fcste gut st\u00fctzt, sondern auch der Mutter das Stillen erleichtert. Das einzigartige Design bietet gro\u00dfen Komfort beim An- und Ausziehen. Es bietet auch bessere Form- und F\u00fctterungsm\u00f6glichkeiten f\u00fcr stillende M\u00fctter.<\/li>\n<li><strong>EINFACH ZUZIEHENDER REISSVERSCHLUSS:<\/strong> Das vordere Rei\u00dfverschlussdesign der Ganzk\u00f6rper-Shapewear in \u00dcbergr\u00f6\u00dfe mit Rei\u00dfverschluss ist praktisch und bequem und vereinfacht den Tragevorgang.<\/li>\n<li><strong>OFFENER SCHRITT:<\/strong> Der Schritt der Plus-Size-Shapewear-Unterw\u00e4sche kann in einem durchdachten Design ge\u00f6ffnet werden, sodass Sie das Problem des Toilettengangs l\u00f6sen k\u00f6nnen, ohne Ihre gesamte Kleidung ausziehen zu m\u00fcssen.<\/li>\n<\/ul>\n<p><em>Kompressions-Ganzk\u00f6rper-Shapewear-Body in \u00dcbergr\u00f6\u00dfe f\u00fcr Damen<\/em><\/p>\n<ul>\n<li><strong>VOLLST\u00c4NDIGER PFIRSICH-Hintern:<\/strong> Der nahtlose Po-Lifter-Oberschenkel-Shaper ist dehnbar und langlebig und erm\u00f6glicht eine Ganzk\u00f6rperformung. Erzielen Sie ganz einfach einen gegl\u00e4tteten Bauch, eine schlankere Po- und Oberschenkelpartie sowie einen strafferen R\u00fccken.<\/li>\n<li><strong>SPITZENVERKLEIDUNG:<\/strong> Elegante Spitzen- und Stoffelemente verleihen der Ganzk\u00f6rper-Shapewear in \u00dcbergr\u00f6\u00dfe einen Hauch von Stil und Komfort und ziehen Kunden an, die auf der Suche nach Funktion und Mode sind.<\/li>\n<li>Zusammenfassend ist die Ganzk\u00f6rper-Shapewear in \u00dcbergr\u00f6\u00dfe mit offenem BH eine unverzichtbare Erg\u00e4nzung f\u00fcr Gro\u00dfh\u00e4ndler, die eine vielf\u00e4ltige Kundschaft bedienen m\u00f6chten. Seine Mischung aus Funktionalit\u00e4t und Stil verspricht, Kunden zu begeistern und zufrieden zu stellen. Machen Sie es noch heute zu einem Teil Ihrer Gro\u00dfhandelskollektion!<\/li>\n<\/ul>","protected":false},"excerpt":{"rendered":"<p>Wir stellen Ihnen unsere Ganzk\u00f6rper-Shapewear in \u00dcbergr\u00f6\u00dfe vor, ma\u00dfgeschneidert f\u00fcr die moderne Frau. Diese Plus-Size-Shapewear-Dessous verf\u00fcgen \u00fcber einen zu \u00f6ffnenden BH, verstellbare Hakentr\u00e4ger und ein praktisches Rei\u00dfverschlussdesign, erg\u00e4nzt durch exquisite Hosenb\u00fcndchen mit Spitzenbesatz.<\/p>","protected":false},"featured_media":3843,"comment_status":"open","ping_status":"closed","template":"","meta":{"site-sidebar-layout":"default","site-content-layout":"default","ast-site-content-layout":"default","site-content-style":"default","site-sidebar-style":"default","ast-global-header-display":"","ast-banner-title-visibility":"","ast-main-header-display":"","ast-hfb-above-header-display":"","ast-hfb-below-header-display":"","ast-hfb-mobile-header-display":"","site-post-title":"","ast-breadcrumbs-content":"","ast-featured-img":"","footer-sml-layout":"","ast-disable-related-posts":"","theme-transparent-header-meta":"default","adv-header-id-meta":"","stick-header-meta":"default","header-above-stick-meta":"","header-main-stick-meta":"","header-below-stick-meta":"","astra-migrate-meta-layouts":"set","ast-page-background-enabled":"default","ast-page-background-meta":{"desktop":{"background-color":"","background-image":"","background-repeat":"repeat","background-position":"center center","background-size":"auto","background-attachment":"scroll","background-type":"","background-media":"","overlay-type":"","overlay-color":"","overlay-opacity":"","overlay-gradient":""},"tablet":{"background-color":"","background-image":"","background-repeat":"repeat","background-position":"center center","background-size":"auto","background-attachment":"scroll","background-type":"","background-media":"","overlay-type":"","overlay-color":"","overlay-opacity":"","overlay-gradient":""},"mobile":{"background-color":"","background-image":"","background-repeat":"repeat","background-position":"center center","background-size":"auto","background-attachment":"scroll","background-type":"","background-media":"","overlay-type":"","overlay-color":"","overlay-opacity":"","overlay-gradient":""}},"ast-content-background-meta":{"desktop":{"background-color":"var(--ast-global-color-5)","background-image":"","background-repeat":"repeat","background-position":"center center","background-size":"auto","background-attachment":"scroll","background-type":"","background-media":"","overlay-type":"","overlay-color":"","overlay-opacity":"","overlay-gradient":""},"tablet":{"background-color":"var(--ast-global-color-5)","background-image":"","background-repeat":"repeat","background-position":"center center","background-size":"auto","background-attachment":"scroll","background-type":"","background-media":"","overlay-type":"","overlay-color":"","overlay-opacity":"","overlay-gradient":""},"mobile":{"background-color":"var(--ast-global-color-5)","background-image":"","background-repeat":"repeat","background-position":"center center","background-size":"auto","background-attachment":"scroll","background-type":"","background-media":"","overlay-type":"","overlay-color":"","overlay-opacity":"","overlay-gradient":""}}},"product_brand":[],"product_cat":[65,76,77,1092,78],"product_tag":[136,137,141,134,184],"class_list":{"0":"post-3818","1":"product","2":"type-product","3":"status-publish","4":"has-post-thumbnail","6":"product_cat-best-sellers","7":"product_cat-new-arrivels","8":"product_cat-wholesale-womens-shapewear","9":"product_cat-plus-size-shapewear","10":"product_cat-wholesale-full-body-shaper","11":"product_tag-bridal","12":"product_tag-butt-lift","13":"product_tag-plus-size","14":"product_tag-tummy-tucker","15":"product_tag-zipper","16":"pa_color-beige","17":"pa_color-black","18":"pa_size-4xl","19":"pa_size-5xl","20":"pa_size-6xl","21":"pa_size-l","22":"pa_size-m","23":"pa_size-s","24":"pa_size-xl","25":"pa_size-xxl","26":"pa_size-xxxl","27":"desktop-align-center","28":"tablet-align-left","29":"mobile-align-left","30":"ast-product-gallery-layout-horizontal-slider","31":"ast-product-single-variable","32":"ast-product-tabs-layout-horizontal","33":"ast-qv-on-image","35":"first","36":"instock","37":"shipping-taxable","38":"purchasable","39":"product-type-variable"},"tiered_pricing_type":"fixed","tiered_pricing_fixed_rules":{"2":14.79,"30":13.79,"500":11.49},"tiered_pricing_product_settings":{"layout":"default","base_unit_name":{"singular":null,"plural":null},"default_variation":{}},"tiered_pricing_minimum_quantity":null,"tiered_pricing_roles_data":[],"tiered_pricing_percentage_rules":[],"_links":{"self":[{"href":"https:\/\/yume-silm.com\/de\/wp-json\/wp\/v2\/product\/3818","targetHints":{"allow":["GET"]}}],"collection":[{"href":"https:\/\/yume-silm.com\/de\/wp-json\/wp\/v2\/product"}],"about":[{"href":"https:\/\/yume-silm.com\/de\/wp-json\/wp\/v2\/types\/product"}],"replies":[{"embeddable":true,"href":"https:\/\/yume-silm.com\/de\/wp-json\/wp\/v2\/comments?post=3818"}],"wp:featuredmedia":[{"embeddable":true,"href":"https:\/\/yume-silm.com\/de\/wp-json\/wp\/v2\/media\/3843"}],"wp:attachment":[{"href":"https:\/\/yume-silm.com\/de\/wp-json\/wp\/v2\/media?parent=3818"}],"wp:term":[{"taxonomy":"product_brand","embeddable":true,"href":"https:\/\/yume-silm.com\/de\/wp-json\/wp\/v2\/product_brand?post=3818"},{"taxonomy":"product_cat","embeddable":true,"href":"https:\/\/yume-silm.com\/de\/wp-json\/wp\/v2\/product_cat?post=3818"},{"taxonomy":"product_tag","embeddable":true,"href":"https:\/\/yume-silm.com\/de\/wp-json\/wp\/v2\/product_tag?post=3818"}],"curies":[{"name":"wp","href":"https:\/\/api.w.org\/{rel}","templated":true}]}}