{"id":3912,"date":"2023-07-04T02:34:09","date_gmt":"2023-07-04T02:34:09","guid":{"rendered":"https:\/\/yume-silm.com\/?post_type=product&#038;p=3912"},"modified":"2023-12-28T03:11:02","modified_gmt":"2023-12-28T03:11:02","slug":"hochelastisches-gewebe-ganzkorperformer-mit-vier-lagen-hangeschnallen","status":"publish","type":"product","link":"https:\/\/yume-silm.com\/de\/produkt\/hochelastisches-gewebe-ganzkorperformer-mit-vier-lagen-hangeschnallen\/","title":{"rendered":"Ganzk\u00f6rper-Shapewear-Bodyshorts f\u00fcr Damen"},"content":{"rendered":"<h5>Detaillierte Funktionen<\/h5>\n<ul>\n<li><strong>LEISTUNGSSTARKE EINSTELLBARKEIT:<\/strong> Der 4-lagige Klettverschluss erm\u00f6glicht eine pr\u00e4zise Anpassung und verbesserte Bauchkontrolle f\u00fcr eine individuelle Passform. Nahtlose Ganzk\u00f6rper-Shaper-Shorts lassen sich leicht unter jedem Ihrer Outfits verstecken.<\/li>\n<li><strong>UMFANGREICHES FORMEN:<\/strong> Genie\u00dfen Sie die Vorteile einer Brustvergr\u00f6\u00dferung, Bauchstraffung, Taillenverkleinerung, Ges\u00e4\u00dfstraffung und R\u00fcckenkorrektur! Unsere Ganzk\u00f6rper-Shapewear-Bodyshorts geben Ihnen vom ersten Moment an Selbstvertrauen. Es bietet einen mittleren bis starken Straffungseffekt, um mit Leichtigkeit eine vollere Brust, einen schlankeren K\u00f6rper und eine perfekte Sanduhrfigur zu erzielen.<\/li>\n<li><strong>KOMFORTABLE PASSFORM:<\/strong> Das Unterbrustkorsett besteht aus weichem und atmungsaktivem Material, das sich nicht nur gut formen l\u00e4sst, sondern auch f\u00fcr Tragekomfort sorgt, ohne sich einzuengen oder unbequem zu f\u00fchlen. Der hochwertige Stoff zeichnet sich durch gute Atmungsaktivit\u00e4t und Komfort aus, sodass Sie sich den ganzen Tag \u00fcber frisch und bequem f\u00fchlen k\u00f6nnen.<\/li>\n<li><strong>MULTIFUNKTIONALE VERWENDUNG:<\/strong> Diese Unterbrust-Shaping-Shorts eignen sich f\u00fcr eine Vielzahl von Anl\u00e4ssen, z. B. als Alltagskleidung, zur formenden Unterst\u00fctzung beim Training oder sogar als Schlankheitstool f\u00fcr besondere Feste wie Verabredungen und Partys. Tragen Sie sie und profitieren Sie von ihrer hervorragenden Wirkung.<\/li>\n<li><strong>PERFEKTER K\u00d6RPER:<\/strong> Seien Sie eine selbstbewusste Frau! Die verstellbaren Tr\u00e4ger der k\u00f6rperformenden Unterw\u00e4sche k\u00f6nnen nach Belieben auf den am besten geeigneten Bereich eingestellt werden. Bodywear formt nicht nur Ihren K\u00f6rper, sondern tr\u00e4gt auch dazu bei, Ihre Sitz- und Stehhaltung zu verbessern, Ihren gesamten K\u00f6rper zu verbessern und Ihnen eine selbstbewusstere Ausstrahlung zu verleihen.<\/li>\n<\/ul>\n<h6><em>Gro\u00dfhandel mit hochelastischem Netz-Ganzk\u00f6rperformer: doppelte Netzschichten<\/em><\/h6>\n<ul>\n<li data-slate-node=\"element\" data-slate-fragment=\"JTVCJTdCJTIydHlwZSUyMiUzQSUyMnBhcmFncmFwaCUyMiUyQyUyMmNoaWxkcmVuJTIyJTNBJTVCJTdCJTIydGV4dCUyMiUzQSUyMlRoZSUyMHdvbWVuJ3MlMjBmdWxsJTIwYm9keSUyMHNoYXBld2VhciUyMGJvZHlzdWl0JTIwc2hvcnRzJTIwaXMlMjBhbiUyMGluZGlzcGVuc2FibGUlMjBwaWVjZSUyMGZvciUyMHdob2xlc2FsZXJzJTIwYWltaW5nJTIwdG8lMjBwcm92aWRlJTIwdG9wLXRpZXIlMjBzaGFwaW5nJTIwc29sdXRpb25zLiUyMCUyMiUyQyUyMnNlbnRlbmNlJTIyJTNBMjAlMkMlMjJjaGlsZFNlbnRlbmNlJTIyJTNBMSU3RCUyQyU3QiUyMnRleHQlMjIlM0ElMjJJdHMlMjB1bmlxdWUlMjBmZWF0dXJlcyUyMGFuZCUyMGRlc2lnbiUyMHByb21pc2UlMjBjdXN0b21lciUyMHNhdGlzZmFjdGlvbi4lMjIlMkMlMjJzZW50ZW5jZSUyMiUzQTIwJTJDJTIyY2hpbGRTZW50ZW5jZSUyMiUzQTIlN0QlNUQlN0QlMkMlN0IlMjJ0eXBlJTIyJTNBJTIycGFyYWdyYXBoJTIyJTJDJTIyY2hpbGRyZW4lMjIlM0ElNUIlN0IlMjJ0ZXh0JTIyJTNBJTIyJTIyJTJDJTIyc2VudGVuY2UlMjIlM0EyMSUyQyUyMmNoaWxkU2VudGVuY2UlMjIlM0ExJTdEJTVEJTdEJTVE\"><span class=\"\" data-slate-node=\"text\"><span class=\"201\" data-slate-leaf=\"true\"><span data-slate-string=\"true\">Die Ganzk\u00f6rper-Shapewear-Bodyshorts f\u00fcr Damen sind ein unverzichtbares Teil f\u00fcr Gro\u00dfh\u00e4ndler, die erstklassige Shaping-L\u00f6sungen anbieten m\u00f6chten. <\/span><\/span><\/span><span data-slate-node=\"text\"><span class=\"202\" data-slate-leaf=\"true\">Seine einzigartigen Eigenschaften und sein Design versprechen Kundenzufriedenheit.<\/span><\/span><\/li>\n<\/ul>","protected":false},"excerpt":{"rendered":"<p>Kreieren Sie eine transformierende Silhouette mit unseren Ganzk\u00f6rper-Shapewear-Bodyshorts f\u00fcr Damen. Verst\u00e4rkt durch vierlagige H\u00e4ngeschnallen und doppelte Lagen aus hochelastischem Netzgewebe ist diese Shapewear-Unterw\u00e4sche der Inbegriff f\u00fcr Bauchkontrolle und Verbesserung der H\u00fcftlinie.<\/p>","protected":false},"featured_media":3929,"comment_status":"open","ping_status":"closed","template":"","meta":{"site-sidebar-layout":"default","site-content-layout":"default","ast-site-content-layout":"default","site-content-style":"default","site-sidebar-style":"default","ast-global-header-display":"","ast-banner-title-visibility":"","ast-main-header-display":"","ast-hfb-above-header-display":"","ast-hfb-below-header-display":"","ast-hfb-mobile-header-display":"","site-post-title":"","ast-breadcrumbs-content":"","ast-featured-img":"","footer-sml-layout":"","ast-disable-related-posts":"","theme-transparent-header-meta":"default","adv-header-id-meta":"","stick-header-meta":"default","header-above-stick-meta":"","header-main-stick-meta":"","header-below-stick-meta":"","astra-migrate-meta-layouts":"set","ast-page-background-enabled":"default","ast-page-background-meta":{"desktop":{"background-color":"","background-image":"","background-repeat":"repeat","background-position":"center center","background-size":"auto","background-attachment":"scroll","background-type":"","background-media":"","overlay-type":"","overlay-color":"","overlay-opacity":"","overlay-gradient":""},"tablet":{"background-color":"","background-image":"","background-repeat":"repeat","background-position":"center center","background-size":"auto","background-attachment":"scroll","background-type":"","background-media":"","overlay-type":"","overlay-color":"","overlay-opacity":"","overlay-gradient":""},"mobile":{"background-color":"","background-image":"","background-repeat":"repeat","background-position":"center center","background-size":"auto","background-attachment":"scroll","background-type":"","background-media":"","overlay-type":"","overlay-color":"","overlay-opacity":"","overlay-gradient":""}},"ast-content-background-meta":{"desktop":{"background-color":"var(--ast-global-color-5)","background-image":"","background-repeat":"repeat","background-position":"center center","background-size":"auto","background-attachment":"scroll","background-type":"","background-media":"","overlay-type":"","overlay-color":"","overlay-opacity":"","overlay-gradient":""},"tablet":{"background-color":"var(--ast-global-color-5)","background-image":"","background-repeat":"repeat","background-position":"center center","background-size":"auto","background-attachment":"scroll","background-type":"","background-media":"","overlay-type":"","overlay-color":"","overlay-opacity":"","overlay-gradient":""},"mobile":{"background-color":"var(--ast-global-color-5)","background-image":"","background-repeat":"repeat","background-position":"center center","background-size":"auto","background-attachment":"scroll","background-type":"","background-media":"","overlay-type":"","overlay-color":"","overlay-opacity":"","overlay-gradient":""}}},"product_brand":[],"product_cat":[65,76,77,78],"product_tag":[135,497,137,498,142,148,134,154],"class_list":{"0":"post-3912","1":"product","2":"type-product","3":"status-publish","4":"has-post-thumbnail","6":"product_cat-best-sellers","7":"product_cat-new-arrivels","8":"product_cat-wholesale-womens-shapewear","9":"product_cat-wholesale-full-body-shaper","10":"product_tag-all-in-one","11":"product_tag-bodysuit-shorts","12":"product_tag-butt-lift","13":"product_tag-full-body","14":"product_tag-low-back","15":"product_tag-one-piece","16":"product_tag-tummy-tucker","17":"product_tag-with-hooks","18":"pa_color-black","19":"pa_size-l","20":"pa_size-m","21":"pa_size-s","22":"pa_size-xl","23":"pa_size-xxl","24":"pa_size-xxxl","25":"desktop-align-center","26":"tablet-align-left","27":"mobile-align-left","28":"ast-product-gallery-layout-horizontal-slider","29":"ast-product-single-variable","30":"ast-product-tabs-layout-horizontal","31":"ast-qv-on-image","33":"first","34":"instock","35":"shipping-taxable","36":"purchasable","37":"product-type-variable"},"tiered_pricing_type":"fixed","tiered_pricing_fixed_rules":{"2":14.99,"30":13.99,"500":11.69},"tiered_pricing_product_settings":{"layout":"default","base_unit_name":{"singular":null,"plural":null},"default_variation":{}},"tiered_pricing_minimum_quantity":null,"tiered_pricing_roles_data":[],"tiered_pricing_percentage_rules":[],"_links":{"self":[{"href":"https:\/\/yume-silm.com\/de\/wp-json\/wp\/v2\/product\/3912","targetHints":{"allow":["GET"]}}],"collection":[{"href":"https:\/\/yume-silm.com\/de\/wp-json\/wp\/v2\/product"}],"about":[{"href":"https:\/\/yume-silm.com\/de\/wp-json\/wp\/v2\/types\/product"}],"replies":[{"embeddable":true,"href":"https:\/\/yume-silm.com\/de\/wp-json\/wp\/v2\/comments?post=3912"}],"wp:featuredmedia":[{"embeddable":true,"href":"https:\/\/yume-silm.com\/de\/wp-json\/wp\/v2\/media\/3929"}],"wp:attachment":[{"href":"https:\/\/yume-silm.com\/de\/wp-json\/wp\/v2\/media?parent=3912"}],"wp:term":[{"taxonomy":"product_brand","embeddable":true,"href":"https:\/\/yume-silm.com\/de\/wp-json\/wp\/v2\/product_brand?post=3912"},{"taxonomy":"product_cat","embeddable":true,"href":"https:\/\/yume-silm.com\/de\/wp-json\/wp\/v2\/product_cat?post=3912"},{"taxonomy":"product_tag","embeddable":true,"href":"https:\/\/yume-silm.com\/de\/wp-json\/wp\/v2\/product_tag?post=3912"}],"curies":[{"name":"wp","href":"https:\/\/api.w.org\/{rel}","templated":true}]}}