{"id":3931,"date":"2023-07-04T02:50:09","date_gmt":"2023-07-04T02:50:09","guid":{"rendered":"https:\/\/yume-silm.com\/?post_type=product&#038;p=3931"},"modified":"2024-02-29T05:59:11","modified_gmt":"2024-02-29T05:59:11","slug":"stahlknochen-taillenformung-ganzkorperformung-mit-breiten-schultergurten","status":"publish","type":"product","link":"https:\/\/yume-silm.com\/de\/produkt\/stahlknochen-taillenformung-ganzkorperformung-mit-breiten-schultergurten\/","title":{"rendered":"Taillenformender Ganzk\u00f6rper-Shaper mit Stahlknochen im Gro\u00dfhandel: Atmungsaktives Mesh"},"content":{"rendered":"<h5>Design-Merkmale<\/h5>\n<ul>\n<li data-slate-node=\"element\"><span data-slate-node=\"text\"><span class=\"41\" data-slate-leaf=\"true\">STAHLKNOCHEN-TAILLENFORMUNG: Der Ganzk\u00f6rperformer mit Stahlknochen-Taillenformung zeichnet sich durch eine Stahlknochenverst\u00e4rkung aus, die eine au\u00dfergew\u00f6hnliche Taillenformung und eine effektivere Sanduhrfigurformung erm\u00f6glicht.<\/span><\/span><\/li>\n<li data-slate-node=\"element\"><span data-slate-node=\"text\"><span class=\"61\" data-slate-leaf=\"true\">BREITE TR\u00c4GER: Die breiten Tr\u00e4ger dieser Ganzk\u00f6rper-Shapewear mit Haken und \u00d6sen sind so konzipiert, dass sie w\u00e4hrend des Trageerlebnisses un\u00fcbertroffenen Halt bieten und f\u00fcr Komfort sorgen, ohne die Haut einzuklemmen.<\/span><\/span><\/li>\n<li data-slate-node=\"element\"><span data-slate-node=\"text\"><span class=\"81\" data-slate-leaf=\"true\">OFFENER SCHRITT: Wir freuen uns, dass die Po-Lift-Unterw\u00e4sche einen offenen Schritt hat. <\/span><\/span><span data-slate-node=\"text\"><span class=\"82\" data-slate-leaf=\"true\">Das ist sehr praktisch, denn wir m\u00fcssen uns nicht komplett ausziehen, um auf die Toilette zu gehen.<\/span><\/span><\/li>\n<li data-slate-node=\"element\"><span data-slate-node=\"text\"><span class=\"101\" data-slate-leaf=\"true\">ELASTISCHES, ATMUNGSAKTIVES NETZ: Polyester, Spandex. <\/span><\/span><span data-slate-node=\"text\"><span class=\"102\" data-slate-leaf=\"true\">Dieser Stahlknochen-Bodysuit f\u00fcr Damen besteht aus atmungsaktivem Mesh, das eine hohe Atmungsaktivit\u00e4t gew\u00e4hrleistet und au\u00dferdem angenehmer auf der Haut liegt. <\/span><\/span><span data-slate-node=\"text\"><span class=\"103\" data-slate-leaf=\"true\">Dehnbarer und langlebiger, perfekt f\u00fcr langes Tragen.<\/span><\/span><\/li>\n<li data-slate-node=\"element\" data-slate-fragment=\"JTVCJTdCJTIydHlwZSUyMiUzQSUyMnBhcmFncmFwaCUyMiUyQyUyMmNoaWxkcmVuJTIyJTNBJTVCJTdCJTIydGV4dCUyMiUzQSUyMlNURUVMJTIwQk9ORSUyMFdBSVNUJTIwU0hBUElORyUzQSUyMFRoZSUyMHN0ZWVsLWJvbmUlMjB3YWlzdCUyMHNoYXBpbmclMjBmdWxsJTIwYm9keSUyMHNoYXBlciUyMGlzJTIwY2hhcmFjdGVyaXplZCUyMGJ5JTIwc3RlZWwlMjBib25lJTIwcmVpbmZvcmNlbWVudCUyQyUyMHdoaWNoJTIwcHJvdmlkZXMlMjBleHRyYW9yZGluYXJ5JTIwd2Fpc3QlMjBzaGFwaW5nJTIwYW5kJTIwbW9yZSUyMGVmZmVjdGl2ZSUyMGhvdXJnbGFzcyUyMGZpZ3VyZSUyMHNoYXBpbmcuJTIyJTJDJTIyc2VudGVuY2UlMjIlM0E0JTJDJTIyY2hpbGRTZW50ZW5jZSUyMiUzQTElN0QlNUQlN0QlMkMlN0IlMjJ0eXBlJTIyJTNBJTIycGFyYWdyYXBoJTIyJTJDJTIyY2hpbGRyZW4lMjIlM0ElNUIlN0IlMjJ0ZXh0JTIyJTNBJTIyJTIyJTJDJTIyc2VudGVuY2UlMjIlM0E1JTJDJTIyY2hpbGRTZW50ZW5jZSUyMiUzQTElN0QlNUQlN0QlMkMlN0IlMjJ0eXBlJTIyJTNBJTIycGFyYWdyYXBoJTIyJTJDJTIyY2hpbGRyZW4lMjIlM0ElNUIlN0IlMjJ0ZXh0JTIyJTNBJTIyV0lERSUyMFNUUkFQUyUzQSUyMFRoZSUyMHdpZGUlMjBzdHJhcHMlMjBvZiUyMHRoaXMlMjBob29rJTIwJTI2JTIwZXllJTIwZnVsbCUyMGJvZHklMjBzaGFwZXdlYXIlMjBhcmUlMjBkZXNpZ25lZCUyMHRvJTIwcHJvdmlkZSUyMHVucml2YWxlZCUyMHN1cHBvcnQlMjBkdXJpbmclMjB0aGUlMjB3ZWFyaW5nJTIwZXhwZXJpZW5jZSUyQyUyMGVuc3VyaW5nJTIwY29tZm9ydCUyMHdpdGhvdXQlMjBwaW5jaGluZyUyMHRoZSUyMHNraW4uJTIyJTJDJTIyc2VudGVuY2UlMjIlM0E2JTJDJTIyY2hpbGRTZW50ZW5jZSUyMiUzQTElN0QlNUQlN0QlMkMlN0IlMjJ0eXBlJTIyJTNBJTIycGFyYWdyYXBoJTIyJTJDJTIyY2hpbGRyZW4lMjIlM0ElNUIlN0IlMjJ0ZXh0JTIyJTNBJTIyJTIyJTJDJTIyc2VudGVuY2UlMjIlM0E3JTJDJTIyY2hpbGRTZW50ZW5jZSUyMiUzQTElN0QlNUQlN0QlMkMlN0IlMjJ0eXBlJTIyJTNBJTIycGFyYWdyYXBoJTIyJTJDJTIyY2hpbGRyZW4lMjIlM0ElNUIlN0IlMjJ0ZXh0JTIyJTNBJTIyT3BlbiUyMENyb3RjaCUzQSUyMFdlJTIwYXJlJTIwaGFwcHklMjB0aGF0JTIwdGhlJTIwYnV0dCUyMGxpZnQlMjB1bmRlcndlYXIlMjBoYXMlMjBhbiUyMG9wZW4lMjBjcm90Y2guJTIwJTIyJTJDJTIyc2VudGVuY2UlMjIlM0E4JTJDJTIyY2hpbGRTZW50ZW5jZSUyMiUzQTElN0QlMkMlN0IlMjJ0ZXh0JTIyJTNBJTIySXQncyUyMHZlcnklMjBjb252ZW5pZW50JTIwYmVjYXVzZSUyMHdlJTIwZG9uJ3QlMjBuZWVkJTIwdG8lMjB0YWtlJTIwb2ZmJTIwYWxsJTIwb3VyJTIwY2xvdGhlcyUyMHRvJTIwZ28lMjB0byUyMHRoZSUyMHRvaWxldC4lMjIlMkMlMjJzZW50ZW5jZSUyMiUzQTglMkMlMjJjaGlsZFNlbnRlbmNlJTIyJTNBMiU3RCU1RCU3RCUyQyU3QiUyMnR5cGUlMjIlM0ElMjJwYXJhZ3JhcGglMjIlMkMlMjJjaGlsZHJlbiUyMiUzQSU1QiU3QiUyMnRleHQlMjIlM0ElMjIlMjIlMkMlMjJzZW50ZW5jZSUyMiUzQTklMkMlMjJjaGlsZFNlbnRlbmNlJTIyJTNBMSU3RCU1RCU3RCUyQyU3QiUyMnR5cGUlMjIlM0ElMjJwYXJhZ3JhcGglMjIlMkMlMjJjaGlsZHJlbiUyMiUzQSU1QiU3QiUyMnRleHQlMjIlM0ElMjJFTEFTVElDJTIwQlJFQVRIQUJMRSUyME1FU0glM0ElMjBQb2x5ZXN0ZXIlMkMlMjBTcGFuZGV4LiUyMCUyMiUyQyUyMnNlbnRlbmNlJTIyJTNBMTAlMkMlMjJjaGlsZFNlbnRlbmNlJTIyJTNBMSU3RCUyQyU3QiUyMnRleHQlMjIlM0ElMjJUaGlzJTIwd29tZW4ncyUyMHN0ZWVsJTIwYm9uZSUyMGJvZHklMjBzdWl0JTIwaXMlMjBtYWRlJTIwb2YlMjBicmVhdGhhYmxlJTIwbWVzaCUyQyUyMHdoaWNoJTIwbWFpbnRhaW5zJTIwZ3JlYXQlMjBicmVhdGhhYmlsaXR5JTIwYW5kJTIwaXMlMjBhbHNvJTIwbW9yZSUyMGNvbWZvcnRhYmxlJTIwYWdhaW5zdCUyMHRoZSUyMHNraW4uJTIwJTIyJTJDJTIyc2VudGVuY2UlMjIlM0ExMCUyQyUyMmNoaWxkU2VudGVuY2UlMjIlM0EyJTdEJTJDJTdCJTIydGV4dCUyMiUzQSUyMk1vcmUlMjBzdHJldGNoeSUyMGFuZCUyMGR1cmFibGUlMkMlMjBwZXJmZWN0JTIwZm9yJTIwbG9uZyUyMHRpbWUlMjB3ZWFyaW5nLiUyMiUyQyUyMnNlbnRlbmNlJTIyJTNBMTAlMkMlMjJjaGlsZFNlbnRlbmNlJTIyJTNBMyU3RCU1RCU3RCUyQyU3QiUyMnR5cGUlMjIlM0ElMjJwYXJhZ3JhcGglMjIlMkMlMjJjaGlsZHJlbiUyMiUzQSU1QiU3QiUyMnRleHQlMjIlM0ElMjIlMjIlMkMlMjJzZW50ZW5jZSUyMiUzQTExJTJDJTIyY2hpbGRTZW50ZW5jZSUyMiUzQTElN0QlNUQlN0QlMkMlN0IlMjJ0eXBlJTIyJTNBJTIycGFyYWdyYXBoJTIyJTJDJTIyY2hpbGRyZW4lMjIlM0ElNUIlN0IlMjJ0ZXh0JTIyJTNBJTIyRkFTSElPTkFCTEUlMjBBTkQlMjBNVUxUSUZVTkNUSU9OQUwlM0ElMjBUaGlzJTIwdGhlJTIwYmVzdCUyMGNvcnNldCUyMHNoYXBld2VhciUyMGNhbiUyMGFjaGlldmUlMjBhJTIwZnVsbCUyMGJvZHklMjBzaGFwaW5nJTIwZWZmZWN0LiUyMCUyMiUyQyUyMnNlbnRlbmNlJTIyJTNBMTIlMkMlMjJjaGlsZFNlbnRlbmNlJTIyJTNBMSU3RCUyQyU3QiUyMnRleHQlMjIlM0ElMjJXZWFyaW5nJTIwaXQlMjBjYW4lMjBtYWtlJTIwb3VyJTIwYmFjayUyMGZpcm1lciUyMGFuZCUyMG1vcmUlMjBuYXR1cmFsJTJDJTIwaGlwcyUyMG1vcmUlMjBmaXJtJTJDJTIwc21vb3RoaW5nJTIwdGhlJTIwYWJkb21lbiUyMGFzJTIwd2VsbCUyMGFzJTIwdGhpZ2glMjBzaGFwaW5nLiUyMCUyMiUyQyUyMnNlbnRlbmNlJTIyJTNBMTIlMkMlMjJjaGlsZFNlbnRlbmNlJTIyJTNBMiU3RCUyQyU3QiUyMnRleHQlMjIlM0ElMjJTdWl0YWJsZSUyMGZvciUyMGFsbCUyMG9jY2FzaW9ucyUyQyUyMGZyb20lMjBkYWlseSUyMHdlYXIlMjB0byUyMHNwZWNpYWwlMjBldmVudHMlMkMlMjBmdW5jdGlvbmFsJTIwYW5kJTIwY29tZm9ydGFibGUuJTIyJTJDJTIyc2VudGVuY2UlMjIlM0ExMiUyQyUyMmNoaWxkU2VudGVuY2UlMjIlM0EzJTdEJTVEJTdEJTVE\"><span data-slate-node=\"text\"><span class=\"121\" data-slate-leaf=\"true\">MODISCH UND MULTIFUNKTIONAL: Diese beste Korsett-Shapewear kann einen Ganzk\u00f6rper-Shaping-Effekt erzielen. <\/span><\/span><span data-slate-node=\"text\"><span class=\"122\" data-slate-leaf=\"true\">Das Tragen kann unseren R\u00fccken straffer und nat\u00fcrlicher machen, die H\u00fcften straffer, den Bauch gl\u00e4tten und die Oberschenkel formen. <\/span><\/span><span data-slate-node=\"text\"><span class=\"123\" data-slate-leaf=\"true\">Geeignet f\u00fcr alle Gelegenheiten, vom t\u00e4glichen Tragen bis zu besonderen Anl\u00e4ssen, funktional und bequem.<\/span><\/span><\/li>\n<\/ul>\n<h6><em>Damen-Ganzk\u00f6rper-Shapewear mit Haken und \u00d6sen und offenem Schritt<\/em><\/h6>\n<ul>\n<li>Zusammenfassend l\u00e4sst sich sagen, dass der Taillenformende Ganzk\u00f6rperformer mit Stahlknochen und breiten Schultergurten eine unverzichtbare Erg\u00e4nzung f\u00fcr Gro\u00dfh\u00e4ndler ist, die sowohl Stil als auch Komfort bieten m\u00f6chten. Mit seinen einzigartigen Funktionen und seinem Design wird es bei den Kunden sicher ein Favorit sein. Tauchen Sie mit diesem au\u00dfergew\u00f6hnlichen St\u00fcck in die Welt des Gro\u00dfhandels ein. Sichern Sie sich noch heute Ihre Bestellungen!<\/li>\n<li>Als ich die Streifen aus Anti-Silikon-Silikon sah, wurde der Damen-Ganzk\u00f6rper-Shapewear-Bodysuit nicht mehr ben\u00f6tigt, und ich wusste nicht, wie ich den ganzen Tag nach der Geburt suchen musste.<\/li>\n<\/ul>","protected":false},"excerpt":{"rendered":"<p>Entdecken Sie die perfekte Mischung aus Unterst\u00fctzung und Stil mit unserem Taillenformenden Ganzk\u00f6rperformer mit Stahlknochen. Mit breiten Schultertr\u00e4gern f\u00fcr mehr Komfort und einem offenen Schrittdesign f\u00fcr mehr Komfort ist diese Shapewear ein Muss f\u00fcr jede moderne Frau.<\/p>","protected":false},"featured_media":3955,"comment_status":"open","ping_status":"closed","template":"","meta":{"site-sidebar-layout":"default","site-content-layout":"default","ast-site-content-layout":"default","site-content-style":"default","site-sidebar-style":"default","ast-global-header-display":"","ast-banner-title-visibility":"","ast-main-header-display":"","ast-hfb-above-header-display":"","ast-hfb-below-header-display":"","ast-hfb-mobile-header-display":"","site-post-title":"","ast-breadcrumbs-content":"","ast-featured-img":"","footer-sml-layout":"","ast-disable-related-posts":"","theme-transparent-header-meta":"default","adv-header-id-meta":"","stick-header-meta":"default","header-above-stick-meta":"","header-main-stick-meta":"","header-below-stick-meta":"","astra-migrate-meta-layouts":"set","ast-page-background-enabled":"default","ast-page-background-meta":{"desktop":{"background-color":"","background-image":"","background-repeat":"repeat","background-position":"center center","background-size":"auto","background-attachment":"scroll","background-type":"","background-media":"","overlay-type":"","overlay-color":"","overlay-opacity":"","overlay-gradient":""},"tablet":{"background-color":"","background-image":"","background-repeat":"repeat","background-position":"center center","background-size":"auto","background-attachment":"scroll","background-type":"","background-media":"","overlay-type":"","overlay-color":"","overlay-opacity":"","overlay-gradient":""},"mobile":{"background-color":"","background-image":"","background-repeat":"repeat","background-position":"center center","background-size":"auto","background-attachment":"scroll","background-type":"","background-media":"","overlay-type":"","overlay-color":"","overlay-opacity":"","overlay-gradient":""}},"ast-content-background-meta":{"desktop":{"background-color":"var(--ast-global-color-5)","background-image":"","background-repeat":"repeat","background-position":"center center","background-size":"auto","background-attachment":"scroll","background-type":"","background-media":"","overlay-type":"","overlay-color":"","overlay-opacity":"","overlay-gradient":""},"tablet":{"background-color":"var(--ast-global-color-5)","background-image":"","background-repeat":"repeat","background-position":"center center","background-size":"auto","background-attachment":"scroll","background-type":"","background-media":"","overlay-type":"","overlay-color":"","overlay-opacity":"","overlay-gradient":""},"mobile":{"background-color":"var(--ast-global-color-5)","background-image":"","background-repeat":"repeat","background-position":"center center","background-size":"auto","background-attachment":"scroll","background-type":"","background-media":"","overlay-type":"","overlay-color":"","overlay-opacity":"","overlay-gradient":""}}},"product_brand":[],"product_cat":[65,76,77,78],"product_tag":[135,136,148,134,154],"class_list":{"0":"post-3931","1":"product","2":"type-product","3":"status-publish","4":"has-post-thumbnail","6":"product_cat-best-sellers","7":"product_cat-new-arrivels","8":"product_cat-wholesale-womens-shapewear","9":"product_cat-wholesale-full-body-shaper","10":"product_tag-all-in-one","11":"product_tag-bridal","12":"product_tag-one-piece","13":"product_tag-tummy-tucker","14":"product_tag-with-hooks","15":"pa_color-beige","16":"pa_color-black","17":"pa_size-l","18":"pa_size-m","19":"pa_size-s","20":"pa_size-xl","21":"pa_size-xxl","22":"pa_size-xxxl","23":"desktop-align-center","24":"tablet-align-left","25":"mobile-align-left","26":"ast-product-gallery-layout-horizontal-slider","27":"ast-product-single-variable","28":"ast-product-tabs-layout-horizontal","29":"ast-qv-on-image","31":"first","32":"instock","33":"shipping-taxable","34":"purchasable","35":"product-type-variable"},"tiered_pricing_type":"fixed","tiered_pricing_fixed_rules":{"2":16.09,"30":14.99,"500":12.49},"tiered_pricing_product_settings":{"layout":"default","base_unit_name":{"singular":null,"plural":null},"default_variation":{}},"tiered_pricing_minimum_quantity":null,"tiered_pricing_roles_data":[],"tiered_pricing_percentage_rules":[],"_links":{"self":[{"href":"https:\/\/yume-silm.com\/de\/wp-json\/wp\/v2\/product\/3931","targetHints":{"allow":["GET"]}}],"collection":[{"href":"https:\/\/yume-silm.com\/de\/wp-json\/wp\/v2\/product"}],"about":[{"href":"https:\/\/yume-silm.com\/de\/wp-json\/wp\/v2\/types\/product"}],"replies":[{"embeddable":true,"href":"https:\/\/yume-silm.com\/de\/wp-json\/wp\/v2\/comments?post=3931"}],"wp:featuredmedia":[{"embeddable":true,"href":"https:\/\/yume-silm.com\/de\/wp-json\/wp\/v2\/media\/3955"}],"wp:attachment":[{"href":"https:\/\/yume-silm.com\/de\/wp-json\/wp\/v2\/media?parent=3931"}],"wp:term":[{"taxonomy":"product_brand","embeddable":true,"href":"https:\/\/yume-silm.com\/de\/wp-json\/wp\/v2\/product_brand?post=3931"},{"taxonomy":"product_cat","embeddable":true,"href":"https:\/\/yume-silm.com\/de\/wp-json\/wp\/v2\/product_cat?post=3931"},{"taxonomy":"product_tag","embeddable":true,"href":"https:\/\/yume-silm.com\/de\/wp-json\/wp\/v2\/product_tag?post=3931"}],"curies":[{"name":"wp","href":"https:\/\/api.w.org\/{rel}","templated":true}]}}