{"id":4031,"date":"2023-07-04T05:43:03","date_gmt":"2023-07-04T05:43:03","guid":{"rendered":"https:\/\/yume-silm.com\/?post_type=product&#038;p=4031"},"modified":"2024-02-28T02:13:59","modified_gmt":"2024-02-28T02:13:59","slug":"nahtloses-3d-geschnittenes-ganzkorper-korsett-mit-geoffnetem-design","status":"publish","type":"product","link":"https:\/\/yume-silm.com\/de\/produkt\/nahtloses-3d-geschnittenes-ganzkorper-korsett-mit-geoffnetem-design\/","title":{"rendered":"Nahtloses, einteiliges Stretch-Korsett mit offenem Schritt im Gro\u00dfhandel"},"content":{"rendered":"<h5>Design-Merkmale<\/h5>\n<ul>\n<li><strong>NAHTLOS:<\/strong> Die nahtlose Konstruktion dieses nahtlosen, einteiligen Stretch-Schlankheitskorsetts mit offenem Schritt ist gut verarbeitet. Es kann unter Ihrer Kleidung unsichtbar gemacht werden. Niemand wird bemerken, dass Sie es tragen, wird aber bemerken, dass Sie besser aussehen und sich besser f\u00fchlen.<\/li>\n<li><strong>OFFENER SCHRITT:<\/strong> Das offene Schrittdesign des Neckholder-Bodys f\u00fcr Damen ist sehr praktisch, damit Sie das Problem des Toilettengangs l\u00f6sen k\u00f6nnen. Sie k\u00f6nnen dies tun, ohne Ihre gesamte Kleidung ausziehen zu m\u00fcssen. Sie werden sich sehr sicher und sch\u00f6n f\u00fchlen, wenn Sie diese enge Ganzk\u00f6rper-Shapewear-Unterw\u00e4sche f\u00fcr Damen tragen.<\/li>\n<li><strong>VIELSEITIG:<\/strong> Damenkorsetts lassen sich nicht so leicht auf- und abrollen, lassen sich leicht f\u00fcr eine Ganzk\u00f6rperformung erreichen und eignen sich perfekt f\u00fcr den kurvigen Charme von Frauen. Unsere Damen-Shapewear-Bodyshorts k\u00f6nnen mit jeder beliebigen Kleidung wie R\u00f6cken, Jeans, Anz\u00fcgen usw. kombiniert werden. Perfekt f\u00fcr die t\u00e4gliche Freizeit, Arbeit, Dating, Shopping, Partys, Cocktailpartys und Ausfl\u00fcge.<\/li>\n<li><strong>MULTIFUNKTIONAL:<\/strong> Sie k\u00f6nnen absolut sicher sein, dass diese schlankmachende Shapewear Ihnen dabei helfen kann, Ihren schlaffen Bauch und Ihre schlaffe Taille nach der Geburt so schnell wie m\u00f6glich zu gl\u00e4tten. Helfen Sie dabei, Ihre beste Sanduhrfigur wiederzugewinnen. H\u00fcftstraffung f\u00fcr einen sch\u00f6nen pfirsichfarbenen Hintern. Es reduziert auch schlaffe Oberschenkel und sorgt daf\u00fcr, dass Sie insgesamt besser aussehen und sich besser f\u00fchlen.<\/li>\n<\/ul>\n<h6><em>Nahtloser, hochelastischer Po-Lifter-Ganzk\u00f6rperformer f\u00fcr Frauen<\/em><\/h6>\n<ul>\n<li><strong>GLATT UND KOMFORTABEL:<\/strong> Nylon, Elasthan. Unsere nahtlose, einteilige Ouvert-Shapewear f\u00fcr Damen besteht aus hochwertigen Stoffen. Sie sind sehr dehnbar und langlebig. Und sie sind glatt und schmeicheln der Haut f\u00fcr ein tolles Erlebnis.<\/li>\n<li><strong>EINFACH UND MODISCH:<\/strong> Die allgemeine Einfachheit des Trikots zur Bauchstraffung und H\u00fcftstraffung nach der Geburt ist elegant und angenehm zu tragen, was es zu einem Must-Have f\u00fcr Ihre Garderobe macht. Das Stretch-Schlankheitskorsett ist das beste Geschenk f\u00fcr jede Frau, die gerne auf ihre Figur achtet. Geeignet f\u00fcr frischgebackene M\u00fctter, Geburtstage, Muttertag, Hochzeiten, Weihnachten, Thanksgiving.<\/li>\n<\/ul>","protected":false},"excerpt":{"rendered":"<p>Erweitern Sie Ihre Kollektion mit unserem nahtlosen, einteiligen Stretch-Schlankheitskorsett mit offenem Schritt. Dieses St\u00fcck wurde f\u00fcr die anspruchsvolle Frau entworfen und verf\u00fcgt \u00fcber ein offenes Design f\u00fcr einfaches Tragen, das un\u00fcbertroffenen Komfort gew\u00e4hrleistet und gleichzeitig die Figur formt und betont.<\/p>","protected":false},"featured_media":4051,"comment_status":"open","ping_status":"closed","template":"","meta":{"site-sidebar-layout":"default","site-content-layout":"default","ast-site-content-layout":"default","site-content-style":"default","site-sidebar-style":"default","ast-global-header-display":"","ast-banner-title-visibility":"","ast-main-header-display":"","ast-hfb-above-header-display":"","ast-hfb-below-header-display":"","ast-hfb-mobile-header-display":"","site-post-title":"","ast-breadcrumbs-content":"","ast-featured-img":"","footer-sml-layout":"","ast-disable-related-posts":"","theme-transparent-header-meta":"default","adv-header-id-meta":"","stick-header-meta":"default","header-above-stick-meta":"","header-main-stick-meta":"","header-below-stick-meta":"","astra-migrate-meta-layouts":"set","ast-page-background-enabled":"default","ast-page-background-meta":{"desktop":{"background-color":"","background-image":"","background-repeat":"repeat","background-position":"center center","background-size":"auto","background-attachment":"scroll","background-type":"","background-media":"","overlay-type":"","overlay-color":"","overlay-opacity":"","overlay-gradient":""},"tablet":{"background-color":"","background-image":"","background-repeat":"repeat","background-position":"center center","background-size":"auto","background-attachment":"scroll","background-type":"","background-media":"","overlay-type":"","overlay-color":"","overlay-opacity":"","overlay-gradient":""},"mobile":{"background-color":"","background-image":"","background-repeat":"repeat","background-position":"center center","background-size":"auto","background-attachment":"scroll","background-type":"","background-media":"","overlay-type":"","overlay-color":"","overlay-opacity":"","overlay-gradient":""}},"ast-content-background-meta":{"desktop":{"background-color":"var(--ast-global-color-5)","background-image":"","background-repeat":"repeat","background-position":"center center","background-size":"auto","background-attachment":"scroll","background-type":"","background-media":"","overlay-type":"","overlay-color":"","overlay-opacity":"","overlay-gradient":""},"tablet":{"background-color":"var(--ast-global-color-5)","background-image":"","background-repeat":"repeat","background-position":"center center","background-size":"auto","background-attachment":"scroll","background-type":"","background-media":"","overlay-type":"","overlay-color":"","overlay-opacity":"","overlay-gradient":""},"mobile":{"background-color":"var(--ast-global-color-5)","background-image":"","background-repeat":"repeat","background-position":"center center","background-size":"auto","background-attachment":"scroll","background-type":"","background-media":"","overlay-type":"","overlay-color":"","overlay-opacity":"","overlay-gradient":""}}},"product_brand":[],"product_cat":[65,76,77,79,78],"product_tag":[135,136,137,148],"class_list":{"0":"post-4031","1":"product","2":"type-product","3":"status-publish","4":"has-post-thumbnail","6":"product_cat-best-sellers","7":"product_cat-new-arrivels","8":"product_cat-wholesale-womens-shapewear","9":"product_cat-wholesale-seemless-shaperwear","10":"product_cat-wholesale-full-body-shaper","11":"product_tag-all-in-one","12":"product_tag-bridal","13":"product_tag-butt-lift","14":"product_tag-one-piece","15":"pa_color-beige","16":"pa_color-black","17":"pa_size-l","18":"pa_size-m","19":"pa_size-s","20":"pa_size-xl","21":"pa_size-xxl","22":"pa_size-xxxl","23":"desktop-align-center","24":"tablet-align-left","25":"mobile-align-left","26":"ast-product-gallery-layout-horizontal-slider","27":"ast-product-single-variable","28":"ast-product-tabs-layout-horizontal","29":"ast-qv-on-image","31":"first","32":"instock","33":"shipping-taxable","34":"purchasable","35":"product-type-variable"},"tiered_pricing_type":"fixed","tiered_pricing_fixed_rules":{"2":4.69,"30":4.39,"500":3.59},"tiered_pricing_product_settings":{"layout":"default","base_unit_name":{"singular":null,"plural":null},"default_variation":{}},"tiered_pricing_minimum_quantity":null,"tiered_pricing_roles_data":[],"tiered_pricing_percentage_rules":[],"_links":{"self":[{"href":"https:\/\/yume-silm.com\/de\/wp-json\/wp\/v2\/product\/4031","targetHints":{"allow":["GET"]}}],"collection":[{"href":"https:\/\/yume-silm.com\/de\/wp-json\/wp\/v2\/product"}],"about":[{"href":"https:\/\/yume-silm.com\/de\/wp-json\/wp\/v2\/types\/product"}],"replies":[{"embeddable":true,"href":"https:\/\/yume-silm.com\/de\/wp-json\/wp\/v2\/comments?post=4031"}],"wp:featuredmedia":[{"embeddable":true,"href":"https:\/\/yume-silm.com\/de\/wp-json\/wp\/v2\/media\/4051"}],"wp:attachment":[{"href":"https:\/\/yume-silm.com\/de\/wp-json\/wp\/v2\/media?parent=4031"}],"wp:term":[{"taxonomy":"product_brand","embeddable":true,"href":"https:\/\/yume-silm.com\/de\/wp-json\/wp\/v2\/product_brand?post=4031"},{"taxonomy":"product_cat","embeddable":true,"href":"https:\/\/yume-silm.com\/de\/wp-json\/wp\/v2\/product_cat?post=4031"},{"taxonomy":"product_tag","embeddable":true,"href":"https:\/\/yume-silm.com\/de\/wp-json\/wp\/v2\/product_tag?post=4031"}],"curies":[{"name":"wp","href":"https:\/\/api.w.org\/{rel}","templated":true}]}}