{"id":4203,"date":"2023-07-17T03:07:23","date_gmt":"2023-07-17T03:07:23","guid":{"rendered":"https:\/\/yume-silm.com\/?post_type=product&#038;p=4203"},"modified":"2024-05-11T05:41:15","modified_gmt":"2024-05-11T05:41:15","slug":"dreifach-flexibler-eng-anliegender-taillenformender-gurtel-mit-doppelreihermuster","status":"publish","type":"product","link":"https:\/\/yume-silm.com\/de\/produkt\/dreifach-flexibler-eng-anliegender-taillenformender-gurtel-mit-doppelreihermuster\/","title":{"rendered":"Gro\u00dfer Taillentrainer-K\u00f6rperformg\u00fcrtel im Gro\u00dfhandel: Zweireihig"},"content":{"rendered":"<h5>Design-Merkmale<\/h5>\n<ul>\n<li><strong>VERBESSERT DIE HALTUNG:<\/strong> F\u00fcr sitzende B\u00fcroangestellte, die wenig Sport treiben, w\u00e4hlen Sie diesen Taillentrainer-Trimmerg\u00fcrtel. Denn es sorgt f\u00fcr eine starke Unterst\u00fctzung des R\u00fcckens, hilft Ihnen, Fehlhaltungen zu verbessern und lindert R\u00fcckenschmerzen.<\/li>\n<li><strong>DREITEILIGER BUND:<\/strong> Unser Body-Shaping-G\u00fcrtel ist einzigartig. Der exklusive dreiteilige Bund bietet eine hervorragende Unterst\u00fctzung des Mittelteils. Dies unterscheidet ihn von anderen G\u00fcrteln auf dem Markt. Verst\u00e4rkt den Shaping-Effekt.<\/li>\n<li><strong>FLEXIBLE ELASTIZIT\u00c4TSANPASSUNG:<\/strong> Die Man\u00f6vrierf\u00e4higkeit des gro\u00dfen Taillentrainer-K\u00f6rperformungsg\u00fcrtels ist \u00fcberlegen. Dadurch, dass der Benutzer seine bevorzugte Elastizit\u00e4t einstellen kann, wird die Flexibilit\u00e4t des Produkts erheblich verbessert.<\/li>\n<li><strong>MODE-MULTIFUNKTIONAL:<\/strong> Wenn Sie gerne trainieren und sich fit halten, k\u00f6nnen Sie sich diesen Lendenwirbelschutzg\u00fcrtel zulegen. Denn es kann das Risiko von Verletzungen wie Bandscheibenvorf\u00e4llen und Muskelverspannungen im unteren R\u00fcckenbereich bei Fitness\u00fcbungen verringern.<\/li>\n<li>Wenn Sie gerade entbunden haben, k\u00f6nnen Sie mit diesem Schlankheitsg\u00fcrtel dabei helfen, so schnell wie m\u00f6glich wieder eine gesunde und attraktive Sanduhrfigur zu bekommen.<\/li>\n<li>Nat\u00fcrlich k\u00f6nnen Sie den Taillenformungsg\u00fcrtel mit Kniebeugenunterst\u00fctzung auch beim Training im Freien, beim Yoga oder sogar bei der Arbeit tragen, um einen perfekteren Idealk\u00f6rper zu erreichen.<\/li>\n<\/ul>\n<h6><em>Damen-K\u00f6rperformung in \u00dcbergr\u00f6\u00dfe f\u00fcr den Wochenbettg\u00fcrtel<\/em><\/h6>\n<ul>\n<li>Unser gro\u00dfer Taillentrainer-K\u00f6rperformungsg\u00fcrtel ist die perfekte Mischung aus Stil, Komfort und Funktionalit\u00e4t. F\u00fcr Gro\u00dfh\u00e4ndler, die erstklassige Produkte anbieten m\u00f6chten, die den neuesten Trends entsprechen, ist dieser Formg\u00fcrtel eine unverzichtbare Erg\u00e4nzung. Tauchen Sie mit diesem herausragenden St\u00fcck in die Welt des Gro\u00dfhandels ein. Sichern Sie sich noch heute Ihre Bestellung!<\/li>\n<\/ul>","protected":false},"excerpt":{"rendered":"<p>Werten Sie Ihre Sammlung mit unserem gro\u00dfen Taillentrainer-K\u00f6rperformungsg\u00fcrtel auf. Dieses innovative St\u00fcck verf\u00fcgt \u00fcber ein zweireihiges Design, drei \u00d6sen-Haken-Verschl\u00fcsse und einen einzigartigen dreiteiligen Taillenwickel, der eine ma\u00dfgeschneiderte Passform gew\u00e4hrleistet. Es wurde f\u00fcr diejenigen entwickelt, die sowohl Kontrolle als auch Komfort suchen, und ver\u00e4ndert die K\u00f6rperformung grundlegend.<\/p>","protected":false},"featured_media":4219,"comment_status":"open","ping_status":"closed","template":"","meta":{"site-sidebar-layout":"default","site-content-layout":"default","ast-site-content-layout":"default","site-content-style":"default","site-sidebar-style":"default","ast-global-header-display":"","ast-banner-title-visibility":"","ast-main-header-display":"","ast-hfb-above-header-display":"","ast-hfb-below-header-display":"","ast-hfb-mobile-header-display":"","site-post-title":"","ast-breadcrumbs-content":"","ast-featured-img":"","footer-sml-layout":"","ast-disable-related-posts":"","theme-transparent-header-meta":"default","adv-header-id-meta":"","stick-header-meta":"default","header-above-stick-meta":"","header-main-stick-meta":"","header-below-stick-meta":"","astra-migrate-meta-layouts":"set","ast-page-background-enabled":"default","ast-page-background-meta":{"desktop":{"background-color":"","background-image":"","background-repeat":"repeat","background-position":"center center","background-size":"auto","background-attachment":"scroll","background-type":"","background-media":"","overlay-type":"","overlay-color":"","overlay-opacity":"","overlay-gradient":""},"tablet":{"background-color":"","background-image":"","background-repeat":"repeat","background-position":"center center","background-size":"auto","background-attachment":"scroll","background-type":"","background-media":"","overlay-type":"","overlay-color":"","overlay-opacity":"","overlay-gradient":""},"mobile":{"background-color":"","background-image":"","background-repeat":"repeat","background-position":"center center","background-size":"auto","background-attachment":"scroll","background-type":"","background-media":"","overlay-type":"","overlay-color":"","overlay-opacity":"","overlay-gradient":""}},"ast-content-background-meta":{"desktop":{"background-color":"var(--ast-global-color-5)","background-image":"","background-repeat":"repeat","background-position":"center center","background-size":"auto","background-attachment":"scroll","background-type":"","background-media":"","overlay-type":"","overlay-color":"","overlay-opacity":"","overlay-gradient":""},"tablet":{"background-color":"var(--ast-global-color-5)","background-image":"","background-repeat":"repeat","background-position":"center center","background-size":"auto","background-attachment":"scroll","background-type":"","background-media":"","overlay-type":"","overlay-color":"","overlay-opacity":"","overlay-gradient":""},"mobile":{"background-color":"var(--ast-global-color-5)","background-image":"","background-repeat":"repeat","background-position":"center center","background-size":"auto","background-attachment":"scroll","background-type":"","background-media":"","overlay-type":"","overlay-color":"","overlay-opacity":"","overlay-gradient":""}}},"product_brand":[],"product_cat":[65,76,90,92],"product_tag":[134,154,185],"class_list":{"0":"post-4203","1":"product","2":"type-product","3":"status-publish","4":"has-post-thumbnail","6":"product_cat-best-sellers","7":"product_cat-new-arrivels","8":"product_cat-wholesale-waist-trainer","9":"product_cat-wholesale-waist-girdle","10":"product_tag-tummy-tucker","11":"product_tag-with-hooks","12":"product_tag-workout","13":"pa_color-black","14":"pa_size-4xl","15":"pa_size-5xl","16":"pa_size-6xl","17":"pa_size-l","18":"pa_size-m","19":"pa_size-s","20":"pa_size-xs","21":"pa_size-xxl","22":"pa_size-xxxl","23":"desktop-align-center","24":"tablet-align-left","25":"mobile-align-left","26":"ast-product-gallery-layout-horizontal-slider","27":"ast-product-single-variable","28":"ast-product-tabs-layout-horizontal","29":"ast-qv-on-image","31":"first","32":"instock","33":"shipping-taxable","34":"purchasable","35":"product-type-variable"},"tiered_pricing_type":"fixed","tiered_pricing_fixed_rules":{"2":6.19,"30":5.29,"100":4.19},"tiered_pricing_product_settings":{"layout":"default","base_unit_name":{"singular":null,"plural":null},"default_variation":{}},"tiered_pricing_minimum_quantity":null,"tiered_pricing_roles_data":[],"tiered_pricing_percentage_rules":[],"_links":{"self":[{"href":"https:\/\/yume-silm.com\/de\/wp-json\/wp\/v2\/product\/4203","targetHints":{"allow":["GET"]}}],"collection":[{"href":"https:\/\/yume-silm.com\/de\/wp-json\/wp\/v2\/product"}],"about":[{"href":"https:\/\/yume-silm.com\/de\/wp-json\/wp\/v2\/types\/product"}],"replies":[{"embeddable":true,"href":"https:\/\/yume-silm.com\/de\/wp-json\/wp\/v2\/comments?post=4203"}],"wp:featuredmedia":[{"embeddable":true,"href":"https:\/\/yume-silm.com\/de\/wp-json\/wp\/v2\/media\/4219"}],"wp:attachment":[{"href":"https:\/\/yume-silm.com\/de\/wp-json\/wp\/v2\/media?parent=4203"}],"wp:term":[{"taxonomy":"product_brand","embeddable":true,"href":"https:\/\/yume-silm.com\/de\/wp-json\/wp\/v2\/product_brand?post=4203"},{"taxonomy":"product_cat","embeddable":true,"href":"https:\/\/yume-silm.com\/de\/wp-json\/wp\/v2\/product_cat?post=4203"},{"taxonomy":"product_tag","embeddable":true,"href":"https:\/\/yume-silm.com\/de\/wp-json\/wp\/v2\/product_tag?post=4203"}],"curies":[{"name":"wp","href":"https:\/\/api.w.org\/{rel}","templated":true}]}}