{"id":4263,"date":"2023-07-17T03:36:46","date_gmt":"2023-07-17T03:36:46","guid":{"rendered":"https:\/\/yume-silm.com\/?post_type=product&#038;p=4263"},"modified":"2024-11-06T02:10:45","modified_gmt":"2024-11-06T02:10:45","slug":"hoschen-mit-hoher-taille-verdicktem-bauch-schwammpolster-huftboost-po-lift","status":"publish","type":"product","link":"https:\/\/yume-silm.com\/de\/produkt\/hoschen-mit-hoher-taille-verdicktem-bauch-schwammpolster-huftboost-po-lift\/","title":{"rendered":"Gro\u00dfhandel mit hoher Taille, verdicktem Bauch, Schwammpolster-H\u00f6schen"},"content":{"rendered":"<h5>Design-Merkmale<\/h5>\n<ol>\n<li><strong>H\u00dcFTVERBESSERENDE SCHAUMPOLSTER:<\/strong> Wir bieten herausnehmbare Schaumstoffpolster an den H\u00fcften f\u00fcr diese Damen-Boxershorts in \u00dcbergr\u00f6\u00dfe mit \u00fcppiger Ges\u00e4\u00dftaille. Strategisch platzierte, verdickte Schaumstoffpolster betonen die nat\u00fcrliche Kr\u00fcmmung des Ges\u00e4\u00dfes und verleihen ihm Volumen und Form.<\/li>\n<li>Dadurch entsteht auf nat\u00fcrliche Weise ein volleres, runderes Ges\u00e4\u00df und eine kurvigere Figur.<\/li>\n<li><strong>DOPPELTE BAUCHKONTROLLE:<\/strong> Shaping-Shorts mit hoher Taille erm\u00f6glichen eine Taillenbetonung. Das doppelschichtige Tummy Plus kann das Verlangen nach Essen und Trinken reduzieren und bei k\u00f6rperlicher Bet\u00e4tigung die Bauchkontrolle hervorragend verbessern, den Bauch gl\u00e4tten und gleichzeitig die Taillen- und H\u00fcftkurven verbessern.<\/li>\n<li><strong>SPITZENSAUM:<\/strong> Unsere Bauch- und H\u00fcftunterw\u00e4sche mit hoher Taille ist durch den Zusatz von Spitze elegant. Wenn wir das sch\u00f6ne Kleid tragen, sieht es elegant und gut sitzend aus.<\/li>\n<li><strong>VERST\u00c4RKTES VERTRAUEN:<\/strong> Jede unserer Shapewear ist darauf ausgelegt, nat\u00fcrliche Kurven zu betonen. Verhilft zu einer Sanduhrfigur, einem positiven K\u00f6rperbild und einem gesteigerten Selbstvertrauen.<\/li>\n<\/ol>\n<h6><em>Plus-Size-Unterw\u00e4sche mit hoher Taille zur Bauchstraffung und H\u00fcftstraffung mit herausnehmbaren, verdickten Schwammpolstern<\/em><\/h6>\n<ul>\n<li>Unser H\u00f6schen mit hoher Taille und verdicktem Bauch und Schwammpolsterung ist eine Mischung aus Stil, Komfort und Funktionalit\u00e4t. F\u00fcr Gro\u00dfh\u00e4ndler, die Premium-Shapewear-L\u00f6sungen anbieten m\u00f6chten, ist dieses Produkt ein Muss. Tauchen Sie mit diesem au\u00dfergew\u00f6hnlichen St\u00fcck in die Welt des Gro\u00dfhandels ein. Bestellen Sie heute!<\/li>\n<\/ul>","protected":false},"excerpt":{"rendered":"<p>Entdecken Sie die transformative Kraft unseres H\u00f6schens mit hoher Taille und verdicktem Bauch und Schwammpolstern. Dieses H\u00f6schen wurde fachm\u00e4nnisch gefertigt, um die H\u00fcften zu betonen und das Ges\u00e4\u00df zu heben. Es ist das Geheimnis, um Ihren Kunden die begehrte Sanduhr-Silhouette zu verleihen.<\/p>","protected":false},"featured_media":4294,"comment_status":"open","ping_status":"closed","template":"","meta":{"site-sidebar-layout":"default","site-content-layout":"default","ast-site-content-layout":"default","site-content-style":"default","site-sidebar-style":"default","ast-global-header-display":"","ast-banner-title-visibility":"","ast-main-header-display":"","ast-hfb-above-header-display":"","ast-hfb-below-header-display":"","ast-hfb-mobile-header-display":"","site-post-title":"","ast-breadcrumbs-content":"","ast-featured-img":"","footer-sml-layout":"","ast-disable-related-posts":"","theme-transparent-header-meta":"default","adv-header-id-meta":"","stick-header-meta":"default","header-above-stick-meta":"","header-main-stick-meta":"","header-below-stick-meta":"","astra-migrate-meta-layouts":"set","ast-page-background-enabled":"default","ast-page-background-meta":{"desktop":{"background-color":"","background-image":"","background-repeat":"repeat","background-position":"center center","background-size":"auto","background-attachment":"scroll","background-type":"","background-media":"","overlay-type":"","overlay-color":"","overlay-opacity":"","overlay-gradient":""},"tablet":{"background-color":"","background-image":"","background-repeat":"repeat","background-position":"center center","background-size":"auto","background-attachment":"scroll","background-type":"","background-media":"","overlay-type":"","overlay-color":"","overlay-opacity":"","overlay-gradient":""},"mobile":{"background-color":"","background-image":"","background-repeat":"repeat","background-position":"center center","background-size":"auto","background-attachment":"scroll","background-type":"","background-media":"","overlay-type":"","overlay-color":"","overlay-opacity":"","overlay-gradient":""}},"ast-content-background-meta":{"desktop":{"background-color":"var(--ast-global-color-5)","background-image":"","background-repeat":"repeat","background-position":"center center","background-size":"auto","background-attachment":"scroll","background-type":"","background-media":"","overlay-type":"","overlay-color":"","overlay-opacity":"","overlay-gradient":""},"tablet":{"background-color":"var(--ast-global-color-5)","background-image":"","background-repeat":"repeat","background-position":"center center","background-size":"auto","background-attachment":"scroll","background-type":"","background-media":"","overlay-type":"","overlay-color":"","overlay-opacity":"","overlay-gradient":""},"mobile":{"background-color":"var(--ast-global-color-5)","background-image":"","background-repeat":"repeat","background-position":"center center","background-size":"auto","background-attachment":"scroll","background-type":"","background-media":"","overlay-type":"","overlay-color":"","overlay-opacity":"","overlay-gradient":""}}},"product_brand":[],"product_cat":[65,76,77,80],"product_tag":[136,137,139,186,141,134,154],"class_list":{"0":"post-4263","1":"product","2":"type-product","3":"status-publish","4":"has-post-thumbnail","6":"product_cat-best-sellers","7":"product_cat-new-arrivels","8":"product_cat-wholesale-womens-shapewear","9":"product_cat-wholesale-butt-lift-underwear","10":"product_tag-bridal","11":"product_tag-butt-lift","12":"product_tag-high-waist","13":"product_tag-padded","14":"product_tag-plus-size","15":"product_tag-tummy-tucker","16":"product_tag-with-hooks","17":"pa_color-beige","18":"pa_color-black","19":"pa_size-4xl","20":"pa_size-5xl","21":"pa_size-6xl","22":"pa_size-l","23":"pa_size-m","24":"pa_size-s","25":"pa_size-xl","26":"pa_size-xxl","27":"pa_size-xxxl","28":"desktop-align-center","29":"tablet-align-left","30":"mobile-align-left","31":"ast-product-gallery-layout-horizontal-slider","32":"ast-product-single-variable","33":"ast-product-tabs-layout-horizontal","34":"ast-qv-on-image","36":"first","37":"instock","38":"shipping-taxable","39":"purchasable","40":"product-type-variable"},"tiered_pricing_type":"fixed","tiered_pricing_fixed_rules":{"2":13.19,"30":12.39,"500":10.29},"tiered_pricing_product_settings":{"layout":"default","base_unit_name":{"singular":null,"plural":null},"default_variation":{}},"tiered_pricing_minimum_quantity":null,"tiered_pricing_roles_data":[],"tiered_pricing_percentage_rules":[],"_links":{"self":[{"href":"https:\/\/yume-silm.com\/de\/wp-json\/wp\/v2\/product\/4263","targetHints":{"allow":["GET"]}}],"collection":[{"href":"https:\/\/yume-silm.com\/de\/wp-json\/wp\/v2\/product"}],"about":[{"href":"https:\/\/yume-silm.com\/de\/wp-json\/wp\/v2\/types\/product"}],"replies":[{"embeddable":true,"href":"https:\/\/yume-silm.com\/de\/wp-json\/wp\/v2\/comments?post=4263"}],"wp:featuredmedia":[{"embeddable":true,"href":"https:\/\/yume-silm.com\/de\/wp-json\/wp\/v2\/media\/4294"}],"wp:attachment":[{"href":"https:\/\/yume-silm.com\/de\/wp-json\/wp\/v2\/media?parent=4263"}],"wp:term":[{"taxonomy":"product_brand","embeddable":true,"href":"https:\/\/yume-silm.com\/de\/wp-json\/wp\/v2\/product_brand?post=4263"},{"taxonomy":"product_cat","embeddable":true,"href":"https:\/\/yume-silm.com\/de\/wp-json\/wp\/v2\/product_cat?post=4263"},{"taxonomy":"product_tag","embeddable":true,"href":"https:\/\/yume-silm.com\/de\/wp-json\/wp\/v2\/product_tag?post=4263"}],"curies":[{"name":"wp","href":"https:\/\/api.w.org\/{rel}","templated":true}]}}