{"id":4410,"date":"2023-07-17T07:43:57","date_gmt":"2023-07-17T07:43:57","guid":{"rendered":"https:\/\/yume-silm.com\/?post_type=product&#038;p=4410"},"modified":"2025-05-29T03:34:54","modified_gmt":"2025-05-29T03:34:54","slug":"abnehmbares-mit-riemen-versehenes-formendes-hoschen-zur-taillen-und-huftstraffung","status":"publish","type":"product","link":"https:\/\/yume-silm.com\/de\/produkt\/abnehmbares-mit-riemen-versehenes-formendes-hoschen-zur-taillen-und-huftstraffung\/","title":{"rendered":"Bauchkontrollierendes Shaping-H\u00f6schen im Gro\u00dfhandel: Taillen- und H\u00fcftstraffung"},"content":{"rendered":"<h5>Design-Merkmale<\/h5>\n<ul>\n<li><strong>ABDOMINALE KONTROLLE:<\/strong> Unsere Shapewear-Shorts mit hoher Taille verf\u00fcgen \u00fcber ein leistungsstarkes Bauchkontrollpanel, um die Gl\u00e4ttung der Taille und die Abflachung des Bauches zu maximieren.<\/li>\n<li><strong>ABNEHMBARER BH-Tr\u00e4ger:<\/strong> Diese speziell entworfenen besten Shapewear-Shorts bieten zus\u00e4tzliche Kompression und Formung f\u00fcr Taille und H\u00fcfte.<\/li>\n<li><strong>Taillen- und H\u00fcftstraffung:<\/strong> Der Gesamteffekt der nahtlosen Shapewear ist hervorragend und mit dem Bewegungseffekt kann sie die Sanduhrfigur formen und die Rundung der H\u00fcften betonen.<\/li>\n<li><strong>NAHTLOS &amp; KOMFORTABEL:<\/strong> Mit dieser Damen-Shapewear-Shorts k\u00f6nnen Sie andere sch\u00f6ne Kleider, Jeans usw. besser tragen. Denn Plus-Size-Shapewear-Shorts lassen sich unter jeder Kleidung verstecken.<\/li>\n<li><strong>VIELSEITIGES TRAGEN:<\/strong> W\u00e4hlen Sie unsere Plus-Size-Shapewear-Unterw\u00e4sche, die sich leicht f\u00fcr den t\u00e4glichen Pendelverkehr oder besondere Partyanl\u00e4sse usw. eignet, um Ihr Selbstvertrauen zu st\u00e4rken und jedes Outfit zu erg\u00e4nzen.<\/li>\n<\/ul>\n<h6><em>Damen-H\u00f6schen zur Bauchformung in \u00dcbergr\u00f6\u00dfe mit Spitzenspitze<\/em><\/h6>\n<ul>\n<li>Unser formendes H\u00f6schen zur Bauchkontrolle ist eine Mischung aus Stil, Komfort und Funktionalit\u00e4t. F\u00fcr Gro\u00dfh\u00e4ndler, die innovative Shapewear-L\u00f6sungen anbieten m\u00f6chten, ist dieses Produkt ein Muss. Tauchen Sie mit diesem au\u00dfergew\u00f6hnlichen St\u00fcck in die Welt des Gro\u00dfhandels ein. Bestellen Sie heute!<\/li>\n<\/ul>","protected":false},"excerpt":{"rendered":"<p>St\u00e4rken Sie das Selbstvertrauen Ihrer Kunden mit unserem abnehmbaren, figurformenden H\u00f6schen mit Riemen zur Bauchkontrolle. Entwickelt f\u00fcr die Verbesserung von Taille und H\u00fcfte. Dieses bauchformende Damenh\u00f6schen in \u00dcbergr\u00f6\u00dfe mit Spitzenspitze bietet eine sofortige Ver\u00e4nderung von Form und Silhouette und betont wundersch\u00f6ne nat\u00fcrliche Kurven.<\/p>","protected":false},"featured_media":4426,"comment_status":"open","ping_status":"closed","template":"","meta":{"site-sidebar-layout":"default","site-content-layout":"default","ast-site-content-layout":"default","site-content-style":"default","site-sidebar-style":"default","ast-global-header-display":"","ast-banner-title-visibility":"","ast-main-header-display":"","ast-hfb-above-header-display":"","ast-hfb-below-header-display":"","ast-hfb-mobile-header-display":"","site-post-title":"","ast-breadcrumbs-content":"","ast-featured-img":"","footer-sml-layout":"","ast-disable-related-posts":"","theme-transparent-header-meta":"default","adv-header-id-meta":"","stick-header-meta":"default","header-above-stick-meta":"","header-main-stick-meta":"","header-below-stick-meta":"","astra-migrate-meta-layouts":"set","ast-page-background-enabled":"default","ast-page-background-meta":{"desktop":{"background-color":"","background-image":"","background-repeat":"repeat","background-position":"center center","background-size":"auto","background-attachment":"scroll","background-type":"","background-media":"","overlay-type":"","overlay-color":"","overlay-opacity":"","overlay-gradient":""},"tablet":{"background-color":"","background-image":"","background-repeat":"repeat","background-position":"center center","background-size":"auto","background-attachment":"scroll","background-type":"","background-media":"","overlay-type":"","overlay-color":"","overlay-opacity":"","overlay-gradient":""},"mobile":{"background-color":"","background-image":"","background-repeat":"repeat","background-position":"center center","background-size":"auto","background-attachment":"scroll","background-type":"","background-media":"","overlay-type":"","overlay-color":"","overlay-opacity":"","overlay-gradient":""}},"ast-content-background-meta":{"desktop":{"background-color":"var(--ast-global-color-5)","background-image":"","background-repeat":"repeat","background-position":"center center","background-size":"auto","background-attachment":"scroll","background-type":"","background-media":"","overlay-type":"","overlay-color":"","overlay-opacity":"","overlay-gradient":""},"tablet":{"background-color":"var(--ast-global-color-5)","background-image":"","background-repeat":"repeat","background-position":"center center","background-size":"auto","background-attachment":"scroll","background-type":"","background-media":"","overlay-type":"","overlay-color":"","overlay-opacity":"","overlay-gradient":""},"mobile":{"background-color":"var(--ast-global-color-5)","background-image":"","background-repeat":"repeat","background-position":"center center","background-size":"auto","background-attachment":"scroll","background-type":"","background-media":"","overlay-type":"","overlay-color":"","overlay-opacity":"","overlay-gradient":""}}},"product_brand":[],"product_cat":[65,76,77,80],"product_tag":[141,134,154],"class_list":{"0":"post-4410","1":"product","2":"type-product","3":"status-publish","4":"has-post-thumbnail","6":"product_cat-best-sellers","7":"product_cat-new-arrivels","8":"product_cat-wholesale-womens-shapewear","9":"product_cat-wholesale-butt-lift-underwear","10":"product_tag-plus-size","11":"product_tag-tummy-tucker","12":"product_tag-with-hooks","13":"pa_color-black","14":"pa_size-4xl","15":"pa_size-5xl","16":"pa_size-6xl","17":"pa_size-l","18":"pa_size-m","19":"pa_size-s","20":"pa_size-xl","21":"pa_size-xxl","22":"pa_size-xxxl","23":"desktop-align-center","24":"tablet-align-left","25":"mobile-align-left","26":"ast-product-gallery-layout-horizontal-slider","27":"ast-product-single-variable","28":"ast-product-tabs-layout-horizontal","29":"ast-qv-on-image","31":"first","32":"instock","33":"shipping-taxable","34":"purchasable","35":"product-type-variable"},"tiered_pricing_type":"fixed","tiered_pricing_fixed_rules":{"2":11.89,"30":11.09,"500":9.29},"tiered_pricing_product_settings":{"layout":"default","base_unit_name":{"singular":null,"plural":null},"default_variation":{}},"tiered_pricing_minimum_quantity":null,"tiered_pricing_roles_data":[],"tiered_pricing_percentage_rules":[],"_links":{"self":[{"href":"https:\/\/yume-silm.com\/de\/wp-json\/wp\/v2\/product\/4410","targetHints":{"allow":["GET"]}}],"collection":[{"href":"https:\/\/yume-silm.com\/de\/wp-json\/wp\/v2\/product"}],"about":[{"href":"https:\/\/yume-silm.com\/de\/wp-json\/wp\/v2\/types\/product"}],"replies":[{"embeddable":true,"href":"https:\/\/yume-silm.com\/de\/wp-json\/wp\/v2\/comments?post=4410"}],"wp:featuredmedia":[{"embeddable":true,"href":"https:\/\/yume-silm.com\/de\/wp-json\/wp\/v2\/media\/4426"}],"wp:attachment":[{"href":"https:\/\/yume-silm.com\/de\/wp-json\/wp\/v2\/media?parent=4410"}],"wp:term":[{"taxonomy":"product_brand","embeddable":true,"href":"https:\/\/yume-silm.com\/de\/wp-json\/wp\/v2\/product_brand?post=4410"},{"taxonomy":"product_cat","embeddable":true,"href":"https:\/\/yume-silm.com\/de\/wp-json\/wp\/v2\/product_cat?post=4410"},{"taxonomy":"product_tag","embeddable":true,"href":"https:\/\/yume-silm.com\/de\/wp-json\/wp\/v2\/product_tag?post=4410"}],"curies":[{"name":"wp","href":"https:\/\/api.w.org\/{rel}","templated":true}]}}