{"id":4441,"date":"2023-07-17T08:10:12","date_gmt":"2023-07-17T08:10:12","guid":{"rendered":"https:\/\/yume-silm.com\/?post_type=product&#038;p=4441"},"modified":"2024-02-21T03:06:45","modified_gmt":"2024-02-21T03:06:45","slug":"huftkorsett-mit-hohem-stretchanteil-und-abnehmbarem-trager","status":"publish","type":"product","link":"https:\/\/yume-silm.com\/de\/produkt\/huftkorsett-mit-hohem-stretchanteil-und-abnehmbarem-trager\/","title":{"rendered":"Gro\u00dfhandel mit hoher Taille, offenem Hintern und hoher Stretch-Shapewear-Shorts"},"content":{"rendered":"<h5>Design-Merkmale<\/h5>\n<ul>\n<li><strong>HOHE ELASTIZIT\u00c4T:<\/strong> Unsere h\u00fcftoffenen, formenden Shorts mit hoher Taille sind bequem und schmeichelhaft, w\u00e4hrend der verwendete hochelastische Stoff sie langlebiger macht und Sie sich nicht darum k\u00fcmmern m\u00fcssen, sie oft auszutauschen.<\/li>\n<li><strong>H\u00dcFTSTIFT:<\/strong> Das offene H\u00fcftdesign der hoch taillierten Shaper-Shorts tr\u00e4gt dazu bei, dass die H\u00fcften besser geformt werden, um einen BBL-Effekt zu erzielen.<\/li>\n<li><strong>TAILLENKONTROLLE:<\/strong> Shapewear mit hoher Taille macht die Brustunterst\u00fctzung bequemer und stressfreier. In Kombination mit Bewegung erm\u00f6glicht es eine Fettreduktion und eine Formung der Taille und der Innenseiten der Oberschenkel.<\/li>\n<li><strong>ABNEHMBARE RIEMEN:<\/strong> Die abnehmbaren Tr\u00e4ger der schwarzen Shapewear bieten mehrere Tragem\u00f6glichkeiten und zus\u00e4tzlichen Halt. Wir bieten auch den Komfort individuell anpassbaren Komforts und Stils.<\/li>\n<\/ul>\n<h6><em>Damen-Shapewear-Shorts in gro\u00dfen Gr\u00f6\u00dfen mit Kompressionssilhouette<\/em><\/h6>\n<ul>\n<li><strong>DOPPELTE SICHERHEIT:<\/strong> Die Open-Po-Shapewear-Shorts haben einen doppelten Rei\u00dfverschluss und einen Druckknopfverschluss an der Taille f\u00fcr eine sichere Kontrolle des Taillenumfangs.<\/li>\n<li><strong>OFFENER SCHRITT:<\/strong> Der Schritt unserer Damen-Shapewear in \u00dcbergr\u00f6\u00dfe l\u00e4sst sich einfach \u00f6ffnen und schlie\u00dfen, um den Zugang zur Toilette zu erleichtern.<\/li>\n<li><strong>MULTIFUNKTIONAL:<\/strong> Ideal f\u00fcr den Alltag oder besondere Anl\u00e4sse. Diese hochelastischen Shapewear-Shorts mit offenem Po und hoher Taille k\u00f6nnen zu jedem Outfit getragen werden und st\u00e4rken gleichzeitig das Selbstvertrauen.<\/li>\n<\/ul>","protected":false},"excerpt":{"rendered":"<p>Unser H\u00fcftkorsett aus hochelastischem Mesh mit abnehmbarem Tr\u00e4ger ist eine Mischung aus Innovation, Eleganz und Komfort. F\u00fcr Gro\u00dfh\u00e4ndler, die erstklassige Shapewear-L\u00f6sungen anbieten m\u00f6chten, sind hochelastische Shapewear-Shorts mit offenem Po und hoher Taille ein Muss. Tauchen Sie mit diesem herausragenden St\u00fcck in die Welt des Gro\u00dfhandels ein. Bestellen Sie heute!<\/p>","protected":false},"featured_media":4461,"comment_status":"open","ping_status":"closed","template":"","meta":{"site-sidebar-layout":"default","site-content-layout":"default","ast-site-content-layout":"default","site-content-style":"default","site-sidebar-style":"default","ast-global-header-display":"","ast-banner-title-visibility":"","ast-main-header-display":"","ast-hfb-above-header-display":"","ast-hfb-below-header-display":"","ast-hfb-mobile-header-display":"","site-post-title":"","ast-breadcrumbs-content":"","ast-featured-img":"","footer-sml-layout":"","ast-disable-related-posts":"","theme-transparent-header-meta":"default","adv-header-id-meta":"","stick-header-meta":"default","header-above-stick-meta":"","header-main-stick-meta":"","header-below-stick-meta":"","astra-migrate-meta-layouts":"set","ast-page-background-enabled":"default","ast-page-background-meta":{"desktop":{"background-color":"","background-image":"","background-repeat":"repeat","background-position":"center center","background-size":"auto","background-attachment":"scroll","background-type":"","background-media":"","overlay-type":"","overlay-color":"","overlay-opacity":"","overlay-gradient":""},"tablet":{"background-color":"","background-image":"","background-repeat":"repeat","background-position":"center center","background-size":"auto","background-attachment":"scroll","background-type":"","background-media":"","overlay-type":"","overlay-color":"","overlay-opacity":"","overlay-gradient":""},"mobile":{"background-color":"","background-image":"","background-repeat":"repeat","background-position":"center center","background-size":"auto","background-attachment":"scroll","background-type":"","background-media":"","overlay-type":"","overlay-color":"","overlay-opacity":"","overlay-gradient":""}},"ast-content-background-meta":{"desktop":{"background-color":"var(--ast-global-color-5)","background-image":"","background-repeat":"repeat","background-position":"center center","background-size":"auto","background-attachment":"scroll","background-type":"","background-media":"","overlay-type":"","overlay-color":"","overlay-opacity":"","overlay-gradient":""},"tablet":{"background-color":"var(--ast-global-color-5)","background-image":"","background-repeat":"repeat","background-position":"center center","background-size":"auto","background-attachment":"scroll","background-type":"","background-media":"","overlay-type":"","overlay-color":"","overlay-opacity":"","overlay-gradient":""},"mobile":{"background-color":"var(--ast-global-color-5)","background-image":"","background-repeat":"repeat","background-position":"center center","background-size":"auto","background-attachment":"scroll","background-type":"","background-media":"","overlay-type":"","overlay-color":"","overlay-opacity":"","overlay-gradient":""}}},"product_brand":[],"product_cat":[65,76,77,80],"product_tag":[136,137,139,134],"class_list":{"0":"post-4441","1":"product","2":"type-product","3":"status-publish","4":"has-post-thumbnail","6":"product_cat-best-sellers","7":"product_cat-new-arrivels","8":"product_cat-wholesale-womens-shapewear","9":"product_cat-wholesale-butt-lift-underwear","10":"product_tag-bridal","11":"product_tag-butt-lift","12":"product_tag-high-waist","13":"product_tag-tummy-tucker","14":"pa_color-black","15":"pa_size-4xl","16":"pa_size-5xl","17":"pa_size-6xl","18":"pa_size-l","19":"pa_size-m","20":"pa_size-s","21":"pa_size-xl","22":"pa_size-xxl","23":"pa_size-xxxl","24":"desktop-align-center","25":"tablet-align-left","26":"mobile-align-left","27":"ast-product-gallery-layout-horizontal-slider","28":"ast-product-single-variable","29":"ast-product-tabs-layout-horizontal","30":"ast-qv-on-image","32":"first","33":"instock","34":"shipping-taxable","35":"purchasable","36":"product-type-variable"},"tiered_pricing_type":"fixed","tiered_pricing_fixed_rules":{"2":9.89,"30":9.29,"500":7.69},"tiered_pricing_product_settings":{"layout":"default","base_unit_name":{"singular":null,"plural":null},"default_variation":{}},"tiered_pricing_minimum_quantity":null,"tiered_pricing_roles_data":[],"tiered_pricing_percentage_rules":[],"_links":{"self":[{"href":"https:\/\/yume-silm.com\/de\/wp-json\/wp\/v2\/product\/4441","targetHints":{"allow":["GET"]}}],"collection":[{"href":"https:\/\/yume-silm.com\/de\/wp-json\/wp\/v2\/product"}],"about":[{"href":"https:\/\/yume-silm.com\/de\/wp-json\/wp\/v2\/types\/product"}],"replies":[{"embeddable":true,"href":"https:\/\/yume-silm.com\/de\/wp-json\/wp\/v2\/comments?post=4441"}],"wp:featuredmedia":[{"embeddable":true,"href":"https:\/\/yume-silm.com\/de\/wp-json\/wp\/v2\/media\/4461"}],"wp:attachment":[{"href":"https:\/\/yume-silm.com\/de\/wp-json\/wp\/v2\/media?parent=4441"}],"wp:term":[{"taxonomy":"product_brand","embeddable":true,"href":"https:\/\/yume-silm.com\/de\/wp-json\/wp\/v2\/product_brand?post=4441"},{"taxonomy":"product_cat","embeddable":true,"href":"https:\/\/yume-silm.com\/de\/wp-json\/wp\/v2\/product_cat?post=4441"},{"taxonomy":"product_tag","embeddable":true,"href":"https:\/\/yume-silm.com\/de\/wp-json\/wp\/v2\/product_tag?post=4441"}],"curies":[{"name":"wp","href":"https:\/\/api.w.org\/{rel}","templated":true}]}}