{"id":4496,"date":"2023-07-21T08:55:28","date_gmt":"2023-07-21T08:55:28","guid":{"rendered":"https:\/\/yume-silm.com\/?post_type=product&#038;p=4496"},"modified":"2024-08-22T02:40:52","modified_gmt":"2024-08-22T02:40:52","slug":"nahtloser-ganzkorperformer-mit-bruststutze-und-po-lifter","status":"publish","type":"product","link":"https:\/\/yume-silm.com\/de\/produkt\/nahtloser-ganzkorperformer-mit-bruststutze-und-po-lifter\/","title":{"rendered":"Gro\u00dfhandel mit ma\u00dfgeschneiderten Spaghettitr\u00e4gern, schlichtem Shapewear-Shorts-Overall"},"content":{"rendered":"<h5>Design-Merkmale<\/h5>\n<ul>\n<li><strong>EINFARBIG NAHTLOS:<\/strong> Wir haben diese Damenoveralls mit Bauchkontrolle in Schwarz und Beige. Die Farben sind schlicht und vielseitig, und das nahtlose Design der Shapewear sorgt f\u00fcr eine glatte Silhouette unter jedem Outfit und eliminiert sichtbare Linien oder W\u00f6lbungen.<\/li>\n<li><strong>VERSTELLBARE D\u00dcNNE RIEMEN:<\/strong> Die Spaghetti-Tr\u00e4ger-Jumpsuits-Shorts mit d\u00fcnnen Tr\u00e4gern sorgen f\u00fcr eine individuelle Passform. Die verstellbaren Riemen sorgen f\u00fcr einen freien Halt und verhindern ein Verrutschen. Das hochwertige elastische Material, das in der Bauchkontroll-Po-Lifter-Schlankheits-Taillen-Shapewear verwendet wird, tr\u00e4gt dazu bei, dass sich H\u00fcfte und Brust besser an die Kurven unterschiedlich gro\u00dfer K\u00f6rper anpassen.<\/li>\n<li><strong>VIELSEITIGKEIT:<\/strong> Solide Shapewear-Strampler-Jumpsuits f\u00fcr Damen verf\u00fcgen \u00fcber ein All-in-One-Design, das die Kurven der H\u00fcften sanft anhebt und formt. Kreieren Sie eine schlanke Figur. Integrierte Funktionen sorgen f\u00fcr Auftrieb und Komfort, betonen nat\u00fcrliche Kurven und st\u00e4rken das Selbstvertrauen.<\/li>\n<li><strong>EINFACH UND STILVOLL:<\/strong> Dieser schlichte und stilvolle Ganzk\u00f6rperformer zum Abnehmen bietet Unterst\u00fctzung und Formung unter jedem Outfit. Perfekt gepaart mit hoch taillierten Shorts, Jeans, Hosen, Kleidern, Cardigan-Jacken oder lang\u00e4rmeligen Hemden. Geeignet f\u00fcr Cocktailpartys, Galas, Partys, gesellschaftliche Zusammenk\u00fcnfte und Urlaub, Freizeitkleidung und andere Dinge des t\u00e4glichen Lebens.<\/li>\n<\/ul>\n<h6><em>Schlankmachende Sportoveralls f\u00fcr das Lauf-Yoga-Training<\/em><\/h6>\n<ul>\n<li>Unser schlichter Jumpsuit mit Spaghettitr\u00e4gern und formenden Shorts ist eine Mischung aus Eleganz, Komfort und Funktionalit\u00e4t.<\/li>\n<li>F\u00fcr Gro\u00dfh\u00e4ndler, die erstklassige Shapewear-L\u00f6sungen anbieten m\u00f6chten, ist dieses Produkt ein Muss. Tauchen Sie mit diesem au\u00dfergew\u00f6hnlichen St\u00fcck in die Welt des Gro\u00dfhandels ein. Bestellen Sie heute!<\/li>\n<\/ul>","protected":false},"excerpt":{"rendered":"<p>Bringen Sie Eleganz und Halt mit unserem schlichten Jumpsuit mit Spaghettitr\u00e4gern und Shorts in Form. Mit integrierter Brustst\u00fctze und Po-Lifter sorgt diese Shapewear daf\u00fcr, dass Ihre Kunden bei jedem Tragen eine geformte, selbstbewusste Silhouette erhalten.<\/p>","protected":false},"featured_media":4516,"comment_status":"open","ping_status":"closed","template":"","meta":{"site-sidebar-layout":"default","site-content-layout":"default","ast-site-content-layout":"default","site-content-style":"default","site-sidebar-style":"default","ast-global-header-display":"","ast-banner-title-visibility":"","ast-main-header-display":"","ast-hfb-above-header-display":"","ast-hfb-below-header-display":"","ast-hfb-mobile-header-display":"","site-post-title":"","ast-breadcrumbs-content":"","ast-featured-img":"","footer-sml-layout":"","ast-disable-related-posts":"","theme-transparent-header-meta":"default","adv-header-id-meta":"","stick-header-meta":"default","header-above-stick-meta":"","header-main-stick-meta":"","header-below-stick-meta":"","astra-migrate-meta-layouts":"set","ast-page-background-enabled":"default","ast-page-background-meta":{"desktop":{"background-color":"","background-image":"","background-repeat":"repeat","background-position":"center center","background-size":"auto","background-attachment":"scroll","background-type":"","background-media":"","overlay-type":"","overlay-color":"","overlay-opacity":"","overlay-gradient":""},"tablet":{"background-color":"","background-image":"","background-repeat":"repeat","background-position":"center center","background-size":"auto","background-attachment":"scroll","background-type":"","background-media":"","overlay-type":"","overlay-color":"","overlay-opacity":"","overlay-gradient":""},"mobile":{"background-color":"","background-image":"","background-repeat":"repeat","background-position":"center center","background-size":"auto","background-attachment":"scroll","background-type":"","background-media":"","overlay-type":"","overlay-color":"","overlay-opacity":"","overlay-gradient":""}},"ast-content-background-meta":{"desktop":{"background-color":"var(--ast-global-color-5)","background-image":"","background-repeat":"repeat","background-position":"center center","background-size":"auto","background-attachment":"scroll","background-type":"","background-media":"","overlay-type":"","overlay-color":"","overlay-opacity":"","overlay-gradient":""},"tablet":{"background-color":"var(--ast-global-color-5)","background-image":"","background-repeat":"repeat","background-position":"center center","background-size":"auto","background-attachment":"scroll","background-type":"","background-media":"","overlay-type":"","overlay-color":"","overlay-opacity":"","overlay-gradient":""},"mobile":{"background-color":"var(--ast-global-color-5)","background-image":"","background-repeat":"repeat","background-position":"center center","background-size":"auto","background-attachment":"scroll","background-type":"","background-media":"","overlay-type":"","overlay-color":"","overlay-opacity":"","overlay-gradient":""}}},"product_brand":[],"product_cat":[77,79,78],"product_tag":[135,137,148],"class_list":{"0":"post-4496","1":"product","2":"type-product","3":"status-publish","4":"has-post-thumbnail","6":"product_cat-wholesale-womens-shapewear","7":"product_cat-wholesale-seemless-shaperwear","8":"product_cat-wholesale-full-body-shaper","9":"product_tag-all-in-one","10":"product_tag-butt-lift","11":"product_tag-one-piece","12":"pa_color-beige","13":"pa_color-black","14":"pa_size-l","15":"pa_size-m","16":"pa_size-s","17":"pa_size-xl","18":"pa_size-xxl","19":"pa_size-xxxl","20":"desktop-align-center","21":"tablet-align-left","22":"mobile-align-left","23":"ast-product-gallery-layout-horizontal-slider","24":"ast-product-single-variable","25":"ast-product-tabs-layout-horizontal","26":"ast-qv-on-image","28":"first","29":"instock","30":"shipping-taxable","31":"purchasable","32":"product-type-variable"},"tiered_pricing_type":"fixed","tiered_pricing_fixed_rules":{"2":23.99,"30":22.39,"500":18.69},"tiered_pricing_product_settings":{"layout":"default","base_unit_name":{"singular":null,"plural":null},"default_variation":{}},"tiered_pricing_minimum_quantity":null,"tiered_pricing_roles_data":[],"tiered_pricing_percentage_rules":[],"_links":{"self":[{"href":"https:\/\/yume-silm.com\/de\/wp-json\/wp\/v2\/product\/4496","targetHints":{"allow":["GET"]}}],"collection":[{"href":"https:\/\/yume-silm.com\/de\/wp-json\/wp\/v2\/product"}],"about":[{"href":"https:\/\/yume-silm.com\/de\/wp-json\/wp\/v2\/types\/product"}],"replies":[{"embeddable":true,"href":"https:\/\/yume-silm.com\/de\/wp-json\/wp\/v2\/comments?post=4496"}],"wp:featuredmedia":[{"embeddable":true,"href":"https:\/\/yume-silm.com\/de\/wp-json\/wp\/v2\/media\/4516"}],"wp:attachment":[{"href":"https:\/\/yume-silm.com\/de\/wp-json\/wp\/v2\/media?parent=4496"}],"wp:term":[{"taxonomy":"product_brand","embeddable":true,"href":"https:\/\/yume-silm.com\/de\/wp-json\/wp\/v2\/product_brand?post=4496"},{"taxonomy":"product_cat","embeddable":true,"href":"https:\/\/yume-silm.com\/de\/wp-json\/wp\/v2\/product_cat?post=4496"},{"taxonomy":"product_tag","embeddable":true,"href":"https:\/\/yume-silm.com\/de\/wp-json\/wp\/v2\/product_tag?post=4496"}],"curies":[{"name":"wp","href":"https:\/\/api.w.org\/{rel}","templated":true}]}}