{"id":4666,"date":"2023-07-25T05:25:30","date_gmt":"2023-07-25T05:25:30","guid":{"rendered":"https:\/\/yume-silm.com\/?post_type=product&#038;p=4666"},"modified":"2024-11-06T02:09:00","modified_gmt":"2024-11-06T02:09:00","slug":"high-waist-shapewear-unterteile-mit-gepolstertem-gesas","status":"publish","type":"product","link":"https:\/\/yume-silm.com\/de\/produkt\/high-waist-shapewear-unterteile-mit-gepolstertem-gesas\/","title":{"rendered":"Gro\u00dfhandel mit hoher Taille und gepolstertem Ges\u00e4\u00df"},"content":{"rendered":"<h5>Design-Merkmale<\/h5>\n<ul>\n<li data-slate-node=\"element\"><span data-slate-node=\"text\"><span class=\"00\" data-slate-leaf=\"true\"><strong>HOHE TAILLE:<\/strong> Hohe Taillen-Shapewear-Unterteile mit gepolstertem Ges\u00e4\u00df sorgen f\u00fcr doppelte Kompression und helfen Frauen dabei, ihre Taille zu verschlanken, ihren Bauch zu kontrollieren, ihren R\u00fccken zu beruhigen und Fett an den Oberschenkeln zu verlieren. <\/span><\/span><span data-slate-node=\"text\"><span class=\"01\" data-slate-leaf=\"true\">K\u00f6rperformende Shorts in \u00dcbergr\u00f6\u00dfe f\u00fcr Damen sorgen f\u00fcr eine schlanke, stromlinienf\u00f6rmige Silhouette, die zu jedem Outfit passt.<\/span><\/span><\/li>\n<li data-slate-node=\"element\"><span data-slate-node=\"text\"><span class=\"21\" data-slate-leaf=\"true\"><strong>Gef\u00fcllte H\u00fcften:<\/strong> Unsere BBL-Shorts mit hoher Taille und Bauchkontrolle sind so konzipiert, dass sie Ihre runden, prallen und sexy H\u00fcften zur Geltung bringen. <\/span><\/span><span data-slate-node=\"text\"><span class=\"22\" data-slate-leaf=\"true\">Abnehmbare Kissen f\u00fcr einfacheren Austausch und Reinigung. <\/span><\/span><span data-slate-node=\"text\"><span class=\"23\" data-slate-leaf=\"true\">Gleichzeitig kann die richtige H\u00f6he angepasst werden, um eine nat\u00fcrliche Straffung und Kontur zu erzielen, die Ihre Kurven an den richtigen Stellen betont.<\/span><\/span><\/li>\n<li data-slate-node=\"element\"><span data-slate-node=\"text\"><span class=\"41\" data-slate-leaf=\"true\"><strong>Atmungsaktives Netz:<\/strong> Die Butt Lifting-Shapewear-Shorts mit H\u00fcft-Dip-Pads bestehen aus hochwertigen Polyester- und Spandex-Materialien, die elastisch und leicht sind, die Luftzirkulation f\u00f6rdern, das Schwitzen reduzieren und f\u00fcr ein angenehmes Tragegef\u00fchl den ganzen Tag sorgen.<\/span><\/span><\/li>\n<li data-slate-node=\"element\"><span data-slate-node=\"text\"><span class=\"61\" data-slate-leaf=\"true\"><strong>VIELSEITIG UND UNSICHTBAR:<\/strong> Seien Sie versichert, dass diese H\u00fcftpolster f\u00fcr Damen-Shapewear perfekt unter Ihren H\u00fcften verschwinden, unsichtbar unter dem Kleidungsst\u00fcck bleiben und f\u00fcr glatte Linien sorgen, die Ihre K\u00f6rperform erg\u00e4nzen.<\/span><\/span><\/li>\n<li data-slate-node=\"element\" data-slate-fragment=\"JTVCJTdCJTIydHlwZSUyMiUzQSUyMnBhcmFncmFwaCUyMiUyQyUyMmNoaWxkcmVuJTIyJTNBJTVCJTdCJTIydGV4dCUyMiUzQSUyMkhJR0glMjBXQUlTVCUzQSUyMEhpZ2glMjB3YWlzdCUyMHNoYXBld2VhciUyMGJvdHRvbXMlMjB3aXRoJTIwcGFkZGVkJTIwYnV0dG9jayUyMHByb3ZpZGVzJTIwZG91YmxlJTIwY29tcHJlc3Npb24lMjB0byUyMGhlbHAlMjB3b21lbiUyMHNsaW0lMjB0aGVpciUyMHdhaXN0cyUyQyUyMGNvbnRyb2wlMjB0aGVpciUyMGFiZG9tZW5zJTJDJTIwc29vdGhlJTIwdGhlaXIlMjBiYWNrcyUyQyUyMGFuZCUyMGxvc2UlMjBmYXQlMjBpbiUyMHRoZWlyJTIwdGhpZ2hzLiUyMCUyMiUyQyUyMnNlbnRlbmNlJTIyJTNBMCUyQyUyMmNoaWxkU2VudGVuY2UlMjIlM0EwJTdEJTJDJTdCJTIydGV4dCUyMiUzQSUyMlBsdXMlMjBzaXplJTIwYm9keSUyMHNoYXBpbmclMjBzaG9ydHMlMjBmb3IlMjB3b21lbiUyMGNyZWF0ZXMlMjBhJTIwc2xlZWslMkMlMjBzdHJlYW1saW5lZCUyMHNpbGhvdWV0dGUlMjB0aGF0JTIwY29tcGxlbWVudHMlMjBhbnklMjBvdXRmaXQuJTIyJTJDJTIyc2VudGVuY2UlMjIlM0EwJTJDJTIyY2hpbGRTZW50ZW5jZSUyMiUzQTElN0QlNUQlN0QlMkMlN0IlMjJ0eXBlJTIyJTNBJTIycGFyYWdyYXBoJTIyJTJDJTIyY2hpbGRyZW4lMjIlM0ElNUIlN0IlMjJ0ZXh0JTIyJTNBJTIyJTIyJTJDJTIyc2VudGVuY2UlMjIlM0ExJTJDJTIyY2hpbGRTZW50ZW5jZSUyMiUzQTElN0QlNUQlN0QlMkMlN0IlMjJ0eXBlJTIyJTNBJTIycGFyYWdyYXBoJTIyJTJDJTIyY2hpbGRyZW4lMjIlM0ElNUIlN0IlMjJ0ZXh0JTIyJTNBJTIyRklMTEVEJTIwSElQUyUzQSUyME91ciUyMGhpZ2glMjB3YWlzdGVkJTIwdHVtbXklMjBjb250cm9sJTIwYmJsJTIwc2hvcnRzJTIwaXMlMjBkZXNpZ25lZCUyMHRvJTIwc2hvdyUyMG9mZiUyMHlvdXIlMjByb3VuZGVkJTJDJTIwcGx1bXAlMkMlMjBzZXh5JTIwaGlwcy4lMjAlMjIlMkMlMjJzZW50ZW5jZSUyMiUzQTIlMkMlMjJjaGlsZFNlbnRlbmNlJTIyJTNBMSU3RCUyQyU3QiUyMnRleHQlMjIlM0ElMjJSZW1vdmFibGUlMjBjdXNoaW9ucyUyMGZvciUyMGVhc2llciUyMHJlcGxhY2VtZW50JTIwYW5kJTIwY2xlYW5pbmcuJTIwJTIyJTJDJTIyc2VudGVuY2UlMjIlM0EyJTJDJTIyY2hpbGRTZW50ZW5jZSUyMiUzQTIlN0QlMkMlN0IlMjJ0ZXh0JTIyJTNBJTIyQXQlMjB0aGUlMjBzYW1lJTIwdGltZSUyQyUyMHRoZSUyMHJpZ2h0JTIwaGVpZ2h0JTIwY2FuJTIwYmUlMjBhZGp1c3RlZCUyMHRvJTIwcHJvdmlkZSUyMGElMjBuYXR1cmFsJTIwbGlmdCUyMGFuZCUyMGNvbnRvdXIlMjB0aGF0JTIwYWNjZW50dWF0ZXMlMjB5b3VyJTIwY3VydmVzJTIwaW4lMjBhbGwlMjB0aGUlMjByaWdodCUyMHBsYWNlcy4lMjIlMkMlMjJzZW50ZW5jZSUyMiUzQTIlMkMlMjJjaGlsZFNlbnRlbmNlJTIyJTNBMyU3RCU1RCU3RCUyQyU3QiUyMnR5cGUlMjIlM0ElMjJwYXJhZ3JhcGglMjIlMkMlMjJjaGlsZHJlbiUyMiUzQSU1QiU3QiUyMnRleHQlMjIlM0ElMjIlMjIlMkMlMjJzZW50ZW5jZSUyMiUzQTMlMkMlMjJjaGlsZFNlbnRlbmNlJTIyJTNBMSU3RCU1RCU3RCUyQyU3QiUyMnR5cGUlMjIlM0ElMjJwYXJhZ3JhcGglMjIlMkMlMjJjaGlsZHJlbiUyMiUzQSU1QiU3QiUyMnRleHQlMjIlM0ElMjJCUkVBVEhBQkxFJTIwTkVUJTNBJTIwQnV0dCUyMGxpZnRpbmclMjBzaGFwZXdlYXIlMjBzaG9ydHMlMjB3aXRoJTIwaGlwJTIwZGlwJTIwcGFkcyUyMGlzJTIwbWFkZSUyMG9mJTIwaGlnaC1xdWFsaXR5JTIwcG9seWVzdGVyJTIwYW5kJTIwc3BhbmRleCUyMG1hdGVyaWFscyUyQyUyMHdoaWNoJTIwYXJlJTIwZWxhc3RpYyUyMGFuZCUyMGVhc3klMjB0byUyMHByb21vdGUlMjBhaXIlMjBjaXJjdWxhdGlvbiUyQyUyMHJlZHVjZSUyMHN3ZWF0aW5nJTJDJTIwYW5kJTIwa2VlcCUyMHlvdSUyMGNvbWZvcnRhYmxlJTIwYWxsJTIwZGF5LiUyMiUyQyUyMnNlbnRlbmNlJTIyJTNBNCUyQyUyMmNoaWxkU2VudGVuY2UlMjIlM0ExJTdEJTVEJTdEJTJDJTdCJTIydHlwZSUyMiUzQSUyMnBhcmFncmFwaCUyMiUyQyUyMmNoaWxkcmVuJTIyJTNBJTVCJTdCJTIydGV4dCUyMiUzQSUyMiUyMiUyQyUyMnNlbnRlbmNlJTIyJTNBNSUyQyUyMmNoaWxkU2VudGVuY2UlMjIlM0ExJTdEJTVEJTdEJTJDJTdCJTIydHlwZSUyMiUzQSUyMnBhcmFncmFwaCUyMiUyQyUyMmNoaWxkcmVuJTIyJTNBJTVCJTdCJTIydGV4dCUyMiUzQSUyMlZFUlNBVElMRSUyMEFORCUyMElOVklTSUJMRSUzQSUyMFJlc3QlMjBhc3N1cmVkJTIwdGhhdCUyMHRoaXMlMjBoaXAlMjBwYWRzJTIwZm9yJTIwd29tZW4lMjBzaGFwZXdlYXIlMjB3aWxsJTIwcGVyZmVjdGx5JTIwaGlkZSUyMHVuZGVyJTIweW91ciUyMGhpcHMlMkMlMjByZW1haW5pbmclMjBpbnZpc2libGUlMjB1bmRlciUyMHRoZSUyMGdhcm1lbnQlMkMlMjBwcm92aWRpbmclMjBzbW9vdGglMjBsaW5lcyUyMHRoYXQlMjBjb21wbGVtZW50JTIweW91ciUyMGJvZHklMjBzaGFwZS4lMjIlMkMlMjJzZW50ZW5jZSUyMiUzQTYlMkMlMjJjaGlsZFNlbnRlbmNlJTIyJTNBMSU3RCU1RCU3RCUyQyU3QiUyMnR5cGUlMjIlM0ElMjJwYXJhZ3JhcGglMjIlMkMlMjJjaGlsZHJlbiUyMiUzQSU1QiU3QiUyMnRleHQlMjIlM0ElMjIlMjIlMkMlMjJzZW50ZW5jZSUyMiUzQTclMkMlMjJjaGlsZFNlbnRlbmNlJTIyJTNBMSU3RCU1RCU3RCUyQyU3QiUyMnR5cGUlMjIlM0ElMjJwYXJhZ3JhcGglMjIlMkMlMjJjaGlsZHJlbiUyMiUzQSU1QiU3QiUyMnRleHQlMjIlM0ElMjJDT01GT1JUJTIwQU5EJTIwRFVSQUJJTElUWSUzQSUyMEVuc3VyZSUyMGElMjBjb21mb3J0YWJsZSUyMGFuZCUyMGNvbWZvcnRhYmxlJTIwZml0JTIwdGhhdCUyMHJldGFpbnMlMjBpdHMlMjBzaGFwZSUyMGFuZCUyMGVmZmVjdGl2ZW5lc3MlMjBvdmVyJTIwdGltZS4lMjAlMjIlMkMlMjJzZW50ZW5jZSUyMiUzQTglMkMlMjJjaGlsZFNlbnRlbmNlJTIyJTNBMSU3RCUyQyU3QiUyMnRleHQlMjIlM0ElMjJPdXIlMjBoaWdoJTIwd2Fpc3QlMjBzaGFwZXdlYXIlMjBib3R0b21zJTIwd2l0aCUyMHBhZGRlZCUyMGJ1dHRvY2slMjBpcyUyMHN1aXRhYmxlJTIwZm9yJTIwYWxsJTIwb2NjYXNpb25zJTIwYW5kJTIwYWxsJTIwc2Vhc29ucy4lMjAlMjIlMkMlMjJzZW50ZW5jZSUyMiUzQTglMkMlMjJjaGlsZFNlbnRlbmNlJTIyJTNBMiU3RCUyQyU3QiUyMnRleHQlMjIlM0ElMjJXaGV0aGVyJTIwaXQncyUyMGElMjBkcmVzcyUyMG9yJTIwc2xpbS1maXQlMjBqZWFucyUyQyUyMHRoZXkncmUlMjBwZXJmZWN0JTIwdG8lMjBtYXRjaCUyMGFuZCUyMGdpdmUlMjB5b3UlMjBhbiUyMGV4dHJhJTIwY3VydnklMjBsb29rLiUyMiUyQyUyMnNlbnRlbmNlJTIyJTNBOCUyQyUyMmNoaWxkU2VudGVuY2UlMjIlM0EzJTdEJTVEJTdEJTVE\"><span data-slate-node=\"text\"><span class=\"81\" data-slate-leaf=\"true\"><strong>KOMFORT UND HALTBARKEIT:<\/strong> Sorgen Sie f\u00fcr eine bequeme und bequeme Passform, die im Laufe der Zeit ihre Form und Wirksamkeit beh\u00e4lt. <\/span><\/span><span data-slate-node=\"text\"><span class=\"82\" data-slate-leaf=\"true\">Unsere Shapewear-Hose mit hoher Taille und gepolstertem Ges\u00e4\u00df ist f\u00fcr alle Gelegenheiten und alle Jahreszeiten geeignet. <\/span><\/span><span data-slate-node=\"text\"><span class=\"83\" data-slate-leaf=\"true\">Ob zum Kleid oder zur Slim-Fit-Jeans, sie passen perfekt zusammen und verleihen Ihnen einen besonders kurvigen Look.<\/span><\/span><\/li>\n<\/ul>\n<h6><em>Damen-Shapewear-Shorts mit H\u00fcftpolsterung in gro\u00dfen Gr\u00f6\u00dfen<\/em><\/h6>\n<ul>\n<li>Unsere hoch taillierten Shapewear-Hosen mit gepolstertem Ges\u00e4\u00df vereinen Stil, Komfort und Funktionalit\u00e4t nahtlos. F\u00fcr Gro\u00dfh\u00e4ndler, die innovative Shapewear-L\u00f6sungen anbieten m\u00f6chten, ist dieses Produkt ein Muss.<\/li>\n<li>Mit Anpassungsoptionen, verschiedenen Gr\u00f6\u00dfen und dem Versprechen einer schnellen Lieferung ist es eine wertvolle Erg\u00e4nzung Ihres Lagerbestands. Tauchen Sie mit diesem au\u00dfergew\u00f6hnlichen St\u00fcck in die Welt des Gro\u00dfhandels ein. Bestellen Sie heute!<\/li>\n<\/ul>","protected":false},"excerpt":{"rendered":"<p>Verwandeln Sie Ihre Silhouette mit unseren hochtaillierten Shapewear-Hosen mit gepolstertem Ges\u00e4\u00df, die \u00fcber gepolsterte Ges\u00e4\u00dfpartien f\u00fcr eine nat\u00fcrliche Anhebung und ein atmungsaktives Mesh-Design f\u00fcr ultimativen Komfort verf\u00fcgen. Perfekt f\u00fcr jedes Outfit. Diese Shapewear definiert Ihre Kurven neu und sorgt gleichzeitig daf\u00fcr, dass Sie den ganzen Tag \u00fcber frisch bleiben.<\/p>","protected":false},"featured_media":4686,"comment_status":"open","ping_status":"closed","template":"","meta":{"site-sidebar-layout":"default","site-content-layout":"default","ast-site-content-layout":"default","site-content-style":"default","site-sidebar-style":"default","ast-global-header-display":"","ast-banner-title-visibility":"","ast-main-header-display":"","ast-hfb-above-header-display":"","ast-hfb-below-header-display":"","ast-hfb-mobile-header-display":"","site-post-title":"","ast-breadcrumbs-content":"","ast-featured-img":"","footer-sml-layout":"","ast-disable-related-posts":"","theme-transparent-header-meta":"default","adv-header-id-meta":"","stick-header-meta":"default","header-above-stick-meta":"","header-main-stick-meta":"","header-below-stick-meta":"","astra-migrate-meta-layouts":"set","ast-page-background-enabled":"default","ast-page-background-meta":{"desktop":{"background-color":"","background-image":"","background-repeat":"repeat","background-position":"center center","background-size":"auto","background-attachment":"scroll","background-type":"","background-media":"","overlay-type":"","overlay-color":"","overlay-opacity":"","overlay-gradient":""},"tablet":{"background-color":"","background-image":"","background-repeat":"repeat","background-position":"center center","background-size":"auto","background-attachment":"scroll","background-type":"","background-media":"","overlay-type":"","overlay-color":"","overlay-opacity":"","overlay-gradient":""},"mobile":{"background-color":"","background-image":"","background-repeat":"repeat","background-position":"center center","background-size":"auto","background-attachment":"scroll","background-type":"","background-media":"","overlay-type":"","overlay-color":"","overlay-opacity":"","overlay-gradient":""}},"ast-content-background-meta":{"desktop":{"background-color":"var(--ast-global-color-5)","background-image":"","background-repeat":"repeat","background-position":"center center","background-size":"auto","background-attachment":"scroll","background-type":"","background-media":"","overlay-type":"","overlay-color":"","overlay-opacity":"","overlay-gradient":""},"tablet":{"background-color":"var(--ast-global-color-5)","background-image":"","background-repeat":"repeat","background-position":"center center","background-size":"auto","background-attachment":"scroll","background-type":"","background-media":"","overlay-type":"","overlay-color":"","overlay-opacity":"","overlay-gradient":""},"mobile":{"background-color":"var(--ast-global-color-5)","background-image":"","background-repeat":"repeat","background-position":"center center","background-size":"auto","background-attachment":"scroll","background-type":"","background-media":"","overlay-type":"","overlay-color":"","overlay-opacity":"","overlay-gradient":""}}},"product_brand":[],"product_cat":[65,76,77,80],"product_tag":[508,136,137,186],"class_list":{"0":"post-4666","1":"product","2":"type-product","3":"status-publish","4":"has-post-thumbnail","6":"product_cat-best-sellers","7":"product_cat-new-arrivels","8":"product_cat-wholesale-womens-shapewear","9":"product_cat-wholesale-butt-lift-underwear","10":"product_tag-bbl-effect","11":"product_tag-bridal","12":"product_tag-butt-lift","13":"product_tag-padded","14":"pa_color-beige","15":"pa_color-black","16":"pa_size-l","17":"pa_size-m","18":"pa_size-s","19":"pa_size-xl","20":"pa_size-xxl","21":"pa_size-xxxl","22":"desktop-align-center","23":"tablet-align-left","24":"mobile-align-left","25":"ast-product-gallery-layout-horizontal-slider","26":"ast-product-single-variable","27":"ast-product-tabs-layout-horizontal","28":"ast-qv-on-image","30":"first","31":"instock","32":"shipping-taxable","33":"purchasable","34":"product-type-variable"},"tiered_pricing_type":"fixed","tiered_pricing_fixed_rules":{"2":4.39,"30":4.09,"500":3.49},"tiered_pricing_product_settings":{"layout":"default","base_unit_name":{"singular":null,"plural":null},"default_variation":{}},"tiered_pricing_minimum_quantity":null,"tiered_pricing_roles_data":[],"tiered_pricing_percentage_rules":[],"_links":{"self":[{"href":"https:\/\/yume-silm.com\/de\/wp-json\/wp\/v2\/product\/4666","targetHints":{"allow":["GET"]}}],"collection":[{"href":"https:\/\/yume-silm.com\/de\/wp-json\/wp\/v2\/product"}],"about":[{"href":"https:\/\/yume-silm.com\/de\/wp-json\/wp\/v2\/types\/product"}],"replies":[{"embeddable":true,"href":"https:\/\/yume-silm.com\/de\/wp-json\/wp\/v2\/comments?post=4666"}],"wp:featuredmedia":[{"embeddable":true,"href":"https:\/\/yume-silm.com\/de\/wp-json\/wp\/v2\/media\/4686"}],"wp:attachment":[{"href":"https:\/\/yume-silm.com\/de\/wp-json\/wp\/v2\/media?parent=4666"}],"wp:term":[{"taxonomy":"product_brand","embeddable":true,"href":"https:\/\/yume-silm.com\/de\/wp-json\/wp\/v2\/product_brand?post=4666"},{"taxonomy":"product_cat","embeddable":true,"href":"https:\/\/yume-silm.com\/de\/wp-json\/wp\/v2\/product_cat?post=4666"},{"taxonomy":"product_tag","embeddable":true,"href":"https:\/\/yume-silm.com\/de\/wp-json\/wp\/v2\/product_tag?post=4666"}],"curies":[{"name":"wp","href":"https:\/\/api.w.org\/{rel}","templated":true}]}}