{"id":4690,"date":"2023-07-25T05:53:09","date_gmt":"2023-07-25T05:53:09","guid":{"rendered":"https:\/\/yume-silm.com\/?post_type=product&#038;p=4690"},"modified":"2025-05-26T00:36:44","modified_gmt":"2025-05-26T00:36:44","slug":"atmungsaktive-mesh-huftlifthose-mit-hoher-taille-und-ausgeschnittenem-huftdesign","status":"publish","type":"product","link":"https:\/\/yume-silm.com\/de\/produkt\/atmungsaktive-mesh-huftlifthose-mit-hoher-taille-und-ausgeschnittenem-huftdesign\/","title":{"rendered":"Gro\u00dfhandel mit Mesh-Hip-Lift-Hosen mit hoher Taille: Einzigartiges Cut-Out-H\u00fcftdesign"},"content":{"rendered":"<h5>Design-Merkmale<\/h5>\n<ul>\n<li data-slate-node=\"element\"><span class=\"\" data-slate-node=\"text\"><span class=\"00\" data-slate-leaf=\"true\"><span data-slate-string=\"true\"><strong>HOHE TAILLENKONTROLLE:<\/strong> Das Taillendesign des ausgeh\u00f6hlten Po-Lifting-Shaper-H\u00f6schens kann einen guten Taillen- und Bauchverschlusseffekt erzielen. <\/span><\/span><\/span><span data-slate-node=\"text\"><span class=\"01\" data-slate-leaf=\"true\">Erstellen Sie ein schmeichelhaftes Profil und betonen Sie die nat\u00fcrlichen Kurven.<\/span><\/span><\/li>\n<li data-slate-node=\"element\"><span data-slate-node=\"text\"><span class=\"21\" data-slate-leaf=\"true\"><strong>HIP-LIFT-FUNKTION:<\/strong> Das h\u00fcfthohle Design der Bauchkontroll-Shapewear mit hoher Taille ist sexy und kann eine gute H\u00fcftstraffung erzielen. <\/span><\/span><span data-slate-node=\"text\"><span class=\"22\" data-slate-leaf=\"true\">Erzielen Sie ganz einfach den BBL-Effekt.<\/span><\/span><\/li>\n<li data-slate-node=\"element\"><span data-slate-node=\"text\"><span class=\"41\" data-slate-leaf=\"true\"><strong>Atmungsaktives Mesh-Material:<\/strong> Elastic Compress Lift Bum Push Up besteht aus hochwertigem Netzgewebe, das voller Elastizit\u00e4t ist und nicht leicht zu ziehen und zu brechen ist. <\/span><\/span><span data-slate-node=\"text\"><span class=\"42\" data-slate-leaf=\"true\">Sorgen Sie f\u00fcr Komfort und gute Luftzirkulation, damit Sie k\u00fchl und trocken bleiben.<\/span><\/span><\/li>\n<li data-slate-node=\"element\" data-slate-fragment=\"JTVCJTdCJTIydHlwZSUyMiUzQSUyMnBhcmFncmFwaCUyMiUyQyUyMmNoaWxkcmVuJTIyJTNBJTVCJTdCJTIydGV4dCUyMiUzQSUyMkhJR0glMjBXQUlTVCUyMENPTlRST0wlM0ElMjBUaGUlMjB3YWlzdCUyMGRlc2lnbiUyMG9mJTIwdGhlJTIwaG9sbG93JTIwb3V0JTIwYnV0dCUyMGxpZnRpbmclMjBzaGFwZXIlMjBwYW50aWVzJTIwY2FuJTIwYWNoaWV2ZSUyMGElMjBnb29kJTIwd2Fpc3QlMjBhbmQlMjBhYmRvbWVuJTIwY2xvc3VyZSUyMGVmZmVjdC4lMjAlMjIlMkMlMjJzZW50ZW5jZSUyMiUzQTAlMkMlMjJjaGlsZFNlbnRlbmNlJTIyJTNBMCU3RCUyQyU3QiUyMnRleHQlMjIlM0ElMjJDcmVhdGUlMjBhJTIwZmxhdHRlcmluZyUyMHByb2ZpbGUlMjBhbmQlMjBoaWdobGlnaHQlMjB0aGUlMjBuYXR1cmFsJTIwY3VydmVzLiUyMiUyQyUyMnNlbnRlbmNlJTIyJTNBMCUyQyUyMmNoaWxkU2VudGVuY2UlMjIlM0ExJTdEJTVEJTdEJTJDJTdCJTIydHlwZSUyMiUzQSUyMnBhcmFncmFwaCUyMiUyQyUyMmNoaWxkcmVuJTIyJTNBJTVCJTdCJTIydGV4dCUyMiUzQSUyMiUyMiUyQyUyMnNlbnRlbmNlJTIyJTNBMSUyQyUyMmNoaWxkU2VudGVuY2UlMjIlM0ExJTdEJTVEJTdEJTJDJTdCJTIydHlwZSUyMiUzQSUyMnBhcmFncmFwaCUyMiUyQyUyMmNoaWxkcmVuJTIyJTNBJTVCJTdCJTIydGV4dCUyMiUzQSUyMkhJUCUyMExJRlQlMjBGVU5DVElPTiUzQSUyMFRoZSUyMGhpcCUyMGhvbGxvdyUyMGRlc2lnbiUyMG9mJTIwdGhlJTIwdHVtbXklMjBjb250cm9sJTIwaGlnaCUyMHdhaXN0JTIwc2hhcGV3ZWFyJTIwaXMlMjBzZXh5JTIwYW5kJTIwY2FuJTIwZ2V0JTIwYSUyMGdvb2QlMjBoaXAlMjBsaWZ0LiUyMCUyMiUyQyUyMnNlbnRlbmNlJTIyJTNBMiUyQyUyMmNoaWxkU2VudGVuY2UlMjIlM0ExJTdEJTJDJTdCJTIydGV4dCUyMiUzQSUyMkVhc2lseSUyMGFjaGlldmUlMjB0aGUlMjBCQkwlMjBlZmZlY3QuJTIyJTJDJTIyc2VudGVuY2UlMjIlM0EyJTJDJTIyY2hpbGRTZW50ZW5jZSUyMiUzQTIlN0QlNUQlN0QlMkMlN0IlMjJ0eXBlJTIyJTNBJTIycGFyYWdyYXBoJTIyJTJDJTIyY2hpbGRyZW4lMjIlM0ElNUIlN0IlMjJ0ZXh0JTIyJTNBJTIyJTIyJTJDJTIyc2VudGVuY2UlMjIlM0EzJTJDJTIyY2hpbGRTZW50ZW5jZSUyMiUzQTElN0QlNUQlN0QlMkMlN0IlMjJ0eXBlJTIyJTNBJTIycGFyYWdyYXBoJTIyJTJDJTIyY2hpbGRyZW4lMjIlM0ElNUIlN0IlMjJ0ZXh0JTIyJTNBJTIyQlJFQVRIQUJMRSUyME1FU0glMjBNQVRFUklBTCUzQSUyMEVsYXN0aWMlMjBjb21wcmVzcyUyMGxpZnQlMjBidW0lMjBwdXNoJTIwdXAlMjBpcyUyMG1hZGUlMjBvZiUyMGhpZ2gtcXVhbGl0eSUyMG1lc2glMjBmYWJyaWMlMkMlMjB3aGljaCUyMGlzJTIwZnVsbCUyMG9mJTIwZWxhc3RpY2l0eSUyMGFuZCUyMGlzJTIwbm90JTIwZWFzeSUyMHRvJTIwcHVsbCUyMGFuZCUyMGJyZWFrLiUyMCUyMiUyQyUyMnNlbnRlbmNlJTIyJTNBNCUyQyUyMmNoaWxkU2VudGVuY2UlMjIlM0ExJTdEJTJDJTdCJTIydGV4dCUyMiUzQSUyMkVuc3VyZSUyMGNvbWZvcnQlMjBhbmQlMjBnb29kJTIwYWlyJTIwY2lyY3VsYXRpb24lMjB0byUyMGtlZXAlMjB5b3UlMjBjb29sJTIwYW5kJTIwZHJ5LiUyMiUyQyUyMnNlbnRlbmNlJTIyJTNBNCUyQyUyMmNoaWxkU2VudGVuY2UlMjIlM0EyJTdEJTVEJTdEJTJDJTdCJTIydHlwZSUyMiUzQSUyMnBhcmFncmFwaCUyMiUyQyUyMmNoaWxkcmVuJTIyJTNBJTVCJTdCJTIydGV4dCUyMiUzQSUyMiUyMiUyQyUyMnNlbnRlbmNlJTIyJTNBNSUyQyUyMmNoaWxkU2VudGVuY2UlMjIlM0ExJTdEJTVEJTdEJTJDJTdCJTIydHlwZSUyMiUzQSUyMnBhcmFncmFwaCUyMiUyQyUyMmNoaWxkcmVuJTIyJTNBJTVCJTdCJTIydGV4dCUyMiUzQSUyMlNDVUxQVFVSRSUyMFNJTEhPVUVUVEUlM0ElMjBPdXIlMjBoaWdoJTIwd2Fpc3RlZCUyMGhvbGxvdyUyMGJ1dHQlMjBsaWZ0JTIwc2hvcnRzJTIwaGVscHMlMjB5b3UlMjBhY2hpZXZlJTIwYSUyMGJlYXV0aWZ1bGx5JTIwc2N1bHB0ZWQlMjBmaWd1cmUlMkMlMjBwZXJmZWN0JTIwZm9yJTIwYW55JTIwb3V0Zml0LiUyMiUyQyUyMnNlbnRlbmNlJTIyJTNBNiUyQyUyMmNoaWxkU2VudGVuY2UlMjIlM0ExJTdEJTVEJTdEJTVE\"><span data-slate-node=\"text\"><span class=\"61\" data-slate-leaf=\"true\"><strong>SKULPTUR-SILHOUETTE: <\/strong>Unsere hoch taillierten, hohlen Po-Lift-Shorts verhelfen Ihnen zu einer wundersch\u00f6n geformten Figur, perfekt f\u00fcr jedes Outfit.<\/span><\/span><\/li>\n<\/ul>\n<h6><em>Damen-Shorts zur Po-Straffung und -Formung in \u00dcbergr\u00f6\u00dfe<\/em><\/h6>\n<ul>\n<li>Unsere hoch taillierte Mesh-H\u00fcftlifthose mit ausgeschnittenem H\u00fcftdesign ist eine Mischung aus Stil, Komfort und Funktionalit\u00e4t. F\u00fcr Gro\u00dfh\u00e4ndler, die erstklassige Produkte anbieten m\u00f6chten, die den neuesten Modetrends entsprechen, ist dieses Produkt ein Muss.<\/li>\n<li>Mit Anpassungsoptionen, einer Reihe von Gr\u00f6\u00dfen und dem Versprechen einer schnellen Lieferung ist es eine wertvolle Erg\u00e4nzung Ihres Lagerbestands. Tauchen Sie mit diesem herausragenden St\u00fcck in die Welt des Gro\u00dfhandels ein. Bestellen Sie heute!<\/li>\n<\/ul>","protected":false},"excerpt":{"rendered":"<p>Treten Sie mit unserer H\u00fcftlift-Hose aus Netzstoff mit hoher Taille in Selbstvertrauen ein. Mit einem einzigartigen Cut-out-Design an der H\u00fcfte formt und betont diese Hose Ihre Figur. Das atmungsaktive Mesh sorgt f\u00fcr Tragekomfort und macht es zu einem Must-have f\u00fcr jede moderne Frau.<\/p>","protected":false},"featured_media":4712,"comment_status":"open","ping_status":"closed","template":"","meta":{"site-sidebar-layout":"default","site-content-layout":"default","ast-site-content-layout":"default","site-content-style":"default","site-sidebar-style":"default","ast-global-header-display":"","ast-banner-title-visibility":"","ast-main-header-display":"","ast-hfb-above-header-display":"","ast-hfb-below-header-display":"","ast-hfb-mobile-header-display":"","site-post-title":"","ast-breadcrumbs-content":"","ast-featured-img":"","footer-sml-layout":"","ast-disable-related-posts":"","theme-transparent-header-meta":"default","adv-header-id-meta":"","stick-header-meta":"default","header-above-stick-meta":"","header-main-stick-meta":"","header-below-stick-meta":"","astra-migrate-meta-layouts":"set","ast-page-background-enabled":"default","ast-page-background-meta":{"desktop":{"background-color":"","background-image":"","background-repeat":"repeat","background-position":"center center","background-size":"auto","background-attachment":"scroll","background-type":"","background-media":"","overlay-type":"","overlay-color":"","overlay-opacity":"","overlay-gradient":""},"tablet":{"background-color":"","background-image":"","background-repeat":"repeat","background-position":"center center","background-size":"auto","background-attachment":"scroll","background-type":"","background-media":"","overlay-type":"","overlay-color":"","overlay-opacity":"","overlay-gradient":""},"mobile":{"background-color":"","background-image":"","background-repeat":"repeat","background-position":"center center","background-size":"auto","background-attachment":"scroll","background-type":"","background-media":"","overlay-type":"","overlay-color":"","overlay-opacity":"","overlay-gradient":""}},"ast-content-background-meta":{"desktop":{"background-color":"var(--ast-global-color-5)","background-image":"","background-repeat":"repeat","background-position":"center center","background-size":"auto","background-attachment":"scroll","background-type":"","background-media":"","overlay-type":"","overlay-color":"","overlay-opacity":"","overlay-gradient":""},"tablet":{"background-color":"var(--ast-global-color-5)","background-image":"","background-repeat":"repeat","background-position":"center center","background-size":"auto","background-attachment":"scroll","background-type":"","background-media":"","overlay-type":"","overlay-color":"","overlay-opacity":"","overlay-gradient":""},"mobile":{"background-color":"var(--ast-global-color-5)","background-image":"","background-repeat":"repeat","background-position":"center center","background-size":"auto","background-attachment":"scroll","background-type":"","background-media":"","overlay-type":"","overlay-color":"","overlay-opacity":"","overlay-gradient":""}}},"product_brand":[],"product_cat":[65,76,77,80],"product_tag":[508,136,137,509],"class_list":{"0":"post-4690","1":"product","2":"type-product","3":"status-publish","4":"has-post-thumbnail","6":"product_cat-best-sellers","7":"product_cat-new-arrivels","8":"product_cat-wholesale-womens-shapewear","9":"product_cat-wholesale-butt-lift-underwear","10":"product_tag-bbl-effect","11":"product_tag-bridal","12":"product_tag-butt-lift","13":"product_tag-spanx","14":"pa_color-beige","15":"pa_color-black","16":"pa_size-l","17":"pa_size-m","18":"pa_size-s","19":"pa_size-xl","20":"pa_size-xxl","21":"pa_size-xxxl","22":"desktop-align-center","23":"tablet-align-left","24":"mobile-align-left","25":"ast-product-gallery-layout-horizontal-slider","26":"ast-product-single-variable","27":"ast-product-tabs-layout-horizontal","28":"ast-qv-on-image","30":"first","31":"instock","32":"shipping-taxable","33":"purchasable","34":"product-type-variable"},"tiered_pricing_type":"fixed","tiered_pricing_fixed_rules":{"2":2.69,"30":2.49,"500":2.09},"tiered_pricing_product_settings":{"layout":"default","base_unit_name":{"singular":null,"plural":null},"default_variation":{}},"tiered_pricing_minimum_quantity":null,"tiered_pricing_roles_data":[],"tiered_pricing_percentage_rules":[],"_links":{"self":[{"href":"https:\/\/yume-silm.com\/de\/wp-json\/wp\/v2\/product\/4690","targetHints":{"allow":["GET"]}}],"collection":[{"href":"https:\/\/yume-silm.com\/de\/wp-json\/wp\/v2\/product"}],"about":[{"href":"https:\/\/yume-silm.com\/de\/wp-json\/wp\/v2\/types\/product"}],"replies":[{"embeddable":true,"href":"https:\/\/yume-silm.com\/de\/wp-json\/wp\/v2\/comments?post=4690"}],"wp:featuredmedia":[{"embeddable":true,"href":"https:\/\/yume-silm.com\/de\/wp-json\/wp\/v2\/media\/4712"}],"wp:attachment":[{"href":"https:\/\/yume-silm.com\/de\/wp-json\/wp\/v2\/media?parent=4690"}],"wp:term":[{"taxonomy":"product_brand","embeddable":true,"href":"https:\/\/yume-silm.com\/de\/wp-json\/wp\/v2\/product_brand?post=4690"},{"taxonomy":"product_cat","embeddable":true,"href":"https:\/\/yume-silm.com\/de\/wp-json\/wp\/v2\/product_cat?post=4690"},{"taxonomy":"product_tag","embeddable":true,"href":"https:\/\/yume-silm.com\/de\/wp-json\/wp\/v2\/product_tag?post=4690"}],"curies":[{"name":"wp","href":"https:\/\/api.w.org\/{rel}","templated":true}]}}