{"id":4845,"date":"2023-07-30T03:39:26","date_gmt":"2023-07-30T03:39:26","guid":{"rendered":"https:\/\/yume-silm.com\/?post_type=product&#038;p=4845"},"modified":"2025-06-06T05:48:24","modified_gmt":"2025-06-06T05:48:24","slug":"eleganter-ganzkorperoverall-mit-spitzenbesatz-und-bauchkontrolle","status":"publish","type":"product","link":"https:\/\/yume-silm.com\/de\/produkt\/eleganter-ganzkorperoverall-mit-spitzenbesatz-und-bauchkontrolle\/","title":{"rendered":"Gro\u00dfhandel Elegante Ganzk\u00f6rper-Shaping-Overall-Shorts mit Rei\u00dfverschluss"},"content":{"rendered":"<h5><span data-slate-fragment=\"JTVCJTdCJTIydHlwZSUyMiUzQSUyMnBhcmFncmFwaCUyMiUyQyUyMmNoaWxkcmVuJTIyJTNBJTVCJTdCJTIydGV4dCUyMiUzQSUyMkRlc2lnbiUyMGZlYXR1cmVzJTIyJTJDJTIyc2VudGVuY2UlMjIlM0ExJTJDJTIyY2hpbGRTZW50ZW5jZSUyMiUzQTElN0QlNUQlN0QlNUQ=\">Design-Merkmale<\/span><\/h5>\n<ul>\n<li><strong>DREIREIHIGES REISSVERSCHLUSSDESIGN:<\/strong> Der Body Shaper-Overall mit offenem Schritt und Rei\u00dfverschluss verf\u00fcgt \u00fcber ein fortschrittliches dreireihiges Rei\u00dfverschlussdesign. Erm\u00f6glicht Ihnen die bequeme Anpassung an Ihren Komfort. Es sorgt f\u00fcr eine individuelle Passform, perfekt f\u00fcr alle K\u00f6rpertypen.<\/li>\n<li><strong>BAUCH- UND H\u00dcFTSTIFTUNG:<\/strong> Glauben Sie, dass diese Taillenkontroll-H\u00fcfthose Ihnen hilft, Bewegung zu f\u00f6rdern und mehr zu schwitzen, um Ihre idealen Kurven zu erreichen. Denn unser Plus-Size-Korsett hilft dabei, den Bauch zu gl\u00e4tten, die Taille zu schrumpfen, den R\u00fccken zu st\u00fctzen, die K\u00f6rperhaltung zu verbessern und die Genesung nach der Geburt zu unterst\u00fctzen.<\/li>\n<li><strong>KOMFORT IM SCHRITT:<\/strong> Um die k\u00f6rperliche Bequemlichkeit von Frauen zu ber\u00fccksichtigen. Wir haben diesen Shapewear-Body mit offenem Schritt sorgf\u00e4ltig entworfen. Gew\u00e4hrleistung der Praktikabilit\u00e4t bei langem Tragen.<\/li>\n<li><strong>EINTEILIGE BREITE RIEMEN:<\/strong> Unsere breite Tr\u00e4ger-Shapewear bietet starken Halt, ohne auf Komfort zu verzichten, und sorgt f\u00fcr einen nahtlosen Look. Das Tragen des figurformenden, schlankeren Kompressionsoveralls bei allen Arten von Workouts ist v\u00f6llig stressfrei. Es kann auch unter einem Rock oder einer Jeans getragen werden, nahtlos und sehr bequem.<\/li>\n<li><strong>ELEGANZ MIT SPITZEN-TIMING:<\/strong> Die zarten, mit Spitze besetzten Manschetten verleihen einen Hauch von Eleganz und Weiblichkeit. Bereichern Sie Ihre Garderobe mit diesem vielseitigen Ganzk\u00f6rper-Body!<\/li>\n<li><strong>SUPER ELASTISCH UND MULTIFUNKTIONAL:<\/strong> Diese Ganzk\u00f6rper-Overall-Shorts mit Rei\u00dfverschluss bestehen aus superelastischem Stoff, der eine stabile Elastizit\u00e4t aufweist, sich nicht leicht verformen l\u00e4sst und langlebig ist. Hilft, \u00fcbersch\u00fcssiges Fett zu beseitigen und Bl\u00e4hungen vorzubeugen. Perfekt f\u00fcr die t\u00e4gliche Arbeit, Laufen, Fitness, Erholung nach der Geburt und mehr.<\/li>\n<\/ul>\n<h6><em>Rei\u00dfverschluss, offener Schritt, \u00dcbergr\u00f6\u00dfe, ganzk\u00f6rperformende Jumpsuit-Shorts<\/em><\/h6>\n<ul>\n<li>Unsere ganzk\u00f6rperfigurformenden Jumpsuit-Shorts mit Rei\u00dfverschluss sind eine Mischung aus Eleganz, Komfort und Funktionalit\u00e4t. F\u00fcr Gro\u00dfh\u00e4ndler, die Premium-Shapewear-L\u00f6sungen anbieten m\u00f6chten, ist dieses Produkt ein Muss. Tauchen Sie mit diesem au\u00dfergew\u00f6hnlichen St\u00fcck in die Welt des Gro\u00dfhandels ein. Bestellen Sie heute!<\/li>\n<\/ul>","protected":false},"excerpt":{"rendered":"<p>Wir stellen Ihnen unsere ganzk\u00f6rperfigurformenden Jumpsuit-Shorts mit Rei\u00dfverschluss vor, die perfekte Mischung aus Stil und Funktionalit\u00e4t. Mit Bauchkontrolle, H\u00fcftlifting und Spitzenbesatz an den B\u00fcndchen ist dieser Overall der Inbegriff schicker Shapewear f\u00fcr die moderne Frau.<\/p>","protected":false},"featured_media":4864,"comment_status":"open","ping_status":"closed","template":"","meta":{"site-sidebar-layout":"default","site-content-layout":"default","ast-site-content-layout":"default","site-content-style":"default","site-sidebar-style":"default","ast-global-header-display":"","ast-banner-title-visibility":"","ast-main-header-display":"","ast-hfb-above-header-display":"","ast-hfb-below-header-display":"","ast-hfb-mobile-header-display":"","site-post-title":"","ast-breadcrumbs-content":"","ast-featured-img":"","footer-sml-layout":"","ast-disable-related-posts":"","theme-transparent-header-meta":"default","adv-header-id-meta":"","stick-header-meta":"default","header-above-stick-meta":"","header-main-stick-meta":"","header-below-stick-meta":"","astra-migrate-meta-layouts":"set","ast-page-background-enabled":"default","ast-page-background-meta":{"desktop":{"background-color":"","background-image":"","background-repeat":"repeat","background-position":"center center","background-size":"auto","background-attachment":"scroll","background-type":"","background-media":"","overlay-type":"","overlay-color":"","overlay-opacity":"","overlay-gradient":""},"tablet":{"background-color":"","background-image":"","background-repeat":"repeat","background-position":"center center","background-size":"auto","background-attachment":"scroll","background-type":"","background-media":"","overlay-type":"","overlay-color":"","overlay-opacity":"","overlay-gradient":""},"mobile":{"background-color":"","background-image":"","background-repeat":"repeat","background-position":"center center","background-size":"auto","background-attachment":"scroll","background-type":"","background-media":"","overlay-type":"","overlay-color":"","overlay-opacity":"","overlay-gradient":""}},"ast-content-background-meta":{"desktop":{"background-color":"var(--ast-global-color-5)","background-image":"","background-repeat":"repeat","background-position":"center center","background-size":"auto","background-attachment":"scroll","background-type":"","background-media":"","overlay-type":"","overlay-color":"","overlay-opacity":"","overlay-gradient":""},"tablet":{"background-color":"var(--ast-global-color-5)","background-image":"","background-repeat":"repeat","background-position":"center center","background-size":"auto","background-attachment":"scroll","background-type":"","background-media":"","overlay-type":"","overlay-color":"","overlay-opacity":"","overlay-gradient":""},"mobile":{"background-color":"var(--ast-global-color-5)","background-image":"","background-repeat":"repeat","background-position":"center center","background-size":"auto","background-attachment":"scroll","background-type":"","background-media":"","overlay-type":"","overlay-color":"","overlay-opacity":"","overlay-gradient":""}}},"product_brand":[],"product_cat":[65,76,77,78],"product_tag":[135,136,137,151,148,213,154],"class_list":{"0":"post-4845","1":"product","2":"type-product","3":"status-publish","4":"has-post-thumbnail","6":"product_cat-best-sellers","7":"product_cat-new-arrivels","8":"product_cat-wholesale-womens-shapewear","9":"product_cat-wholesale-full-body-shaper","10":"product_tag-all-in-one","11":"product_tag-bridal","12":"product_tag-butt-lift","13":"product_tag-double-compression","14":"product_tag-one-piece","15":"product_tag-sleeveless","16":"product_tag-with-hooks","17":"pa_color-beige","18":"pa_color-black","19":"pa_size-l","20":"pa_size-m","21":"pa_size-s","22":"pa_size-xl","23":"pa_size-xxl","24":"pa_size-xxxl","25":"desktop-align-center","26":"tablet-align-left","27":"mobile-align-left","28":"ast-product-gallery-layout-horizontal-slider","29":"ast-product-single-variable","30":"ast-product-tabs-layout-horizontal","31":"ast-qv-on-image","33":"first","34":"instock","35":"shipping-taxable","36":"purchasable","37":"product-type-variable"},"tiered_pricing_type":"fixed","tiered_pricing_fixed_rules":{"2":14.29,"30":13.39,"500":11.19},"tiered_pricing_product_settings":{"layout":"default","base_unit_name":{"singular":null,"plural":null},"default_variation":{}},"tiered_pricing_minimum_quantity":null,"tiered_pricing_roles_data":[],"tiered_pricing_percentage_rules":[],"_links":{"self":[{"href":"https:\/\/yume-silm.com\/de\/wp-json\/wp\/v2\/product\/4845","targetHints":{"allow":["GET"]}}],"collection":[{"href":"https:\/\/yume-silm.com\/de\/wp-json\/wp\/v2\/product"}],"about":[{"href":"https:\/\/yume-silm.com\/de\/wp-json\/wp\/v2\/types\/product"}],"replies":[{"embeddable":true,"href":"https:\/\/yume-silm.com\/de\/wp-json\/wp\/v2\/comments?post=4845"}],"wp:featuredmedia":[{"embeddable":true,"href":"https:\/\/yume-silm.com\/de\/wp-json\/wp\/v2\/media\/4864"}],"wp:attachment":[{"href":"https:\/\/yume-silm.com\/de\/wp-json\/wp\/v2\/media?parent=4845"}],"wp:term":[{"taxonomy":"product_brand","embeddable":true,"href":"https:\/\/yume-silm.com\/de\/wp-json\/wp\/v2\/product_brand?post=4845"},{"taxonomy":"product_cat","embeddable":true,"href":"https:\/\/yume-silm.com\/de\/wp-json\/wp\/v2\/product_cat?post=4845"},{"taxonomy":"product_tag","embeddable":true,"href":"https:\/\/yume-silm.com\/de\/wp-json\/wp\/v2\/product_tag?post=4845"}],"curies":[{"name":"wp","href":"https:\/\/api.w.org\/{rel}","templated":true}]}}